{"id":79389,"date":"2025-07-11T16:58:48","date_gmt":"2025-07-11T13:58:48","guid":{"rendered":"https:\/\/demo8.ecube.lv\/sezona.lv\/products\/flir-c2-thermal-imager-80-x-60-10-150-c\/"},"modified":"2025-07-14T15:39:19","modified_gmt":"2025-07-14T12:39:19","slug":"flir-c2-thermal-imager-80-x-60-10-150-c","status":"publish","type":"product","link":"https:\/\/sezona.lv\/en\/products\/flir-c2-thermal-imager-80-x-60-10-150-c\/","title":{"rendered":"FLIR C2 Thermal Imager 80 x 60, -10. . .+150 \u00b0C"},"content":{"rendered":"<table class=\"MsoTableGrid\" border=\"1\" cellspacing=\"0\" cellpadding=\"0\">\n<tbody>\n<tr>\n<td style=\"width: 148.6pt;border: solid windowtext 1.0pt;padding: 0cm 5.4pt 0cm 5.4pt\" width=\"198\" valign=\"top\">\n<p class=\"MsoNormal\" style=\"margin-top: 2.0pt;margin-right: 0cm;margin-bottom: 2.0pt;margin-left: 0cm;line-height: normal\"><span>System<\/span><\/p>\n<\/td>\n<td style=\"width: 266.2pt;border: solid windowtext 1.0pt;border-left: none;padding: 0cm 5.4pt 0cm 5.4pt\" width=\"355\" valign=\"top\">\n<p class=\"MsoNormal\" style=\"margin-top: 2.0pt;margin-right: 0cm;margin-bottom: 2.0pt;margin-left: 0cm;line-height: normal\"><span>Flir  C2 <\/span><\/p>\n<\/td>\n<\/tr>\n<tr>\n<td style=\"width: 148.6pt;border: solid windowtext 1.0pt;border-top: none;padding: 0cm 5.4pt 0cm 5.4pt\" width=\"198\" valign=\"top\">\n<p class=\"MsoNormal\" style=\"margin-top: 2.0pt;margin-right: 0cm;margin-bottom: 2.0pt;margin-left: 0cm;line-height: normal\"><span>Detector  resolution<\/span><\/p>\n<\/td>\n<td style=\"width: 266.2pt;border-top: none;border-left: none;border-bottom: solid windowtext 1.0pt;border-right: solid windowtext 1.0pt;padding: 0cm 5.4pt 0cm 5.4pt\" width=\"355\" valign=\"top\">\n<p class=\"MsoNormal\" style=\"margin-top: 2.0pt;margin-right: 0cm;margin-bottom: 2.0pt;margin-left: 0cm;line-height: normal\"><span>80  x 60 <\/span><\/p>\n<\/td>\n<\/tr>\n<tr>\n<td style=\"width: 148.6pt;border: solid windowtext 1.0pt;border-top: none;padding: 0cm 5.4pt 0cm 5.4pt\" width=\"198\" valign=\"top\">\n<p class=\"MsoNormal\" style=\"margin-top: 2.0pt;margin-right: 0cm;margin-bottom: 2.0pt;margin-left: 0cm;line-height: normal\"><span>Min.  temperat\u016bra<\/span><\/p>\n<\/td>\n<td style=\"width: 266.2pt;border-top: none;border-left: none;border-bottom: solid windowtext 1.0pt;border-right: solid windowtext 1.0pt;padding: 0cm 5.4pt 0cm 5.4pt\" width=\"355\" valign=\"top\">\n<p class=\"MsoNormal\" style=\"margin-top: 2.0pt;margin-right: 0cm;margin-bottom: 2.0pt;margin-left: 0cm;line-height: normal\"><span>-10  &deg;C<\/span><\/p>\n<\/td>\n<\/tr>\n<tr>\n<td style=\"width: 148.6pt;border: solid windowtext 1.0pt;border-top: none;padding: 0cm 5.4pt 0cm 5.4pt\" width=\"198\" valign=\"top\">\n<p class=\"MsoNormal\" style=\"margin-top: 2.0pt;margin-right: 0cm;margin-bottom: 2.0pt;margin-left: 0cm;line-height: normal\"><span>Maks.  temperat\u016bra<\/span><\/p>\n<\/td>\n<td style=\"width: 266.2pt;border-top: none;border-left: none;border-bottom: solid windowtext 1.0pt;border-right: solid windowtext 1.0pt;padding: 0cm 5.4pt 0cm 5.4pt\" width=\"355\" valign=\"top\">\n<p class=\"MsoNormal\" style=\"margin-top: 2.0pt;margin-right: 0cm;margin-bottom: 2.0pt;margin-left: 0cm;line-height: normal\"><span>+150  &deg;C<\/span><\/p>\n<\/td>\n<\/tr>\n<tr>\n<td style=\"width: 148.6pt;border: solid windowtext 1.0pt;border-top: none;padding: 0cm 5.4pt 0cm 5.4pt\" width=\"198\" valign=\"top\">\n<p class=\"MsoNormal\" style=\"margin-top: 2.0pt;margin-right: 0cm;margin-bottom: 2.0pt;margin-left: 0cm;line-height: normal\"><span>Iz&scaron;\u0137irtsp\u0113ja<\/span><\/p>\n<\/td>\n<td style=\"width: 266.2pt;border-top: none;border-left: none;border-bottom: solid windowtext 1.0pt;border-right: solid windowtext 1.0pt;padding: 0cm 5.4pt 0cm 5.4pt\" width=\"355\" valign=\"top\">\n<p class=\"MsoNormal\" style=\"margin-top: 2.0pt;margin-right: 0cm;margin-bottom: 2.0pt;margin-left: 0cm;line-height: normal\"><span>0.1  &deg;C<\/span><\/p>\n<\/td>\n<\/tr>\n<tr>\n<td style=\"width: 148.6pt;border: solid windowtext 1.0pt;border-top: none;padding: 0cm 5.4pt 0cm 5.4pt\" width=\"198\" valign=\"top\">\n<p class=\"MsoNormal\" style=\"margin-top: 2.0pt;margin-right: 0cm;margin-bottom: 2.0pt;margin-left: 0cm;line-height: normal\"><span>Frekvence<\/span><\/p>\n<\/td>\n<td style=\"width: 266.2pt;border-top: none;border-left: none;border-bottom: solid windowtext 1.0pt;border-right: solid windowtext 1.0pt;padding: 0cm 5.4pt 0cm 5.4pt\" width=\"355\" valign=\"top\">\n<p class=\"MsoNormal\" style=\"margin-top: 2.0pt;margin-right: 0cm;margin-bottom: 2.0pt;margin-left: 0cm;line-height: normal\"><span>9  Hz<\/span><\/p>\n<\/td>\n<\/tr>\n<tr>\n<td style=\"width: 148.6pt;border: solid windowtext 1.0pt;border-top: none;padding: 0cm 5.4pt 0cm 5.4pt\" width=\"198\" valign=\"top\">\n<p class=\"MsoNormal\" style=\"margin-top: 2.0pt;margin-right: 0cm;margin-bottom: 2.0pt;margin-left: 0cm;line-height: 13.5pt\"><span style=\"font-size: 10.5pt\">redzes lauks<\/span><\/p>\n<\/td>\n<td style=\"width: 266.2pt;border-style: none solid solid none;border-bottom-width: 1pt;border-bottom-color: windowtext;border-right-width: 1pt;border-right-color: windowtext;padding: 0cm 5.4pt\" width=\"355\" valign=\"top\">\n<p class=\"MsoNormal\" style=\"margin-top: 2.0pt;margin-right: 0cm;margin-bottom: 2.0pt;margin-left: 0cm;line-height: 13.5pt\"><span class=\"feature-value\"><span style=\"font-size: 10.5pt\">41&deg; x 31&deg;<\/span><\/span><span style=\"font-size: 10.5pt\">&nbsp;<\/span><\/p>\n<\/td>\n<\/tr>\n<tr>\n<td style=\"width: 148.6pt;border: solid windowtext 1.0pt;border-top: none;padding: 0cm 5.4pt 0cm 5.4pt\" width=\"198\" valign=\"top\">\n<p class=\"MsoNormal\" style=\"margin-top: 2.0pt;margin-right: 0cm;margin-bottom: 2.0pt;margin-left: 0cm;line-height: 13.5pt\"><span style=\"font-size: 10.5pt\">Instrument functions<\/span><\/p>\n<\/td>\n<td style=\"width: 266.2pt;border-style: none solid solid none;border-bottom-width: 1pt;border-bottom-color: windowtext;border-right-width: 1pt;border-right-color: windowtext;padding: 0cm 5.4pt\" width=\"355\" valign=\"top\">\n<p class=\"MsoNormal\" style=\"margin-top: 2.0pt;margin-right: 0cm;margin-bottom: 2.0pt;margin-left: 0cm;line-height: 13.5pt\"><span class=\"feature-value\"><span style=\"font-size: 10.5pt\">Gaismas dio\u017eu gaisma<\/span><\/span><span style=\"font-size: 10.5pt\">&nbsp;<br \/><span class=\"feature-value\">Radiometric data<\/span>&nbsp;<\/span><\/p>\n<\/td>\n<\/tr>\n<tr>\n<td style=\"width: 148.6pt;border: solid windowtext 1.0pt;border-top: none;padding: 0cm 5.4pt 0cm 5.4pt\" width=\"198\" valign=\"top\">\n<p class=\"MsoNormal\" style=\"margin-top: 2.0pt;margin-right: 0cm;margin-bottom: 2.0pt;margin-left: 0cm;line-height: 13.5pt\"><span style=\"font-size: 10.5pt\">Interfeisi<\/span><\/p>\n<\/td>\n<td style=\"width: 266.2pt;border-style: none solid solid none;border-bottom-width: 1pt;border-bottom-color: windowtext;border-right-width: 1pt;border-right-color: windowtext;padding: 0cm 5.4pt\" width=\"355\" valign=\"top\">\n<p class=\"MsoNormal\" style=\"margin-top: 2.0pt;margin-right: 0cm;margin-bottom: 2.0pt;margin-left: 0cm;line-height: 13.5pt\"><span class=\"feature-value\"><span style=\"font-size: 10.5pt\">USB<\/span><\/span><span style=\"font-size: 10.5pt\">&nbsp;<\/span><\/p>\n<\/td>\n<\/tr>\n<tr>\n<td style=\"width: 148.6pt;border: solid windowtext 1.0pt;border-top: none;padding: 0cm 5.4pt 0cm 5.4pt\" width=\"198\" valign=\"top\">\n<p class=\"MsoNormal\" style=\"margin-top: 2.0pt;margin-right: 0cm;margin-bottom: 2.0pt;margin-left: 0cm;line-height: 13.5pt\"><span style=\"font-size: 10.5pt\">Emission factor<\/span><\/p>\n<\/td>\n<td style=\"width: 266.2pt;border-style: none solid solid none;border-bottom-width: 1pt;border-bottom-color: windowtext;border-right-width: 1pt;border-right-color: windowtext;padding: 0cm 5.4pt\" width=\"355\" valign=\"top\">\n<p class=\"MsoNormal\" style=\"margin-top: 2.0pt;margin-right: 0cm;margin-bottom: 2.0pt;margin-left: 0cm;line-height: 13.5pt\"><span class=\"feature-value\"><span style=\"font-size: 10.5pt\">0.01&#8230;1<\/span><\/span><span style=\"font-size: 10.5pt\">&nbsp;<\/span><\/p>\n<\/td>\n<\/tr>\n<tr>\n<td style=\"width: 148.6pt;border: solid windowtext 1.0pt;border-top: none;padding: 0cm 5.4pt 0cm 5.4pt\" width=\"198\" valign=\"top\">\n<p class=\"MsoNormal\" style=\"margin-top: 2.0pt;margin-right: 0cm;margin-bottom: 2.0pt;margin-left: 0cm;line-height: 13.5pt\"><span style=\"font-size: 10.5pt\">Measuring mode<\/span><\/p>\n<\/td>\n<td style=\"width: 266.2pt;border-style: none solid solid none;border-bottom-width: 1pt;border-bottom-color: windowtext;border-right-width: 1pt;border-right-color: windowtext;padding: 0cm 5.4pt\" width=\"355\" valign=\"top\">\n<p class=\"MsoNormal\" style=\"margin-top: 2.0pt;margin-right: 0cm;margin-bottom: 2.0pt;margin-left: 0cm;line-height: 13.5pt\"><span class=\"feature-value\"><span style=\"font-size: 10.5pt\">Automatic hot spotand cold spot finder<\/span><\/span><span style=\"font-size: 10.5pt\">&nbsp;<br \/><span class=\"feature-value\">Colour alarmabove\/below<\/span>&nbsp;<br \/><span class=\"feature-value\">Fixed test point<\/span>&nbsp;<br \/><span class=\"feature-value\">Image or full IRimage<\/span>&nbsp;<br \/><span class=\"feature-value\">IR image, realimage<\/span>&nbsp;<br \/><span class=\"feature-value\">MSX<span class=\"feature-value\"><span style=\"font-size: 8pt\">&reg;<\/span><\/span><\/span><\/span><span style=\"font-size: 10.5pt\">&nbsp;<br \/><span class=\"feature-value\">Visual, infraredand blended views<\/span>&nbsp;<\/span><\/p>\n<\/td>\n<\/tr>\n<tr>\n<td style=\"width: 148.6pt;border: solid windowtext 1.0pt;border-top: none;padding: 0cm 5.4pt 0cm 5.4pt\" width=\"198\" valign=\"top\">\n<p class=\"MsoNormal\" style=\"margin-top: 2.0pt;margin-right: 0cm;margin-bottom: 2.0pt;margin-left: 0cm;line-height: 13.5pt\"><span style=\"font-size: 10.5pt\">Displejs<\/span><\/p>\n<\/td>\n<td style=\"width: 266.2pt;border-style: none solid solid none;border-bottom-width: 1pt;border-bottom-color: windowtext;border-right-width: 1pt;border-right-color: windowtext;padding: 0cm 5.4pt\" width=\"355\" valign=\"top\">\n<p class=\"MsoNormal\" style=\"margin-top: 2.0pt;margin-right: 0cm;margin-bottom: 2.0pt;margin-left: 0cm;line-height: 13.5pt\"><span class=\"feature-value\"><span style=\"font-size: 10.5pt\">Touchscreen<\/span><\/span><span style=\"font-size: 10.5pt\">&nbsp;<\/span><\/p>\n<\/td>\n<\/tr>\n<tr>\n<td style=\"width: 148.6pt;border: solid windowtext 1.0pt;border-top: none;padding: 0cm 5.4pt 0cm 5.4pt\" width=\"198\" valign=\"top\">\n<p class=\"MsoNormal\" style=\"margin-top: 2.0pt;margin-right: 0cm;margin-bottom: 2.0pt;margin-left: 0cm;line-height: 13.5pt\"><span style=\"font-size: 10.5pt\">MS PRO Duo<\/span><\/p>\n<\/td>\n<td style=\"width: 266.2pt;border-style: none solid solid none;border-bottom-width: 1pt;border-bottom-color: windowtext;border-right-width: 1pt;border-right-color: windowtext;padding: 0cm 5.4pt\" width=\"355\" valign=\"top\">\n<p class=\"MsoNormal\" style=\"margin-top: 2.0pt;margin-right: 0cm;margin-bottom: 2.0pt;margin-left: 0cm;line-height: 13.5pt\"><span class=\"feature-value\"><span style=\"font-size: 10.5pt\">Flir tools; fullanalysis and report creation software<\/span><\/span><span style=\"font-size: 10.5pt\">&nbsp;<\/span><\/p>\n<\/td>\n<\/tr>\n<tr>\n<td style=\"width: 148.6pt;border: solid windowtext 1.0pt;border-top: none;padding: 0cm 5.4pt 0cm 5.4pt\" width=\"198\" valign=\"top\">\n<p class=\"MsoNormal\" style=\"margin-top: 2.0pt;margin-right: 0cm;margin-bottom: 2.0pt;margin-left: 0cm;line-height: 13.5pt\"><span style=\"font-size: 10.5pt\">Image storage<\/span><\/p>\n<\/td>\n<td style=\"width: 266.2pt;border-style: none solid solid none;border-bottom-width: 1pt;border-bottom-color: windowtext;border-right-width: 1pt;border-right-color: windowtext;padding: 0cm 5.4pt\" width=\"355\" valign=\"top\">\n<p class=\"MsoNormal\" style=\"margin-top: 2.0pt;margin-right: 0cm;margin-bottom: 2.0pt;margin-left: 0cm;line-height: 13.5pt\"><span class=\"feature-value\"><span style=\"font-size: 10.5pt\">Iek&scaron;\u0113j\u0101 atmi\u0146a<\/span><\/span><span style=\"font-size: 10.5pt\">&nbsp;<br \/><span class=\"feature-value\">2 GB<\/span>&nbsp;<\/span><\/p>\n<\/td>\n<\/tr>\n<tr>\n<td style=\"width: 148.6pt;border: solid windowtext 1.0pt;border-top: none;padding: 0cm 5.4pt 0cm 5.4pt\" width=\"198\" valign=\"top\">\n<p class=\"MsoNormal\" style=\"margin-top: 2.0pt;margin-right: 0cm;margin-bottom: 2.0pt;margin-left: 0cm;line-height: 13.5pt\"><span style=\"font-size: 10.5pt\">Protection rating<\/span><\/p>\n<\/td>\n<td style=\"width: 266.2pt;border-style: none solid solid none;border-bottom-width: 1pt;border-bottom-color: windowtext;border-right-width: 1pt;border-right-color: windowtext;padding: 0cm 5.4pt\" width=\"355\" valign=\"top\">\n<p class=\"MsoNormal\" style=\"margin-top: 2.0pt;margin-right: 0cm;margin-bottom: 2.0pt;margin-left: 0cm;line-height: 13.5pt\"><span class=\"feature-value\"><span style=\"font-size: 10.5pt\">IP 40<\/span><\/span><span style=\"font-size: 10.5pt\">&nbsp;<\/span><\/p>\n<\/td>\n<\/tr>\n<tr>\n<td style=\"width: 148.6pt;border: solid windowtext 1.0pt;border-top: none;padding: 0cm 5.4pt 0cm 5.4pt\" width=\"198\" valign=\"top\">\n<p class=\"MsoNormal\" style=\"margin-top: 2.0pt;margin-right: 0cm;margin-bottom: 2.0pt;margin-left: 0cm;line-height: 13.5pt\"><span style=\"font-size: 10.5pt\">Electrical supply<\/span><\/p>\n<\/td>\n<td style=\"width: 266.2pt;border-style: none solid solid none;border-bottom-width: 1pt;border-bottom-color: windowtext;border-right-width: 1pt;border-right-color: windowtext;padding: 0cm 5.4pt\" width=\"355\" valign=\"top\">\n<p class=\"MsoNormal\" style=\"margin-top: 2.0pt;margin-right: 0cm;margin-bottom: 2.0pt;margin-left: 0cm;line-height: 13.5pt\"><span class=\"feature-value\"><span style=\"font-size: 10.5pt\">Uzl\u0101d\u0113jama baterija<\/span><\/span><span style=\"font-size: 10.5pt\">&nbsp;<br \/><span class=\"feature-value\">USB<\/span>&nbsp;<\/span><\/p>\n<\/td>\n<\/tr>\n<tr>\n<td style=\"width: 148.6pt;border: solid windowtext 1.0pt;border-top: none;padding: 0cm 5.4pt 0cm 5.4pt\" width=\"198\" valign=\"top\">\n<p class=\"MsoNormal\" style=\"margin-top: 2.0pt;margin-right: 0cm;margin-bottom: 2.0pt;margin-left: 0cm;line-height: 13.5pt\"><span style=\"font-size: 10.5pt\">Izm\u0113ri G x P x A<\/span><\/p>\n<\/td>\n<td style=\"width: 266.2pt;border-style: none solid solid none;border-bottom-width: 1pt;border-bottom-color: windowtext;border-right-width: 1pt;border-right-color: windowtext;padding: 0cm 5.4pt\" width=\"355\" valign=\"top\">\n<p class=\"MsoNormal\" style=\"margin-top: 2.0pt;margin-right: 0cm;margin-bottom: 2.0pt;margin-left: 0cm;line-height: 13.5pt\"><span class=\"feature-value\"><span style=\"font-size: 10.5pt\">125 x 80 x 24 mm<\/span><\/span><span style=\"font-size: 10.5pt\">&nbsp;<\/span><\/p>\n<\/td>\n<\/tr>\n<tr>\n<td style=\"width: 148.6pt;border: solid windowtext 1.0pt;border-top: none;padding: 0cm 5.4pt 0cm 5.4pt\" width=\"198\" valign=\"top\">\n<p class=\"MsoNormal\" style=\"margin-top: 2.0pt;margin-right: 0cm;margin-bottom: 2.0pt;margin-left: 0cm;line-height: 13.5pt\"><span style=\"font-size: 10.5pt\">Svars<\/span><\/p>\n<\/td>\n<td style=\"width: 266.2pt;border-style: none solid solid none;border-bottom-width: 1pt;border-bottom-color: windowtext;border-right-width: 1pt;border-right-color: windowtext;padding: 0cm 5.4pt\" width=\"355\" valign=\"top\">\n<p class=\"MsoNormal\" style=\"margin-top: 2.0pt;margin-right: 0cm;margin-bottom: 2.0pt;margin-left: 0cm;line-height: 13.5pt\"><span class=\"feature-value\"><span style=\"font-size: 10.5pt\">130<\/span><\/span><span style=\"font-size: 10.5pt\">&nbsp;<span class=\"feature-unit\">g<\/span><\/span><\/p>\n<\/td>\n<\/tr>\n<tr>\n<td style=\"width: 148.6pt;border: solid windowtext 1.0pt;border-top: none;padding: 0cm 5.4pt 0cm 5.4pt\" width=\"198\" valign=\"top\">\n<p class=\"MsoNormal\" style=\"margin-top: 2.0pt;margin-right: 0cm;margin-bottom: 2.0pt;margin-left: 0cm;line-height: 13.5pt\"><span style=\"font-size: 10.5pt\">Delivery with<\/span><\/p>\n<\/td>\n<td style=\"width: 266.2pt;border-style: none solid solid none;border-bottom-width: 1pt;border-bottom-color: windowtext;border-right-width: 1pt;border-right-color: windowtext;padding: 0cm 5.4pt\" width=\"355\" valign=\"top\">\n<p style=\"margin: 2pt 0cm;line-height: 13.5pt\"><span class=\"feature-value\"><span style=\"font-size: 10.5pt\">Manu\u0101ls<\/span><\/span><span style=\"font-size: 10.5pt\">&nbsp;<br \/><span class=\"feature-value\">Neck Lanyard<\/span>&nbsp;<br \/><span class=\"feature-value\">Baro&scaron;anas avots<\/span>&nbsp;<br \/><span class=\"feature-value\">Software<\/span>&nbsp;<br \/><span class=\"feature-value\">USB kabelis<\/span>&nbsp;<\/span><\/p>\n<\/td>\n<\/tr>\n<\/tbody>\n<\/table>\n<div id=\"tab-description\" class=\"tab-pane active\"><\/div>\n","protected":false},"excerpt":{"rendered":"<p>System Flir C2 Detector resolution 80 x 60 Min. temperat\u016bra -10 &deg;C Maks. temperat\u016bra +150 &deg;C Iz&scaron;\u0137irtsp\u0113ja 0.1 &deg;C Frekvence 9 Hz redzes lauks 41&deg; x 31&deg;&nbsp; Instrument functions Gaismas dio\u017eu gaisma&nbsp;Radiometric data&nbsp; Interfeisi USB&nbsp; Emission factor 0.01&#8230;1&nbsp; Measuring mode Automatic hot spotand cold spot finder&nbsp;Colour alarmabove\/below&nbsp;Fixed test point&nbsp;Image or full IRimage&nbsp;IR image, realimage&nbsp;MSX&reg;&nbsp;Visual, infraredand [&hellip;]<\/p>\n","protected":false},"featured_media":71837,"template":"","meta":[],"product_brand":[],"product_cat":[4938,4943],"product_tag":[],"class_list":{"0":"post-79389","1":"product","2":"type-product","3":"status-publish","4":"has-post-thumbnail","6":"product_cat-optics-recreation","7":"product_cat---optics-recreation","9":"first","10":"instock","11":"shipping-taxable","12":"purchasable","13":"product-type-simple"},"_links":{"self":[{"href":"https:\/\/sezona.lv\/en\/wp-json\/wp\/v2\/product\/79389","targetHints":{"allow":["GET"]}}],"collection":[{"href":"https:\/\/sezona.lv\/en\/wp-json\/wp\/v2\/product"}],"about":[{"href":"https:\/\/sezona.lv\/en\/wp-json\/wp\/v2\/types\/product"}],"wp:featuredmedia":[{"embeddable":true,"href":"https:\/\/sezona.lv\/en\/wp-json\/wp\/v2\/media\/71837"}],"wp:attachment":[{"href":"https:\/\/sezona.lv\/en\/wp-json\/wp\/v2\/media?parent=79389"}],"wp:term":[{"taxonomy":"product_brand","embeddable":true,"href":"https:\/\/sezona.lv\/en\/wp-json\/wp\/v2\/product_brand?post=79389"},{"taxonomy":"product_cat","embeddable":true,"href":"https:\/\/sezona.lv\/en\/wp-json\/wp\/v2\/product_cat?post=79389"},{"taxonomy":"product_tag","embeddable":true,"href":"https:\/\/sezona.lv\/en\/wp-json\/wp\/v2\/product_tag?post=79389"}],"curies":[{"name":"wp","href":"https:\/\/api.w.org\/{rel}","templated":true}]}}