{"id":79390,"date":"2025-07-11T16:58:50","date_gmt":"2025-07-11T13:58:50","guid":{"rendered":"https:\/\/demo8.ecube.lv\/sezona.lv\/products\/galda-hokejs-play-off-21\/"},"modified":"2025-07-14T15:39:21","modified_gmt":"2025-07-14T12:39:21","slug":"galda-hokejs-play-off-21","status":"publish","type":"product","link":"https:\/\/sezona.lv\/en\/products\/galda-hokejs-play-off-21\/","title":{"rendered":"Galda hokejs PLAY OFF 21"},"content":{"rendered":"<p>Jaunais STIGA GAMES galda hokejs.<\/p>\n<p>Hokejs izstr\u0101d\u0101ts kopa ar le\u0123end\u0101ro Zviedrijas hokejistu Peter   Forsberg. Gan uz hokeja, gan uz hokeja kastes ir hokejista slavens   numurs 21 ar autogr\u0101fu.<\/p>\n<p>Jaunam hokejam ir ne tikai jauns dizains, bet ar\u012b:<\/p>\n<p>+ Jauni v\u0101rtu skait\u012bt\u0101ji<\/p>\n<p>+ 25% biez\u0101ka galda virsma<\/p>\n<p>+ Jauns v\u0101rtu un v\u0101rtu konstrukciju dizains<\/p>\n<p>+ Jauns ripu dizains ar STIGA logo.<\/p>\n<p>&nbsp;<\/p>\n<p>Komplekt\u0101: 2 komandas (Zviedrija un Somija), 2 ripas, k\u0101ji\u0146as, borti.<\/p>\n","protected":false},"excerpt":{"rendered":"<p>Jaunais STIGA GAMES galda hokejs. Hokejs izstr\u0101d\u0101ts kopa ar le\u0123end\u0101ro Zviedrijas hokejistu Peter Forsberg. Gan uz hokeja, gan uz hokeja kastes ir hokejista slavens numurs 21 ar autogr\u0101fu. Jaunam hokejam ir ne tikai jauns dizains, bet ar\u012b: + Jauni v\u0101rtu skait\u012bt\u0101ji + 25% biez\u0101ka galda virsma + Jauns v\u0101rtu un v\u0101rtu konstrukciju dizains + Jauns [&hellip;]<\/p>\n","protected":false},"featured_media":71852,"template":"","meta":[],"product_brand":[898],"product_cat":[4579,4857],"product_tag":[],"class_list":{"0":"post-79390","1":"product","2":"type-product","3":"status-publish","4":"has-post-thumbnail","6":"product_brand-stiga","7":"product_cat-board-games-recreation","8":"product_cat-table-games-and-accessories-board-games-recreation","10":"first","11":"instock","12":"shipping-taxable","13":"purchasable","14":"product-type-simple"},"_links":{"self":[{"href":"https:\/\/sezona.lv\/en\/wp-json\/wp\/v2\/product\/79390","targetHints":{"allow":["GET"]}}],"collection":[{"href":"https:\/\/sezona.lv\/en\/wp-json\/wp\/v2\/product"}],"about":[{"href":"https:\/\/sezona.lv\/en\/wp-json\/wp\/v2\/types\/product"}],"wp:featuredmedia":[{"embeddable":true,"href":"https:\/\/sezona.lv\/en\/wp-json\/wp\/v2\/media\/71852"}],"wp:attachment":[{"href":"https:\/\/sezona.lv\/en\/wp-json\/wp\/v2\/media?parent=79390"}],"wp:term":[{"taxonomy":"product_brand","embeddable":true,"href":"https:\/\/sezona.lv\/en\/wp-json\/wp\/v2\/product_brand?post=79390"},{"taxonomy":"product_cat","embeddable":true,"href":"https:\/\/sezona.lv\/en\/wp-json\/wp\/v2\/product_cat?post=79390"},{"taxonomy":"product_tag","embeddable":true,"href":"https:\/\/sezona.lv\/en\/wp-json\/wp\/v2\/product_tag?post=79390"}],"curies":[{"name":"wp","href":"https:\/\/api.w.org\/{rel}","templated":true}]}}