{"id":79391,"date":"2025-07-11T16:59:04","date_gmt":"2025-07-11T13:59:04","guid":{"rendered":"https:\/\/demo8.ecube.lv\/sezona.lv\/products\/levenhuk-blaze-base-50f-talskatis\/"},"modified":"2025-07-14T15:39:22","modified_gmt":"2025-07-14T12:39:22","slug":"levenhuk-blaze-base-50f-talskatis","status":"publish","type":"product","link":"https:\/\/sezona.lv\/en\/products\/levenhuk-blaze-base-50f-talskatis\/","title":{"rendered":"Levenhuk Blaze BASE 50F T\u0101lskatis"},"content":{"rendered":"<h4 style=\"margin-right: 0px;margin-bottom: 45px;margin-left: 0px;padding: 0px;font-family: Tahoma, Geneva, sans-serif;font-size: 18px;color: #3a3a3a;font-weight: bold\"><\/h4>\n<table class=\"table table-bordered\" border=\"0\">\n<thead>\n<tr>\n<td colspan=\"2\">\n<p>Levenhuk Blaze BASE 50F Spotting Scope is an entry-level optical tool  that is perfect for long-term stationary observations. You can observe  wildlife, urban architecture and natural landscapes. Due to a wide field  of view, this spotting scope is wonderful for following fast-moving  objects and, therefore, it will become a great choice for watching  sports events.<\/p>\n<p><strong>Atrib\u016bti<\/strong><\/p>\n<\/td>\n<\/tr>\n<\/thead>\n<tbody>\n<tr>\n<td>Acs att\u0101lums<\/td>\n<td>23 mm<\/td>\n<\/tr>\n<tr>\n<td>Garantija<\/td>\n<td>999 months<\/td>\n<\/tr>\n<tr>\n<td>Iepakojuma izm\u0113ri (GxPxA)<\/td>\n<td>30.0 x 12.0 x 8.0 cm<\/td>\n<\/tr>\n<tr>\n<td>Izejas z\u012bl\u012b&scaron;u diametrs<\/td>\n<td>7,14 mm<\/td>\n<\/tr>\n<tr>\n<td>Korpusa materi\u0101ls<\/td>\n<td>plastic<\/td>\n<\/tr>\n<tr>\n<td>Lietojums<\/td>\n<td>General use product.&lt;br\/&gt;May be used by kids over 3 years old.<\/td>\n<\/tr>\n<tr>\n<td>Objekt\u012bva l\u0113cas diametrs (atv\u0113rums)<\/td>\n<td>50 mm<\/td>\n<\/tr>\n<tr>\n<td>Okul\u0101ra l\u0113cas diametrs<\/td>\n<td>23 mm<\/td>\n<\/tr>\n<tr>\n<td>Okul\u0101ru dioptriju korekcija, dioptriju skala<\/td>\n<td>&plusmn;4<\/td>\n<\/tr>\n<tr>\n<td>Optikas materi\u0101ls<\/td>\n<td>BK-7 glass<\/td>\n<\/tr>\n<tr>\n<td>Optikas p\u0101rkl\u0101jums<\/td>\n<td>fully multi-coated<\/td>\n<\/tr>\n<tr>\n<td>Palielin\u0101jums<\/td>\n<td>7 x<\/td>\n<\/tr>\n<tr>\n<td>Papildu<\/td>\n<td>photoadapter compatible<\/td>\n<\/tr>\n<tr>\n<td>Ra\u017eot\u0101ja valsts<\/td>\n<td>PRC, controlled by Levenhuk, Inc. (USA)<\/td>\n<\/tr>\n<tr>\n<td>Redzes lauks<\/td>\n<td>7 &deg;<\/td>\n<\/tr>\n<tr>\n<td>Redzes lauks, m\/1000 m<\/td>\n<td>122<\/td>\n<\/tr>\n<tr>\n<td>Svars<\/td>\n<td>0.61 kg<\/td>\n<\/tr>\n<tr>\n<td>Trijk\u0101jis<\/td>\n<td>\u0435\u0441\u0442\u044c<\/td>\n<\/tr>\n<tr>\n<td>Tripod legs diameter, mm<br \/>in<\/td>\n<td>tabletop, metal<\/td>\n<\/tr>\n<tr>\n<td>Tuvais fokuss<\/td>\n<td>5 m<\/td>\n<\/tr>\n<tr>\n<td>\u0427\u0435\u0445\u043e\u043b\/\u0441\u0443\u043c\u043a\u0430 \u0432 \u043a\u043e\u043c\u043f\u043b\u0435\u043a\u0442\u0435<\/td>\n<td>\u0435\u0441\u0442\u044c<\/td>\n<\/tr>\n<\/tbody>\n<\/table>\n<h4 style=\"margin-right: 0px;margin-bottom: 45px;margin-left: 0px;padding: 0px;font-family: Tahoma, Geneva, sans-serif;font-size: 18px;color: #3a3a3a;font-weight: bold\"><\/h4>\n","protected":false},"excerpt":{"rendered":"<p>Levenhuk Blaze BASE 50F Spotting Scope is an entry-level optical tool that is perfect for long-term stationary observations. You can observe wildlife, urban architecture and natural landscapes. Due to a wide field of view, this spotting scope is wonderful for following fast-moving objects and, therefore, it will become a great choice for watching sports events. [&hellip;]<\/p>\n","protected":false},"featured_media":71855,"template":"","meta":[],"product_brand":[3372],"product_cat":[4938,4968],"product_tag":[],"class_list":{"0":"post-79391","1":"product","2":"type-product","3":"status-publish","4":"has-post-thumbnail","6":"product_brand-levenhuk","7":"product_cat-optics-recreation","8":"product_cat-spotting-scopes-en-dupcheck-885-optics-recreation","10":"first","11":"instock","12":"shipping-taxable","13":"purchasable","14":"product-type-simple"},"_links":{"self":[{"href":"https:\/\/sezona.lv\/en\/wp-json\/wp\/v2\/product\/79391","targetHints":{"allow":["GET"]}}],"collection":[{"href":"https:\/\/sezona.lv\/en\/wp-json\/wp\/v2\/product"}],"about":[{"href":"https:\/\/sezona.lv\/en\/wp-json\/wp\/v2\/types\/product"}],"wp:featuredmedia":[{"embeddable":true,"href":"https:\/\/sezona.lv\/en\/wp-json\/wp\/v2\/media\/71855"}],"wp:attachment":[{"href":"https:\/\/sezona.lv\/en\/wp-json\/wp\/v2\/media?parent=79391"}],"wp:term":[{"taxonomy":"product_brand","embeddable":true,"href":"https:\/\/sezona.lv\/en\/wp-json\/wp\/v2\/product_brand?post=79391"},{"taxonomy":"product_cat","embeddable":true,"href":"https:\/\/sezona.lv\/en\/wp-json\/wp\/v2\/product_cat?post=79391"},{"taxonomy":"product_tag","embeddable":true,"href":"https:\/\/sezona.lv\/en\/wp-json\/wp\/v2\/product_tag?post=79391"}],"curies":[{"name":"wp","href":"https:\/\/api.w.org\/{rel}","templated":true}]}}