{"id":79393,"date":"2025-07-14T15:39:25","date_gmt":"2025-07-14T12:39:25","guid":{"rendered":"https:\/\/demo8.ecube.lv\/sezona.lv\/products\/levenhuk-blaze-base-50-talskatis\/"},"modified":"2025-07-14T15:39:25","modified_gmt":"2025-07-14T12:39:25","slug":"levenhuk-blaze-base-50-talskatis","status":"publish","type":"product","link":"https:\/\/sezona.lv\/en\/products\/levenhuk-blaze-base-50-talskatis\/","title":{"rendered":"Levenhuk Blaze BASE 50 T\u0101lskatis"},"content":{"rendered":"<p>Levenhuk Blaze BASE 50 Spotting Scope is a universal optical instrument  that will be useful in hunting, studying urban landscapes, and watching  birds and animals. It uses a zoom lens that allows smooth magnification  change in the range from 15x to 45x. This spotting scope provides high  magnification that allows for detailed observing of very distant  objects.<\/p>\n<table class=\"table table-bordered\" border=\"0\">\n<thead>\n<tr>\n<td colspan=\"2\"><strong>Atrib\u016bti<\/strong><\/td>\n<\/tr>\n<\/thead>\n<tbody>\n<tr>\n<td>Acs att\u0101lums<\/td>\n<td>16&ndash;14 mm<\/td>\n<\/tr>\n<tr>\n<td>Garantija<\/td>\n<td>999 months<\/td>\n<\/tr>\n<tr>\n<td>Iepakojuma izm\u0113ri (GxPxA)<\/td>\n<td>34.0 x 15.0 x 12.0 cm<\/td>\n<\/tr>\n<tr>\n<td>Izejas z\u012bl\u012b&scaron;u diametrs<\/td>\n<td>3,33&ndash;1,11 mm<\/td>\n<\/tr>\n<tr>\n<td>Korpusa materi\u0101ls<\/td>\n<td>plastic<\/td>\n<\/tr>\n<tr>\n<td>Lietojums<\/td>\n<td>General use product.&lt;br\/&gt;May be used by kids over 3 years old.<\/td>\n<\/tr>\n<tr>\n<td>Objekt\u012bva l\u0113cas diametrs (atv\u0113rums)<\/td>\n<td>50 mm<\/td>\n<\/tr>\n<tr>\n<td>Okul\u0101ra l\u0113cas diametrs<\/td>\n<td>21 mm<\/td>\n<\/tr>\n<tr>\n<td>Okul\u0101ru dioptriju korekcija, dioptriju skala<\/td>\n<td>&plusmn;4<\/td>\n<\/tr>\n<tr>\n<td>Optikas materi\u0101ls<\/td>\n<td>BK-7 glass<\/td>\n<\/tr>\n<tr>\n<td>Optikas p\u0101rkl\u0101jums<\/td>\n<td>fully multi-coated<\/td>\n<\/tr>\n<tr>\n<td>Palielin\u0101jums<\/td>\n<td>15&ndash;45 x<\/td>\n<\/tr>\n<tr>\n<td>Papildu<\/td>\n<td>photoadapter compatible<\/td>\n<\/tr>\n<tr>\n<td>Ra\u017eot\u0101ja valsts<\/td>\n<td>PRC, controlled by Levenhuk, Inc. (USA)<\/td>\n<\/tr>\n<tr>\n<td>Redzes lauks<\/td>\n<td>2,4&ndash;1,14 &deg;<\/td>\n<\/tr>\n<tr>\n<td>Redzes lauks, m\/1000 m<\/td>\n<td>42&ndash;20<\/td>\n<\/tr>\n<tr>\n<td>Svars<\/td>\n<td>1.255 kg<\/td>\n<\/tr>\n<tr>\n<td>Trijk\u0101jis<\/td>\n<td>\u0435\u0441\u0442\u044c<\/td>\n<\/tr>\n<tr>\n<td>Tripod legs diameter, mm<br \/>in<\/td>\n<td>tabletop, metal<\/td>\n<\/tr>\n<tr>\n<td>Tuvais fokuss<\/td>\n<td>8 m<\/td>\n<\/tr>\n<tr>\n<td>Zoom<\/td>\n<td>\u0435\u0441\u0442\u044c<\/td>\n<\/tr>\n<tr>\n<td>\u0427\u0435\u0445\u043e\u043b\/\u0441\u0443\u043c\u043a\u0430 \u0432 \u043a\u043e\u043c\u043f\u043b\u0435\u043a\u0442\u0435<\/td>\n<td>\u0435\u0441\u0442\u044c<\/td>\n<\/tr>\n<\/tbody>\n<\/table>\n<p>&nbsp;<\/p>\n<p>&nbsp;<\/p>\n","protected":false},"excerpt":{"rendered":"<p>Levenhuk Blaze BASE 50 Spotting Scope is a universal optical instrument that will be useful in hunting, studying urban landscapes, and watching birds and animals. It uses a zoom lens that allows smooth magnification change in the range from 15x to 45x. This spotting scope provides high magnification that allows for detailed observing of very [&hellip;]<\/p>\n","protected":false},"featured_media":0,"template":"","meta":[],"product_brand":[3372],"product_cat":[4640,4938,4968],"product_tag":[],"class_list":{"0":"post-79393","1":"product","2":"type-product","3":"status-publish","5":"product_brand-levenhuk","6":"product_cat-recreation","7":"product_cat-optics-recreation","8":"product_cat-spotting-scopes-en-dupcheck-885-optics-recreation","10":"first","11":"instock","12":"shipping-taxable","13":"purchasable","14":"product-type-simple"},"_links":{"self":[{"href":"https:\/\/sezona.lv\/en\/wp-json\/wp\/v2\/product\/79393","targetHints":{"allow":["GET"]}}],"collection":[{"href":"https:\/\/sezona.lv\/en\/wp-json\/wp\/v2\/product"}],"about":[{"href":"https:\/\/sezona.lv\/en\/wp-json\/wp\/v2\/types\/product"}],"wp:attachment":[{"href":"https:\/\/sezona.lv\/en\/wp-json\/wp\/v2\/media?parent=79393"}],"wp:term":[{"taxonomy":"product_brand","embeddable":true,"href":"https:\/\/sezona.lv\/en\/wp-json\/wp\/v2\/product_brand?post=79393"},{"taxonomy":"product_cat","embeddable":true,"href":"https:\/\/sezona.lv\/en\/wp-json\/wp\/v2\/product_cat?post=79393"},{"taxonomy":"product_tag","embeddable":true,"href":"https:\/\/sezona.lv\/en\/wp-json\/wp\/v2\/product_tag?post=79393"}],"curies":[{"name":"wp","href":"https:\/\/api.w.org\/{rel}","templated":true}]}}