{"id":79395,"date":"2025-07-11T16:59:26","date_gmt":"2025-07-11T13:59:26","guid":{"rendered":"https:\/\/demo8.ecube.lv\/sezona.lv\/products\/levenhuk-tr150-stativs\/"},"modified":"2025-07-14T15:39:26","modified_gmt":"2025-07-14T12:39:26","slug":"levenhuk-tr150-stativs","status":"publish","type":"product","link":"https:\/\/sezona.lv\/en\/products\/levenhuk-tr150-stativs\/","title":{"rendered":"Levenhuk TR150 Stat\u012bvs"},"content":{"rendered":"<div id=\"tab-description\" class=\"tab-pane active\">\n<p>Iztur\u012bgs Levenhuk TR150 Tripod ir piem\u0113rots jebkuram optiskam instrumentam ar 1\/4 &#8220;v\u012btni.<\/p>\n<p>J\u016bs varat uzst\u0101d\u012bt binok\u013ci, t\u0101lm\u0113ru, kameras vai video kameru, l\u012bdz 10 kg uz stat\u012bva.<\/p>\n<p>&nbsp;<\/p>\n<p>St\u0101vam ir iztur\u012bgas met\u0101la k\u0101jas ar regul\u0113jamu augstumu. Katrai k\u0101jam ir 3 pi\u0137i, kas ir fiks\u0113ti ar skav\u0101m.<\/p>\n<p>Sl\u012bpums  ir izgatavotas no iztur\u012bgas plastmasas un piestiprin\u0101tas pie izvelkam\u0101s  sloksnes. Uzmont\u0113tais instruments ir viegli darbin\u0101ms ar sviru.<\/p>\n<p>&nbsp;<\/p>\n<p>Instrumenta izl\u012bdzin\u0101&scaron;anai ir ieb\u016bv\u0113ts burbu\u013c l\u012bme\u0146a m\u0113rs. Plastmasas gali\u0146i nov\u0113r&scaron; stat\u012bvu no nosl\u012bd\u0113&scaron;anas.<\/p>\n<p>Centr\u0101l\u0101  pamatne padara stat\u012bvu stingr\u0101ku. St\u0101vo&scaron;a stat\u012bva augstums ir  regul\u0113jams no 55 l\u012bdz 150 cm. T\u0101 vid. augstums ir 58,5 cm.<\/p>\n<p>&nbsp;<\/p>\n<p>L\u016bdzu, \u0146emiet v\u0113r\u0101, ka da\u017e\u0101m optiskaj\u0101m ier\u012bc\u0113m (piem\u0113ram, binokliem) var b\u016bt nepiecie&scaron;ami \u012bpa&scaron;i adapteri.<\/p>\n<p>&nbsp;<\/p>\n<p>Funkcijas:<\/p>\n<p>&nbsp;<\/p>\n<p>Iztur\u012bgs pilna izm\u0113ra stat\u012bvs ar ietilp\u012bbu l\u012bdz 10 kg.<\/p>\n<p>Piem\u0113rots optiskajam instrumentam ar 1\/4 &#8220;v\u012btni<\/p>\n<p>Met\u0101la, tr\u012bs pak\u0101pju k\u0101ji\u0146as un izvelkams posms<\/p>\n<p>Burbu\u013c l\u012bme\u0146q m\u0113rs&nbsp;<\/p>\n<p>Bright d\u0101vanu kaste<\/p>\n<p>Specifik\u0101cijas:<\/p>\n<p>Stat\u012bvs tipa gr\u012bdas stat\u012bvs<\/p>\n<p>Pi\u0137is numurs 3<\/p>\n<p>Liel\u0101kais caurules diametrs, 23 mm<\/p>\n<p>Augstums, mm 550-1500<\/p>\n<p>Kravnes\u012bba, kg 10<\/p>\n<p>Stat\u012bvs materi\u0101ls met\u0101ls<\/p>\n<p>Virsmas (mont\u0101\u017eas) materi\u0101ls plastmasa<\/p>\n<p>noliecama galva stat\u012bvam<\/p>\n<p>V\u012btne 1\/4<\/p>\n<p>Burbu\u013ca l\u012bme\u0146a m\u0113rs j\u0101<\/p>\n<p>Kontrakcijas augstums, 585 mm<\/p>\n<table class=\"table table-bordered\" border=\"0\">\n<thead>\n<tr>\n<td colspan=\"2\"><strong>Atrib\u016bti<\/strong><\/td>\n<\/tr>\n<\/thead>\n<tbody>\n<tr>\n<td>Garantija<\/td>\n<td>6 months<\/td>\n<\/tr>\n<tr>\n<td>Iepakojuma izm\u0113ri (GxPxA)<\/td>\n<td>62.0 x 12.0 x 12.0 cm<\/td>\n<\/tr>\n<tr>\n<td>Ra\u017eot\u0101ja valsts<\/td>\n<td>PRC, controlled by Levenhuk, Inc. (USA)<\/td>\n<\/tr>\n<tr>\n<td>Svars<\/td>\n<td>1.58 kg<\/td>\n<\/tr>\n<\/tbody>\n<\/table>\n<p>&nbsp;<\/p>\n<\/div>\n<p>&nbsp;<\/p>\n<p>&nbsp;<\/p>\n","protected":false},"excerpt":{"rendered":"<p>Iztur\u012bgs Levenhuk TR150 Tripod ir piem\u0113rots jebkuram optiskam instrumentam ar 1\/4 &#8220;v\u012btni. J\u016bs varat uzst\u0101d\u012bt binok\u013ci, t\u0101lm\u0113ru, kameras vai video kameru, l\u012bdz 10 kg uz stat\u012bva. &nbsp; St\u0101vam ir iztur\u012bgas met\u0101la k\u0101jas ar regul\u0113jamu augstumu. Katrai k\u0101jam ir 3 pi\u0137i, kas ir fiks\u0113ti ar skav\u0101m. Sl\u012bpums ir izgatavotas no iztur\u012bgas plastmasas un piestiprin\u0101tas pie izvelkam\u0101s [&hellip;]<\/p>\n","protected":false},"featured_media":71911,"template":"","meta":[],"product_brand":[3372],"product_cat":[4938,4968],"product_tag":[],"class_list":{"0":"post-79395","1":"product","2":"type-product","3":"status-publish","4":"has-post-thumbnail","6":"product_brand-levenhuk","7":"product_cat-optics-recreation","8":"product_cat-spotting-scopes-en-dupcheck-885-optics-recreation","10":"first","11":"instock","12":"shipping-taxable","13":"purchasable","14":"product-type-simple"},"_links":{"self":[{"href":"https:\/\/sezona.lv\/en\/wp-json\/wp\/v2\/product\/79395","targetHints":{"allow":["GET"]}}],"collection":[{"href":"https:\/\/sezona.lv\/en\/wp-json\/wp\/v2\/product"}],"about":[{"href":"https:\/\/sezona.lv\/en\/wp-json\/wp\/v2\/types\/product"}],"wp:featuredmedia":[{"embeddable":true,"href":"https:\/\/sezona.lv\/en\/wp-json\/wp\/v2\/media\/71911"}],"wp:attachment":[{"href":"https:\/\/sezona.lv\/en\/wp-json\/wp\/v2\/media?parent=79395"}],"wp:term":[{"taxonomy":"product_brand","embeddable":true,"href":"https:\/\/sezona.lv\/en\/wp-json\/wp\/v2\/product_brand?post=79395"},{"taxonomy":"product_cat","embeddable":true,"href":"https:\/\/sezona.lv\/en\/wp-json\/wp\/v2\/product_cat?post=79395"},{"taxonomy":"product_tag","embeddable":true,"href":"https:\/\/sezona.lv\/en\/wp-json\/wp\/v2\/product_tag?post=79395"}],"curies":[{"name":"wp","href":"https:\/\/api.w.org\/{rel}","templated":true}]}}