{"id":79396,"date":"2025-07-14T15:39:27","date_gmt":"2025-07-14T12:39:27","guid":{"rendered":"https:\/\/demo8.ecube.lv\/sezona.lv\/products\/levenhuk-blaze-50-talskatis\/"},"modified":"2025-07-14T15:39:27","modified_gmt":"2025-07-14T12:39:27","slug":"levenhuk-blaze-50-talskatis","status":"publish","type":"product","link":"https:\/\/sezona.lv\/en\/products\/levenhuk-blaze-50-talskatis\/","title":{"rendered":"Levenhuk Blaze 50 T\u0101lskatis"},"content":{"rendered":"<p style=\"margin-bottom: 10px;padding: 0px;color: #3a3a3a;font-family: Vardana, sans-serif;font-size: 14px\">Putnu  v\u0113ro&scaron;ana, ce\u013co&scaron;ana un t\u016brisms &ndash; ar Levenhuk Blaze 50 PLUS t\u0101lskati  jebkura aktivit\u0101te br\u012bv\u0101 dab\u0101 sniegs Jums vair\u0101k pieredzes  dz\u012bvespriekam! Augsta l\u012bme\u0146a piln\u012bb\u0101 p\u0101rkl\u0101ta optisk\u0101 ier\u012bce rada  skaidrus, asus un izteiksm\u012bgus att\u0113lus. Pla&scaron;s palielin\u0101juma spektrs  sniegs Jums iesp\u0113ju detaliz\u0113ti nov\u0113rot objektus, kas atrodas da\u017e\u0101dos  att\u0101lumos. Liela atv\u0113ruma objekt\u012bva l\u0113ca sniedz izcilu redzam\u012bbu dienas  un kr\u0113slas laik\u0101. Viegli pa\u0146emt t\u0101lskati l\u012bdzi, jo tam ir \u013coti kompakti  izm\u0113ri. T\u0101lskatis ir ietverts \u016bdensnecaurlaid\u012bg\u0101 apvalk\u0101, kas sarg\u0101 to  no miglas, lietus un sniega. Levenhuk Blaze 50 PLUS t\u0101lsaktis ir  lieliska d\u0101vana tam, kas nov\u0113rt\u0113 augsto kvalit\u0101ti un iesp\u0113ju to  p\u0101rn\u0113s\u0101t.<\/p>\n<p style=\"margin-bottom: 10px;padding: 0px;color: #3a3a3a;font-family: Vardana, sans-serif;font-size: 14px\">&Scaron;\u012b  t\u0101lskata izcil\u0101 optika ir izgatavota no augstas kvalit\u0101tes BK-7 stikla.  L\u0113cas un prizmas ir papildus p\u0101rkl\u0101tas ar pretatsp\u012bduma sl\u0101ni, lai  mazin\u0101tu gaismas zudumu instrument\u0101 l\u012bdz nullei. Prizm\u0101m ir sudraba  p\u0101rkl\u0101jums; lec\u0101m ir zils p\u0101rkl\u0101jums. Liels objekt\u012bvs uzkr\u0101j lielu  gaismas daudzumu, kas pie&scaron;\u0137ir rad\u012btajiem att\u0113liem spo\u017eumu un asumu pat  sliktos apgaismojuma aspt\u0101k\u013cos. T\u0101lskatim ir augsta profesion\u0101l\u0101  l\u012bme\u0146a&nbsp;met\u0101la okul\u0101rs. Izcila optisk\u0101 ier\u012bce ra\u017eo realit\u0101tei tuvus,  \u0101rk\u0101rt\u012bgi detaliz\u0113tus att\u0113lus dab\u012bg\u0101s kr\u0101s\u0101s. Apvalks ir pild\u012bts ar  nitrog\u0113nu, l\u012bdz ar ko optisk\u0101 ier\u012bce neaizsv\u012bst ar\u012b augsta mitruma  l\u012bme\u0146a apst\u0101k\u013cos.<\/p>\n<p style=\"margin-bottom: 10px;padding: 0px;color: #3a3a3a;font-family: Vardana, sans-serif;font-size: 14px\">Cita  Levenhuk Blaze 50 PLUS t\u0101lskata priek&scaron;roc\u012bba ir t\u0101 ergonomiskais  dizains, kas sniedz maksim\u0101lo komfortu v\u0113rojumu laik\u0101. M\u012bkst\u0101s gumijas  acu b\u013codi\u0146a blo\u0137\u0113 s\u0101nu gaismas ietekmi. Gar\u0101ka acu vietne sniedz Jums  iesp\u0113ju veikt nov\u0113rojumus, lietojot brilles, neatkar\u012bgi no t\u0101 vai t\u0101s ir  redzes uzlabo&scaron;anas vai saules brilles.<\/p>\n<p style=\"margin-bottom: 10px;padding: 0px;color: #3a3a3a;font-family: Vardana, sans-serif;font-size: 14px\">Levenhuk  Blaze 50 PLUS t\u0101lskatis ir ietverts triecieniztur\u012bg\u0101 viegl\u0101 ietvar\u0101.  Ietvars ir hermetiski sl\u0113gts, kas nepie\u013cauj putek\u013cu, net\u012brumu un mitruma  iek\u013c\u016b&scaron;anu instrumenta iek&scaron;pus\u0113. Komplekt\u0101 ietilpst ietvars, kas sarg\u0101  t\u0101lskati no &scaron;\u013cakat\u0101m. Jums pat nav j\u0101no\u0146em ietvars, lai uzs\u0101ktu  nov\u0113rojumus &ndash; Jums vien\u012bgi ir j\u0101atver r\u0101v\u0113jsl\u0113dz\u0113js un t\u0101lskatis ir  gatavs nov\u0113rojumiem. Tas ir sevi&scaron;\u0137i noder\u012bgs, kad v\u0113rojumi tiek veikti  nelabv\u0113l\u012bgos laiksapst\u0101k\u013cos vai uz lauka. Liela palielin\u0101juma gad\u012bjum\u0101  pat vismaz\u0101k\u0101 instrumenta vibr\u0101cija var iev\u0113rojami ietekm\u0113t att\u0113la  kvalit\u0101ti. J\u016bs varat b\u016bt dro&scaron;i, ka tas nenotiks ar &scaron;o t\u0101lskati, jo tam  komplekt\u0101 ir dro&scaron;s met\u0101la uz galda novietojams tr\u012bsk\u0101jis. Levenhuk Blaze  50 PLUS t\u0101lskatis sniedz Jums skaidrus un stabilus att\u0113lus vien\u0101  komplekt\u0101!<\/p>\n<p style=\"margin-bottom: 10px;padding: 0px;color: #3a3a3a;font-family: Vardana, sans-serif;font-size: 14px\"><strong style=\"margin: 0px;padding: 0px\">Komplekt\u0101 ietilpst:<\/strong><\/p>\n<ul class=\"vikas-list-u\" style=\"margin-right: 0px;margin-bottom: 15px;margin-left: 20px;padding: 0px;color: #3a3a3a;font-family: Vardana, sans-serif;font-size: 14px\" type=\"disk\">\n<li style=\"margin: 0px;padding: 0px\">Levenhuk Blaze 50 PLUS t\u0101lskatis<\/li>\n<li style=\"margin: 0px;padding: 0px\">Met\u0101la uz galda novietojamais tr\u012bsk\u0101jis<\/li>\n<li style=\"margin: 0px;padding: 0px\">T\u012br\u012b&scaron;anas dr\u0101na<\/li>\n<li style=\"margin: 0px;padding: 0px\">Ietvars uzglab\u0101&scaron;anai un p\u0101rvieto&scaron;anai<\/li>\n<li style=\"margin: 0px;padding: 0px\">Lieto&scaron;anas instrukcija un beztermi\u0146a garantija<\/li>\n<li style=\"margin: 0px;padding: 0px\">\n<table class=\"table table-bordered\" border=\"0\">\n<thead>\n<tr>\n<td colspan=\"2\"><strong>Atrib\u016bti<\/strong><\/td>\n<\/tr>\n<\/thead>\n<tbody>\n<tr>\n<td>Acs att\u0101lums<\/td>\n<td>15-11 mm<\/td>\n<\/tr>\n<tr>\n<td>Izejas z\u012bl\u012b&scaron;u diametrs<\/td>\n<td>3,3-1,1 mm<\/td>\n<\/tr>\n<tr>\n<td>Objekt\u012bva l\u0113cas diametrs (atv\u0113rums)<\/td>\n<td>50 mm<\/td>\n<\/tr>\n<tr>\n<td>Optikas materi\u0101ls<\/td>\n<td>BK-7 stikls<\/td>\n<\/tr>\n<tr>\n<td>Optikas p\u0101rkl\u0101jums<\/td>\n<td>piln\u012bb\u0101 p\u0101rkl\u0101ta (prizmas: sudraba p\u0101rkl\u0101jums; l\u0113cas: zilais p\u0101rkl\u0101jums)<\/td>\n<\/tr>\n<tr>\n<td>Palielin\u0101jums<\/td>\n<td>15-45 x<\/td>\n<\/tr>\n<tr>\n<td>Ra\u017eot\u0101ja valsts<\/td>\n<td>PRC, vada Levenhuk, Inc. (ASV)<\/td>\n<\/tr>\n<tr>\n<td>Redzes lauks<\/td>\n<td>2,5-1,3 &deg;<\/td>\n<\/tr>\n<tr>\n<td>Redzes lauks, m\/1000 m<\/td>\n<td>43-22<\/td>\n<\/tr>\n<tr>\n<td>Tuvais fokuss<\/td>\n<td>5 m<\/td>\n<\/tr>\n<\/tbody>\n<\/table>\n<\/li>\n<\/ul>\n","protected":false},"excerpt":{"rendered":"<p>Putnu v\u0113ro&scaron;ana, ce\u013co&scaron;ana un t\u016brisms &ndash; ar Levenhuk Blaze 50 PLUS t\u0101lskati jebkura aktivit\u0101te br\u012bv\u0101 dab\u0101 sniegs Jums vair\u0101k pieredzes dz\u012bvespriekam! Augsta l\u012bme\u0146a piln\u012bb\u0101 p\u0101rkl\u0101ta optisk\u0101 ier\u012bce rada skaidrus, asus un izteiksm\u012bgus att\u0113lus. Pla&scaron;s palielin\u0101juma spektrs sniegs Jums iesp\u0113ju detaliz\u0113ti nov\u0113rot objektus, kas atrodas da\u017e\u0101dos att\u0101lumos. Liela atv\u0113ruma objekt\u012bva l\u0113ca sniedz izcilu redzam\u012bbu dienas un [&hellip;]<\/p>\n","protected":false},"featured_media":0,"template":"","meta":[],"product_brand":[3372],"product_cat":[4640,4938,4968],"product_tag":[],"class_list":{"0":"post-79396","1":"product","2":"type-product","3":"status-publish","5":"product_brand-levenhuk","6":"product_cat-recreation","7":"product_cat-optics-recreation","8":"product_cat-spotting-scopes-en-dupcheck-885-optics-recreation","10":"first","11":"instock","12":"shipping-taxable","13":"purchasable","14":"product-type-simple"},"_links":{"self":[{"href":"https:\/\/sezona.lv\/en\/wp-json\/wp\/v2\/product\/79396","targetHints":{"allow":["GET"]}}],"collection":[{"href":"https:\/\/sezona.lv\/en\/wp-json\/wp\/v2\/product"}],"about":[{"href":"https:\/\/sezona.lv\/en\/wp-json\/wp\/v2\/types\/product"}],"wp:attachment":[{"href":"https:\/\/sezona.lv\/en\/wp-json\/wp\/v2\/media?parent=79396"}],"wp:term":[{"taxonomy":"product_brand","embeddable":true,"href":"https:\/\/sezona.lv\/en\/wp-json\/wp\/v2\/product_brand?post=79396"},{"taxonomy":"product_cat","embeddable":true,"href":"https:\/\/sezona.lv\/en\/wp-json\/wp\/v2\/product_cat?post=79396"},{"taxonomy":"product_tag","embeddable":true,"href":"https:\/\/sezona.lv\/en\/wp-json\/wp\/v2\/product_tag?post=79396"}],"curies":[{"name":"wp","href":"https:\/\/api.w.org\/{rel}","templated":true}]}}