{"id":79397,"date":"2025-07-11T16:59:31","date_gmt":"2025-07-11T13:59:31","guid":{"rendered":"https:\/\/demo8.ecube.lv\/sezona.lv\/products\/levenhuk-blaze-15-45x50-talskatis\/"},"modified":"2025-07-14T15:39:28","modified_gmt":"2025-07-14T12:39:28","slug":"levenhuk-blaze-15-45x50-talskatis","status":"publish","type":"product","link":"https:\/\/sezona.lv\/en\/products\/levenhuk-blaze-15-45x50-talskatis\/","title":{"rendered":"Levenhuk Blaze 15-45&#215;50 T\u0101lskatis"},"content":{"rendered":"<p>Levenhuk Blaze 15&ndash;45&#215;50 is a compact spotting scope with a 50-mm (2-in)  objective lens, capable of zooming within 15x&ndash;45x range. Its zoom  capabilities come in very useful when you want to survey the  surroundings first and then quickly switch to a certain object so that  you can study it in detail. This spotting scope is perfect for keen  naturalists, tourists and hunters.<\/p>\n<table class=\"table table-bordered\" border=\"0\">\n<thead>\n<tr>\n<td colspan=\"2\"><strong>Atrib\u016bti<\/strong><\/td>\n<\/tr>\n<\/thead>\n<tbody>\n<tr>\n<td>Acs att\u0101lums<\/td>\n<td>15-11 mm<\/td>\n<\/tr>\n<tr>\n<td>Garantija<\/td>\n<td>m\u016b\u017ea garantija<\/td>\n<\/tr>\n<tr>\n<td>Objekt\u012bva l\u0113cas diametrs (atv\u0113rums)<\/td>\n<td>50 mm<\/td>\n<\/tr>\n<tr>\n<td>Optikas p\u0101rkl\u0101jums<\/td>\n<td>piln\u012bb\u0101 p\u0101rkl\u0101ta (prizmas: sudraba p\u0101rkl\u0101jums; l\u0113cas: zilais p\u0101rkl\u0101jums)<\/td>\n<\/tr>\n<tr>\n<td>Palielin\u0101jums<\/td>\n<td>15-45 x<\/td>\n<\/tr>\n<tr>\n<td>Ra\u017eot\u0101ja valsts<\/td>\n<td>PRC, vada Levenhuk, Inc. (ASV)<\/td>\n<\/tr>\n<tr>\n<td>Redzes lauks<\/td>\n<td>2,5-1,3 &deg;<\/td>\n<\/tr>\n<tr>\n<td>Redzes lauks, m\/1000 m<\/td>\n<td>43-22<\/td>\n<\/tr>\n<tr>\n<td>Tr\u012bsk\u0101ju stat\u012bva adapteris<\/td>\n<td>j\u0101<\/td>\n<\/tr>\n<tr>\n<td>Tuvais fokuss<\/td>\n<td>5 m<\/td>\n<\/tr>\n<\/tbody>\n<\/table>\n<p>&nbsp;<\/p>\n","protected":false},"excerpt":{"rendered":"<p>Levenhuk Blaze 15&ndash;45&#215;50 is a compact spotting scope with a 50-mm (2-in) objective lens, capable of zooming within 15x&ndash;45x range. Its zoom capabilities come in very useful when you want to survey the surroundings first and then quickly switch to a certain object so that you can study it in detail. This spotting scope is [&hellip;]<\/p>\n","protected":false},"featured_media":71928,"template":"","meta":[],"product_brand":[3372],"product_cat":[4938,4968],"product_tag":[],"class_list":{"0":"post-79397","1":"product","2":"type-product","3":"status-publish","4":"has-post-thumbnail","6":"product_brand-levenhuk","7":"product_cat-optics-recreation","8":"product_cat-spotting-scopes-en-dupcheck-885-optics-recreation","10":"first","11":"instock","12":"shipping-taxable","13":"purchasable","14":"product-type-simple"},"_links":{"self":[{"href":"https:\/\/sezona.lv\/en\/wp-json\/wp\/v2\/product\/79397","targetHints":{"allow":["GET"]}}],"collection":[{"href":"https:\/\/sezona.lv\/en\/wp-json\/wp\/v2\/product"}],"about":[{"href":"https:\/\/sezona.lv\/en\/wp-json\/wp\/v2\/types\/product"}],"wp:featuredmedia":[{"embeddable":true,"href":"https:\/\/sezona.lv\/en\/wp-json\/wp\/v2\/media\/71928"}],"wp:attachment":[{"href":"https:\/\/sezona.lv\/en\/wp-json\/wp\/v2\/media?parent=79397"}],"wp:term":[{"taxonomy":"product_brand","embeddable":true,"href":"https:\/\/sezona.lv\/en\/wp-json\/wp\/v2\/product_brand?post=79397"},{"taxonomy":"product_cat","embeddable":true,"href":"https:\/\/sezona.lv\/en\/wp-json\/wp\/v2\/product_cat?post=79397"},{"taxonomy":"product_tag","embeddable":true,"href":"https:\/\/sezona.lv\/en\/wp-json\/wp\/v2\/product_tag?post=79397"}],"curies":[{"name":"wp","href":"https:\/\/api.w.org\/{rel}","templated":true}]}}