{"id":79399,"date":"2025-07-14T15:39:30","date_gmt":"2025-07-14T12:39:30","guid":{"rendered":"https:\/\/demo8.ecube.lv\/sezona.lv\/products\/bresser-9-27x50-spektars-mitrumizturigs-talskatis\/"},"modified":"2025-07-14T15:39:30","modified_gmt":"2025-07-14T12:39:30","slug":"bresser-9-27x50-spektars-mitrumizturigs-talskatis","status":"publish","type":"product","link":"https:\/\/sezona.lv\/en\/products\/bresser-9-27x50-spektars-mitrumizturigs-talskatis\/","title":{"rendered":"Bresser 9-27&#215;50 Spektars Mitrumiztur\u012bgs T\u0101lskatis"},"content":{"rendered":"<p style=\"line-height: 1.38;margin-top: 0pt;margin-bottom: 0pt\" dir=\"ltr\"><span style=\"font-size: 11pt;font-family: Arial;color: #000000;background-color: transparent;vertical-align: baseline\">T\u0101lskatis ar pla&scaron;u darb\u012bbas diapazonu u palielin\u0101jumu da\u017e\u0101d\u012bbu galvenok\u0101rt ir labi piem\u0113rots dabas, dz\u012bvnieku un putnu nov\u0113rojumiem. Tam ir speci\u0101la \u0101tr\u0101 fokusa sist\u0113ma, kas \u013coti \u0101tri \u013cauj skatu nokoncentr\u0113t uz v\u0113lamo objektu. Tas ir neliels izm\u0113ros, t\u0101p\u0113c to \u0113rti izmantot bez speci\u0101la stat\u012bva.<\/span><\/p>\n<div><span style=\"font-size: 11pt;font-family: Arial;color: #000000;background-color: transparent;vertical-align: baseline\"><br \/><\/span><\/div>\n<div><span style=\"font-size: 11pt;font-family: Arial;color: #000000;background-color: transparent;vertical-align: baseline\"><\/p>\n<table style=\"font-size: 10pt;font-family: arial, sans, sans-serif;width: 0px;border: none\" dir=\"ltr\" border=\"1\" cellspacing=\"0\" cellpadding=\"0\">\n<colgroup>\n<col width=\"352\"><\/col>\n<\/colgroup>\n<tbody>\n<tr style=\"height: 21px\">\n<td style=\"border-color: #28cdff;overflow: hidden;padding: 2px 3px;vertical-align: bottom;background-color: #28cdff;font-family: Arial;font-size: 11pt;font-weight: bold;color: #ffffff;text-align: center\">Specifik\u0101cijas un Komplekt\u0101cija:<\/td>\n<\/tr>\n<tr style=\"height: 21px\">\n<td style=\"border-right-color: #28cdff;border-bottom-color: #28cdff;border-left-color: #28cdff;overflow: hidden;padding: 2px 3px;vertical-align: middle;font-family: Arial;font-size: 11pt\">-Palielin\u0101jums: 27x (9-27x regul\u0113jams)<\/td>\n<\/tr>\n<tr style=\"height: 21px\">\n<td style=\"border-right-color: #28cdff;border-bottom-color: #28cdff;border-left-color: #28cdff;overflow: hidden;padding: 2px 3px;vertical-align: middle;font-family: Arial;font-size: 11pt\">-L\u0113cu diametrs: 50mm<\/td>\n<\/tr>\n<tr style=\"height: 21px\">\n<td style=\"border-right-color: #28cdff;border-bottom-color: #28cdff;border-left-color: #28cdff;overflow: hidden;padding: 2px 3px;vertical-align: middle;font-family: Arial;font-size: 11pt\">-Kr\u0101sa: Pel\u0113ka\/Melna<\/td>\n<\/tr>\n<tr style=\"height: 21px\">\n<td style=\"border-right-color: #28cdff;border-bottom-color: #28cdff;border-left-color: #28cdff;overflow: hidden;padding: 2px 3px;vertical-align: middle;font-family: Arial;font-size: 11pt\">-Svars: 705 grami<\/td>\n<\/tr>\n<tr style=\"height: 21px\">\n<td style=\"border-right-color: #28cdff;border-bottom-color: #28cdff;border-left-color: #28cdff;overflow: hidden;padding: 2px 3px;vertical-align: middle;font-family: Arial;font-size: 11pt\">-Okul\u0101rs: T\u0101luma mai\u0146as okul\u0101rs ietilpst komplekt\u0101<\/td>\n<\/tr>\n<tr style=\"height: 21px\">\n<td style=\"border-right-color: #28cdff;border-bottom-color: #28cdff;border-left-color: #28cdff;overflow: hidden;padding: 2px 3px;vertical-align: middle;font-family: Arial;font-size: 11pt\">-Okul\u0101rs: T\u0101luma mai\u0146as okul\u0101rs ietilpst komplekt\u0101cij\u0101<\/td>\n<\/tr>\n<tr style=\"height: 21px\">\n<td style=\"border-right-color: #28cdff;border-bottom-color: #28cdff;border-left-color: #28cdff;overflow: hidden;padding: 2px 3px;vertical-align: bottom;background-color: #28cdff;font-family: Arial;font-size: 11pt;font-weight: bold;color: #ffffff;text-align: center\">Piem\u0113rojam\u012bba:<\/td>\n<\/tr>\n<tr style=\"height: 21px\">\n<td style=\"border-right-color: #28cdff;border-bottom-color: #28cdff;border-left-color: #28cdff;overflow: hidden;padding: 2px 3px;vertical-align: middle;font-family: Arial;font-size: 11pt\">Dabas nov\u0113ro&scaron;ana: Viduv\u0113ji<\/td>\n<\/tr>\n<tr style=\"height: 21px\">\n<td style=\"border-right-color: #28cdff;border-bottom-color: #28cdff;border-left-color: #28cdff;overflow: hidden;padding: 2px 3px;vertical-align: middle;font-family: Arial;font-size: 11pt\">Putnu nov\u0113ro&scaron;ana: Viduv\u0113ji<\/td>\n<\/tr>\n<tr style=\"height: 21px\">\n<td style=\"border-right-color: #28cdff;border-bottom-color: #28cdff;border-left-color: #28cdff;overflow: hidden;padding: 2px 3px;vertical-align: middle;font-family: Arial;font-size: 11pt\">Med\u012bbas: &#8211;<\/td>\n<\/tr>\n<tr style=\"height: 21px\">\n<td style=\"border-right-color: #28cdff;border-bottom-color: #28cdff;border-left-color: #28cdff;overflow: hidden;padding: 2px 3px;vertical-align: middle;font-family: Arial;font-size: 11pt\">Sports (&Scaron;au&scaron;ana): Viduv\u0113ji<\/td>\n<\/tr>\n<tr style=\"height: 21px\">\n<td style=\"border-right-color: #28cdff;border-bottom-color: #28cdff;border-left-color: #28cdff;overflow: hidden;padding: 2px 3px;vertical-align: middle;font-family: Arial;font-size: 11pt\">Digit\u0101lie nov\u0113rojumi: &#8211;<\/td>\n<\/tr>\n<\/tbody>\n<\/table>\n<p><\/span><\/div>\n","protected":false},"excerpt":{"rendered":"<p>T\u0101lskatis ar pla&scaron;u darb\u012bbas diapazonu u palielin\u0101jumu da\u017e\u0101d\u012bbu galvenok\u0101rt ir labi piem\u0113rots dabas, dz\u012bvnieku un putnu nov\u0113rojumiem. Tam ir speci\u0101la \u0101tr\u0101 fokusa sist\u0113ma, kas \u013coti \u0101tri \u013cauj skatu nokoncentr\u0113t uz v\u0113lamo objektu. Tas ir neliels izm\u0113ros, t\u0101p\u0113c to \u0113rti izmantot bez speci\u0101la stat\u012bva. Specifik\u0101cijas un Komplekt\u0101cija: -Palielin\u0101jums: 27x (9-27x regul\u0113jams) -L\u0113cu diametrs: 50mm -Kr\u0101sa: Pel\u0113ka\/Melna [&hellip;]<\/p>\n","protected":false},"featured_media":0,"template":"","meta":[],"product_brand":[],"product_cat":[4640,4938,4968],"product_tag":[],"class_list":{"0":"post-79399","1":"product","2":"type-product","3":"status-publish","5":"product_cat-recreation","6":"product_cat-optics-recreation","7":"product_cat-spotting-scopes-en-dupcheck-885-optics-recreation","9":"first","10":"instock","11":"shipping-taxable","12":"purchasable","13":"product-type-simple"},"_links":{"self":[{"href":"https:\/\/sezona.lv\/en\/wp-json\/wp\/v2\/product\/79399","targetHints":{"allow":["GET"]}}],"collection":[{"href":"https:\/\/sezona.lv\/en\/wp-json\/wp\/v2\/product"}],"about":[{"href":"https:\/\/sezona.lv\/en\/wp-json\/wp\/v2\/types\/product"}],"wp:attachment":[{"href":"https:\/\/sezona.lv\/en\/wp-json\/wp\/v2\/media?parent=79399"}],"wp:term":[{"taxonomy":"product_brand","embeddable":true,"href":"https:\/\/sezona.lv\/en\/wp-json\/wp\/v2\/product_brand?post=79399"},{"taxonomy":"product_cat","embeddable":true,"href":"https:\/\/sezona.lv\/en\/wp-json\/wp\/v2\/product_cat?post=79399"},{"taxonomy":"product_tag","embeddable":true,"href":"https:\/\/sezona.lv\/en\/wp-json\/wp\/v2\/product_tag?post=79399"}],"curies":[{"name":"wp","href":"https:\/\/api.w.org\/{rel}","templated":true}]}}