{"id":79402,"date":"2025-07-14T15:39:33","date_gmt":"2025-07-14T12:39:33","guid":{"rendered":"https:\/\/demo8.ecube.lv\/sezona.lv\/products\/levenhuk-blaze-60-plus-spotting-scope\/"},"modified":"2025-07-14T15:39:33","modified_gmt":"2025-07-14T12:39:33","slug":"levenhuk-blaze-60-plus-spotting-scope","status":"publish","type":"product","link":"https:\/\/sezona.lv\/en\/products\/levenhuk-blaze-60-plus-spotting-scope\/","title":{"rendered":"Levenhuk Blaze 60 PLUS Spotting Scope"},"content":{"rendered":"<div id=\"tab-description\" class=\"tab-pane active\">\n<p style=\"margin-bottom: 10px;padding: 0px;color: #3a3a3a;font-family: Vardana, sans-serif;font-size: 14px\">Levenhuk  Blaze 60 PLUS Spotting Scope is a reliable and functional optical tool  in a waterproof shell. Its main feature is a zoom objective lens, which  enables you to change the magnification in the range of 15x to 45x. This  feature gives the Levenhuk Blaze 60 PLUS almost limitless applications.  You can observe natural and urban landscapes, and watch birds and  animals with this spotting scope.<\/p>\n<p style=\"margin-bottom: 10px;padding: 0px;color: #3a3a3a;font-family: Vardana, sans-serif;font-size: 14px\">The  glass optics with multi-layer coating transmit an image with correct  color rendition, keeping the object&rsquo;s contours undistorted. The  transmitted picture is sharp, contrast and clear across the whole field  of view. You can mount photo equipment on the eyepiece (you will need a  special adapter, purchased separately).<\/p>\n<p style=\"margin-bottom: 10px;padding: 0px;color: #3a3a3a;font-family: Vardana, sans-serif;font-size: 14px\">You  can install Levenhuk Blaze 60 PLUS Spotting Scope on a standard camera  tripod with 1\/4&#8243; adapter. The kit includes a small tabletop tripod  necessary for observing at high magnification: that minimizes image  trembling.<\/p>\n<p style=\"margin-bottom: 10px;padding: 0px;color: #3a3a3a;font-family: Vardana, sans-serif;font-size: 14px\"><strong style=\"margin: 0px;padding: 0px\">Features:<\/strong><\/p>\n<ul class=\"vikas-list-u\" style=\"margin-right: 0px;margin-bottom: 15px;margin-left: 20px;padding: 0px;color: #3a3a3a;font-family: Vardana, sans-serif;font-size: 14px\">\n<li style=\"margin: 0px;padding: 0px\">Compact tourist spotting scope<\/li>\n<li style=\"margin: 0px;padding: 0px\">Variable magnification<\/li>\n<li style=\"margin: 0px;padding: 0px\">Removable metal eyepiece<\/li>\n<li style=\"margin: 0px;padding: 0px\">Waterproof and nitrogen-filled shell<\/li>\n<\/ul>\n<p style=\"margin-bottom: 10px;padding: 0px;color: #3a3a3a;font-family: Vardana, sans-serif;font-size: 14px\"><strong style=\"margin: 0px;padding: 0px\">The kit includes:<\/strong><\/p>\n<ul class=\"vikas-list-u\" style=\"margin-right: 0px;margin-bottom: 15px;margin-left: 20px;padding: 0px;color: #3a3a3a;font-family: Vardana, sans-serif;font-size: 14px\">\n<li style=\"margin: 0px;padding: 0px\">Spotting Scope<\/li>\n<li style=\"margin: 0px;padding: 0px\">Metal table tripod<\/li>\n<li style=\"margin: 0px;padding: 0px\">Eyepiece and objective lens caps<\/li>\n<li style=\"margin: 0px;padding: 0px\">Cleaning wipe<\/li>\n<li style=\"margin: 0px;padding: 0px\">Strap<\/li>\n<li style=\"margin: 0px;padding: 0px\">Case for storage and transportation<\/li>\n<li style=\"margin: 0px;padding: 0px\">User manual and lifetime warranty<br \/>\n<table class=\"table table-bordered\" border=\"0\">\n<thead>\n<tr>\n<td colspan=\"2\"><strong>Atrib\u016bti<\/strong><\/td>\n<\/tr>\n<\/thead>\n<tbody>\n<tr>\n<td>Acs att\u0101lums<\/td>\n<td>16 mm<\/td>\n<\/tr>\n<tr>\n<td>Garantija<\/td>\n<td>999 months<\/td>\n<\/tr>\n<tr>\n<td>Iepakojuma izm\u0113ri (GxPxA)<\/td>\n<td>36.7 x 17.7 x 9.3 cm<\/td>\n<\/tr>\n<tr>\n<td>Izejas z\u012bl\u012b&scaron;u diametrs<\/td>\n<td>4&ndash;1,3 mm<\/td>\n<\/tr>\n<tr>\n<td>Korpusa materi\u0101ls<\/td>\n<td>plastic<\/td>\n<\/tr>\n<tr>\n<td>Lietojums<\/td>\n<td>General use product.&lt;br\/&gt;May be used by kids over 3 years old.<\/td>\n<\/tr>\n<tr>\n<td>Objekt\u012bva l\u0113cas diametrs (atv\u0113rums)<\/td>\n<td>60 mm<\/td>\n<\/tr>\n<tr>\n<td>Okul\u0101ra stobra diametrs<\/td>\n<td>1,73<\/td>\n<\/tr>\n<tr>\n<td>Okul\u0101ri<\/td>\n<td>six-element removable metal<\/td>\n<\/tr>\n<tr>\n<td>Optikas materi\u0101ls<\/td>\n<td>BK-7 glass<\/td>\n<\/tr>\n<tr>\n<td>Optikas p\u0101rkl\u0101jums<\/td>\n<td>fully multi-coated<\/td>\n<\/tr>\n<tr>\n<td>Palielin\u0101jums<\/td>\n<td>15&ndash;45 x<\/td>\n<\/tr>\n<tr>\n<td>Papildu<\/td>\n<td>photoadapter compatible<\/td>\n<\/tr>\n<tr>\n<td>Ra\u017eot\u0101ja valsts<\/td>\n<td>PRC, controlled by Levenhuk, Inc. (USA)<\/td>\n<\/tr>\n<tr>\n<td>Redzes lauks<\/td>\n<td>2,7&ndash;1,3 &deg;<\/td>\n<\/tr>\n<tr>\n<td>Redzes lauks, m\/1000 m<\/td>\n<td>47&ndash;23<\/td>\n<\/tr>\n<tr>\n<td>Tuvais fokuss<\/td>\n<td>5 m<\/td>\n<\/tr>\n<tr>\n<td>\u016adens notur\u012bbas specifik\u0101cijas<\/td>\n<td>\u0435\u0441\u0442\u044c<\/td>\n<\/tr>\n<tr>\n<td>\u016adensiztur\u012bgs<\/td>\n<td>\u0435\u0441\u0442\u044c<\/td>\n<\/tr>\n<tr>\n<td>Zoom<\/td>\n<td>\u0435\u0441\u0442\u044c<\/td>\n<\/tr>\n<tr>\n<td>\u041a\u0440\u0435\u043f\u043b\u0435\u043d\u0438\u0435<\/td>\n<td>1\/4&#8243;<\/td>\n<\/tr>\n<tr>\n<td>\u041d\u0430\u043f\u043e\u043b\u043d\u0435\u043d\u0438\u0435 \u043a\u043e\u0440\u043f\u0443\u0441\u0430<\/td>\n<td>nitrogen<\/td>\n<\/tr>\n<tr>\n<td>\u0427\u0435\u0445\u043e\u043b\/\u0441\u0443\u043c\u043a\u0430 \u0432 \u043a\u043e\u043c\u043f\u043b\u0435\u043a\u0442\u0435<\/td>\n<td>\u0435\u0441\u0442\u044c<\/td>\n<\/tr>\n<\/tbody>\n<\/table>\n<\/li>\n<\/ul>\n<\/div>\n","protected":false},"excerpt":{"rendered":"<p>Levenhuk Blaze 60 PLUS Spotting Scope is a reliable and functional optical tool in a waterproof shell. Its main feature is a zoom objective lens, which enables you to change the magnification in the range of 15x to 45x. This feature gives the Levenhuk Blaze 60 PLUS almost limitless applications. You can observe natural and [&hellip;]<\/p>\n","protected":false},"featured_media":0,"template":"","meta":[],"product_brand":[3372],"product_cat":[4640,4938,4968],"product_tag":[],"class_list":{"0":"post-79402","1":"product","2":"type-product","3":"status-publish","5":"product_brand-levenhuk","6":"product_cat-recreation","7":"product_cat-optics-recreation","8":"product_cat-spotting-scopes-en-dupcheck-885-optics-recreation","10":"first","11":"instock","12":"shipping-taxable","13":"purchasable","14":"product-type-simple"},"_links":{"self":[{"href":"https:\/\/sezona.lv\/en\/wp-json\/wp\/v2\/product\/79402","targetHints":{"allow":["GET"]}}],"collection":[{"href":"https:\/\/sezona.lv\/en\/wp-json\/wp\/v2\/product"}],"about":[{"href":"https:\/\/sezona.lv\/en\/wp-json\/wp\/v2\/types\/product"}],"wp:attachment":[{"href":"https:\/\/sezona.lv\/en\/wp-json\/wp\/v2\/media?parent=79402"}],"wp:term":[{"taxonomy":"product_brand","embeddable":true,"href":"https:\/\/sezona.lv\/en\/wp-json\/wp\/v2\/product_brand?post=79402"},{"taxonomy":"product_cat","embeddable":true,"href":"https:\/\/sezona.lv\/en\/wp-json\/wp\/v2\/product_cat?post=79402"},{"taxonomy":"product_tag","embeddable":true,"href":"https:\/\/sezona.lv\/en\/wp-json\/wp\/v2\/product_tag?post=79402"}],"curies":[{"name":"wp","href":"https:\/\/api.w.org\/{rel}","templated":true}]}}