{"id":79403,"date":"2025-07-14T15:39:34","date_gmt":"2025-07-14T12:39:34","guid":{"rendered":"https:\/\/demo8.ecube.lv\/sezona.lv\/products\/barska-12-60x78-wp-talskatis\/"},"modified":"2025-07-14T15:39:34","modified_gmt":"2025-07-14T12:39:34","slug":"barska-12-60x78-wp-talskatis","status":"publish","type":"product","link":"https:\/\/sezona.lv\/en\/products\/barska-12-60x78-wp-talskatis\/","title":{"rendered":"Barska 12-60&#215;78 WP T\u0101lskatis"},"content":{"rendered":"<p style=\"line-height: 1.38;margin-top: 0pt;margin-bottom: 6pt;background-color: #ffffff\" dir=\"ltr\"><span style=\"font-size: 11pt;font-family: Arial;color: #000000;background-color: #ffffff;font-weight: 400;font-style: normal;font-variant: normal;text-decoration: none;vertical-align: baseline\">12-60&#215;78 WP t\u0101lskatis ir paredz\u0113ts &nbsp;&scaron;\u0101v\u0113jiem un dabas v\u0113rot\u0101jiem. &nbsp;&Scaron;is t\u0101lskatis &nbsp;n\u0101k komplekt\u0101 ar aptveri, kuru var piestiprin\u0101t pie stat\u012bva, \u013caujot t\u0101lskati izmantot k\u0101 rokas t\u0101lskati vai ar\u012b to var uzst\u0101d\u012bt pie stat\u012bva virsda\u013cas un izmantot k\u0101 papla&scaron;in\u0101jumu, stat\u012bvu k\u0101 rokturi t\u0101lskatim<\/span><\/p>\n<p style=\"line-height: 1.38;margin-top: 0pt;margin-bottom: 6pt;background-color: #ffffff\" dir=\"ltr\">&nbsp;<\/p>\n<h3 style=\"line-height: 1.32;margin-top: 0pt;margin-bottom: 6pt;background-color: #ffffff\" dir=\"ltr\"><span style=\"font-size: 11pt;font-family: Arial;color: #000000;background-color: #ffffff;font-weight: 700;font-style: normal;font-variant: normal;text-decoration: none;vertical-align: baseline\">Funkcijas:<\/span><\/h3>\n<p>&nbsp;<\/p>\n<ul style=\"margin-top: 0pt;margin-bottom: 0pt\">\n<li style=\"list-style-type: disc;font-size: 11pt;font-family: Arial;color: #000000;background-color: #ffffff;font-weight: 400;font-style: normal;font-variant: normal;text-decoration: none;vertical-align: baseline\" dir=\"ltr\">\n<p style=\"line-height: 1.38;margin-top: 0pt;margin-bottom: 0pt\" dir=\"ltr\"><span style=\"font-size: 11pt;font-family: Arial;color: #000000;background-color: #ffffff;font-weight: 400;font-style: normal;font-variant: normal;text-decoration: none;vertical-align: baseline\">Porro Prizma<\/span><\/p>\n<\/li>\n<li style=\"list-style-type: disc;font-size: 11pt;font-family: Arial;color: #000000;background-color: #ffffff;font-weight: 400;font-style: normal;font-variant: normal;text-decoration: none;vertical-align: baseline\" dir=\"ltr\">\n<p style=\"line-height: 1.38;margin-top: 0pt;margin-bottom: 0pt\" dir=\"ltr\"><span style=\"font-size: 11pt;font-family: Arial;color: #000000;background-color: #ffffff;font-weight: 400;font-style: normal;font-variant: normal;text-decoration: none;vertical-align: baseline\">Piln\u012bb\u0101 p\u0101rkl\u0101ta optika<\/span><\/p>\n<\/li>\n<li style=\"list-style-type: disc;font-size: 11pt;font-family: Arial;color: #000000;background-color: #ffffff;font-weight: 400;font-style: normal;font-variant: normal;text-decoration: none;vertical-align: baseline\" dir=\"ltr\">\n<p style=\"line-height: 1.38;margin-top: 0pt;margin-bottom: 0pt\" dir=\"ltr\"><span style=\"font-size: 11pt;font-family: Arial;color: #000000;background-color: #ffffff;font-weight: 400;font-style: normal;font-variant: normal;text-decoration: none;vertical-align: baseline\">Galda stat\u012bvs<\/span><\/p>\n<\/li>\n<li style=\"list-style-type: disc;font-size: 11pt;font-family: Arial;color: #000000;background-color: #ffffff;font-weight: 400;font-style: normal;font-variant: normal;text-decoration: none;vertical-align: baseline\" dir=\"ltr\">\n<p style=\"line-height: 1.38;margin-top: 0pt;margin-bottom: 0pt\" dir=\"ltr\"><span style=\"font-size: 11pt;font-family: Arial;color: #000000;background-color: #ffffff;font-weight: 400;font-style: normal;font-variant: normal;text-decoration: none;vertical-align: baseline\">Taisnskata<\/span><\/p>\n<\/li>\n<li style=\"list-style-type: disc;font-size: 11pt;font-family: Arial;color: #000000;background-color: #ffffff;font-weight: 400;font-style: normal;font-variant: normal;text-decoration: none;vertical-align: baseline\" dir=\"ltr\">\n<p style=\"line-height: 1.38;margin-top: 0pt;margin-bottom: 0pt\" dir=\"ltr\"><span style=\"font-size: 11pt;font-family: Arial;color: #000000;background-color: #ffffff;font-weight: 400;font-style: normal;font-variant: normal;text-decoration: none;vertical-align: baseline\">\u016adensiztur\u012bgs un mitrumdro&scaron;s<\/span><\/p>\n<\/li>\n<li style=\"list-style-type: disc;font-size: 11pt;font-family: Arial;color: #000000;background-color: #ffffff;font-weight: 400;font-style: normal;font-variant: normal;text-decoration: none;vertical-align: baseline\" dir=\"ltr\">\n<p style=\"line-height: 1.38;margin-top: 0pt;margin-bottom: 0pt\" dir=\"ltr\"><span style=\"font-size: 11pt;font-family: Arial;color: #000000;background-color: #ffffff;font-weight: 400;font-style: normal;font-variant: normal;text-decoration: none;vertical-align: baseline\">Dinamiska fokus\u0113&scaron;anas sist\u0113ma<\/span><\/p>\n<\/li>\n<li style=\"list-style-type: disc;font-size: 11pt;font-family: Arial;color: #000000;background-color: #ffffff;font-weight: 400;font-style: normal;font-variant: normal;text-decoration: none;vertical-align: baseline\" dir=\"ltr\">\n<p style=\"line-height: 1.38;margin-top: 0pt;margin-bottom: 0pt\" dir=\"ltr\"><span style=\"font-size: 11pt;font-family: Arial;color: #000000;background-color: #ffffff;font-weight: 400;font-style: normal;font-variant: normal;text-decoration: none;vertical-align: baseline\">M\u012bksta un cieta parn\u0113s\u0101&scaron;anas somas<\/span><\/p>\n<\/li>\n<li style=\"list-style-type: disc;font-size: 11pt;font-family: Arial;color: #000000;background-color: #ffffff;font-weight: 400;font-style: normal;font-variant: normal;text-decoration: none;vertical-align: baseline\" dir=\"ltr\">\n<p style=\"line-height: 1.38;margin-top: 0pt;margin-bottom: 6pt\" dir=\"ltr\"><span style=\"font-size: 11pt;font-family: Arial;color: #000000;background-color: #ffffff;font-weight: 400;font-style: normal;font-variant: normal;text-decoration: none;vertical-align: baseline\">Rokas aptveres stat\u012bva mont\u0113jums<\/span><\/p>\n<\/li>\n<\/ul>\n<table style=\"font-size: 10pt;font-family: arial, sans, sans-serif;width: 0px;border: none\" dir=\"ltr\" border=\"1\" cellspacing=\"0\" cellpadding=\"0\">\n<colgroup>\n<col width=\"274\"><\/col>\n<col width=\"519\"><\/col>\n<\/colgroup>\n<tbody>\n<tr style=\"height: 21px\">\n<td style=\"border-bottom-color: #06dcff;overflow: hidden;padding: 2px 3px;vertical-align: middle;background-color: #06dcff;font-family: Arial;font-size: 11pt;font-weight: bold;color: #ffffff;text-align: center\" colspan=\"2\">Specifications<\/td>\n<\/tr>\n<tr style=\"height: 21px\">\n<td style=\"border-right-color: #06dcff;border-bottom-color: #06dcff;border-left-color: #06dcff;overflow: hidden;padding: 2px 3px;vertical-align: middle;font-family: Arial;font-size: 11pt;font-weight: bold;color: #000000\">Condition<\/td>\n<td style=\"border-right-color: #06dcff;border-bottom-color: #06dcff;overflow: hidden;padding: 2px 3px;vertical-align: middle;font-family: Arial;font-size: 11pt;color: #000000\">New<\/td>\n<\/tr>\n<tr style=\"height: 21px\">\n<td style=\"border-right-color: #06dcff;border-bottom-color: #06dcff;border-left-color: #06dcff;overflow: hidden;padding: 2px 3px;vertical-align: middle;font-family: Arial;font-size: 11pt;font-weight: bold;color: #000000\">Brand<\/td>\n<td style=\"border-right-color: #06dcff;border-bottom-color: #06dcff;overflow: hidden;padding: 2px 3px;vertical-align: middle;font-family: Arial;font-size: 11pt;color: #000000\">Barska<\/td>\n<\/tr>\n<tr style=\"height: 21px\">\n<td style=\"border-right-color: #06dcff;border-bottom-color: #06dcff;border-left-color: #06dcff;overflow: hidden;padding: 2px 3px;vertical-align: middle;font-family: Arial;font-size: 11pt;font-weight: bold;color: #000000\">Series<\/td>\n<td style=\"border-right-color: #06dcff;border-bottom-color: #06dcff;overflow: hidden;padding: 2px 3px;vertical-align: middle;font-family: Arial;font-size: 11pt;color: #000000\">Benchmark DES<\/td>\n<\/tr>\n<tr style=\"height: 21px\">\n<td style=\"border-right-color: #06dcff;border-bottom-color: #06dcff;border-left-color: #06dcff;overflow: hidden;padding: 2px 3px;vertical-align: middle;font-family: Arial;font-size: 11pt;font-weight: bold;color: #000000\">Model #<\/td>\n<td style=\"border-right-color: #06dcff;border-bottom-color: #06dcff;overflow: hidden;padding: 2px 3px;vertical-align: middle;font-family: Arial;font-size: 11pt;color: #000000\">AD11008<\/td>\n<\/tr>\n<tr style=\"height: 21px\">\n<td style=\"border-right-color: #06dcff;border-bottom-color: #06dcff;border-left-color: #06dcff;overflow: hidden;padding: 2px 3px;vertical-align: middle;font-family: Arial;font-size: 11pt;font-weight: bold;color: #000000\">UPC<\/td>\n<td style=\"border-right-color: #06dcff;border-bottom-color: #06dcff;overflow: hidden;padding: 2px 3px;vertical-align: middle;font-family: Arial;font-size: 11pt;color: #000000\">790272979646<\/td>\n<\/tr>\n<tr style=\"height: 21px\">\n<td style=\"border-right-color: #06dcff;border-bottom-color: #06dcff;border-left-color: #06dcff;overflow: hidden;padding: 2px 3px;vertical-align: middle;font-family: Arial;font-size: 11pt;font-weight: bold;color: #000000\">Prism Type<\/td>\n<td style=\"border-right-color: #06dcff;border-bottom-color: #06dcff;overflow: hidden;padding: 2px 3px;vertical-align: middle;font-family: Arial;font-size: 11pt;color: #000000\">Porro<\/td>\n<\/tr>\n<tr style=\"height: 21px\">\n<td style=\"border-right-color: #06dcff;border-bottom-color: #06dcff;border-left-color: #06dcff;overflow: hidden;padding: 2px 3px;vertical-align: middle;font-family: Arial;font-size: 11pt;font-weight: bold;color: #000000\">Prism Glass<\/td>\n<td style=\"border-right-color: #06dcff;border-bottom-color: #06dcff;overflow: hidden;padding: 2px 3px;vertical-align: middle;font-family: Arial;font-size: 11pt;color: #000000\">BK-7<\/td>\n<\/tr>\n<tr style=\"height: 21px\">\n<td style=\"border-right-color: #06dcff;border-bottom-color: #06dcff;border-left-color: #06dcff;overflow: hidden;padding: 2px 3px;vertical-align: middle;font-family: Arial;font-size: 11pt;font-weight: bold;color: #000000\">Magnification (Zoom)<\/td>\n<td style=\"border-right-color: #06dcff;border-bottom-color: #06dcff;overflow: hidden;padding: 2px 3px;vertical-align: middle;font-family: Arial;font-size: 11pt;color: #000000\">12x-60x<\/td>\n<\/tr>\n<tr style=\"height: 21px\">\n<td style=\"border-right-color: #06dcff;border-bottom-color: #06dcff;border-left-color: #06dcff;overflow: hidden;padding: 2px 3px;vertical-align: middle;font-family: Arial;font-size: 11pt;font-weight: bold;color: #000000\">Eye Piece System<\/td>\n<td style=\"border-right-color: #06dcff;border-bottom-color: #06dcff;overflow: hidden;padding: 2px 3px;vertical-align: middle;font-family: Arial;font-size: 11pt;color: #000000\">Straight<\/td>\n<\/tr>\n<tr style=\"height: 21px\">\n<td style=\"border-right-color: #06dcff;border-bottom-color: #06dcff;border-left-color: #06dcff;overflow: hidden;padding: 2px 3px;vertical-align: middle;font-family: Arial;font-size: 11pt;font-weight: bold;color: #000000\">Close Focus (ft\/m)<\/td>\n<td style=\"border-right-color: #06dcff;border-bottom-color: #06dcff;overflow: hidden;padding: 2px 3px;vertical-align: middle;font-family: Arial;font-size: 11pt;color: #000000\">16.4\/5<\/td>\n<\/tr>\n<tr style=\"height: 21px\">\n<td style=\"border-right-color: #06dcff;border-bottom-color: #06dcff;border-left-color: #06dcff;overflow: hidden;padding: 2px 3px;vertical-align: middle;font-family: Arial;font-size: 11pt;font-weight: bold;color: #000000\">Eye Relief<\/td>\n<td style=\"border-right-color: #06dcff;border-bottom-color: #06dcff;overflow: hidden;padding: 2px 3px;vertical-align: middle;font-family: Arial;font-size: 11pt;color: #000000\">21mm@12x, 12.5mm@60x<\/td>\n<\/tr>\n<tr style=\"height: 21px\">\n<td style=\"border-right-color: #06dcff;border-bottom-color: #06dcff;border-left-color: #06dcff;overflow: hidden;padding: 2px 3px;vertical-align: middle;font-family: Arial;font-size: 11pt;font-weight: bold;color: #000000\">Objective Lens<\/td>\n<td style=\"border-right-color: #06dcff;border-bottom-color: #06dcff;overflow: hidden;padding: 2px 3px;vertical-align: middle;font-family: Arial;font-size: 11pt;color: #000000\">78mm<\/td>\n<\/tr>\n<tr style=\"height: 21px\">\n<td style=\"border-right-color: #06dcff;border-bottom-color: #06dcff;border-left-color: #06dcff;overflow: hidden;padding: 2px 3px;vertical-align: middle;font-family: Arial;font-size: 11pt;font-weight: bold;color: #000000\">Exit Pupil<\/td>\n<td style=\"border-right-color: #06dcff;border-bottom-color: #06dcff;overflow: hidden;padding: 2px 3px;vertical-align: middle;font-family: Arial;font-size: 11pt;color: #000000\">5.8mm@12x, 1.2mm@60x<\/td>\n<\/tr>\n<tr style=\"height: 21px\">\n<td style=\"border-right-color: #06dcff;border-bottom-color: #06dcff;border-left-color: #06dcff;overflow: hidden;padding: 2px 3px;vertical-align: middle;font-family: Arial;font-size: 11pt;font-weight: bold;color: #000000\">Field of View (ft@1000yds\/m@1000m)<\/td>\n<td style=\"border-right-color: #06dcff;border-bottom-color: #06dcff;overflow: hidden;padding: 2px 3px;vertical-align: middle;font-family: Arial;font-size: 11pt;color: #000000\">120\/40.2@12x, 45.4\/15.1@60x<\/td>\n<\/tr>\n<tr style=\"height: 21px\">\n<td style=\"border-right-color: #06dcff;border-bottom-color: #06dcff;border-left-color: #06dcff;overflow: hidden;padding: 2px 3px;vertical-align: middle;font-family: Arial;font-size: 11pt;font-weight: bold;color: #000000\">Optical Coating<\/td>\n<td style=\"border-right-color: #06dcff;border-bottom-color: #06dcff;overflow: hidden;padding: 2px 3px;vertical-align: middle;font-family: Arial;font-size: 11pt;color: #000000\">Fully Coated<\/td>\n<\/tr>\n<tr style=\"height: 21px\">\n<td style=\"border-right-color: #06dcff;border-bottom-color: #06dcff;border-left-color: #06dcff;overflow: hidden;padding: 2px 3px;vertical-align: middle;font-family: Arial;font-size: 11pt;font-weight: bold;color: #000000\">Waterproof<\/td>\n<td style=\"border-right-color: #06dcff;border-bottom-color: #06dcff;overflow: hidden;padding: 2px 3px;vertical-align: middle;font-family: Arial;font-size: 11pt;color: #000000\">Yes<\/td>\n<\/tr>\n<tr style=\"height: 21px\">\n<td style=\"border-right-color: #06dcff;border-bottom-color: #06dcff;border-left-color: #06dcff;overflow: hidden;padding: 2px 3px;vertical-align: middle;font-family: Arial;font-size: 11pt;font-weight: bold;color: #000000\">Fogproof<\/td>\n<td style=\"border-right-color: #06dcff;border-bottom-color: #06dcff;overflow: hidden;padding: 2px 3px;vertical-align: middle;font-family: Arial;font-size: 11pt;color: #000000\">Yes (Nitrogen CO2)<\/td>\n<\/tr>\n<tr style=\"height: 21px\">\n<td style=\"border-right-color: #06dcff;border-bottom-color: #06dcff;border-left-color: #06dcff;overflow: hidden;padding: 2px 3px;vertical-align: middle;font-family: Arial;font-size: 11pt;font-weight: bold;color: #000000\">Tripod Adaptable<\/td>\n<td style=\"border-right-color: #06dcff;border-bottom-color: #06dcff;overflow: hidden;padding: 2px 3px;vertical-align: middle;font-family: Arial;font-size: 11pt;color: #000000\">Yes<\/td>\n<\/tr>\n<tr style=\"height: 21px\">\n<td style=\"border-right-color: #06dcff;border-bottom-color: #06dcff;border-left-color: #06dcff;overflow: hidden;padding: 2px 3px;vertical-align: middle;font-family: Arial;font-size: 11pt;font-weight: bold;color: #000000\">Product Weight<\/td>\n<td style=\"border-right-color: #06dcff;border-bottom-color: #06dcff;overflow: hidden;padding: 2px 3px;vertical-align: middle;font-family: Arial;font-size: 11pt;color: #000000\">0.88 lbs<\/td>\n<\/tr>\n<tr style=\"height: 21px\">\n<td style=\"border-right-color: #06dcff;border-bottom-color: #06dcff;border-left-color: #06dcff;overflow: hidden;padding: 2px 3px;vertical-align: middle;font-family: Arial;font-size: 11pt;font-weight: bold;color: #000000\">Length<\/td>\n<td style=\"border-right-color: #06dcff;border-bottom-color: #06dcff;overflow: hidden;padding: 2px 3px;vertical-align: middle;font-family: Arial;font-size: 11pt;color: #000000\">11.4 inch<\/td>\n<\/tr>\n<tr style=\"height: 21px\">\n<td style=\"border-right-color: #06dcff;border-bottom-color: #06dcff;border-left-color: #06dcff;overflow: hidden;padding: 2px 3px;vertical-align: middle;font-family: Arial;font-size: 11pt;font-weight: bold;color: #000000\">Finish<\/td>\n<td style=\"border-right-color: #06dcff;border-bottom-color: #06dcff;overflow: hidden;padding: 2px 3px;vertical-align: middle;font-family: Arial;font-size: 11pt;color: #000000\">Green<\/td>\n<\/tr>\n<tr style=\"height: 21px\">\n<td style=\"border-right-color: #06dcff;border-bottom-color: #06dcff;border-left-color: #06dcff;overflow: hidden;padding: 2px 3px;vertical-align: middle;font-family: Arial;font-size: 11pt;font-weight: bold;color: #000000\" rowspan=\"2\">\n<div style=\"max-height: 42px\">Included Accessories<\/div>\n<\/td>\n<td style=\"border-right-color: #06dcff;border-bottom-color: #06dcff;overflow: hidden;padding: 2px 3px;vertical-align: middle;font-family: Arial;font-size: 11pt;color: #000000\">Hard and Soft Carrying Case, Tripod, Accu-Grip Handheld Tripod and Lens Cloth<\/td>\n<\/tr>\n<tr style=\"height: 21px\">\n<td style=\"border-right-color: #06dcff;border-bottom-color: #06dcff;overflow: hidden;padding: 2px 3px;vertical-align: bottom;font-family: arial;font-size: 11pt;color: #000000\">Accu-Grip Handheld Tripod and Lens Cloth<\/td>\n<\/tr>\n<\/tbody>\n<\/table>\n","protected":false},"excerpt":{"rendered":"<p>12-60&#215;78 WP t\u0101lskatis ir paredz\u0113ts &nbsp;&scaron;\u0101v\u0113jiem un dabas v\u0113rot\u0101jiem. &nbsp;&Scaron;is t\u0101lskatis &nbsp;n\u0101k komplekt\u0101 ar aptveri, kuru var piestiprin\u0101t pie stat\u012bva, \u013caujot t\u0101lskati izmantot k\u0101 rokas t\u0101lskati vai ar\u012b to var uzst\u0101d\u012bt pie stat\u012bva virsda\u013cas un izmantot k\u0101 papla&scaron;in\u0101jumu, stat\u012bvu k\u0101 rokturi t\u0101lskatim &nbsp; Funkcijas: &nbsp; Porro Prizma Piln\u012bb\u0101 p\u0101rkl\u0101ta optika Galda stat\u012bvs Taisnskata \u016adensiztur\u012bgs un [&hellip;]<\/p>\n","protected":false},"featured_media":0,"template":"","meta":[],"product_brand":[],"product_cat":[4640,4938,4968],"product_tag":[],"class_list":{"0":"post-79403","1":"product","2":"type-product","3":"status-publish","5":"product_cat-recreation","6":"product_cat-optics-recreation","7":"product_cat-spotting-scopes-en-dupcheck-885-optics-recreation","9":"first","10":"instock","11":"shipping-taxable","12":"product-type-simple"},"_links":{"self":[{"href":"https:\/\/sezona.lv\/en\/wp-json\/wp\/v2\/product\/79403","targetHints":{"allow":["GET"]}}],"collection":[{"href":"https:\/\/sezona.lv\/en\/wp-json\/wp\/v2\/product"}],"about":[{"href":"https:\/\/sezona.lv\/en\/wp-json\/wp\/v2\/types\/product"}],"wp:attachment":[{"href":"https:\/\/sezona.lv\/en\/wp-json\/wp\/v2\/media?parent=79403"}],"wp:term":[{"taxonomy":"product_brand","embeddable":true,"href":"https:\/\/sezona.lv\/en\/wp-json\/wp\/v2\/product_brand?post=79403"},{"taxonomy":"product_cat","embeddable":true,"href":"https:\/\/sezona.lv\/en\/wp-json\/wp\/v2\/product_cat?post=79403"},{"taxonomy":"product_tag","embeddable":true,"href":"https:\/\/sezona.lv\/en\/wp-json\/wp\/v2\/product_tag?post=79403"}],"curies":[{"name":"wp","href":"https:\/\/api.w.org\/{rel}","templated":true}]}}