{"id":79411,"date":"2025-07-14T15:39:41","date_gmt":"2025-07-14T12:39:41","guid":{"rendered":"https:\/\/demo8.ecube.lv\/sezona.lv\/products\/levenhuk-blaze-90-plus-spotting-scope\/"},"modified":"2025-07-14T15:39:41","modified_gmt":"2025-07-14T12:39:41","slug":"levenhuk-blaze-90-plus-spotting-scope","status":"publish","type":"product","link":"https:\/\/sezona.lv\/en\/products\/levenhuk-blaze-90-plus-spotting-scope\/","title":{"rendered":"Levenhuk Blaze 90 PLUS Spotting Scope"},"content":{"rendered":"<div id=\"tab-description\" class=\"tab-pane active\">\n<div id=\"tab-description\" class=\"tab-pane active\">\n<div id=\"tab-description\" class=\"tab-pane active\">\n<div id=\"tab-description\" class=\"tab-pane active\">\n<p>Levenhuk Blaze 90 PLUS Spotting Scope ir vissp\u0113c\u012bg\u0101kais s\u0113rijas augst\u0101s apert\u016bras modelis.<\/p>\n<p>Varat main\u012bt palielin\u0101jumu diapazon\u0101 no 25x l\u012bdz 75x. Objekt\u012bva diametrs ir 90 mm.<\/p>\n<p>J\u016bs varat veikt nov\u0113rojumus pat t\u0101lu att\u0101lum\u0101.<\/p>\n<p>Extreme  nov\u0113ro&scaron;anas apst\u0101k\u013ci neb\u016bs probl\u0113ma: Levenhuk Blaze 90 PLUS nodro&scaron;ina  skaidru att\u0113lu pat kr\u0113sl\u0101 un to neietekm\u0113 sniega, lietus un temperat\u016bras  zem nulles.<\/p>\n<table class=\"table table-bordered\" border=\"0\">\n<thead>\n<tr>\n<td colspan=\"2\"><strong>Atrib\u016bti<\/strong><\/td>\n<\/tr>\n<\/thead>\n<tbody>\n<tr>\n<td>Acs att\u0101lums<\/td>\n<td>16 mm<\/td>\n<\/tr>\n<tr>\n<td>Garantija<\/td>\n<td>999 months<\/td>\n<\/tr>\n<tr>\n<td>Iepakojuma izm\u0113ri (GxPxA)<\/td>\n<td>52.8 x 19.3 x 14.5 cm<\/td>\n<\/tr>\n<tr>\n<td>Izejas z\u012bl\u012b&scaron;u diametrs<\/td>\n<td>3,6&ndash;1,2 mm<\/td>\n<\/tr>\n<tr>\n<td>Korpusa materi\u0101ls<\/td>\n<td>plastic<\/td>\n<\/tr>\n<tr>\n<td>Lietojums<\/td>\n<td>General use product.&lt;br\/&gt;May be used by kids over 3 years old.<\/td>\n<\/tr>\n<tr>\n<td>Objekt\u012bva l\u0113cas diametrs (atv\u0113rums)<\/td>\n<td>90 mm<\/td>\n<\/tr>\n<tr>\n<td>Okul\u0101ra stobra diametrs<\/td>\n<td>1,91<\/td>\n<\/tr>\n<tr>\n<td>Okul\u0101ri<\/td>\n<td>six-element removable metal<\/td>\n<\/tr>\n<tr>\n<td>Optikas materi\u0101ls<\/td>\n<td>BK-7 glass<\/td>\n<\/tr>\n<tr>\n<td>Optikas p\u0101rkl\u0101jums<\/td>\n<td>fully multi-coated<\/td>\n<\/tr>\n<tr>\n<td>Palielin\u0101jums<\/td>\n<td>25&ndash;75 x<\/td>\n<\/tr>\n<tr>\n<td>Papildu<\/td>\n<td>photoadapter compatible<\/td>\n<\/tr>\n<tr>\n<td>Ra\u017eot\u0101ja valsts<\/td>\n<td>PRC, controlled by Levenhuk, Inc. (USA)<\/td>\n<\/tr>\n<tr>\n<td>Redzes lauks<\/td>\n<td>1,6&ndash;0,8 &deg;<\/td>\n<\/tr>\n<tr>\n<td>Redzes lauks, m\/1000 m<\/td>\n<td>28&ndash;14<\/td>\n<\/tr>\n<tr>\n<td>Tuvais fokuss<\/td>\n<td>10 m<\/td>\n<\/tr>\n<tr>\n<td>\u016adens notur\u012bbas specifik\u0101cijas<\/td>\n<td>\u0435\u0441\u0442\u044c<\/td>\n<\/tr>\n<tr>\n<td>\u016adensiztur\u012bgs<\/td>\n<td>\u0435\u0441\u0442\u044c<\/td>\n<\/tr>\n<tr>\n<td>Zoom<\/td>\n<td>\u0435\u0441\u0442\u044c<\/td>\n<\/tr>\n<tr>\n<td>\u041a\u0440\u0435\u043f\u043b\u0435\u043d\u0438\u0435<\/td>\n<td>1\/4&#8243;<\/td>\n<\/tr>\n<tr>\n<td>\u041d\u0430\u043f\u043e\u043b\u043d\u0435\u043d\u0438\u0435 \u043a\u043e\u0440\u043f\u0443\u0441\u0430<\/td>\n<td>nitrogen<\/td>\n<\/tr>\n<tr>\n<td>\u0427\u0435\u0445\u043e\u043b\/\u0441\u0443\u043c\u043a\u0430 \u0432 \u043a\u043e\u043c\u043f\u043b\u0435\u043a\u0442\u0435<\/td>\n<td>\u0435\u0441\u0442\u044c<\/td>\n<\/tr>\n<\/tbody>\n<\/table>\n<p>&nbsp;<\/p>\n<\/div>\n<\/div>\n<\/div>\n<\/div>\n","protected":false},"excerpt":{"rendered":"<p>Levenhuk Blaze 90 PLUS Spotting Scope ir vissp\u0113c\u012bg\u0101kais s\u0113rijas augst\u0101s apert\u016bras modelis. Varat main\u012bt palielin\u0101jumu diapazon\u0101 no 25x l\u012bdz 75x. Objekt\u012bva diametrs ir 90 mm. J\u016bs varat veikt nov\u0113rojumus pat t\u0101lu att\u0101lum\u0101. Extreme nov\u0113ro&scaron;anas apst\u0101k\u013ci neb\u016bs probl\u0113ma: Levenhuk Blaze 90 PLUS nodro&scaron;ina skaidru att\u0113lu pat kr\u0113sl\u0101 un to neietekm\u0113 sniega, lietus un temperat\u016bras zem nulles. [&hellip;]<\/p>\n","protected":false},"featured_media":0,"template":"","meta":[],"product_brand":[3372],"product_cat":[4640,4938,4968],"product_tag":[],"class_list":{"0":"post-79411","1":"product","2":"type-product","3":"status-publish","5":"product_brand-levenhuk","6":"product_cat-recreation","7":"product_cat-optics-recreation","8":"product_cat-spotting-scopes-en-dupcheck-885-optics-recreation","10":"first","11":"instock","12":"shipping-taxable","13":"product-type-simple"},"_links":{"self":[{"href":"https:\/\/sezona.lv\/en\/wp-json\/wp\/v2\/product\/79411","targetHints":{"allow":["GET"]}}],"collection":[{"href":"https:\/\/sezona.lv\/en\/wp-json\/wp\/v2\/product"}],"about":[{"href":"https:\/\/sezona.lv\/en\/wp-json\/wp\/v2\/types\/product"}],"wp:attachment":[{"href":"https:\/\/sezona.lv\/en\/wp-json\/wp\/v2\/media?parent=79411"}],"wp:term":[{"taxonomy":"product_brand","embeddable":true,"href":"https:\/\/sezona.lv\/en\/wp-json\/wp\/v2\/product_brand?post=79411"},{"taxonomy":"product_cat","embeddable":true,"href":"https:\/\/sezona.lv\/en\/wp-json\/wp\/v2\/product_cat?post=79411"},{"taxonomy":"product_tag","embeddable":true,"href":"https:\/\/sezona.lv\/en\/wp-json\/wp\/v2\/product_tag?post=79411"}],"curies":[{"name":"wp","href":"https:\/\/api.w.org\/{rel}","templated":true}]}}