{"id":79415,"date":"2025-07-14T15:39:45","date_gmt":"2025-07-14T12:39:45","guid":{"rendered":"https:\/\/demo8.ecube.lv\/sezona.lv\/products\/bresser-25-75x100-pirschs-mitrumizturigs-talskatis\/"},"modified":"2025-07-14T15:39:45","modified_gmt":"2025-07-14T12:39:45","slug":"bresser-25-75x100-pirschs-mitrumizturigs-talskatis","status":"publish","type":"product","link":"https:\/\/sezona.lv\/en\/products\/bresser-25-75x100-pirschs-mitrumizturigs-talskatis\/","title":{"rendered":"Bresser 25-75&#215;100 Pirschs Mitrumiztur\u012bgs T\u0101lskatis"},"content":{"rendered":"<p style=\"line-height: 1.38;margin-top: 0pt;margin-bottom: 0pt\" dir=\"ltr\"><span style=\"font-size: 11pt;font-family: Arial;color: #000000;background-color: transparent;font-weight: 400;font-style: normal;font-variant: normal;text-decoration: none;vertical-align: baseline\">T\u0101lskatis ar 100mm l\u0113cu diametru. Tas ir jebk\u0101du laika apst\u0101k\u013cu notur\u012bgs. Piem\u0113rots ornitologiem no lieliem att\u0101lumiem, dz\u012bvnieku p\u0113tniekiem un medniekiem. Lieliski der ar\u012b fotograf\u0113&scaron;anai, ja apr\u012bko ar univers\u0101lo fotoapar\u0101tu adapteri.<\/span><\/p>\n<p style=\"margin-top: 0pt;margin-bottom: 0pt;line-height: 1.38\" dir=\"ltr\">&nbsp;<\/p>\n<table style=\"font-size: 10pt;font-family: arial, sans, sans-serif;width: 0px;border: none\" dir=\"ltr\" border=\"1\" cellspacing=\"0\" cellpadding=\"0\">\n<colgroup>\n<col width=\"352\"><\/col>\n<\/colgroup>\n<tbody>\n<tr style=\"height: 21px\">\n<td style=\"border-color: #28cdff;overflow: hidden;padding: 2px 3px;vertical-align: bottom;background-color: #28cdff;font-family: Arial;font-size: 11pt;font-weight: bold;color: #ffffff;text-align: center\">Specifik\u0101cijas un Komplekt\u0101cija:<\/td>\n<\/tr>\n<tr style=\"height: 21px\">\n<td style=\"border-right-color: #28cdff;border-bottom-color: #28cdff;border-left-color: #28cdff;overflow: hidden;padding: 2px 3px;vertical-align: bottom;font-family: Arial;font-size: 11pt;color: #444444\">-Palielin\u0101jums: 75x (25-74x regul\u0113jams)<\/td>\n<\/tr>\n<tr style=\"height: 21px\">\n<td style=\"border-right-color: #28cdff;border-bottom-color: #28cdff;border-left-color: #28cdff;overflow: hidden;padding: 2px 3px;vertical-align: bottom;font-family: Arial;font-size: 11pt;color: #444444\">-L\u0113cu diametrs: 100mm<\/td>\n<\/tr>\n<tr style=\"height: 21px\">\n<td style=\"border-right-color: #28cdff;border-bottom-color: #28cdff;border-left-color: #28cdff;overflow: hidden;padding: 2px 3px;vertical-align: middle;font-family: Arial;font-size: 11pt;color: #444444\">-Kr\u0101sa: Melna<\/td>\n<\/tr>\n<tr style=\"height: 21px\">\n<td style=\"border-right-color: #28cdff;border-bottom-color: #28cdff;border-left-color: #28cdff;overflow: hidden;padding: 2px 3px;vertical-align: bottom;font-family: Arial;font-size: 11pt;color: #444444\">-Svars: 2400 grami<\/td>\n<\/tr>\n<tr style=\"height: 21px\">\n<td style=\"border-right-color: #28cdff;border-bottom-color: #28cdff;border-left-color: #28cdff;overflow: hidden;padding: 2px 3px;vertical-align: bottom;font-family: Arial;font-size: 11pt;color: #444444\">-\u016adensiztur\u012bgs: J\u0101<\/td>\n<\/tr>\n<tr style=\"height: 21px\">\n<td style=\"border-right-color: #28cdff;border-bottom-color: #28cdff;border-left-color: #28cdff;overflow: hidden;padding: 2px 3px;vertical-align: bottom;font-family: Arial;font-size: 11pt;color: #444444\">-Okul\u0101rs: T\u0101luma mai\u0146as okul\u0101rs ietilpst komplekt\u0101cij\u0101<\/td>\n<\/tr>\n<tr style=\"height: 21px\">\n<td style=\"border-right-color: #28cdff;border-bottom-color: #28cdff;border-left-color: #28cdff;overflow: hidden;padding: 2px 3px;vertical-align: bottom;background-color: #28cdff;font-family: Arial;font-size: 11pt;font-weight: bold;color: #ffffff;text-align: center\">Piem\u0113rojam\u012bba:<\/td>\n<\/tr>\n<tr style=\"height: 21px\">\n<td style=\"border-right-color: #28cdff;border-bottom-color: #28cdff;border-left-color: #28cdff;overflow: hidden;padding: 2px 3px;vertical-align: bottom;font-family: Arial;font-size: 11pt;color: #444444\">Dabas nov\u0113ro&scaron;ana: Labi<\/td>\n<\/tr>\n<tr style=\"height: 21px\">\n<td style=\"border-right-color: #28cdff;border-bottom-color: #28cdff;border-left-color: #28cdff;overflow: hidden;padding: 2px 3px;vertical-align: bottom;font-family: Arial;font-size: 11pt;color: #444444\">Putnu nov\u0113ro&scaron;ana: Labi<\/td>\n<\/tr>\n<tr style=\"height: 21px\">\n<td style=\"border-right-color: #28cdff;border-bottom-color: #28cdff;border-left-color: #28cdff;overflow: hidden;padding: 2px 3px;vertical-align: bottom;font-family: Arial;font-size: 11pt;color: #444444\">Med\u012bbas: Labi<\/td>\n<\/tr>\n<tr style=\"height: 21px\">\n<td style=\"border-right-color: #28cdff;border-bottom-color: #28cdff;border-left-color: #28cdff;overflow: hidden;padding: 2px 3px;vertical-align: bottom;font-family: Arial;font-size: 11pt;color: #444444\">Sports (&Scaron;au&scaron;ana): Labi<\/td>\n<\/tr>\n<tr style=\"height: 21px\">\n<td style=\"border-right-color: #28cdff;border-bottom-color: #28cdff;border-left-color: #28cdff;overflow: hidden;padding: 2px 3px;vertical-align: bottom;font-family: Arial;font-size: 11pt;color: #444444\">Digit\u0101lie nov\u0113rojumi un Fotograf\u0113&scaron;ana: Viduv\u0113ji<\/td>\n<\/tr>\n<\/tbody>\n<\/table>\n<p style=\"margin-top: 0pt;margin-bottom: 0pt;line-height: 1.38\" dir=\"ltr\">&nbsp;<\/p>\n<p>&nbsp;<\/p>\n","protected":false},"excerpt":{"rendered":"<p>T\u0101lskatis ar 100mm l\u0113cu diametru. Tas ir jebk\u0101du laika apst\u0101k\u013cu notur\u012bgs. Piem\u0113rots ornitologiem no lieliem att\u0101lumiem, dz\u012bvnieku p\u0113tniekiem un medniekiem. Lieliski der ar\u012b fotograf\u0113&scaron;anai, ja apr\u012bko ar univers\u0101lo fotoapar\u0101tu adapteri. &nbsp; Specifik\u0101cijas un Komplekt\u0101cija: -Palielin\u0101jums: 75x (25-74x regul\u0113jams) -L\u0113cu diametrs: 100mm -Kr\u0101sa: Melna -Svars: 2400 grami -\u016adensiztur\u012bgs: J\u0101 -Okul\u0101rs: T\u0101luma mai\u0146as okul\u0101rs ietilpst komplekt\u0101cij\u0101 Piem\u0113rojam\u012bba: [&hellip;]<\/p>\n","protected":false},"featured_media":0,"template":"","meta":[],"product_brand":[],"product_cat":[4640,4938,4968],"product_tag":[],"class_list":{"0":"post-79415","1":"product","2":"type-product","3":"status-publish","5":"product_cat-recreation","6":"product_cat-optics-recreation","7":"product_cat-spotting-scopes-en-dupcheck-885-optics-recreation","9":"first","10":"instock","11":"shipping-taxable","12":"product-type-simple"},"_links":{"self":[{"href":"https:\/\/sezona.lv\/en\/wp-json\/wp\/v2\/product\/79415","targetHints":{"allow":["GET"]}}],"collection":[{"href":"https:\/\/sezona.lv\/en\/wp-json\/wp\/v2\/product"}],"about":[{"href":"https:\/\/sezona.lv\/en\/wp-json\/wp\/v2\/types\/product"}],"wp:attachment":[{"href":"https:\/\/sezona.lv\/en\/wp-json\/wp\/v2\/media?parent=79415"}],"wp:term":[{"taxonomy":"product_brand","embeddable":true,"href":"https:\/\/sezona.lv\/en\/wp-json\/wp\/v2\/product_brand?post=79415"},{"taxonomy":"product_cat","embeddable":true,"href":"https:\/\/sezona.lv\/en\/wp-json\/wp\/v2\/product_cat?post=79415"},{"taxonomy":"product_tag","embeddable":true,"href":"https:\/\/sezona.lv\/en\/wp-json\/wp\/v2\/product_tag?post=79415"}],"curies":[{"name":"wp","href":"https:\/\/api.w.org\/{rel}","templated":true}]}}