{"id":79416,"date":"2025-07-14T15:39:45","date_gmt":"2025-07-14T12:39:45","guid":{"rendered":"https:\/\/demo8.ecube.lv\/sezona.lv\/products\/levenhuk-labzz-mc2-monoklis-plus\/"},"modified":"2025-07-14T15:39:45","modified_gmt":"2025-07-14T12:39:45","slug":"levenhuk-labzz-mc2-monoklis-plus","status":"publish","type":"product","link":"https:\/\/sezona.lv\/en\/products\/levenhuk-labzz-mc2-monoklis-plus\/","title":{"rendered":"Levenhuk LabZZ MC2 Monoklis PLUS"},"content":{"rendered":"<p style=\"line-height: 1.38;margin-top: 0pt;margin-bottom: 0pt\" dir=\"ltr\"><span style=\"font-size: 12pt;font-family: Arial;color: #212121;background-color: #ffffff;font-weight: 400;font-style: normal;font-variant: normal;text-decoration: none;vertical-align: baseline\">Levenhuk LabZZ MC2  Monoklis PLUS ir klasiska optiska ier\u012bce b\u0113rniem. T\u0101s optika ir izgatavota no <\/span><span style=\"font-size: 12pt;font-family: Arial;color: #212121;background-color: #ffffff;font-weight: 700;font-style: normal;font-variant: normal;text-decoration: none;vertical-align: baseline\">augstas kvalit\u0101tes BK-7 stikla<\/span><span style=\"font-size: 12pt;font-family: Arial;color: #212121;background-color: #ffffff;font-weight: 400;font-style: normal;font-variant: normal;text-decoration: none;vertical-align: baseline\">. Korpusam ir gumijas p\u0101rkl\u0101jums, kas nodro&scaron;ina <\/span><span style=\"font-size: 12pt;font-family: Arial;color: #212121;background-color: #ffffff;font-weight: 700;font-style: normal;font-variant: normal;text-decoration: none;vertical-align: baseline\">stingru sa\u0137eri<\/span><span style=\"font-size: 12pt;font-family: Arial;color: #212121;background-color: #ffffff;font-weight: 400;font-style: normal;font-variant: normal;text-decoration: none;vertical-align: baseline\">, un objekt\u012bvs nodro&scaron;ina lielisku att\u0113lu dienas laik\u0101. <\/span><span style=\"font-size: 12pt;font-family: Arial;color: #212121;background-color: #ffffff;font-weight: 700;font-style: normal;font-variant: normal;text-decoration: none;vertical-align: baseline\">Palielin\u0101juma jauda ir 10x<\/span><span style=\"font-size: 12pt;font-family: Arial;color: #212121;background-color: #ffffff;font-weight: 400;font-style: normal;font-variant: normal;text-decoration: none;vertical-align: baseline\">, <\/span><span style=\"font-size: 12pt;font-family: Arial;color: #212121;background-color: #ffffff;font-weight: 700;font-style: normal;font-variant: normal;text-decoration: none;vertical-align: baseline\">objekt\u012bva diametrs 40mm<\/span><span style=\"font-size: 12pt;font-family: Arial;color: #212121;background-color: #ffffff;font-weight: 400;font-style: normal;font-variant: normal;text-decoration: none;vertical-align: baseline\">. Visa konstrukcija ir kompakta un viegla, un b\u0113rns var viegli \u0146emt l\u012bdzi Levenhuk LabZZ MC2 Monokuli PLUS pastaig\u0101 vai pat t\u0101l\u0101 ce\u013cojum\u0101.<\/span><span style=\"font-size: 12pt;font-family: Arial;color: #212121;background-color: #ffffff;font-weight: 400;font-style: normal;font-variant: normal;text-decoration: none;vertical-align: baseline\"><br class=\"kix-line-break\" \/><\/span><span style=\"font-size: 12pt;font-family: Arial;color: #212121;background-color: #ffffff;font-weight: 400;font-style: normal;font-variant: normal;text-decoration: none;vertical-align: baseline\"><br class=\"kix-line-break\" \/><\/span><span style=\"font-size: 12pt;font-family: Arial;color: #212121;background-color: #ffffff;font-weight: 400;font-style: normal;font-variant: normal;text-decoration: none;vertical-align: baseline\">&Scaron;is Levenhuk LabZZ MC2  Monoklis PLUS ir lieliski piem\u0113rots, lai <\/span><span style=\"font-size: 12pt;font-family: Arial;color: #212121;background-color: #ffffff;font-weight: 700;font-style: normal;font-variant: normal;text-decoration: none;vertical-align: baseline\">nov\u0113rotu savva\u013cas un pils\u0113tas skatus<\/span><span style=\"font-size: 12pt;font-family: Arial;color: #212121;background-color: #ffffff;font-weight: 400;font-style: normal;font-variant: normal;text-decoration: none;vertical-align: baseline\">. Pla&scaron;s skat\u012bjuma lauks, \u013cauj skat\u012bties<\/span><span style=\"font-size: 12pt;font-family: Arial;color: #212121;background-color: #ffffff;font-weight: 700;font-style: normal;font-variant: normal;text-decoration: none;vertical-align: baseline\"> pat kust\u012bgus objektus<\/span><span style=\"font-size: 12pt;font-family: Arial;color: #212121;background-color: #ffffff;font-weight: 400;font-style: normal;font-variant: normal;text-decoration: none;vertical-align: baseline\">. Levenhuk LabZZ MC2  Monoklis PLUS, varat izmantot <\/span><span style=\"font-size: 12pt;font-family: Arial;color: #212121;background-color: #ffffff;font-weight: 700;font-style: normal;font-variant: normal;text-decoration: none;vertical-align: baseline\">saulain\u0101 dien\u0101 vai nedaudz lietain\u0101 vid\u0113<\/span><span style=\"font-size: 12pt;font-family: Arial;color: #212121;background-color: #ffffff;font-weight: 400;font-style: normal;font-variant: normal;text-decoration: none;vertical-align: baseline\"> &#8211; optika ir dro&scaron;i <\/span><span style=\"font-size: 12pt;font-family: Arial;color: #212121;background-color: #ffffff;font-weight: 700;font-style: normal;font-variant: normal;text-decoration: none;vertical-align: baseline\">aizsarg\u0101ta pret putek\u013ciem un mitrumu.<\/span><span style=\"font-size: 12pt;font-family: Arial;color: #212121;background-color: #ffffff;font-weight: 400;font-style: normal;font-variant: normal;text-decoration: none;vertical-align: baseline\"> P\u0101rliecinieties, lai izvair\u012btos no monok\u013ca iekri&scaron;anas \u016bden\u012b.<\/span><span style=\"font-size: 12pt;font-family: Arial;color: #212121;background-color: #ffffff;font-weight: 400;font-style: normal;font-variant: normal;text-decoration: none;vertical-align: baseline\"><br class=\"kix-line-break\" \/><\/span><span style=\"font-size: 12pt;font-family: Arial;color: #212121;background-color: #ffffff;font-weight: 400;font-style: normal;font-variant: normal;text-decoration: none;vertical-align: baseline\"><br class=\"kix-line-break\" \/><\/span><span style=\"font-size: 12pt;font-family: Arial;color: #212121;background-color: #ffffff;font-weight: 700;font-style: normal;font-variant: normal;text-decoration: none;vertical-align: baseline\">Komplekt\u0101 ietilpst:<\/span><span style=\"font-size: 12pt;font-family: Arial;color: #212121;background-color: #ffffff;font-weight: 400;font-style: normal;font-variant: normal;text-decoration: none;vertical-align: baseline\"><br class=\"kix-line-break\" \/><\/span><span style=\"font-size: 12pt;font-family: Arial;color: #212121;background-color: #ffffff;font-weight: 400;font-style: normal;font-variant: normal;text-decoration: none;vertical-align: baseline\"><br class=\"kix-line-break\" \/><\/span><span style=\"font-size: 12pt;font-family: Arial;color: #212121;background-color: #ffffff;font-weight: 400;font-style: normal;font-variant: normal;text-decoration: none;vertical-align: baseline\">Levenhuk LabZZ MC2 PLUS<\/span><span style=\"font-size: 12pt;font-family: Arial;color: #212121;background-color: #ffffff;font-weight: 400;font-style: normal;font-variant: normal;text-decoration: none;vertical-align: baseline\"><br class=\"kix-line-break\" \/><\/span><span style=\"font-size: 12pt;font-family: Arial;color: #212121;background-color: #ffffff;font-weight: 400;font-style: normal;font-variant: normal;text-decoration: none;vertical-align: baseline\">Siksna<\/span><span style=\"font-size: 12pt;font-family: Arial;color: #212121;background-color: #ffffff;font-weight: 400;font-style: normal;font-variant: normal;text-decoration: none;vertical-align: baseline\"><br class=\"kix-line-break\" \/><\/span><span style=\"font-size: 12pt;font-family: Arial;color: #212121;background-color: #ffffff;font-weight: 400;font-style: normal;font-variant: normal;text-decoration: none;vertical-align: baseline\">Korpuss uzglab\u0101&scaron;anai un transport\u0113&scaron;anai<\/span><span style=\"font-size: 12pt;font-family: Arial;color: #212121;background-color: #ffffff;font-weight: 400;font-style: normal;font-variant: normal;text-decoration: none;vertical-align: baseline\"><br class=\"kix-line-break\" \/><\/span><span style=\"font-size: 12pt;font-family: Arial;color: #212121;background-color: #ffffff;font-weight: 400;font-style: normal;font-variant: normal;text-decoration: none;vertical-align: baseline\">T\u012br\u012b&scaron;ana lupati\u0146a<\/span><span style=\"font-size: 12pt;font-family: Arial;color: #212121;background-color: #ffffff;font-weight: 400;font-style: normal;font-variant: normal;text-decoration: none;vertical-align: baseline\"><br class=\"kix-line-break\" \/><\/span><span style=\"font-size: 12pt;font-family: Arial;color: #212121;background-color: #ffffff;font-weight: 400;font-style: normal;font-variant: normal;text-decoration: none;vertical-align: baseline\">Lieto&scaron;anas instrukcija un m\u016b\u017ea garantija<\/span><\/p>\n<p style=\"line-height: 1.38;margin-top: 0pt;margin-bottom: 0pt\" dir=\"ltr\"><span style=\"font-size: 12pt;font-family: Arial;color: #212121;background-color: #ffffff;font-weight: 400;font-style: normal;font-variant: normal;text-decoration: none;vertical-align: baseline\"><br \/><\/span><\/p>\n<table style=\"font-size: 10pt;font-family: arial, sans, sans-serif;width: 0px;border: none\" dir=\"ltr\" border=\"1\" cellspacing=\"0\" cellpadding=\"0\">\n<colgroup>\n<col width=\"240\"><\/col>\n<col width=\"175\"><\/col>\n<\/colgroup>\n<tbody>\n<tr style=\"height: 21px\">\n<td style=\"border-color: #000000;overflow: hidden;padding: 2px 3px;vertical-align: bottom;font-family: Vardana;font-size: 11pt;color: #3a3a3a\">Optikas materi\u0101li<\/td>\n<td style=\"border-top-color: #000000;border-right-color: #000000;border-bottom-color: #000000;overflow: hidden;padding: 2px 3px;vertical-align: bottom;font-family: Vardana;font-size: 11pt;color: #3a3a3a\">BK-7 stikls<\/td>\n<\/tr>\n<tr style=\"height: 21px\">\n<td style=\"border-right-color: #000000;border-bottom-color: #000000;border-left-color: #000000;overflow: hidden;padding: 2px 3px;vertical-align: bottom;font-family: Vardana;font-size: 11pt;color: #3a3a3a\">Optikas p\u0101rkl\u0101jums<\/td>\n<td style=\"border-right-color: #000000;border-bottom-color: #000000;overflow: hidden;padding: 2px 3px;vertical-align: bottom;font-family: Vardana;font-size: 11pt;color: #3a3a3a\">za\u013c&scaron;<\/td>\n<\/tr>\n<tr style=\"height: 21px\">\n<td style=\"border-right-color: #000000;border-bottom-color: #000000;border-left-color: #000000;overflow: hidden;padding: 2px 3px;vertical-align: bottom;font-family: Vardana;font-size: 11pt;color: #3a3a3a\">Palielin\u0101jums, x<\/td>\n<td style=\"border-right-color: #000000;border-bottom-color: #000000;overflow: hidden;padding: 2px 3px;vertical-align: bottom;font-family: Vardana;font-size: 11pt;color: #3a3a3a\">10<\/td>\n<\/tr>\n<tr style=\"height: 21px\">\n<td style=\"border-right-color: #000000;border-bottom-color: #000000;border-left-color: #000000;overflow: hidden;padding: 2px 3px;vertical-align: bottom;font-family: Vardana;font-size: 11pt;color: #3a3a3a\">Objekt\u012bva l\u0113cas diametrs (atv\u0113rums), mm<\/td>\n<td style=\"border-right-color: #000000;border-bottom-color: #000000;overflow: hidden;padding: 2px 3px;vertical-align: bottom;font-family: Vardana;font-size: 11pt;color: #3a3a3a\">40<\/td>\n<\/tr>\n<tr style=\"height: 21px\">\n<td style=\"border-right-color: #000000;border-bottom-color: #000000;border-left-color: #000000;overflow: hidden;padding: 2px 3px;vertical-align: bottom;font-family: Vardana;font-size: 11pt;color: #3a3a3a\">Redzes lauks, &deg;<\/td>\n<td style=\"border-right-color: #000000;border-bottom-color: #000000;overflow: hidden;padding: 2px 3px;vertical-align: bottom;font-family: Vardana;font-size: 11pt;color: #3a3a3a\">7<\/td>\n<\/tr>\n<tr style=\"height: 21px\">\n<td style=\"border-right-color: #000000;border-bottom-color: #000000;border-left-color: #000000;overflow: hidden;padding: 2px 3px;vertical-align: bottom;font-family: Vardana;font-size: 11pt;color: #3a3a3a\">Izejas z\u012bl\u012b&scaron;u diametrs, mm<\/td>\n<td style=\"border-right-color: #000000;border-bottom-color: #000000;overflow: hidden;padding: 2px 3px;vertical-align: bottom;font-family: Vardana;font-size: 11pt;color: #3a3a3a\">2.5<\/td>\n<\/tr>\n<tr style=\"height: 21px\">\n<td style=\"border-right-color: #000000;border-bottom-color: #000000;border-left-color: #000000;overflow: hidden;padding: 2px 3px;vertical-align: bottom;font-family: Vardana;font-size: 11pt;color: #3a3a3a\">Acs att\u0101lums, mm<\/td>\n<td style=\"border-right-color: #000000;border-bottom-color: #000000;overflow: hidden;padding: 2px 3px;vertical-align: bottom;font-family: Vardana;font-size: 11pt;color: #3a3a3a\">10<\/td>\n<\/tr>\n<tr style=\"height: 21px\">\n<td style=\"border-right-color: #000000;border-bottom-color: #000000;border-left-color: #000000;overflow: hidden;padding: 2px 3px;vertical-align: bottom;font-family: Vardana;font-size: 11pt;color: #3a3a3a\">Tuvais fokuss, m<\/td>\n<td style=\"border-right-color: #000000;border-bottom-color: #000000;overflow: hidden;padding: 2px 3px;vertical-align: bottom;font-family: Vardana;font-size: 11pt;color: #3a3a3a\">3.5<br \/>9.8<\/td>\n<\/tr>\n<tr style=\"height: 21px\">\n<td style=\"border-right-color: #000000;border-bottom-color: #000000;border-left-color: #000000;overflow: hidden;padding: 2px 3px;vertical-align: bottom;font-family: Vardana;font-size: 11pt;color: #3a3a3a\">Korpusa materi\u0101ls<\/td>\n<td style=\"border-right-color: #000000;border-bottom-color: #000000;overflow: hidden;padding: 2px 3px;vertical-align: bottom;font-family: Vardana;font-size: 11pt;color: #3a3a3a\">plastmasa<\/td>\n<\/tr>\n<tr style=\"height: 21px\">\n<td style=\"border-right-color: #000000;border-bottom-color: #000000;border-left-color: #000000;overflow: hidden;padding: 2px 3px;vertical-align: bottom;font-family: Vardana;font-size: 11pt;color: #3a3a3a\">Papildus<\/td>\n<td style=\"border-right-color: #000000;border-bottom-color: #000000;overflow: hidden;padding: 2px 3px;vertical-align: bottom;font-family: Vardana;font-size: 11pt;color: #3a3a3a\">okul\u0101rs kauss:&nbsp;<br \/>gumijas virsma<\/td>\n<\/tr>\n<tr style=\"height: 21px\">\n<td style=\"border-right-color: #000000;border-bottom-color: #000000;border-left-color: #000000;overflow: hidden;padding: 2px 3px;vertical-align: bottom;font-family: Vardana;font-size: 11pt;color: #3a3a3a\">Korpusa materi\u0101ls<\/td>\n<td style=\"border-right-color: #000000;border-bottom-color: #000000;overflow: hidden;padding: 2px 3px;vertical-align: bottom;font-family: Vardana;font-size: 11pt;color: #3a3a3a\">plastmasa<\/td>\n<\/tr>\n<\/tbody>\n<\/table>\n","protected":false},"excerpt":{"rendered":"<p>Levenhuk LabZZ MC2 Monoklis PLUS ir klasiska optiska ier\u012bce b\u0113rniem. T\u0101s optika ir izgatavota no augstas kvalit\u0101tes BK-7 stikla. Korpusam ir gumijas p\u0101rkl\u0101jums, kas nodro&scaron;ina stingru sa\u0137eri, un objekt\u012bvs nodro&scaron;ina lielisku att\u0113lu dienas laik\u0101. Palielin\u0101juma jauda ir 10x, objekt\u012bva diametrs 40mm. Visa konstrukcija ir kompakta un viegla, un b\u0113rns var viegli \u0146emt l\u012bdzi Levenhuk LabZZ [&hellip;]<\/p>\n","protected":false},"featured_media":0,"template":"","meta":[],"product_brand":[3372],"product_cat":[4640,4938,4941],"product_tag":[],"class_list":{"0":"post-79416","1":"product","2":"type-product","3":"status-publish","5":"product_brand-levenhuk","6":"product_cat-recreation","7":"product_cat-optics-recreation","8":"product_cat-monoculars-optics-recreation","10":"first","11":"instock","12":"shipping-taxable","13":"product-type-simple"},"_links":{"self":[{"href":"https:\/\/sezona.lv\/en\/wp-json\/wp\/v2\/product\/79416","targetHints":{"allow":["GET"]}}],"collection":[{"href":"https:\/\/sezona.lv\/en\/wp-json\/wp\/v2\/product"}],"about":[{"href":"https:\/\/sezona.lv\/en\/wp-json\/wp\/v2\/types\/product"}],"wp:attachment":[{"href":"https:\/\/sezona.lv\/en\/wp-json\/wp\/v2\/media?parent=79416"}],"wp:term":[{"taxonomy":"product_brand","embeddable":true,"href":"https:\/\/sezona.lv\/en\/wp-json\/wp\/v2\/product_brand?post=79416"},{"taxonomy":"product_cat","embeddable":true,"href":"https:\/\/sezona.lv\/en\/wp-json\/wp\/v2\/product_cat?post=79416"},{"taxonomy":"product_tag","embeddable":true,"href":"https:\/\/sezona.lv\/en\/wp-json\/wp\/v2\/product_tag?post=79416"}],"curies":[{"name":"wp","href":"https:\/\/api.w.org\/{rel}","templated":true}]}}