{"id":79422,"date":"2025-07-11T17:00:45","date_gmt":"2025-07-11T14:00:45","guid":{"rendered":"https:\/\/demo8.ecube.lv\/sezona.lv\/products\/bresser-topas-plus-10x25-sarkans-kompakts-kabatas-monoklis\/"},"modified":"2025-07-14T15:39:51","modified_gmt":"2025-07-14T12:39:51","slug":"bresser-topas-plus-10x25-sarkans-kompakts-kabatas-monoklis","status":"publish","type":"product","link":"https:\/\/sezona.lv\/en\/products\/bresser-topas-plus-10x25-sarkans-kompakts-kabatas-monoklis\/","title":{"rendered":"Bresser Topas Plus 10&#215;25 Sarkans Kompakts Kabatas Monoklis"},"content":{"rendered":"<p><span id=\"docs-internal-guid-fa0ad76f-ed74-23e5-ccdd-9169dca1ed5a\"> <\/span><\/p>\n<p style=\"margin-top: 0pt;margin-bottom: 0pt;line-height: 1.38\" dir=\"ltr\"><span style=\"font-size: 11pt;font-family: Arial;color: #212121;vertical-align: baseline\">BRESSER Topas 10&#215;25 monoklis ir ide\u0101ls priek&scaron; p\u0101rg\u0101jienu vai ce\u013cojuma laik\u0101. Pateicoties kompaktajam izm\u0113ram, tam nav nepiecie&scaron;ams daudz vietas, un t\u0101 k\u0101 iek\u013caut\u0101 siksna un dro&scaron;\u012bbas josta ir \u0113rti transport\u0113jama. Ar savu 10-k\u0101rt\u012bgu palielin\u0101jumu, j\u016bs varat atrast interesantas deta\u013cas, neatkar\u012bgi no t\u0101, vai esat pastaig\u0101jies pa dabu vai apmekl\u0113jat ekskursiju pa pils\u0113tu.<\/span><span style=\"font-size: 11pt;font-family: Arial;color: #212121;vertical-align: baseline\"><br class=\"kix-line-break\" \/><\/span><span style=\"font-size: 11pt;font-family: Arial;color: #212121;vertical-align: baseline\"><br class=\"kix-line-break\" \/><\/span><span style=\"font-size: 11pt;font-family: Arial;color: #212121;vertical-align: baseline\">Rokturis ir ar nesl\u012bdo&scaron;u bru\u0146u un nodro&scaron;ina dro&scaron;u tur\u0113&scaron;anu.<\/span><span style=\"font-size: 11pt;font-family: Arial;color: #212121;vertical-align: baseline\"><br class=\"kix-line-break\" \/><\/span><span style=\"font-size: 11pt;font-family: Arial;color: #212121;vertical-align: baseline\"><br class=\"kix-line-break\" \/><\/span><span style=\"font-size: 11pt;font-family: Arial;color: #212121;font-weight: 700;vertical-align: baseline\">Funkcijas:<\/span><span style=\"font-size: 11pt;font-family: Arial;color: #212121;vertical-align: baseline\"><br class=\"kix-line-break\" \/><\/span><span style=\"font-size: 11pt;font-family: Arial;color: #212121;vertical-align: baseline\">\u0113rts, monokul\u0101rs ce\u013cojum\u0101<\/span><span style=\"font-size: 11pt;font-family: Arial;color: #212121;vertical-align: baseline\"><br class=\"kix-line-break\" \/><\/span><span style=\"font-size: 11pt;font-family: Arial;color: #212121;vertical-align: baseline\">roktura atvere ar nesl\u012bdo&scaron;u bru\u0146u rokturi dro&scaron;ai tur\u0113&scaron;anai<\/span><span style=\"font-size: 11pt;font-family: Arial;color: #212121;vertical-align: baseline\"><br class=\"kix-line-break\" \/><\/span><span style=\"font-size: 11pt;font-family: Arial;color: #212121;vertical-align: baseline\">saliekamie acu kr\u016bzes brilles lietot\u0101jiem<\/span><span style=\"font-size: 11pt;font-family: Arial;color: #212121;vertical-align: baseline\"><br class=\"kix-line-break\" \/><br class=\"kix-line-break\" \/><\/span><\/p>\n<p><span id=\"docs-internal-guid-a180b897-bf2e-cc26-c745-5dd6bec596b2\"><span style=\"font-size: 11pt;font-family: Arial;color: #212121;font-weight: 700;vertical-align: baseline\">Komplekt\u0101 ietilpst:<\/span><span style=\"font-size: 11pt;font-family: Arial;color: #212121;vertical-align: baseline\"><br class=\"kix-line-break\" \/><\/span><span style=\"font-size: 11pt;font-family: Arial;color: #212121;vertical-align: baseline\">monokulis<\/span><span style=\"font-size: 11pt;font-family: Arial;color: #212121;vertical-align: baseline\"><br class=\"kix-line-break\" \/><\/span><span style=\"font-size: 11pt;font-family: Arial;color: #212121;vertical-align: baseline\">l\u0113cas audums<\/span><span style=\"font-size: 11pt;font-family: Arial;color: #212121;vertical-align: baseline\"><br class=\"kix-line-break\" \/><\/span><span style=\"font-size: 11pt;font-family: Arial;color: #212121;vertical-align: baseline\">jostas soma<\/span><span style=\"font-size: 11pt;font-family: Arial;color: #212121;vertical-align: baseline\"><br class=\"kix-line-break\" \/><\/span><span style=\"font-size: 11pt;font-family: Arial;color: #212121;vertical-align: baseline\">rokasgr\u0101mata<\/span><\/span><\/p>\n<p>&nbsp;<\/p>\n<table class=\"table table-bordered\" border=\"0\">\n<thead>\n<tr>\n<td colspan=\"2\"><strong>Atrib\u016bti<\/strong><\/td>\n<\/tr>\n<\/thead>\n<tbody>\n<tr>\n<td>Materi\u0101la prizma<\/td>\n<td>BK-7<\/td>\n<\/tr>\n<tr>\n<td>P\u0101rkl\u0101juma veids<\/td>\n<td>Piln\u012bgi p\u0101rkl\u0101ts<\/td>\n<\/tr>\n<tr>\n<td>Aplik\u0101cija<\/td>\n<td>Ce\u013co&scaron;ana un sports P\u0101rg\u0101jieni Putnu v\u0113ro&scaron;ana un dabas nov\u0113ro&scaron;ana<\/td>\n<\/tr>\n<tr>\n<td>Gaismas intensit\u0101te<\/td>\n<td>6.25<\/td>\n<\/tr>\n<tr>\n<td>Kr\u0113slas koeficients<\/td>\n<td>15.8<\/td>\n<\/tr>\n<tr>\n<td>m\u0113r\u0137a diametrs<\/td>\n<td>25 mm<\/td>\n<\/tr>\n<tr>\n<td>Okul\u0101ri<\/td>\n<td>+<\/td>\n<\/tr>\n<tr>\n<td>Optiskais dizains<\/td>\n<td>Roof<\/td>\n<\/tr>\n<tr>\n<td>Palielin\u0101jums<\/td>\n<td>10x<\/td>\n<\/tr>\n<tr>\n<td>Redzes lauks<\/td>\n<td>5.5 &deg;<\/td>\n<\/tr>\n<tr>\n<td>Redzes lauks, m\/1000 m<\/td>\n<td>96 m<\/td>\n<\/tr>\n<tr>\n<td>Tuvais fokuss<\/td>\n<td>4 m<\/td>\n<\/tr>\n<\/tbody>\n<\/table>\n<p><span><\/span><\/p>\n<table style=\"font-size: 10pt;font-family: arial, sans, sans-serif;width: 0px;border: none\" dir=\"ltr\" border=\"1\" cellspacing=\"0\" cellpadding=\"0\">\n<tbody>\n<tr style=\"height: 21px\">\n<td style=\"border-color: #000000;overflow: hidden;padding: 2px 3px;vertical-align: middle;font-family: Arial;font-size: 9pt;font-weight: bold;color: #222222;text-align: center\" colspan=\"2\">&nbsp;<\/td>\n<\/tr>\n<tr style=\"height: 21px\">\n<td style=\"border-right-color: #000000;border-bottom-color: #000000;border-left-color: #000000;overflow: hidden;padding: 2px 3px;vertical-align: middle;font-family: Arial;font-size: 9pt;color: #222222;text-align: center\">&nbsp;<\/td>\n<td style=\"border-right-color: #000000;border-bottom-color: #000000;overflow: hidden;padding: 2px 3px;vertical-align: middle;font-family: Arial;font-size: 9pt;color: #222222;text-align: center\">&nbsp;<\/td>\n<\/tr>\n<tr style=\"height: 52px\">\n<td style=\"border-right-color: #000000;border-bottom-color: #000000;border-left-color: #000000;overflow: hidden;padding: 2px 3px;vertical-align: middle;font-family: Arial;font-size: 9pt;color: #222222;text-align: center\">&nbsp;<\/td>\n<\/tr>\n<\/tbody>\n<\/table>\n","protected":false},"excerpt":{"rendered":"<p>BRESSER Topas 10&#215;25 monoklis ir ide\u0101ls priek&scaron; p\u0101rg\u0101jienu vai ce\u013cojuma laik\u0101. Pateicoties kompaktajam izm\u0113ram, tam nav nepiecie&scaron;ams daudz vietas, un t\u0101 k\u0101 iek\u013caut\u0101 siksna un dro&scaron;\u012bbas josta ir \u0113rti transport\u0113jama. Ar savu 10-k\u0101rt\u012bgu palielin\u0101jumu, j\u016bs varat atrast interesantas deta\u013cas, neatkar\u012bgi no t\u0101, vai esat pastaig\u0101jies pa dabu vai apmekl\u0113jat ekskursiju pa pils\u0113tu.Rokturis ir ar nesl\u012bdo&scaron;u [&hellip;]<\/p>\n","protected":false},"featured_media":72116,"template":"","meta":[],"product_brand":[],"product_cat":[4938,4941],"product_tag":[],"class_list":{"0":"post-79422","1":"product","2":"type-product","3":"status-publish","4":"has-post-thumbnail","6":"product_cat-optics-recreation","7":"product_cat-monoculars-optics-recreation","9":"first","10":"instock","11":"shipping-taxable","12":"purchasable","13":"product-type-simple"},"_links":{"self":[{"href":"https:\/\/sezona.lv\/en\/wp-json\/wp\/v2\/product\/79422","targetHints":{"allow":["GET"]}}],"collection":[{"href":"https:\/\/sezona.lv\/en\/wp-json\/wp\/v2\/product"}],"about":[{"href":"https:\/\/sezona.lv\/en\/wp-json\/wp\/v2\/types\/product"}],"wp:featuredmedia":[{"embeddable":true,"href":"https:\/\/sezona.lv\/en\/wp-json\/wp\/v2\/media\/72116"}],"wp:attachment":[{"href":"https:\/\/sezona.lv\/en\/wp-json\/wp\/v2\/media?parent=79422"}],"wp:term":[{"taxonomy":"product_brand","embeddable":true,"href":"https:\/\/sezona.lv\/en\/wp-json\/wp\/v2\/product_brand?post=79422"},{"taxonomy":"product_cat","embeddable":true,"href":"https:\/\/sezona.lv\/en\/wp-json\/wp\/v2\/product_cat?post=79422"},{"taxonomy":"product_tag","embeddable":true,"href":"https:\/\/sezona.lv\/en\/wp-json\/wp\/v2\/product_tag?post=79422"}],"curies":[{"name":"wp","href":"https:\/\/api.w.org\/{rel}","templated":true}]}}