{"id":79425,"date":"2025-07-11T17:00:58","date_gmt":"2025-07-11T14:00:58","guid":{"rendered":"https:\/\/demo8.ecube.lv\/sezona.lv\/products\/levenhuk-wise-8x32-kompakts-kabatas-mitrumizturigs-monoklis\/"},"modified":"2025-07-14T15:39:54","modified_gmt":"2025-07-14T12:39:54","slug":"levenhuk-wise-8x32-kompakts-kabatas-mitrumizturigs-monoklis","status":"publish","type":"product","link":"https:\/\/sezona.lv\/en\/products\/levenhuk-wise-8x32-kompakts-kabatas-mitrumizturigs-monoklis\/","title":{"rendered":"Levenhuk Wise 8&#215;32 Kompakts Kabatas Mitrumiztur\u012bgs Monoklis"},"content":{"rendered":"<p style=\"line-height: 1.38;margin-top: 0pt;margin-bottom: 0pt\" dir=\"ltr\"><span style=\"font-size: 11pt;font-family: Arial;color: #000000;background-color: transparent;font-weight: 700;font-style: normal;font-variant: normal;text-decoration: none;vertical-align: baseline\">Kompakts Levenhuk Wise 8&#215;32 Monokulis<\/span><span style=\"font-size: 11pt;font-family: Arial;color: #000000;background-color: transparent;font-weight: 400;font-style: normal;font-variant: normal;text-decoration: none;vertical-align: baseline\"> ir lab\u0101k\u0101 izv\u0113le p\u0101rg\u0101jieniem un ce\u013cojumiem. Ja j\u016bs nev\u0113laties n\u0113s\u0101t smagus pilna izm\u0113ra binok\u013cus, tad &scaron;is monoklis ar m\u016bsdien\u012bgu jumta prizmas dizainu ir ide\u0101ls priek&scaron; jums! Putnu v\u0113ro&scaron;ana, p\u0101rg\u0101jieni, ekstr\u0113mi sporta veidi, stud\u0113jo&scaron;\u0101 arhitekt\u016bra &#8211; Levenhuk Wise 8&#215;32 ir lieliski piem\u0113rota vis\u0101m &scaron;\u012bm pat\u012bkam\u0101m aktivit\u0101t\u0113m!<\/span><\/p>\n<p style=\"margin-bottom: 10px;padding: 0px;color: #3a3a3a;font-family: Vardana, sans-serif;font-size: 14px\"><strong id=\"docs-internal-guid-e7ef5c9d-ccfc-f251-ce24-e79fac0c3e3e\" style=\"font-weight: normal\"><br \/><\/strong><\/p>\n<p style=\"line-height: 1.38;margin-top: 0pt;margin-bottom: 0pt\" dir=\"ltr\"><span style=\"font-size: 11pt;font-family: Arial;color: #000000;background-color: transparent;font-weight: 400;font-style: normal;font-variant: normal;text-decoration: none;vertical-align: baseline\">J\u016bs b\u016bsiet pat\u012bkami p\u0101rsteigts ar <span style=\"font-size: 14.6667px;font-weight: bold\">Kompakto Levenhuk Wise 8&#215;32 Monokuli<\/span> optisko sniegumu. L\u0113cas ir izgatavotas no kvalitat\u012bva <\/span><span style=\"font-size: 11pt;font-family: Arial;color: #000000;background-color: transparent;font-weight: 700;font-style: normal;font-variant: normal;text-decoration: none;vertical-align: baseline\">BaK-4 stikla<\/span><span style=\"font-size: 11pt;font-family: Arial;color: #000000;background-color: transparent;font-weight: 400;font-style: normal;font-variant: normal;text-decoration: none;vertical-align: baseline\">, kas nov\u0113r&scaron; f\u0101\u017eu nob\u012bdes negat\u012bv\u0101s sekas un palielina att\u0113la asumu un kontrastu. L\u0113cas ir p\u0101rkl\u0101tas ar vair\u0101kiem <\/span><span style=\"font-size: 11pt;font-family: Arial;color: #000000;background-color: transparent;font-weight: 700;font-style: normal;font-variant: normal;text-decoration: none;vertical-align: baseline\">pretrelekt\u012bvo p\u0101rkl\u0101jumu sl\u0101\u0146iem<\/span><span style=\"font-size: 11pt;font-family: Arial;color: #000000;background-color: transparent;font-weight: 400;font-style: normal;font-variant: normal;text-decoration: none;vertical-align: baseline\">. P\u0101rkl\u0101jums samazina gaismas izkliedi un parazit\u0101ras atstaro&scaron;anas sp\u0113jas, k\u0101 ar\u012b padara att\u0113lu spo\u017eu un pies\u0101tin\u0101tu pat kr\u0113sl\u0101. <\/span><span style=\"font-size: 11pt;font-family: Arial;color: #000000;background-color: transparent;font-weight: 700;font-style: normal;font-variant: normal;text-decoration: none;vertical-align: baseline\">8x palielin\u0101jums<\/span><span style=\"font-size: 11pt;font-family: Arial;color: #000000;background-color: transparent;font-weight: 400;font-style: normal;font-variant: normal;text-decoration: none;vertical-align: baseline\"> \u013cauj r\u016bp\u012bgi p\u0101rbaud\u012bt pat iev\u0113rojami att\u0101lus objektus.<\/span><\/p>\n<p style=\"margin-bottom: 10px;padding: 0px;color: #3a3a3a;font-family: Vardana, sans-serif;font-size: 14px\"><strong style=\"font-weight: normal\"><br \/><\/strong><\/p>\n<p style=\"line-height: 1.38;margin-top: 0pt;margin-bottom: 0pt\" dir=\"ltr\"><span style=\"font-size: 11pt;font-family: Arial;color: #000000;background-color: transparent;font-weight: 400;font-style: normal;font-variant: normal;text-decoration: none;vertical-align: baseline\">Monokr\u0101ls ir paredz\u0113ts galvenok\u0101rt dienas nov\u0113ro&scaron;anai, bet tas nenoz\u012bm\u0113, ka j\u016bs izbr\u012bns ar\u012b v\u0101j\u0101 apgaismojum\u0101.<\/span><\/p>\n<p style=\"margin-bottom: 10px;padding: 0px;color: #3a3a3a;font-family: Vardana, sans-serif;font-size: 14px\"><strong style=\"font-weight: normal\"><br \/><\/strong><\/p>\n<p style=\"line-height: 1.38;margin-top: 0pt;margin-bottom: 0pt\" dir=\"ltr\"><span style=\"font-size: 11pt;font-family: Arial;color: #000000;background-color: transparent;font-weight: 400;font-style: normal;font-variant: normal;text-decoration: none;vertical-align: baseline\">Monokul\u0101ra korpuss ir piln\u012bb\u0101 aizsarg\u0101ts ar \u012bpa&scaron;u pretvibr\u0113jo&scaron;u gumijas p\u0101rkl\u0101jumu. P\u0101rkl\u0101jums aizsarg\u0101 delik\u0101to optiku ne tikai no meh\u0101niskiem satricin\u0101jumiem un krat\u012b&scaron;anas, bet ar\u012b no putek\u013cu un \u016bdens &scaron;\u013cakat\u0101m. Eyecup ir izgatavots no gumijas, un to var viegli pagarin\u0101t, lai sasniegtu vis\u0113rt\u0101ko nov\u0113ro&scaron;anas vietu. &Scaron;\u012b funkcija padara nov\u0113rojumus, \u0113rt\u0101ku <\/span><span style=\"font-size: 11pt;font-family: Arial;color: #000000;background-color: transparent;font-weight: 700;font-style: normal;font-variant: normal;text-decoration: none;vertical-align: baseline\">lietojot brilles<\/span><span style=\"font-size: 11pt;font-family: Arial;color: #000000;background-color: transparent;font-weight: 400;font-style: normal;font-variant: normal;text-decoration: none;vertical-align: baseline\">. Ar Levenhuk Wise 8&#215;32 monokul\u0101ru J\u016bs varat \u0101tri fokus\u0113t skatu tikai ar vienu roku &#8211; fokus\u0113&scaron;anas ritenis atrodas tie&scaron;i instrumenta centr\u0101.<\/span><\/p>\n<p style=\"margin-bottom: 10px;padding: 0px;color: #3a3a3a;font-family: Vardana, sans-serif;font-size: 14px\"><strong style=\"font-weight: normal\"><br \/><\/strong><\/p>\n<p style=\"line-height: 1.38;margin-top: 0pt;margin-bottom: 0pt\" dir=\"ltr\"><span style=\"font-size: 11pt;font-family: Arial;color: #000000;background-color: transparent;font-weight: 700;font-style: normal;font-variant: normal;text-decoration: none;vertical-align: baseline\">Iesp\u0113jas:<\/span><\/p>\n<p style=\"margin-bottom: 10px;padding: 0px;color: #3a3a3a;font-family: Vardana, sans-serif;font-size: 14px\"><strong style=\"font-weight: normal\"><br \/><\/strong><\/p>\n<p style=\"line-height: 1.38;margin-top: 0pt;margin-bottom: 0pt\" dir=\"ltr\"><span style=\"font-size: 11pt;font-family: Arial;color: #000000;background-color: transparent;font-weight: 400;font-style: normal;font-variant: normal;text-decoration: none;vertical-align: baseline\">Kompakts un viegls vienkr\u0101sains<\/span><\/p>\n<p style=\"line-height: 1.38;margin-top: 0pt;margin-bottom: 0pt\" dir=\"ltr\"><span style=\"font-size: 11pt;font-family: Arial;color: #000000;background-color: transparent;font-weight: 400;font-style: normal;font-variant: normal;text-decoration: none;vertical-align: baseline\">Augstas kvalit\u0101tes stikla optika<\/span><\/p>\n<p style=\"line-height: 1.38;margin-top: 0pt;margin-bottom: 0pt\" dir=\"ltr\"><span style=\"font-size: 11pt;font-family: Arial;color: #000000;background-color: transparent;font-weight: 400;font-style: normal;font-variant: normal;text-decoration: none;vertical-align: baseline\">Daudzsl\u0101\u0146u p\u0101rkl\u0101jums<\/span><\/p>\n<p style=\"line-height: 1.38;margin-top: 0pt;margin-bottom: 0pt\" dir=\"ltr\"><span style=\"font-size: 11pt;font-family: Arial;color: #000000;background-color: transparent;font-weight: 400;font-style: normal;font-variant: normal;text-decoration: none;vertical-align: baseline\">\u0136erme\u0146a anti-vibr\u0101cijas gumijas p\u0101rkl\u0101jums<\/span><\/p>\n<p style=\"line-height: 1.38;margin-top: 0pt;margin-bottom: 0pt\" dir=\"ltr\"><span style=\"font-size: 11pt;font-family: Arial;color: #000000;background-color: transparent;font-weight: 400;font-style: normal;font-variant: normal;text-decoration: none;vertical-align: baseline\">\u0112rts fokus\u0113&scaron;anas ritenis<\/span><\/p>\n<p style=\"line-height: 1.38;margin-top: 0pt;margin-bottom: 0pt\" dir=\"ltr\"><span style=\"font-size: 11pt;font-family: Arial;color: #000000;background-color: transparent;font-weight: 400;font-style: normal;font-variant: normal;text-decoration: none;vertical-align: baseline\">Gumijas grie\u017eamais uzmavas cilpas<\/span><\/p>\n<p style=\"margin-bottom: 10px;padding: 0px;color: #3a3a3a;font-family: Vardana, sans-serif;font-size: 14px\"><strong style=\"font-weight: normal\"><br \/><\/strong><\/p>\n<p style=\"line-height: 1.38;margin-top: 0pt;margin-bottom: 0pt\" dir=\"ltr\"><span style=\"font-size: 11pt;font-family: Arial;color: #000000;background-color: transparent;font-weight: 700;font-style: normal;font-variant: normal;text-decoration: none;vertical-align: baseline\">Komplekt\u0101 ietilpst:<\/span><\/p>\n<ol style=\"margin-top: 0pt;margin-bottom: 0pt\">\n<li style=\"list-style-type: decimal;font-size: 11pt;font-family: Arial;color: #000000;background-color: transparent;font-weight: 400;font-style: normal;font-variant: normal;text-decoration: none;vertical-align: baseline\" dir=\"ltr\">\n<p style=\"line-height: 1.38;margin-top: 0pt;margin-bottom: 0pt\" dir=\"ltr\"><span style=\"font-size: 11pt;font-family: Arial;color: #000000;background-color: transparent;font-weight: 400;font-style: normal;font-variant: normal;text-decoration: none;vertical-align: baseline\">Levenhuk Wise 8&#215;32 monokul\u0101rais<\/span><\/p>\n<\/li>\n<li style=\"list-style-type: decimal;font-size: 11pt;font-family: Arial;color: #000000;background-color: transparent;font-weight: 400;font-style: normal;font-variant: normal;text-decoration: none;vertical-align: baseline\" dir=\"ltr\">\n<p style=\"line-height: 1.38;margin-top: 0pt;margin-bottom: 0pt\" dir=\"ltr\"><span style=\"font-size: 11pt;font-family: Arial;color: #000000;background-color: transparent;font-weight: 400;font-style: normal;font-variant: normal;text-decoration: none;vertical-align: baseline\">Maisi\u0146&scaron;<\/span><\/p>\n<\/li>\n<li style=\"list-style-type: decimal;font-size: 11pt;font-family: Arial;color: #000000;background-color: transparent;font-weight: 400;font-style: normal;font-variant: normal;text-decoration: none;vertical-align: baseline\" dir=\"ltr\">\n<p style=\"line-height: 1.38;margin-top: 0pt;margin-bottom: 0pt\" dir=\"ltr\"><span style=\"font-size: 11pt;font-family: Arial;color: #000000;background-color: transparent;font-weight: 400;font-style: normal;font-variant: normal;text-decoration: none;vertical-align: baseline\">Okul\u0101ra aizsargv\u0101ks<\/span><\/p>\n<\/li>\n<li style=\"list-style-type: decimal;font-size: 11pt;font-family: Arial;color: #000000;background-color: transparent;font-weight: 400;font-style: normal;font-variant: normal;text-decoration: none;vertical-align: baseline\" dir=\"ltr\">\n<p style=\"line-height: 1.38;margin-top: 0pt;margin-bottom: 0pt\" dir=\"ltr\"><span style=\"font-size: 11pt;font-family: Arial;color: #000000;background-color: transparent;font-weight: 400;font-style: normal;font-variant: normal;text-decoration: none;vertical-align: baseline\">M\u0113r\u0137a aizsardz\u012bbas v\u0101ci\u0146&scaron;<\/span><\/p>\n<\/li>\n<li style=\"list-style-type: decimal;font-size: 11pt;font-family: Arial;color: #000000;background-color: transparent;font-weight: 400;font-style: normal;font-variant: normal;text-decoration: none;vertical-align: baseline\" dir=\"ltr\">\n<p style=\"line-height: 1.38;margin-top: 0pt;margin-bottom: 0pt\" dir=\"ltr\"><span style=\"font-size: 11pt;font-family: Arial;color: #000000;background-color: transparent;font-weight: 400;font-style: normal;font-variant: normal;text-decoration: none;vertical-align: baseline\">T\u012br\u012b&scaron;ana Lupati\u0146a<\/span><\/p>\n<\/li>\n<li style=\"list-style-type: decimal;font-size: 11pt;font-family: Arial;color: #000000;background-color: transparent;font-weight: 400;font-style: normal;font-variant: normal;text-decoration: none;vertical-align: baseline\" dir=\"ltr\">\n<p style=\"line-height: 1.38;margin-top: 0pt;margin-bottom: 0pt\" dir=\"ltr\"><span style=\"font-size: 11pt;font-family: Arial;color: #000000;background-color: transparent;font-weight: 400;font-style: normal;font-variant: normal;text-decoration: none;vertical-align: baseline\">Siksna<\/span><\/p>\n<\/li>\n<li style=\"list-style-type: decimal;font-size: 11pt;font-family: Arial;color: #000000;background-color: transparent;font-weight: 400;font-style: normal;font-variant: normal;text-decoration: none;vertical-align: baseline\" dir=\"ltr\">\n<p style=\"line-height: 1.38;margin-top: 0pt;margin-bottom: 0pt\" dir=\"ltr\"><span style=\"font-size: 11pt;font-family: Arial;color: #000000;background-color: transparent;font-weight: 400;font-style: normal;font-variant: normal;text-decoration: none;vertical-align: baseline\">Lieto&scaron;anas instrukcija un m\u016b\u017ea garantija<\/span><\/p>\n<\/li>\n<\/ol>\n<table class=\"table table-bordered\" border=\"0\">\n<thead>\n<tr>\n<td colspan=\"2\"><strong>Atrib\u016bti<\/strong><\/td>\n<\/tr>\n<\/thead>\n<tbody>\n<tr>\n<td>Acs att\u0101lums<\/td>\n<td>13,6 mm<\/td>\n<\/tr>\n<tr>\n<td>Iepakojuma izm\u0113ri (GxPxA):<\/td>\n<td>17.0 x 8.3 x 6.8 cm<\/td>\n<\/tr>\n<tr>\n<td>Izejas z\u012bl\u012b&scaron;u diametrs<\/td>\n<td>4 mm<\/td>\n<\/tr>\n<tr>\n<td>Izm\u0113ri<\/td>\n<td>137\u044566\u044542 mm<\/td>\n<\/tr>\n<tr>\n<td>Korpusa materi\u0101ls<\/td>\n<td>plastmasa<\/td>\n<\/tr>\n<tr>\n<td>Lietojums<\/td>\n<td>Visp\u0101r\u012bg\u0101s lieto&scaron;anas produkts., Dr\u012bkst lietot b\u0113rni, kas ir, vec\u0101ki par 3 gadiem.<\/td>\n<\/tr>\n<tr>\n<td>Objekt\u012bva l\u0113cas diametrs (atv\u0113rums)<\/td>\n<td>32 mm<\/td>\n<\/tr>\n<tr>\n<td>Optikas materi\u0101ls<\/td>\n<td>BaK-4 stikla<\/td>\n<\/tr>\n<tr>\n<td>Optikas p\u0101rkl\u0101jums<\/td>\n<td>abpus\u0113js multi-p\u0101rkl\u0101jums<\/td>\n<\/tr>\n<tr>\n<td>Palielin\u0101jums<\/td>\n<td>8 x<\/td>\n<\/tr>\n<tr>\n<td>Papildu<\/td>\n<td>okul\u0101rs kauss: regul\u0113jams, anti-vibr\u0101cijas gumijas virsma<\/td>\n<\/tr>\n<tr>\n<td>Ra\u017eot\u0101ja valsts<\/td>\n<td>PRC, controlled by Levenhuk, Inc. (USA)<\/td>\n<\/tr>\n<tr>\n<td>Redzes lauks<\/td>\n<td>7,5 &deg;<\/td>\n<\/tr>\n<tr>\n<td>Redzes lauks, m\/1000 m<\/td>\n<td>131<\/td>\n<\/tr>\n<tr>\n<td>Svars<\/td>\n<td>0,278 kg<\/td>\n<\/tr>\n<tr>\n<td>Tuvais fokuss<\/td>\n<td>2 m<\/td>\n<\/tr>\n<\/tbody>\n<\/table>\n<p style=\"margin-bottom: 10px;padding: 0px;color: #3a3a3a;font-family: Vardana, sans-serif;font-size: 14px\">&nbsp;<\/p>\n<p><span id=\"docs-internal-guid-fa0ad76f-ed74-23e5-ccdd-9169dca1ed5a\"> <\/span><\/p>\n<div id=\"tab-description\" class=\"tab-pane active\">\n<p>&nbsp;<\/p>\n<\/div>\n<table style=\"font-size: 10pt;font-family: arial, sans, sans-serif;width: 0px;border: none\" dir=\"ltr\" border=\"1\" cellspacing=\"0\" cellpadding=\"0\">\n<tbody>\n<tr style=\"height: 21px\">\n<td style=\"border-color: #000000;overflow: hidden;padding: 2px 3px;vertical-align: middle;font-family: Arial;font-size: 9pt;font-weight: bold;color: #222222;text-align: center\" colspan=\"2\">&nbsp;<\/td>\n<\/tr>\n<tr style=\"height: 21px\">\n<td style=\"border-right-color: #000000;border-bottom-color: #000000;border-left-color: #000000;overflow: hidden;padding: 2px 3px;vertical-align: middle;font-family: Arial;font-size: 9pt;color: #222222;text-align: center\">&nbsp;<\/td>\n<td style=\"border-right-color: #000000;border-bottom-color: #000000;overflow: hidden;padding: 2px 3px;vertical-align: middle;font-family: Arial;font-size: 9pt;color: #222222;text-align: center\">&nbsp;<\/td>\n<\/tr>\n<tr style=\"height: 52px\">\n<td style=\"border-right-color: #000000;border-bottom-color: #000000;border-left-color: #000000;overflow: hidden;padding: 2px 3px;vertical-align: middle;font-family: Arial;font-size: 9pt;color: #222222;text-align: center\">&nbsp;<\/td>\n<\/tr>\n<\/tbody>\n<\/table>\n","protected":false},"excerpt":{"rendered":"<p>Kompakts Levenhuk Wise 8&#215;32 Monokulis ir lab\u0101k\u0101 izv\u0113le p\u0101rg\u0101jieniem un ce\u013cojumiem. Ja j\u016bs nev\u0113laties n\u0113s\u0101t smagus pilna izm\u0113ra binok\u013cus, tad &scaron;is monoklis ar m\u016bsdien\u012bgu jumta prizmas dizainu ir ide\u0101ls priek&scaron; jums! Putnu v\u0113ro&scaron;ana, p\u0101rg\u0101jieni, ekstr\u0113mi sporta veidi, stud\u0113jo&scaron;\u0101 arhitekt\u016bra &#8211; Levenhuk Wise 8&#215;32 ir lieliski piem\u0113rota vis\u0101m &scaron;\u012bm pat\u012bkam\u0101m aktivit\u0101t\u0113m! J\u016bs b\u016bsiet pat\u012bkami p\u0101rsteigts ar [&hellip;]<\/p>\n","protected":false},"featured_media":72149,"template":"","meta":[],"product_brand":[3372],"product_cat":[4938,4941],"product_tag":[],"class_list":{"0":"post-79425","1":"product","2":"type-product","3":"status-publish","4":"has-post-thumbnail","6":"product_brand-levenhuk","7":"product_cat-optics-recreation","8":"product_cat-monoculars-optics-recreation","10":"first","11":"instock","12":"shipping-taxable","13":"purchasable","14":"product-type-simple"},"_links":{"self":[{"href":"https:\/\/sezona.lv\/en\/wp-json\/wp\/v2\/product\/79425","targetHints":{"allow":["GET"]}}],"collection":[{"href":"https:\/\/sezona.lv\/en\/wp-json\/wp\/v2\/product"}],"about":[{"href":"https:\/\/sezona.lv\/en\/wp-json\/wp\/v2\/types\/product"}],"wp:featuredmedia":[{"embeddable":true,"href":"https:\/\/sezona.lv\/en\/wp-json\/wp\/v2\/media\/72149"}],"wp:attachment":[{"href":"https:\/\/sezona.lv\/en\/wp-json\/wp\/v2\/media?parent=79425"}],"wp:term":[{"taxonomy":"product_brand","embeddable":true,"href":"https:\/\/sezona.lv\/en\/wp-json\/wp\/v2\/product_brand?post=79425"},{"taxonomy":"product_cat","embeddable":true,"href":"https:\/\/sezona.lv\/en\/wp-json\/wp\/v2\/product_cat?post=79425"},{"taxonomy":"product_tag","embeddable":true,"href":"https:\/\/sezona.lv\/en\/wp-json\/wp\/v2\/product_tag?post=79425"}],"curies":[{"name":"wp","href":"https:\/\/api.w.org\/{rel}","templated":true}]}}