{"id":79426,"date":"2025-07-14T15:39:55","date_gmt":"2025-07-14T12:39:55","guid":{"rendered":"https:\/\/demo8.ecube.lv\/sezona.lv\/products\/levenhuk-wise-8x42-kompakts-kabatas-mitrumizturigs-monoklis\/"},"modified":"2025-07-14T15:39:55","modified_gmt":"2025-07-14T12:39:55","slug":"levenhuk-wise-8x42-kompakts-kabatas-mitrumizturigs-monoklis","status":"publish","type":"product","link":"https:\/\/sezona.lv\/en\/products\/levenhuk-wise-8x42-kompakts-kabatas-mitrumizturigs-monoklis\/","title":{"rendered":"Levenhuk Wise 8&#215;42 Kompakts Kabatas Mitrumiztur\u012bgs Monoklis"},"content":{"rendered":"<p style=\"line-height: 1.38;margin-top: 0pt;margin-bottom: 0pt\" dir=\"ltr\"><span style=\"font-size: 12pt;font-family: Arial;color: #212121;background-color: #ffffff;font-weight: 700;font-style: normal;font-variant: normal;text-decoration: none;vertical-align: baseline\">Levenhuk Wise 8&#215;42 Monokulis<\/span><span style=\"font-size: 12pt;font-family: Arial;color: #212121;background-color: #ffffff;font-weight: 400;font-style: normal;font-variant: normal;text-decoration: none;vertical-align: baseline\"> ir apr\u012bkots ar jaud\u012bgu palielin\u0101jumu, kompakta izm\u0113ra un uzticama dizaina kombin\u0101cija. Tas ir tie&scaron;i instruments ar lielisku optisko sniegumu, kas jums pal\u012bdz\u0113s jebkur\u0101 situ\u0101cij\u0101. Ar Levenhuk Wise 8&#215;42, j\u016bs varat <\/span><span style=\"font-size: 12pt;font-family: Arial;color: #212121;background-color: #ffffff;font-weight: 700;font-style: normal;font-variant: normal;text-decoration: none;vertical-align: baseline\">v\u0113rot dabu, pils\u0113tas ainavas un daudzus da\u017e\u0101dus att\u0101lin\u0101tus objektus.<\/span><span style=\"font-size: 12pt;font-family: Arial;color: #212121;background-color: #ffffff;font-weight: 400;font-style: normal;font-variant: normal;text-decoration: none;vertical-align: baseline\"> Ilgtermi\u0146a nov\u0113rojumos monokulim var uzst\u0101d\u012bt uz <\/span><span style=\"font-size: 12pt;font-family: Arial;color: #212121;background-color: #ffffff;font-weight: 700;font-style: normal;font-variant: normal;text-decoration: none;vertical-align: baseline\">jebkura stat\u012bvs ar standarta 1\/4 &#8220;v\u012btni.<\/span><span style=\"font-size: 12pt;font-family: Arial;color: #212121;background-color: #ffffff;font-weight: 700;font-style: normal;font-variant: normal;text-decoration: none;vertical-align: baseline\"><br class=\"kix-line-break\" \/><\/span><span style=\"font-size: 12pt;font-family: Arial;color: #212121;background-color: #ffffff;font-weight: 400;font-style: normal;font-variant: normal;text-decoration: none;vertical-align: baseline\"><br class=\"kix-line-break\" \/><\/span><span style=\"font-size: 12pt;font-family: Arial;color: #212121;background-color: #ffffff;font-weight: 400;font-style: normal;font-variant: normal;text-decoration: none;vertical-align: baseline\">Modern\u0101 jumta prizma, kas izgatavota no <\/span><span style=\"font-size: 12pt;font-family: Arial;color: #212121;background-color: #ffffff;font-weight: 700;font-style: normal;font-variant: normal;text-decoration: none;vertical-align: baseline\">stikla<\/span><span style=\"font-size: 12pt;font-family: Arial;color: #212121;background-color: #ffffff;font-weight: 400;font-style: normal;font-variant: normal;text-decoration: none;vertical-align: baseline\"> un<\/span><span style=\"font-size: 12pt;font-family: Arial;color: #212121;background-color: #ffffff;font-weight: 700;font-style: normal;font-variant: normal;text-decoration: none;vertical-align: baseline\"> daudzsl\u0101\u0146u l\u0113c\u0101m<\/span><span style=\"font-size: 12pt;font-family: Arial;color: #212121;background-color: #ffffff;font-weight: 400;font-style: normal;font-variant: normal;text-decoration: none;vertical-align: baseline\">, tiek izmantota &scaron;aj\u0101 monokul\u0101raj\u0101 kr\u0101s\u0101, lai sniegtu<\/span><span style=\"font-size: 12pt;font-family: Arial;color: #212121;background-color: #ffffff;font-weight: 700;font-style: normal;font-variant: normal;text-decoration: none;vertical-align: baseline\"> augstas iz&scaron;\u0137irtsp\u0113jas<\/span><span style=\"font-size: 12pt;font-family: Arial;color: #212121;background-color: #ffffff;font-weight: 400;font-style: normal;font-variant: normal;text-decoration: none;vertical-align: baseline\"> un <\/span><span style=\"font-size: 12pt;font-family: Arial;color: #212121;background-color: #ffffff;font-weight: 700;font-style: normal;font-variant: normal;text-decoration: none;vertical-align: baseline\">spilgtuma att\u0113lus<\/span><span style=\"font-size: 12pt;font-family: Arial;color: #212121;background-color: #ffffff;font-weight: 400;font-style: normal;font-variant: normal;text-decoration: none;vertical-align: baseline\">.<\/span><span style=\"font-size: 12pt;font-family: Arial;color: #212121;background-color: #ffffff;font-weight: 700;font-style: normal;font-variant: normal;text-decoration: none;vertical-align: baseline\"> 8x palielin\u0101jums<\/span><span style=\"font-size: 12pt;font-family: Arial;color: #212121;background-color: #ffffff;font-weight: 400;font-style: normal;font-variant: normal;text-decoration: none;vertical-align: baseline\"> nodro&scaron;ina visu veidu rokas nov\u0113ro&scaron;anu, neuztraucoties par att\u0113la satricin\u0101jumu. Ar <span style=\"font-weight: bold\">Levenhuk Wise 8&#215;42 Monokuli,<\/span> j\u016bs <\/span><span style=\"font-size: 12pt;font-family: Arial;color: #212121;background-color: #ffffff;font-weight: 700;font-style: normal;font-variant: normal;text-decoration: none;vertical-align: baseline\">nerad\u012bsiet negat\u012bvas sekas, kas rodas no dabiskas krat\u012b&scaron;anas.<\/span><span style=\"font-size: 12pt;font-family: Arial;color: #212121;background-color: #ffffff;font-weight: 700;font-style: normal;font-variant: normal;text-decoration: none;vertical-align: baseline\"><br class=\"kix-line-break\" \/><\/span><span style=\"font-size: 12pt;font-family: Arial;color: #212121;background-color: #ffffff;font-weight: 400;font-style: normal;font-variant: normal;text-decoration: none;vertical-align: baseline\"><br class=\"kix-line-break\" \/><\/span><span style=\"font-size: 12pt;font-family: Arial;color: #212121;background-color: #ffffff;font-weight: 400;font-style: normal;font-variant: normal;text-decoration: none;vertical-align: baseline\"><span style=\"font-weight: bold\">Levenhuk Wise 8&#215;42 Monokulis<\/span> pied\u0101v\u0101<\/span><span style=\"font-size: 12pt;font-family: Arial;color: #212121;background-color: #ffffff;font-weight: 700;font-style: normal;font-variant: normal;text-decoration: none;vertical-align: baseline\"> \u012bpa&scaron;u aizsardz\u012bbu pret vibr\u0101ciju.<\/span><span style=\"font-size: 12pt;font-family: Arial;color: #212121;background-color: #ffffff;font-weight: 700;font-style: normal;font-variant: normal;text-decoration: none;vertical-align: baseline\"> Visi optiskie elementi ir dro&scaron;i pasarg\u0101ti no putek\u013ciem, &scaron;\u013cakat\u0101m, krat\u012b&scaron;anas un nejau&scaron;as meh\u0101niskas p\u016b&scaron;anas<\/span><span style=\"font-size: 12pt;font-family: Arial;color: #212121;background-color: #ffffff;font-weight: 400;font-style: normal;font-variant: normal;text-decoration: none;vertical-align: baseline\">. Lielais fokus\u0113&scaron;anas ritenis ir \u013coti \u0113rts, jo tas \u013cauj jums piel\u0101got asumu tikai ar vienu roku. Vajadz\u012bbas gad\u012bjum\u0101 eyecup var viegli pagarin\u0101t garumu un atgriezties pie noklus\u0113juma st\u0101vok\u013ca.<\/span><span style=\"font-size: 12pt;font-family: Arial;color: #212121;background-color: #ffffff;font-weight: 400;font-style: normal;font-variant: normal;text-decoration: none;vertical-align: baseline\"><br class=\"kix-line-break\" \/><\/span><span style=\"font-size: 12pt;font-family: Arial;color: #212121;background-color: #ffffff;font-weight: 400;font-style: normal;font-variant: normal;text-decoration: none;vertical-align: baseline\"><br class=\"kix-line-break\" \/><\/span><span style=\"font-size: 12pt;font-family: Arial;color: #212121;background-color: #ffffff;font-weight: 700;font-style: normal;font-variant: normal;text-decoration: none;vertical-align: baseline\">Funkcijas:<\/span><span style=\"font-size: 12pt;font-family: Arial;color: #212121;background-color: #ffffff;font-weight: 400;font-style: normal;font-variant: normal;text-decoration: none;vertical-align: baseline\"><br class=\"kix-line-break\" \/><\/span><span style=\"font-size: 12pt;font-family: Arial;color: #212121;background-color: #ffffff;font-weight: 400;font-style: normal;font-variant: normal;text-decoration: none;vertical-align: baseline\"><br class=\"kix-line-break\" \/><\/span><span style=\"font-size: 12pt;font-family: Arial;color: #212121;background-color: #ffffff;font-weight: 400;font-style: normal;font-variant: normal;text-decoration: none;vertical-align: baseline\">Kompakts un viegls<\/span><span style=\"font-size: 12pt;font-family: Arial;color: #212121;background-color: #ffffff;font-weight: 400;font-style: normal;font-variant: normal;text-decoration: none;vertical-align: baseline\"><br class=\"kix-line-break\" \/><\/span><span style=\"font-size: 12pt;font-family: Arial;color: #212121;background-color: #ffffff;font-weight: 400;font-style: normal;font-variant: normal;text-decoration: none;vertical-align: baseline\">Piel\u0101gojams stat\u012bvam<\/span><span style=\"font-size: 12pt;font-family: Arial;color: #212121;background-color: #ffffff;font-weight: 400;font-style: normal;font-variant: normal;text-decoration: none;vertical-align: baseline\"><br class=\"kix-line-break\" \/><\/span><span style=\"font-size: 12pt;font-family: Arial;color: #212121;background-color: #ffffff;font-weight: 400;font-style: normal;font-variant: normal;text-decoration: none;vertical-align: baseline\">\u0112rti tur\u0113t<\/span><span style=\"font-size: 12pt;font-family: Arial;color: #212121;background-color: #ffffff;font-weight: 400;font-style: normal;font-variant: normal;text-decoration: none;vertical-align: baseline\"><br class=\"kix-line-break\" \/><\/span><span style=\"font-size: 12pt;font-family: Arial;color: #212121;background-color: #ffffff;font-weight: 400;font-style: normal;font-variant: normal;text-decoration: none;vertical-align: baseline\">Piem\u0113rots lieto&scaron;anai, glab\u0101jot brilles<\/span><span style=\"font-size: 12pt;font-family: Arial;color: #212121;background-color: #ffffff;font-weight: 400;font-style: normal;font-variant: normal;text-decoration: none;vertical-align: baseline\"><br class=\"kix-line-break\" \/><\/span><span style=\"font-size: 12pt;font-family: Arial;color: #212121;background-color: #ffffff;font-weight: 400;font-style: normal;font-variant: normal;text-decoration: none;vertical-align: baseline\">Augstas kvalit\u0101tes stikla optiskie elementi<\/span><span style=\"font-size: 12pt;font-family: Arial;color: #212121;background-color: #ffffff;font-weight: 400;font-style: normal;font-variant: normal;text-decoration: none;vertical-align: baseline\"><br class=\"kix-line-break\" \/><\/span><span style=\"font-size: 12pt;font-family: Arial;color: #212121;background-color: #ffffff;font-weight: 400;font-style: normal;font-variant: normal;text-decoration: none;vertical-align: baseline\">Daudzsl\u0101\u0146u p\u0101rkl\u0101jums<\/span><span style=\"font-size: 12pt;font-family: Arial;color: #212121;background-color: #ffffff;font-weight: 400;font-style: normal;font-variant: normal;text-decoration: none;vertical-align: baseline\"><br class=\"kix-line-break\" \/><\/span><span style=\"font-size: 12pt;font-family: Arial;color: #212121;background-color: #ffffff;font-weight: 400;font-style: normal;font-variant: normal;text-decoration: none;vertical-align: baseline\">Swift fokus\u0113&scaron;ana ar vienu roku<\/span><span style=\"font-size: 12pt;font-family: Arial;color: #212121;background-color: #ffffff;font-weight: 400;font-style: normal;font-variant: normal;text-decoration: none;vertical-align: baseline\"><br class=\"kix-line-break\" \/><\/span><span style=\"font-size: 12pt;font-family: Arial;color: #212121;background-color: #ffffff;font-weight: 400;font-style: normal;font-variant: normal;text-decoration: none;vertical-align: baseline\">Gumijas bru\u0146ots \u0137ermenis<\/span><span style=\"font-size: 12pt;font-family: Arial;color: #212121;background-color: #ffffff;font-weight: 400;font-style: normal;font-variant: normal;text-decoration: none;vertical-align: baseline\"><br class=\"kix-line-break\" \/><br class=\"kix-line-break\" \/><\/span><\/p>\n<p style=\"margin-bottom: 10px;padding: 0px;color: #3a3a3a;font-family: Vardana, sans-serif;font-size: 14px\">&nbsp;<\/p>\n<p style=\"line-height: 1.38;margin-top: 0pt;margin-bottom: 0pt\" dir=\"ltr\"><span style=\"font-size: 12pt;font-family: Arial;color: #212121;background-color: #ffffff;font-weight: 700;font-style: normal;font-variant: normal;text-decoration: none;vertical-align: baseline\">Komplekt\u0101 ietilpst:<\/span><span style=\"font-size: 12pt;font-family: Arial;color: #212121;background-color: #ffffff;font-weight: 400;font-style: normal;font-variant: normal;text-decoration: none;vertical-align: baseline\"><br class=\"kix-line-break\" \/><\/span><span style=\"font-size: 12pt;font-family: Arial;color: #212121;background-color: #ffffff;font-weight: 400;font-style: normal;font-variant: normal;text-decoration: none;vertical-align: baseline\"><br class=\"kix-line-break\" \/><\/span><span style=\"font-size: 12pt;font-family: Arial;color: #212121;background-color: #ffffff;font-weight: 400;font-style: normal;font-variant: normal;text-decoration: none;vertical-align: baseline\">Levenhuk Wise 8&#215;42 monokul\u0101ris<\/span><span style=\"font-size: 12pt;font-family: Arial;color: #212121;background-color: #ffffff;font-weight: 400;font-style: normal;font-variant: normal;text-decoration: none;vertical-align: baseline\"><br class=\"kix-line-break\" \/><\/span><span style=\"font-size: 12pt;font-family: Arial;color: #212121;background-color: #ffffff;font-weight: 400;font-style: normal;font-variant: normal;text-decoration: none;vertical-align: baseline\">Maisi\u0146&scaron;<\/span><span style=\"font-size: 12pt;font-family: Arial;color: #212121;background-color: #ffffff;font-weight: 400;font-style: normal;font-variant: normal;text-decoration: none;vertical-align: baseline\"><br class=\"kix-line-break\" \/><\/span><span style=\"font-size: 12pt;font-family: Arial;color: #212121;background-color: #ffffff;font-weight: 400;font-style: normal;font-variant: normal;text-decoration: none;vertical-align: baseline\">Okul\u0101ra aizsargv\u0101ks<\/span><span style=\"font-size: 12pt;font-family: Arial;color: #212121;background-color: #ffffff;font-weight: 400;font-style: normal;font-variant: normal;text-decoration: none;vertical-align: baseline\"><br class=\"kix-line-break\" \/><\/span><span style=\"font-size: 12pt;font-family: Arial;color: #212121;background-color: #ffffff;font-weight: 400;font-style: normal;font-variant: normal;text-decoration: none;vertical-align: baseline\">M\u0113r\u0137a aizsardz\u012bbas v\u0101ci\u0146&scaron;<\/span><span style=\"font-size: 12pt;font-family: Arial;color: #212121;background-color: #ffffff;font-weight: 400;font-style: normal;font-variant: normal;text-decoration: none;vertical-align: baseline\"><br class=\"kix-line-break\" \/><\/span><span style=\"font-size: 12pt;font-family: Arial;color: #212121;background-color: #ffffff;font-weight: 400;font-style: normal;font-variant: normal;text-decoration: none;vertical-align: baseline\">T\u012br\u012b&scaron;ana lupati\u0146a<\/span><span style=\"font-size: 12pt;font-family: Arial;color: #212121;background-color: #ffffff;font-weight: 400;font-style: normal;font-variant: normal;text-decoration: none;vertical-align: baseline\"><br class=\"kix-line-break\" \/><\/span><span style=\"font-size: 12pt;font-family: Arial;color: #212121;background-color: #ffffff;font-weight: 400;font-style: normal;font-variant: normal;text-decoration: none;vertical-align: baseline\">Siksna<\/span><span style=\"font-size: 12pt;font-family: Arial;color: #212121;background-color: #ffffff;font-weight: 400;font-style: normal;font-variant: normal;text-decoration: none;vertical-align: baseline\"><br class=\"kix-line-break\" \/><\/span><span style=\"font-size: 12pt;font-family: Arial;color: #212121;background-color: #ffffff;font-weight: 400;font-style: normal;font-variant: normal;text-decoration: none;vertical-align: baseline\">Lieto&scaron;anas instrukcija un m\u016b\u017ea garantija<\/span><\/p>\n<p style=\"line-height: 1.38;margin-top: 0pt;margin-bottom: 0pt\" dir=\"ltr\">&nbsp;<\/p>\n<table class=\"table table-bordered\" border=\"0\">\n<thead>\n<tr>\n<td colspan=\"2\"><strong>Atrib\u016bti<\/strong><\/td>\n<\/tr>\n<\/thead>\n<tbody>\n<tr>\n<td>Acs att\u0101lums<\/td>\n<td>18 mm<\/td>\n<\/tr>\n<tr>\n<td>Iepakojuma izm\u0113ri (GxPxA):<\/td>\n<td>17.0 x 8.3 x 6.8 cm<\/td>\n<\/tr>\n<tr>\n<td>Izejas z\u012bl\u012b&scaron;u diametrs<\/td>\n<td>5,2 mm<\/td>\n<\/tr>\n<tr>\n<td>Izm\u0113ri<\/td>\n<td>160\u044571\u044554 mm<\/td>\n<\/tr>\n<tr>\n<td>Korpusa materi\u0101ls<\/td>\n<td>plastmasa<\/td>\n<\/tr>\n<tr>\n<td>Lietojums<\/td>\n<td>Visp\u0101r\u012bg\u0101s lieto&scaron;anas produkts., Dr\u012bkst lietot b\u0113rni, kas ir, vec\u0101ki par 3 gadiem.<\/td>\n<\/tr>\n<tr>\n<td>Objekt\u012bva l\u0113cas diametrs (atv\u0113rums)<\/td>\n<td>42 mm<\/td>\n<\/tr>\n<tr>\n<td>Optikas materi\u0101ls<\/td>\n<td>BaK-4 stikla<\/td>\n<\/tr>\n<tr>\n<td>Optikas p\u0101rkl\u0101jums<\/td>\n<td>abpus\u0113js multi-p\u0101rkl\u0101jums<\/td>\n<\/tr>\n<tr>\n<td>Palielin\u0101jums<\/td>\n<td>8 x<\/td>\n<\/tr>\n<tr>\n<td>Papildu<\/td>\n<td>okul\u0101rs kauss: regul\u0113jams, 1\/4 &#8216; jack uzst\u0101d\u012b&scaron;anai uz stat\u012bva, anti-vibr\u0101cijas gumijas virsma<\/td>\n<\/tr>\n<tr>\n<td>Ra\u017eot\u0101ja valsts<\/td>\n<td>PRC, controlled by Levenhuk, Inc. (USA)<\/td>\n<\/tr>\n<tr>\n<td>Redzes lauks<\/td>\n<td>6,3 &deg;<\/td>\n<\/tr>\n<tr>\n<td>Redzes lauks, m\/1000 m<\/td>\n<td>110<\/td>\n<\/tr>\n<tr>\n<td>Svars<\/td>\n<td>0,353 kg<\/td>\n<\/tr>\n<tr>\n<td>Tuvais fokuss<\/td>\n<td>3 m<\/td>\n<\/tr>\n<\/tbody>\n<\/table>\n<p style=\"line-height: 1.38;margin-top: 0pt;margin-bottom: 0pt\" dir=\"ltr\"><span style=\"font-size: 12pt;font-family: Arial;color: #212121;background-color: #ffffff;font-weight: 400;font-style: normal;font-variant: normal;text-decoration: none;vertical-align: baseline\"><\/span><\/p>\n<table style=\"font-size: 10pt;font-family: arial, sans, sans-serif;width: 0px;border: none\" dir=\"ltr\" border=\"1\" cellspacing=\"0\" cellpadding=\"0\">\n<tbody>\n<tr style=\"height: 21px\">\n<td style=\"border-color: #000000;overflow: hidden;padding: 2px 3px;vertical-align: middle;font-family: Arial;font-size: 9pt;font-weight: bold;color: #222222;text-align: center\" colspan=\"2\"><\/td>\n<\/tr>\n<tr style=\"height: 21px\">\n<td style=\"border-right-color: #000000;border-bottom-color: #000000;border-left-color: #000000;overflow: hidden;padding: 2px 3px;vertical-align: middle;font-family: Arial;font-size: 9pt;color: #222222;text-align: center\"><\/td>\n<td style=\"border-right-color: #000000;border-bottom-color: #000000;overflow: hidden;padding: 2px 3px;vertical-align: middle;font-family: Arial;font-size: 9pt;color: #222222;text-align: center\"><\/td>\n<\/tr>\n<tr style=\"height: 52px\">\n<td style=\"border-right-color: #000000;border-bottom-color: #000000;border-left-color: #000000;overflow: hidden;padding: 2px 3px;vertical-align: middle;font-family: Arial;font-size: 9pt;color: #222222;text-align: center\"><\/td>\n<\/tr>\n<\/tbody>\n<\/table>\n","protected":false},"excerpt":{"rendered":"<p>Levenhuk Wise 8&#215;42 Monokulis ir apr\u012bkots ar jaud\u012bgu palielin\u0101jumu, kompakta izm\u0113ra un uzticama dizaina kombin\u0101cija. Tas ir tie&scaron;i instruments ar lielisku optisko sniegumu, kas jums pal\u012bdz\u0113s jebkur\u0101 situ\u0101cij\u0101. Ar Levenhuk Wise 8&#215;42, j\u016bs varat v\u0113rot dabu, pils\u0113tas ainavas un daudzus da\u017e\u0101dus att\u0101lin\u0101tus objektus. Ilgtermi\u0146a nov\u0113rojumos monokulim var uzst\u0101d\u012bt uz jebkura stat\u012bvs ar standarta 1\/4 &#8220;v\u012btni.Modern\u0101 [&hellip;]<\/p>\n","protected":false},"featured_media":0,"template":"","meta":[],"product_brand":[3372],"product_cat":[4640,4938,4941],"product_tag":[],"class_list":{"0":"post-79426","1":"product","2":"type-product","3":"status-publish","5":"product_brand-levenhuk","6":"product_cat-recreation","7":"product_cat-optics-recreation","8":"product_cat-monoculars-optics-recreation","10":"first","11":"instock","12":"shipping-taxable","13":"product-type-simple"},"_links":{"self":[{"href":"https:\/\/sezona.lv\/en\/wp-json\/wp\/v2\/product\/79426","targetHints":{"allow":["GET"]}}],"collection":[{"href":"https:\/\/sezona.lv\/en\/wp-json\/wp\/v2\/product"}],"about":[{"href":"https:\/\/sezona.lv\/en\/wp-json\/wp\/v2\/types\/product"}],"wp:attachment":[{"href":"https:\/\/sezona.lv\/en\/wp-json\/wp\/v2\/media?parent=79426"}],"wp:term":[{"taxonomy":"product_brand","embeddable":true,"href":"https:\/\/sezona.lv\/en\/wp-json\/wp\/v2\/product_brand?post=79426"},{"taxonomy":"product_cat","embeddable":true,"href":"https:\/\/sezona.lv\/en\/wp-json\/wp\/v2\/product_cat?post=79426"},{"taxonomy":"product_tag","embeddable":true,"href":"https:\/\/sezona.lv\/en\/wp-json\/wp\/v2\/product_tag?post=79426"}],"curies":[{"name":"wp","href":"https:\/\/api.w.org\/{rel}","templated":true}]}}