{"id":79428,"date":"2025-07-11T17:01:05","date_gmt":"2025-07-11T14:01:05","guid":{"rendered":"https:\/\/demo8.ecube.lv\/sezona.lv\/products\/bresser-nautics-8x25-monoklis\/"},"modified":"2025-07-14T15:39:57","modified_gmt":"2025-07-14T12:39:57","slug":"bresser-nautics-8x25-monoklis","status":"publish","type":"product","link":"https:\/\/sezona.lv\/en\/products\/bresser-nautics-8x25-monoklis\/","title":{"rendered":"Bresser Nautics 8&#215;25 Monoklis"},"content":{"rendered":"<p><span id=\"docs-internal-guid-fa0ad76f-ed74-23e5-ccdd-9169dca1ed5a\"> <\/span><\/p>\n<p>&nbsp;<\/p>\n<p><span style=\"color: #000000;font-family: Arial;font-size: 11pt\">Monoklis, kur&scaron; iztur\u0113s, \u013coti skarbus laika apst\u0101k\u013cus &ndash; lietu, sniegu, mitrumu. Tas ir pild\u012bts ar sauso sl\u0101pekli, piln\u012bb\u0101 \u016bdens iztur\u012bgs un ar speci\u0101lu gumijas p\u0101rkl\u0101jumu. Paredz\u0113ts izmanto&scaron;anai uz \u016bdens jeb skarbos laika apst\u0101k\u013cos. Monoklim ir 8 rei\u017eu palielin\u0101jums un 25 mm l\u0113cu diametrs. Apr\u012bkots ar proporciju skalu, kompasu un dioptriju izl\u012bdzin\u0101&scaron;anas funkciju.<\/span><\/p>\n<p>&nbsp;<\/p>\n<p style=\"line-height: 1.38;margin-top: 0pt;margin-bottom: 0pt\" dir=\"ltr\"><span style=\"font-size: 11pt;font-family: Arial;color: #212121;background-color: #ffffff;font-weight: 700;font-style: normal;font-variant: normal;text-decoration: none;vertical-align: baseline\">Funckijas:<\/span><span style=\"font-size: 11pt;font-family: Arial;color: #212121;background-color: #ffffff;font-weight: 400;font-style: normal;font-variant: normal;text-decoration: none;vertical-align: baseline\"><br class=\"kix-line-break\" \/><\/span><span style=\"font-size: 11pt;font-family: Arial;color: #212121;background-color: #ffffff;font-weight: 400;font-style: normal;font-variant: normal;text-decoration: none;vertical-align: baseline\">Dubulta p\u0101rkl\u0101ta optika<\/span><span style=\"font-size: 11pt;font-family: Arial;color: #212121;background-color: #ffffff;font-weight: 400;font-style: normal;font-variant: normal;text-decoration: none;vertical-align: baseline\"><br class=\"kix-line-break\" \/><\/span><span style=\"font-size: 11pt;font-family: Arial;color: #212121;background-color: #ffffff;font-weight: 400;font-style: normal;font-variant: normal;text-decoration: none;vertical-align: baseline\">\u016adensdro&scaron;s<\/span><span style=\"font-size: 11pt;font-family: Arial;color: #212121;background-color: #ffffff;font-weight: 400;font-style: normal;font-variant: normal;text-decoration: none;vertical-align: baseline\"><br class=\"kix-line-break\" \/><\/span><span style=\"font-size: 11pt;font-family: Arial;color: #212121;background-color: #ffffff;font-weight: 400;font-style: normal;font-variant: normal;text-decoration: none;vertical-align: baseline\">Dioptrijas regul\u0113&scaron;ana<\/span><span style=\"font-size: 11pt;font-family: Arial;color: #212121;background-color: #ffffff;font-weight: 400;font-style: normal;font-variant: normal;text-decoration: none;vertical-align: baseline\"><br class=\"kix-line-break\" \/><\/span><span style=\"font-size: 11pt;font-family: Arial;color: #212121;background-color: #ffffff;font-weight: 400;font-style: normal;font-variant: normal;text-decoration: none;vertical-align: baseline\">TwistUp eyecups<\/span><span style=\"font-size: 11pt;font-family: Arial;color: #212121;background-color: #ffffff;font-weight: 400;font-style: normal;font-variant: normal;text-decoration: none;vertical-align: baseline\"><br class=\"kix-line-break\" \/><\/span><span style=\"font-size: 11pt;font-family: Arial;color: #212121;background-color: #ffffff;font-weight: 400;font-style: normal;font-variant: normal;text-decoration: none;vertical-align: baseline\">LE- okul\u0101rs<\/span><span style=\"font-size: 11pt;font-family: Arial;color: #212121;background-color: #ffffff;font-weight: 400;font-style: normal;font-variant: normal;text-decoration: none;vertical-align: baseline\"><br class=\"kix-line-break\" \/><\/span><span style=\"font-size: 11pt;font-family: Arial;color: #212121;background-color: #ffffff;font-weight: 400;font-style: normal;font-variant: normal;text-decoration: none;vertical-align: baseline\">Bak-4 stikls<\/span><span style=\"font-size: 11pt;font-family: Arial;color: #212121;background-color: #ffffff;font-weight: 400;font-style: normal;font-variant: normal;text-decoration: none;vertical-align: baseline\"><br class=\"kix-line-break\" \/><\/span><span style=\"font-size: 11pt;font-family: Arial;color: #212121;background-color: #ffffff;font-weight: 400;font-style: normal;font-variant: normal;text-decoration: none;vertical-align: baseline\"><br class=\"kix-line-break\" \/><\/span><span style=\"font-size: 11pt;font-family: Arial;color: #212121;background-color: #ffffff;font-weight: 700;font-style: normal;font-variant: normal;text-decoration: none;vertical-align: baseline\">Komplekt\u0101 ietilpst:<\/span><span style=\"font-size: 11pt;font-family: Arial;color: #212121;background-color: #ffffff;font-weight: 400;font-style: normal;font-variant: normal;text-decoration: none;vertical-align: baseline\"><br class=\"kix-line-break\" \/><\/span><span style=\"font-size: 11pt;font-family: Arial;color: #212121;background-color: #ffffff;font-weight: 400;font-style: normal;font-variant: normal;text-decoration: none;vertical-align: baseline\">Monokul\u0101ra<\/span><span style=\"font-size: 11pt;font-family: Arial;color: #212121;background-color: #ffffff;font-weight: 400;font-style: normal;font-variant: normal;text-decoration: none;vertical-align: baseline\"><br class=\"kix-line-break\" \/><\/span><span style=\"font-size: 11pt;font-family: Arial;color: #212121;background-color: #ffffff;font-weight: 400;font-style: normal;font-variant: normal;text-decoration: none;vertical-align: baseline\">Nylon jostas maisi\u0146&scaron;<\/span><span style=\"font-size: 11pt;font-family: Arial;color: #212121;background-color: #ffffff;font-weight: 400;font-style: normal;font-variant: normal;text-decoration: none;vertical-align: baseline\"><br class=\"kix-line-break\" \/><\/span><span style=\"font-size: 11pt;font-family: Arial;color: #212121;background-color: #ffffff;font-weight: 400;font-style: normal;font-variant: normal;text-decoration: none;vertical-align: baseline\">Siksna<\/span><span style=\"font-size: 11pt;font-family: Arial;color: #212121;background-color: #ffffff;font-weight: 400;font-style: normal;font-variant: normal;text-decoration: none;vertical-align: baseline\"><br class=\"kix-line-break\" \/><\/span><span style=\"font-size: 11pt;font-family: Arial;color: #212121;background-color: #ffffff;font-weight: 400;font-style: normal;font-variant: normal;text-decoration: none;vertical-align: baseline\">L\u0113cas audums<\/span><span style=\"font-size: 11pt;font-family: Arial;color: #212121;background-color: #ffffff;font-weight: 400;font-style: normal;font-variant: normal;text-decoration: none;vertical-align: baseline\"><br class=\"kix-line-break\" \/><\/span><span style=\"font-size: 11pt;font-family: Arial;color: #212121;background-color: #ffffff;font-weight: 400;font-style: normal;font-variant: normal;text-decoration: none;vertical-align: baseline\">Instrukcijas<\/span><\/p>\n<p style=\"line-height: 1.38;margin-top: 0pt;margin-bottom: 0pt\" dir=\"ltr\">&nbsp;<\/p>\n<table class=\"table table-bordered\" border=\"0\">\n<thead>\n<tr>\n<td colspan=\"2\"><strong>Atrib\u016bti<\/strong><\/td>\n<\/tr>\n<\/thead>\n<tbody>\n<tr>\n<td>LE okul\u0101ri<\/td>\n<td>+<\/td>\n<\/tr>\n<tr>\n<td>Materi\u0101la prizma<\/td>\n<td>BaK-4<\/td>\n<\/tr>\n<tr>\n<td>P\u0101rkl\u0101juma veids<\/td>\n<td>Piln\u012bb\u0101, dubultas p\u0101rkl\u0101jums<\/td>\n<\/tr>\n<tr>\n<td>Aplik\u0101cija<\/td>\n<td>\u016adenssports un bur\u0101&scaron;ana Ce\u013co&scaron;ana un sports Te\u0101tris un opera Putnu v\u0113ro&scaron;ana un dabas nov\u0113ro&scaron;ana<\/td>\n<\/tr>\n<tr>\n<td>Gaismas intensit\u0101te<\/td>\n<td>9.76<\/td>\n<\/tr>\n<tr>\n<td>Kr\u0113slas koeficients<\/td>\n<td>14.14<\/td>\n<\/tr>\n<tr>\n<td>m\u0113r\u0137a diametrs<\/td>\n<td>25 mm<\/td>\n<\/tr>\n<tr>\n<td>Okul\u0101ri<\/td>\n<td>+<\/td>\n<\/tr>\n<tr>\n<td>Optiskais dizains<\/td>\n<td>Roof<\/td>\n<\/tr>\n<tr>\n<td>Palielin\u0101jums<\/td>\n<td>8x<\/td>\n<\/tr>\n<tr>\n<td>Redzes lauks<\/td>\n<td>6.97 &deg;<\/td>\n<\/tr>\n<tr>\n<td>Redzes lauks, m\/1000 m<\/td>\n<td>122 m<\/td>\n<\/tr>\n<tr>\n<td>Tips<\/td>\n<td>Monokul\u0101rs J\u016brniec\u012bbas\/flotes binoklis<\/td>\n<\/tr>\n<tr>\n<td>Tuvais fokuss<\/td>\n<td>5 m<\/td>\n<\/tr>\n<\/tbody>\n<\/table>\n<p style=\"line-height: 1.38;margin-top: 0pt;margin-bottom: 0pt\" dir=\"ltr\"><span style=\"font-size: 11pt;font-family: Arial;color: #212121;background-color: #ffffff;font-weight: 400;font-style: normal;font-variant: normal;text-decoration: none;vertical-align: baseline\"><\/span><\/p>\n<table style=\"font-size: 10pt;font-family: arial, sans, sans-serif;width: 0px;border: none\" dir=\"ltr\" border=\"1\" cellspacing=\"0\" cellpadding=\"0\">\n<tbody>\n<tr style=\"height: 21px\">\n<td style=\"border-color: #000000;overflow: hidden;padding: 2px 3px;vertical-align: middle;font-family: Arial;font-size: 9pt;font-weight: bold;color: #222222;text-align: center\" colspan=\"2\"><\/td>\n<\/tr>\n<tr style=\"height: 21px\">\n<td style=\"border-right-color: #000000;border-bottom-color: #000000;border-left-color: #000000;overflow: hidden;padding: 2px 3px;vertical-align: middle;font-family: Arial;font-size: 9pt;color: #222222;text-align: center\"><\/td>\n<td style=\"border-right-color: #000000;border-bottom-color: #000000;overflow: hidden;padding: 2px 3px;vertical-align: middle;font-family: Arial;font-size: 9pt;color: #222222;text-align: center\"><\/td>\n<\/tr>\n<tr style=\"height: 52px\">\n<td style=\"border-right-color: #000000;border-bottom-color: #000000;border-left-color: #000000;overflow: hidden;padding: 2px 3px;vertical-align: middle;font-family: Arial;font-size: 9pt;color: #222222;text-align: center\"><\/td>\n<\/tr>\n<\/tbody>\n<\/table>\n","protected":false},"excerpt":{"rendered":"<p>&nbsp; Monoklis, kur&scaron; iztur\u0113s, \u013coti skarbus laika apst\u0101k\u013cus &ndash; lietu, sniegu, mitrumu. Tas ir pild\u012bts ar sauso sl\u0101pekli, piln\u012bb\u0101 \u016bdens iztur\u012bgs un ar speci\u0101lu gumijas p\u0101rkl\u0101jumu. Paredz\u0113ts izmanto&scaron;anai uz \u016bdens jeb skarbos laika apst\u0101k\u013cos. Monoklim ir 8 rei\u017eu palielin\u0101jums un 25 mm l\u0113cu diametrs. Apr\u012bkots ar proporciju skalu, kompasu un dioptriju izl\u012bdzin\u0101&scaron;anas funkciju. &nbsp; Funckijas:Dubulta [&hellip;]<\/p>\n","protected":false},"featured_media":72170,"template":"","meta":[],"product_brand":[],"product_cat":[4938,4941],"product_tag":[],"class_list":{"0":"post-79428","1":"product","2":"type-product","3":"status-publish","4":"has-post-thumbnail","6":"product_cat-optics-recreation","7":"product_cat-monoculars-optics-recreation","9":"first","10":"instock","11":"shipping-taxable","12":"purchasable","13":"product-type-simple"},"_links":{"self":[{"href":"https:\/\/sezona.lv\/en\/wp-json\/wp\/v2\/product\/79428","targetHints":{"allow":["GET"]}}],"collection":[{"href":"https:\/\/sezona.lv\/en\/wp-json\/wp\/v2\/product"}],"about":[{"href":"https:\/\/sezona.lv\/en\/wp-json\/wp\/v2\/types\/product"}],"wp:featuredmedia":[{"embeddable":true,"href":"https:\/\/sezona.lv\/en\/wp-json\/wp\/v2\/media\/72170"}],"wp:attachment":[{"href":"https:\/\/sezona.lv\/en\/wp-json\/wp\/v2\/media?parent=79428"}],"wp:term":[{"taxonomy":"product_brand","embeddable":true,"href":"https:\/\/sezona.lv\/en\/wp-json\/wp\/v2\/product_brand?post=79428"},{"taxonomy":"product_cat","embeddable":true,"href":"https:\/\/sezona.lv\/en\/wp-json\/wp\/v2\/product_cat?post=79428"},{"taxonomy":"product_tag","embeddable":true,"href":"https:\/\/sezona.lv\/en\/wp-json\/wp\/v2\/product_tag?post=79428"}],"curies":[{"name":"wp","href":"https:\/\/api.w.org\/{rel}","templated":true}]}}