{"id":79430,"date":"2025-07-11T17:01:10","date_gmt":"2025-07-11T14:01:10","guid":{"rendered":"https:\/\/demo8.ecube.lv\/sezona.lv\/products\/levenhuk-wise-plus-8x32-kompakts-kabatas-mitrumizturigs-monoklis\/"},"modified":"2025-07-14T15:39:59","modified_gmt":"2025-07-14T12:39:59","slug":"levenhuk-wise-plus-8x32-kompakts-kabatas-mitrumizturigs-monoklis","status":"publish","type":"product","link":"https:\/\/sezona.lv\/en\/products\/levenhuk-wise-plus-8x32-kompakts-kabatas-mitrumizturigs-monoklis\/","title":{"rendered":"Levenhuk Wise PLUS 8&#215;32 Kompakts Kabatas Mitrumiztur\u012bgs Monoklis"},"content":{"rendered":"<p style=\"line-height: 1.38;margin-top: 0pt;margin-bottom: 0pt\" dir=\"ltr\"><span style=\"font-size: 11pt;font-family: Arial;color: #212121;background-color: #ffffff;font-weight: 700;font-style: normal;font-variant: normal;text-decoration: none;vertical-align: baseline\">Levenhuk Wise PLUS 8&#215;32<\/span><span style=\"font-size: 11pt;font-family: Arial;color: #212121;background-color: #ffffff;font-weight: 400;font-style: normal;font-variant: normal;text-decoration: none;vertical-align: baseline\"> k\u013c\u016bs par j\u016bsu uzticamu biedri &nbsp;vai p\u0101rg\u0101jienus, nov\u0113rojot pils\u0113tas arhitekt\u016bru vai izbaudot lauku ainavu!<\/span><span style=\"font-size: 11pt;font-family: Arial;color: #212121;background-color: #ffffff;font-weight: 700;font-style: normal;font-variant: normal;text-decoration: none;vertical-align: baseline\"> 8x palielin\u0101jums,<\/span><span style=\"font-size: 11pt;font-family: Arial;color: #212121;background-color: #ffffff;font-weight: 400;font-style: normal;font-variant: normal;text-decoration: none;vertical-align: baseline\"> \u013cauj viegli un \u0101tri identific\u0113t objektus, pat ja m\u0113r\u0137a objekts atrodas iev\u0113rojam\u0101 att\u0101lum\u0101 no nov\u0113rot\u0101ja. Piln\u012bb\u0101 daudzveid\u012bg\u0101 p\u0101rkl\u0101juma optika rada lielisku att\u0113la kvalit\u0101ti. Tai ir pla&scaron;s redzes lauks, kas padara to par ide\u0101lu panor\u0101mas nov\u0113ro&scaron;anas instrumentu, &scaron;aj\u0101 jom\u0101. Korpuss ir <\/span><span style=\"font-size: 11pt;font-family: Arial;color: #212121;background-color: #ffffff;font-weight: 700;font-style: normal;font-variant: normal;text-decoration: none;vertical-align: baseline\">piln\u012bgi \u016bdensnecaurlaid\u012bgs<\/span><span style=\"font-size: 11pt;font-family: Arial;color: #212121;background-color: #ffffff;font-weight: 400;font-style: normal;font-variant: normal;text-decoration: none;vertical-align: baseline\"> &#8211; instruments nebaid\u0101s no lietus vai sniega. Pateicoties t\u0101 lieliskai komforta izm\u0113riem, instruments \u0113rti ietilpst kabat\u0101 &#8211; j\u016bs varat to \u0146emt l\u012bdzi jebkur\u0101 viet\u0101! <\/span><\/p>\n<p><span id=\"docs-internal-guid-a180b897-bfc9-78c3-9513-b55907dd1ed7\"><br \/><span style=\"font-size: 11pt;font-family: Arial;color: #212121;font-weight: 700;vertical-align: baseline\">Atkl\u0101jiet pasauli ar Levenhuk Wise PLUS 8&#215;32!<\/span><span style=\"font-size: 11pt;font-family: Arial;color: #212121;vertical-align: baseline\"><br class=\"kix-line-break\" \/><\/span><span style=\"font-size: 11pt;font-family: Arial;color: #212121;vertical-align: baseline\"><br class=\"kix-line-break\" \/><\/span><span style=\"font-size: 11pt;font-family: Arial;color: #212121;vertical-align: baseline\">Optika ir izgatavota no <\/span><span style=\"font-size: 11pt;font-family: Arial;color: #212121;font-weight: 700;vertical-align: baseline\">BaK-4 stikla<\/span><span style=\"font-size: 11pt;font-family: Arial;color: #212121;vertical-align: baseline\"> un rada asus, un krist\u0101ldzidrus skatus. Lai samazin\u0101tu gaismas zudumu monokul\u0101raj\u0101 \u0137ermen\u012b, objekt\u012bvi ir<\/span><span style=\"font-size: 11pt;font-family: Arial;color: #212121;font-weight: 700;vertical-align: baseline\"> piln\u012bb\u0101 p\u0101rkl\u0101ti ar vair\u0101kiem antireflekt\u012bvo p\u0101rkl\u0101jumu sl\u0101\u0146iem<\/span><span style=\"font-size: 11pt;font-family: Arial;color: #212121;vertical-align: baseline\">. Lai nepie\u013cautu, ka optika tiek miglota pat augst\u0101 mitrum\u0101, <\/span><span style=\"font-size: 11pt;font-family: Arial;color: #212121;font-weight: 700;vertical-align: baseline\">korpuss ir piepild\u012bts ar sl\u0101pek\u013ca g\u0101zi<\/span><span style=\"font-size: 11pt;font-family: Arial;color: #212121;vertical-align: baseline\">. Monokul\u0101ri rada spilgtus att\u0113lus ar dabisk\u0101m kr\u0101s\u0101m, un att\u0113ls ir asis, un skaidrs pat sliktos laika apst\u0101k\u013cos. Dro&scaron;s gumijas bru\u0146u korpuss aizsarg\u0101 instrumentu no meh\u0101nisk\u0101 &scaron;oka un nodro&scaron;ina dro&scaron;u sa\u0137eri.<\/span><span style=\"font-size: 11pt;font-family: Arial;color: #212121;vertical-align: baseline\"><br class=\"kix-line-break\" \/><\/span><span style=\"font-size: 11pt;font-family: Arial;color: #212121;vertical-align: baseline\"><br class=\"kix-line-break\" \/><\/span><span style=\"font-size: 11pt;font-family: Arial;color: #212121;vertical-align: baseline\">Monokul\u0101rais dizains nodro&scaron;ina augstu komforta l\u012bmeni nov\u0113ro&scaron;anas sesiju laik\u0101. L\u0113cas ir apr\u012bkotas ar<\/span><span style=\"font-size: 11pt;font-family: Arial;color: #212121;font-weight: 700;vertical-align: baseline\"> ergonomisku m\u012bkstu gumiju eyecup<\/span><span style=\"font-size: 11pt;font-family: Arial;color: #212121;vertical-align: baseline\">, kas efekt\u012bvi izgrie\u017e \u0101r\u0113jo spo\u017eumu (un to var viegli no\u0146emt, ja tas nav nepiecie&scaron;ams). Monoklis \u0113rti ietilpst j\u016bsu rok\u0101, turkl\u0101t tam ir \u013coti pat\u012bkami pieskarties. \u0112rta no\u0146emam\u0101 siksna ir viegli piel\u0101gojama, j\u016bsu roku izm\u0113ram. <\/span><span style=\"font-size: 11pt;font-family: Arial;color: #212121;font-weight: 700;vertical-align: baseline\">Monokulim ir \u013coti stil\u012bg\u0101 d\u0101vanu kast\u0113.<\/span><span style=\"font-size: 11pt;font-family: Arial;color: #212121;vertical-align: baseline\"><br class=\"kix-line-break\" \/><\/span><span style=\"font-size: 11pt;font-family: Arial;color: #212121;vertical-align: baseline\"><br class=\"kix-line-break\" \/><\/span><span style=\"font-size: 11pt;font-family: Arial;color: #212121;font-weight: 700;vertical-align: baseline\">Komplekt\u0101 ietilpst:<\/span><span style=\"font-size: 11pt;font-family: Arial;color: #212121;vertical-align: baseline\"><br class=\"kix-line-break\" \/><\/span><span style=\"font-size: 11pt;font-family: Arial;color: #212121;vertical-align: baseline\"><br class=\"kix-line-break\" \/><\/span><span style=\"font-size: 11pt;font-family: Arial;color: #212121;vertical-align: baseline\">Levenhuk Wise PLUS 8&#215;32 monokulis<\/span><span style=\"font-size: 11pt;font-family: Arial;color: #212121;vertical-align: baseline\"><br class=\"kix-line-break\" \/><\/span><span style=\"font-size: 11pt;font-family: Arial;color: #212121;vertical-align: baseline\">Objekt\u012bvu v\u0101ci\u0146&scaron;<\/span><span style=\"font-size: 11pt;font-family: Arial;color: #212121;vertical-align: baseline\"><br class=\"kix-line-break\" \/><\/span><span style=\"font-size: 11pt;font-family: Arial;color: #212121;vertical-align: baseline\">T\u012br\u012b&scaron;ana lupati\u0146a<\/span><span style=\"font-size: 11pt;font-family: Arial;color: #212121;vertical-align: baseline\"><br class=\"kix-line-break\" \/><\/span><span style=\"font-size: 11pt;font-family: Arial;color: #212121;vertical-align: baseline\">Siksna<\/span><span style=\"font-size: 11pt;font-family: Arial;color: #212121;vertical-align: baseline\"><br class=\"kix-line-break\" \/><\/span><span style=\"font-size: 11pt;font-family: Arial;color: #212121;vertical-align: baseline\">Maisi\u0146&scaron;<\/span><span style=\"font-size: 11pt;font-family: Arial;color: #212121;vertical-align: baseline\"><br class=\"kix-line-break\" \/><\/span><span style=\"font-size: 11pt;font-family: Arial;color: #212121;vertical-align: baseline\">Lietot\u0101ja rokasgr\u0101mata un m\u016b\u017ea garantija<\/span><\/span><\/p>\n<p>&nbsp;<\/p>\n<table class=\"table table-bordered\" border=\"0\">\n<thead>\n<tr>\n<td colspan=\"2\"><strong>Atrib\u016bti<\/strong><\/td>\n<\/tr>\n<\/thead>\n<tbody>\n<tr>\n<td>Acs att\u0101lums<\/td>\n<td>13,6 mm<\/td>\n<\/tr>\n<tr>\n<td>Darb\u012bbas temperat\u016bras diapazons<\/td>\n<td>-15&#8230;+60 &deg; C<\/td>\n<\/tr>\n<tr>\n<td>Garantija<\/td>\n<td>m\u016b\u017ea garantija<\/td>\n<\/tr>\n<tr>\n<td>Izejas z\u012bl\u012b&scaron;u diametrs<\/td>\n<td>4 mm<\/td>\n<\/tr>\n<tr>\n<td>Izm\u0113ri<\/td>\n<td>140&#215;41 mm<\/td>\n<\/tr>\n<tr>\n<td>Iz&scaron;\u0137irtsp\u0113jas slieksnis, (arcsecundes)<\/td>\n<td>8<\/td>\n<\/tr>\n<tr>\n<td>Objekt\u012bva l\u0113cas diametrs (atv\u0113rums)<\/td>\n<td>32 mm<\/td>\n<\/tr>\n<tr>\n<td>Okul\u0101ru dioptriju korekcija, dioptriju skala<\/td>\n<td>&plusmn;4<\/td>\n<\/tr>\n<tr>\n<td>Optikas materi\u0101ls<\/td>\n<td>BaK-4 stikla<\/td>\n<\/tr>\n<tr>\n<td>Optikas p\u0101rkl\u0101jums<\/td>\n<td>abpus\u0113js multi-p\u0101rkl\u0101jums<\/td>\n<\/tr>\n<tr>\n<td>Palielin\u0101jums<\/td>\n<td>8 x<\/td>\n<\/tr>\n<tr>\n<td>Ra\u017eot\u0101ja valsts<\/td>\n<td>PRC, vada Levenhuk, Inc. (ASV)<\/td>\n<\/tr>\n<tr>\n<td>Redzes lauks<\/td>\n<td>7,5 &deg;<\/td>\n<\/tr>\n<tr>\n<td>Redzes lauks, m\/1000 m<\/td>\n<td>131,3<\/td>\n<\/tr>\n<tr>\n<td>Tuvais fokuss<\/td>\n<td>3 m<\/td>\n<\/tr>\n<\/tbody>\n<\/table>\n<p><span><span style=\"font-size: 11pt;font-family: Arial;color: #212121;vertical-align: baseline\"><\/span><\/span><\/p>\n<table style=\"font-size: 10pt;font-family: arial, sans, sans-serif;width: 0px;border: none\" dir=\"ltr\" border=\"1\" cellspacing=\"0\" cellpadding=\"0\">\n<tbody>\n<tr style=\"height: 21px\">\n<td style=\"border-color: #000000;overflow: hidden;padding: 2px 3px;vertical-align: middle;font-family: Arial;font-size: 9pt;font-weight: bold;color: #222222;text-align: center\" colspan=\"2\">&nbsp;<\/td>\n<\/tr>\n<tr style=\"height: 21px\">\n<td style=\"border-right-color: #000000;border-bottom-color: #000000;border-left-color: #000000;overflow: hidden;padding: 2px 3px;vertical-align: middle;font-family: Arial;font-size: 9pt;color: #222222;text-align: center\">&nbsp;<\/td>\n<td style=\"border-right-color: #000000;border-bottom-color: #000000;overflow: hidden;padding: 2px 3px;vertical-align: middle;font-family: Arial;font-size: 9pt;color: #222222;text-align: center\">&nbsp;<\/td>\n<\/tr>\n<tr style=\"height: 52px\">\n<td style=\"border-right-color: #000000;border-bottom-color: #000000;border-left-color: #000000;overflow: hidden;padding: 2px 3px;vertical-align: middle;font-family: Arial;font-size: 9pt;color: #222222;text-align: center\">&nbsp;<\/td>\n<\/tr>\n<\/tbody>\n<\/table>\n","protected":false},"excerpt":{"rendered":"<p>Levenhuk Wise PLUS 8&#215;32 k\u013c\u016bs par j\u016bsu uzticamu biedri &nbsp;vai p\u0101rg\u0101jienus, nov\u0113rojot pils\u0113tas arhitekt\u016bru vai izbaudot lauku ainavu! 8x palielin\u0101jums, \u013cauj viegli un \u0101tri identific\u0113t objektus, pat ja m\u0113r\u0137a objekts atrodas iev\u0113rojam\u0101 att\u0101lum\u0101 no nov\u0113rot\u0101ja. Piln\u012bb\u0101 daudzveid\u012bg\u0101 p\u0101rkl\u0101juma optika rada lielisku att\u0113la kvalit\u0101ti. Tai ir pla&scaron;s redzes lauks, kas padara to par ide\u0101lu panor\u0101mas nov\u0113ro&scaron;anas [&hellip;]<\/p>\n","protected":false},"featured_media":72185,"template":"","meta":[],"product_brand":[3372],"product_cat":[4938,4941],"product_tag":[],"class_list":{"0":"post-79430","1":"product","2":"type-product","3":"status-publish","4":"has-post-thumbnail","6":"product_brand-levenhuk","7":"product_cat-optics-recreation","8":"product_cat-monoculars-optics-recreation","10":"first","11":"instock","12":"shipping-taxable","13":"purchasable","14":"product-type-simple"},"_links":{"self":[{"href":"https:\/\/sezona.lv\/en\/wp-json\/wp\/v2\/product\/79430","targetHints":{"allow":["GET"]}}],"collection":[{"href":"https:\/\/sezona.lv\/en\/wp-json\/wp\/v2\/product"}],"about":[{"href":"https:\/\/sezona.lv\/en\/wp-json\/wp\/v2\/types\/product"}],"wp:featuredmedia":[{"embeddable":true,"href":"https:\/\/sezona.lv\/en\/wp-json\/wp\/v2\/media\/72185"}],"wp:attachment":[{"href":"https:\/\/sezona.lv\/en\/wp-json\/wp\/v2\/media?parent=79430"}],"wp:term":[{"taxonomy":"product_brand","embeddable":true,"href":"https:\/\/sezona.lv\/en\/wp-json\/wp\/v2\/product_brand?post=79430"},{"taxonomy":"product_cat","embeddable":true,"href":"https:\/\/sezona.lv\/en\/wp-json\/wp\/v2\/product_cat?post=79430"},{"taxonomy":"product_tag","embeddable":true,"href":"https:\/\/sezona.lv\/en\/wp-json\/wp\/v2\/product_tag?post=79430"}],"curies":[{"name":"wp","href":"https:\/\/api.w.org\/{rel}","templated":true}]}}