{"id":79433,"date":"2025-07-11T17:01:14","date_gmt":"2025-07-11T14:01:14","guid":{"rendered":"https:\/\/demo8.ecube.lv\/sezona.lv\/products\/levenhuk-wise-8-24x50-monoklis\/"},"modified":"2025-07-14T15:40:01","modified_gmt":"2025-07-14T12:40:01","slug":"levenhuk-wise-8-24x50-monoklis","status":"publish","type":"product","link":"https:\/\/sezona.lv\/en\/products\/levenhuk-wise-8-24x50-monoklis\/","title":{"rendered":"Levenhuk Wise 8\u201324&#215;50 Monoklis"},"content":{"rendered":"<div id=\"tab-description\" class=\"tab-pane active\">\n<p>Monoklim Levenhuk Wise 8&ndash;24&#215;50 ir iespaid\u012bgi optiskie parametri.<\/p>\n<p>&Scaron;is gaismassp\u0113j\u012bgais modelis ar main\u0101mu palielin\u0101jumu nodro&scaron;ina palielin\u0101jumu no 8x l\u012bdz 24x.<\/p>\n<p>Objekt\u012bva diametrs ir 50 mm. Ar monok\u013ca pal\u012bdz\u012bbu nov\u0113ro&scaron;anu var veikt kr\u0113sl\u0101 vai tad, kad laiks ir apm\u0101cies.<\/p>\n<table class=\"table table-bordered\" border=\"0\">\n<thead>\n<tr>\n<td colspan=\"2\"><strong>Atrib\u016bti<\/strong><\/td>\n<\/tr>\n<\/thead>\n<tbody>\n<tr>\n<td>Acs att\u0101lums<\/td>\n<td>19,5&ndash;15,4 mm<\/td>\n<\/tr>\n<tr>\n<td>Garantija<\/td>\n<td>999 months<\/td>\n<\/tr>\n<tr>\n<td>Iepakojuma izm\u0113ri (GxPxA)<\/td>\n<td>25.0 x 9.5 x 7.5 cm<\/td>\n<\/tr>\n<tr>\n<td>Izejas z\u012bl\u012b&scaron;u diametrs<\/td>\n<td>5,5&ndash;1,8 mm<\/td>\n<\/tr>\n<tr>\n<td>Korpusa materi\u0101ls<\/td>\n<td>plastmasa<\/td>\n<\/tr>\n<tr>\n<td>Objekt\u012bva l\u0113cas diametrs (atv\u0113rums)<\/td>\n<td>50 mm<\/td>\n<\/tr>\n<tr>\n<td>Okul\u0101ru kausi\u0146i<\/td>\n<td>twisted-up<\/td>\n<\/tr>\n<tr>\n<td>Optikas materi\u0101ls<\/td>\n<td>BaK-4 glass<\/td>\n<\/tr>\n<tr>\n<td>Optikas p\u0101rkl\u0101jums<\/td>\n<td>abpus\u0113js multi-p\u0101rkl\u0101jums<\/td>\n<\/tr>\n<tr>\n<td>Palielin\u0101jums<\/td>\n<td>8&ndash;24 x<\/td>\n<\/tr>\n<tr>\n<td>Papildu<\/td>\n<td>Ekspluat\u0101cijas instrukcija un garantijas talons,  Gumijota pretvibr\u0101cijas korpusa virsma,<\/td>\n<\/tr>\n<tr>\n<td>Ra\u017eot\u0101ja valsts<\/td>\n<td>PRC, controlled by Levenhuk, Inc. (USA)<\/td>\n<\/tr>\n<tr>\n<td>Redzes lauks<\/td>\n<td>4,3&ndash;2,1 &deg;<\/td>\n<\/tr>\n<tr>\n<td>Redzes lauks, m\/1000 m<\/td>\n<td>75&ndash;37<\/td>\n<\/tr>\n<tr>\n<td>Svars<\/td>\n<td>0.58 kg<\/td>\n<\/tr>\n<tr>\n<td>Tuvais fokuss<\/td>\n<td>3 m<\/td>\n<\/tr>\n<tr>\n<td>Zoom<\/td>\n<td>\u0435\u0441\u0442\u044c<\/td>\n<\/tr>\n<\/tbody>\n<\/table>\n<p>&nbsp;<\/p>\n<\/div>\n<table style=\"font-size: 10pt;font-family: arial, sans, sans-serif;width: 0px;border: none\" dir=\"ltr\" border=\"1\" cellspacing=\"0\" cellpadding=\"0\">\n<tbody>\n<tr style=\"height: 21px\">\n<td style=\"border-color: #000000;overflow: hidden;padding: 2px 3px;vertical-align: middle;font-family: Arial;font-size: 9pt;font-weight: bold;color: #222222;text-align: center\" colspan=\"2\">&nbsp;<\/td>\n<\/tr>\n<tr style=\"height: 21px\">\n<td style=\"border-right-color: #000000;border-bottom-color: #000000;border-left-color: #000000;overflow: hidden;padding: 2px 3px;vertical-align: middle;font-family: Arial;font-size: 9pt;color: #222222;text-align: center\">&nbsp;<\/td>\n<td style=\"border-right-color: #000000;border-bottom-color: #000000;overflow: hidden;padding: 2px 3px;vertical-align: middle;font-family: Arial;font-size: 9pt;color: #222222;text-align: center\">&nbsp;<\/td>\n<\/tr>\n<tr style=\"height: 52px\">\n<td style=\"border-right-color: #000000;border-bottom-color: #000000;border-left-color: #000000;overflow: hidden;padding: 2px 3px;vertical-align: middle;font-family: Arial;font-size: 9pt;color: #222222;text-align: center\">&nbsp;<\/td>\n<\/tr>\n<\/tbody>\n<\/table>\n","protected":false},"excerpt":{"rendered":"<p>Monoklim Levenhuk Wise 8&ndash;24&#215;50 ir iespaid\u012bgi optiskie parametri. &Scaron;is gaismassp\u0113j\u012bgais modelis ar main\u0101mu palielin\u0101jumu nodro&scaron;ina palielin\u0101jumu no 8x l\u012bdz 24x. Objekt\u012bva diametrs ir 50 mm. Ar monok\u013ca pal\u012bdz\u012bbu nov\u0113ro&scaron;anu var veikt kr\u0113sl\u0101 vai tad, kad laiks ir apm\u0101cies. Atrib\u016bti Acs att\u0101lums 19,5&ndash;15,4 mm Garantija 999 months Iepakojuma izm\u0113ri (GxPxA) 25.0 x 9.5 x 7.5 cm [&hellip;]<\/p>\n","protected":false},"featured_media":72202,"template":"","meta":[],"product_brand":[3372],"product_cat":[4938,4941],"product_tag":[],"class_list":{"0":"post-79433","1":"product","2":"type-product","3":"status-publish","4":"has-post-thumbnail","6":"product_brand-levenhuk","7":"product_cat-optics-recreation","8":"product_cat-monoculars-optics-recreation","10":"first","11":"instock","12":"shipping-taxable","13":"purchasable","14":"product-type-simple"},"_links":{"self":[{"href":"https:\/\/sezona.lv\/en\/wp-json\/wp\/v2\/product\/79433","targetHints":{"allow":["GET"]}}],"collection":[{"href":"https:\/\/sezona.lv\/en\/wp-json\/wp\/v2\/product"}],"about":[{"href":"https:\/\/sezona.lv\/en\/wp-json\/wp\/v2\/types\/product"}],"wp:featuredmedia":[{"embeddable":true,"href":"https:\/\/sezona.lv\/en\/wp-json\/wp\/v2\/media\/72202"}],"wp:attachment":[{"href":"https:\/\/sezona.lv\/en\/wp-json\/wp\/v2\/media?parent=79433"}],"wp:term":[{"taxonomy":"product_brand","embeddable":true,"href":"https:\/\/sezona.lv\/en\/wp-json\/wp\/v2\/product_brand?post=79433"},{"taxonomy":"product_cat","embeddable":true,"href":"https:\/\/sezona.lv\/en\/wp-json\/wp\/v2\/product_cat?post=79433"},{"taxonomy":"product_tag","embeddable":true,"href":"https:\/\/sezona.lv\/en\/wp-json\/wp\/v2\/product_tag?post=79433"}],"curies":[{"name":"wp","href":"https:\/\/api.w.org\/{rel}","templated":true}]}}