{"id":79434,"date":"2025-07-14T15:40:04","date_gmt":"2025-07-14T12:40:04","guid":{"rendered":"https:\/\/demo8.ecube.lv\/sezona.lv\/products\/barska-8-25x25-zoom-kompakts-mitrumizturigs-monoklis-mikroskops\/"},"modified":"2025-07-14T15:40:04","modified_gmt":"2025-07-14T12:40:04","slug":"barska-8-25x25-zoom-kompakts-mitrumizturigs-monoklis-mikroskops","status":"publish","type":"product","link":"https:\/\/sezona.lv\/en\/products\/barska-8-25x25-zoom-kompakts-mitrumizturigs-monoklis-mikroskops\/","title":{"rendered":"Barska 8-25X25 Zoom Kompakts Mitrumiztur\u012bgs Monoklis &amp; Mikroskops"},"content":{"rendered":"<p style=\"line-height: 1.38;margin-top: 0pt;margin-bottom: 6pt;background-color: #ffffff\" dir=\"ltr\"><span style=\"font-size: 11pt;font-family: Arial;color: #000000;background-color: transparent;font-weight: 400;font-style: normal;font-variant: normal;text-decoration: none;vertical-align: baseline\">8-25&#215;25 (zoom) palielin\u0101juma monoklis\/mikroskops no Barska apvieno kompaktu un vieglu monokli ar mikroskopa funkcionalit\u0101ti. 8x25x palielin\u0101jums monoklim, \u013cauj p\u0101rskat\u012bt gan pla&scaron;u le\u0146\u0137i, gan iedzi\u013cin\u0101ties deta\u013c\u0101s. 25mm objekt\u012bvs nodro&scaron;ina lielu gaismas caurlaid\u012bbu. &nbsp;Ar papildus plastmasas caurul\u012bti monokli var p\u0101rv\u0113rst mikroskop\u0101, ar kuru var apskat\u012bt neliela izm\u0113ra paraudzi\u0146us. &nbsp;8-25 x25 monoklis\/mikroskops &nbsp;ir apr\u012bkots ar fokusa regul\u0113t\u0101ju un roktura gredzenu, kas nodro&scaron;ina stingru un nesl\u012bdo&scaron;u fokusu.<\/span><\/p>\n<p style=\"line-height: 1.38;margin-top: 0pt;margin-bottom: 6pt;background-color: #ffffff\" dir=\"ltr\"><span style=\"font-size: 11pt;font-family: Arial;color: #000000;background-color: transparent;font-weight: 700;font-style: normal;font-variant: normal;text-decoration: none;vertical-align: baseline\">Funkcijas:<\/span><\/p>\n<p>&nbsp;<\/p>\n<ul style=\"margin-top: 0pt;margin-bottom: 0pt\">\n<li style=\"list-style-type: disc;font-size: 11pt;font-family: Arial;color: #000000;background-color: transparent;font-weight: 400;font-style: normal;font-variant: normal;text-decoration: none;vertical-align: baseline\" dir=\"ltr\">\n<p style=\"line-height: 1.38;margin-top: 0pt;margin-bottom: 0pt\" dir=\"ltr\"><span style=\"font-size: 11pt;font-family: Arial;color: #000000;background-color: transparent;font-weight: 400;font-style: normal;font-variant: normal;text-decoration: none;vertical-align: baseline\">Mikroskopa papildin\u0101jums<\/span><\/p>\n<\/li>\n<li style=\"list-style-type: disc;font-size: 11pt;font-family: Arial;color: #000000;background-color: transparent;font-weight: 400;font-style: normal;font-variant: normal;text-decoration: none;vertical-align: baseline\" dir=\"ltr\">\n<p style=\"line-height: 1.38;margin-top: 0pt;margin-bottom: 0pt\" dir=\"ltr\"><span style=\"font-size: 11pt;font-family: Arial;color: #000000;background-color: transparent;font-weight: 400;font-style: normal;font-variant: normal;text-decoration: none;vertical-align: baseline\">BAK7<\/span><\/p>\n<\/li>\n<li style=\"list-style-type: disc;font-size: 11pt;font-family: Arial;color: #000000;background-color: transparent;font-weight: 400;font-style: normal;font-variant: normal;text-decoration: none;vertical-align: baseline\" dir=\"ltr\">\n<p style=\"line-height: 1.38;margin-top: 0pt;margin-bottom: 6pt\" dir=\"ltr\"><span style=\"font-size: 11pt;font-family: Arial;color: #000000;background-color: transparent;font-weight: 400;font-style: normal;font-variant: normal;text-decoration: none;vertical-align: baseline\">Sudraba kr\u0101s\u0101 &nbsp;meln\u0101m deta\u013c\u0101m<\/span><\/p>\n<\/li>\n<li style=\"list-style-type: disc;font-size: 11pt;font-family: Arial;color: #000000;background-color: transparent;font-weight: 400;font-style: normal;font-variant: normal;text-decoration: none;vertical-align: baseline\" dir=\"ltr\">\n<p style=\"line-height: 1.38;margin-top: 0pt;margin-bottom: 6pt\" dir=\"ltr\"><span style=\"font-size: 11pt;font-family: Arial;color: #000000;background-color: transparent;font-weight: 400;font-style: normal;font-variant: normal;text-decoration: none;vertical-align: baseline\">Plaukstas siksni\u0146a<\/span><\/p>\n<\/li>\n<\/ul>\n<table style=\"font-size: 10pt;font-family: arial, sans, sans-serif;width: 0px;border: none\" dir=\"ltr\" border=\"1\" cellspacing=\"0\" cellpadding=\"0\">\n<tbody>\n<tr style=\"height: 21px\">\n<td style=\"border-color: #000000;overflow: hidden;padding: 2px 3px;vertical-align: middle;font-family: Arial;font-size: 9pt;font-weight: bold;color: #222222;text-align: center\" colspan=\"2\"><\/td>\n<\/tr>\n<tr style=\"height: 21px\">\n<td style=\"border-right-color: #000000;border-bottom-color: #000000;border-left-color: #000000;overflow: hidden;padding: 2px 3px;vertical-align: middle;font-family: Arial;font-size: 9pt;color: #222222;text-align: center\"><\/td>\n<td style=\"border-right-color: #000000;border-bottom-color: #000000;overflow: hidden;padding: 2px 3px;vertical-align: middle;font-family: Arial;font-size: 9pt;color: #222222;text-align: center\"><\/td>\n<\/tr>\n<tr style=\"height: 52px\">\n<td style=\"border-right-color: #000000;border-bottom-color: #000000;border-left-color: #000000;overflow: hidden;padding: 2px 3px;vertical-align: middle;font-family: Arial;font-size: 9pt;color: #222222;text-align: center\"><\/td>\n<\/tr>\n<\/tbody>\n<\/table>\n","protected":false},"excerpt":{"rendered":"<p>8-25&#215;25 (zoom) palielin\u0101juma monoklis\/mikroskops no Barska apvieno kompaktu un vieglu monokli ar mikroskopa funkcionalit\u0101ti. 8x25x palielin\u0101jums monoklim, \u013cauj p\u0101rskat\u012bt gan pla&scaron;u le\u0146\u0137i, gan iedzi\u013cin\u0101ties deta\u013c\u0101s. 25mm objekt\u012bvs nodro&scaron;ina lielu gaismas caurlaid\u012bbu. &nbsp;Ar papildus plastmasas caurul\u012bti monokli var p\u0101rv\u0113rst mikroskop\u0101, ar kuru var apskat\u012bt neliela izm\u0113ra paraudzi\u0146us. &nbsp;8-25 x25 monoklis\/mikroskops &nbsp;ir apr\u012bkots ar fokusa regul\u0113t\u0101ju un [&hellip;]<\/p>\n","protected":false},"featured_media":0,"template":"","meta":[],"product_brand":[],"product_cat":[4640,4938,4941],"product_tag":[],"class_list":{"0":"post-79434","1":"product","2":"type-product","3":"status-publish","5":"product_cat-recreation","6":"product_cat-optics-recreation","7":"product_cat-monoculars-optics-recreation","9":"first","10":"instock","11":"shipping-taxable","12":"purchasable","13":"product-type-simple"},"_links":{"self":[{"href":"https:\/\/sezona.lv\/en\/wp-json\/wp\/v2\/product\/79434","targetHints":{"allow":["GET"]}}],"collection":[{"href":"https:\/\/sezona.lv\/en\/wp-json\/wp\/v2\/product"}],"about":[{"href":"https:\/\/sezona.lv\/en\/wp-json\/wp\/v2\/types\/product"}],"wp:attachment":[{"href":"https:\/\/sezona.lv\/en\/wp-json\/wp\/v2\/media?parent=79434"}],"wp:term":[{"taxonomy":"product_brand","embeddable":true,"href":"https:\/\/sezona.lv\/en\/wp-json\/wp\/v2\/product_brand?post=79434"},{"taxonomy":"product_cat","embeddable":true,"href":"https:\/\/sezona.lv\/en\/wp-json\/wp\/v2\/product_cat?post=79434"},{"taxonomy":"product_tag","embeddable":true,"href":"https:\/\/sezona.lv\/en\/wp-json\/wp\/v2\/product_tag?post=79434"}],"curies":[{"name":"wp","href":"https:\/\/api.w.org\/{rel}","templated":true}]}}