{"id":79435,"date":"2025-07-14T15:40:06","date_gmt":"2025-07-14T12:40:06","guid":{"rendered":"https:\/\/demo8.ecube.lv\/sezona.lv\/products\/bresser-nautics-8x42-monoklis\/"},"modified":"2025-07-14T15:40:06","modified_gmt":"2025-07-14T12:40:06","slug":"bresser-nautics-8x42-monoklis","status":"publish","type":"product","link":"https:\/\/sezona.lv\/en\/products\/bresser-nautics-8x42-monoklis\/","title":{"rendered":"Bresser Nautics 8&#215;42 Monoklis"},"content":{"rendered":"<p style=\"line-height: 1.38;margin-top: 0pt;margin-bottom: 6pt;background-color: #ffffff\" dir=\"ltr\"><span style=\"font-size: 11pt;font-family: Arial;color: #333333;background-color: transparent;font-weight: 400;font-style: normal;font-variant: normal;text-decoration: none;vertical-align: baseline\">Monoklis, kur&scaron; iztur\u0113s, \u013coti skarbus laika apst\u0101k\u013cus &ndash; lietu, sniegu, mitrumu. Tas ir pild\u012bts ar sauso sl\u0101pekli, piln\u012bb\u0101 \u016bdens iztur\u012bgs un ar speci\u0101lu gumijas p\u0101rkl\u0101jumu. Paredz\u0113ts izmanto&scaron;anai uz \u016bdens jeb skarbos laika apst\u0101k\u013cos. Monoklim ir 8 rei\u017eu palielin\u0101jums un 25 mm l\u0113cu diametrs. Apr\u012bkots ar proporciju skalu, kompasu un dioptriju izl\u012bdzin\u0101&scaron;anas funkciju.<\/span><\/p>\n<p>&nbsp;<\/p>\n<p style=\"line-height: 1.38;margin-top: 0pt;margin-bottom: 0pt\" dir=\"ltr\"><span style=\"font-size: 11pt;font-family: Arial;color: #212121;background-color: #ffffff;font-style: normal;text-decoration: none;vertical-align: baseline;font-weight: bold\">Funkcijas:<\/span><\/p>\n<p style=\"line-height: 1.38;margin-top: 0pt;margin-bottom: 0pt\" dir=\"ltr\"><span style=\"font-size: 11pt;font-family: Arial;color: #212121;background-color: #ffffff;font-style: normal;text-decoration: none;vertical-align: baseline;font-weight: bold\"><br \/><\/span><\/p>\n<p style=\"line-height: 1.38;margin-top: 0pt;margin-bottom: 0pt\" dir=\"ltr\"><span style=\"font-size: 11pt;font-family: Arial;color: #212121;background-color: #ffffff;font-style: normal;text-decoration: none;vertical-align: baseline;font-weight: bold\">\u016adensnecaurlaid\u012bgs<\/span><span style=\"font-size: 11pt;font-family: Arial;color: #212121;background-color: #ffffff;font-style: normal;text-decoration: none;vertical-align: baseline\"> monokulis<\/span><span style=\"font-size: 11pt;font-family: Arial;color: #212121;background-color: #ffffff;font-weight: 400;font-style: normal;font-variant: normal;text-decoration: none;vertical-align: baseline\"><br class=\"kix-line-break\" \/><\/span><span style=\"font-size: 11pt;font-family: Arial;color: #212121;background-color: #ffffff;font-weight: 400;font-style: normal;font-variant: normal;text-decoration: none;vertical-align: baseline\">Palielin\u0101jums: <\/span><span style=\"font-size: 11pt;font-family: Arial;color: #212121;background-color: #ffffff;font-style: normal;text-decoration: none;vertical-align: baseline;font-weight: bold\">8x<\/span><span style=\"font-size: 11pt;font-family: Arial;color: #212121;background-color: #ffffff;font-weight: 400;font-style: normal;font-variant: normal;text-decoration: none;vertical-align: baseline\"> \/ <\/span><span style=\"font-size: 11pt;font-family: Arial;color: #212121;background-color: #ffffff;font-weight: 400;font-style: normal;font-variant: normal;text-decoration: none;vertical-align: baseline\">p\u0101rkl\u0101jums:<\/span><span style=\"font-size: 11pt;font-family: Arial;color: #212121;background-color: #ffffff;font-style: normal;text-decoration: none;vertical-align: baseline;font-weight: bold\"> piln\u012bb\u0101 p\u0101rkl\u0101ts ar vair\u0101kiem p\u0101rkl\u0101jumiem<\/span><span style=\"font-size: 11pt;font-family: Arial;color: #212121;background-color: #ffffff;font-weight: 400;font-style: normal;font-variant: normal;text-decoration: none;vertical-align: baseline\"><br class=\"kix-line-break\" \/><\/span><span style=\"font-size: 11pt;font-family: Arial;color: #212121;background-color: #ffffff;font-weight: 400;font-style: normal;font-variant: normal;text-decoration: none;vertical-align: baseline\">Apskates lauks: <\/span><span style=\"font-size: 11pt;font-family: Arial;color: #212121;background-color: #ffffff;font-style: normal;text-decoration: none;vertical-align: baseline;font-weight: bold\">123m @ 1000m<\/span><span style=\"font-size: 11pt;font-family: Arial;color: #212121;background-color: #ffffff;font-weight: 400;font-style: normal;font-variant: normal;text-decoration: none;vertical-align: baseline\"> \/ ar 360 kompasu un m\u0113roga skal\u0101m<\/span><span style=\"font-size: 11pt;font-family: Arial;color: #212121;background-color: #ffffff;font-weight: 400;font-style: normal;font-variant: normal;text-decoration: none;vertical-align: baseline\"><br class=\"kix-line-break\" \/><\/span><span style=\"font-size: 11pt;font-family: Arial;color: #212121;background-color: #ffffff;font-weight: 400;font-style: normal;font-variant: normal;text-decoration: none;vertical-align: baseline\">Izm\u0113ri: 140x65x55mm \/ Svars: <\/span><span style=\"font-size: 11pt;font-family: Arial;color: #212121;background-color: #ffffff;font-style: normal;text-decoration: none;vertical-align: baseline;font-weight: bold\">348g<\/span><span style=\"font-size: 11pt;font-family: Arial;color: #212121;background-color: #ffffff;font-weight: 400;font-style: normal;font-variant: normal;text-decoration: none;vertical-align: baseline\"><br class=\"kix-line-break\" \/><\/span><span style=\"font-size: 11pt;font-family: Arial;color: #212121;background-color: #ffffff;text-decoration: none;vertical-align: baseline;font-weight: bold\">Iek\u013cauts<\/span><span style=\"font-size: 11pt;font-family: Arial;color: #212121;background-color: #ffffff;font-weight: 400;font-style: normal;font-variant: normal;text-decoration: none;vertical-align: baseline\">: monokulis ar tur\u0113t\u0101ju<\/span><\/p>\n","protected":false},"excerpt":{"rendered":"<p>Monoklis, kur&scaron; iztur\u0113s, \u013coti skarbus laika apst\u0101k\u013cus &ndash; lietu, sniegu, mitrumu. Tas ir pild\u012bts ar sauso sl\u0101pekli, piln\u012bb\u0101 \u016bdens iztur\u012bgs un ar speci\u0101lu gumijas p\u0101rkl\u0101jumu. Paredz\u0113ts izmanto&scaron;anai uz \u016bdens jeb skarbos laika apst\u0101k\u013cos. Monoklim ir 8 rei\u017eu palielin\u0101jums un 25 mm l\u0113cu diametrs. Apr\u012bkots ar proporciju skalu, kompasu un dioptriju izl\u012bdzin\u0101&scaron;anas funkciju. &nbsp; Funkcijas: \u016adensnecaurlaid\u012bgs [&hellip;]<\/p>\n","protected":false},"featured_media":0,"template":"","meta":[],"product_brand":[],"product_cat":[4640,4938,4941],"product_tag":[],"class_list":{"0":"post-79435","1":"product","2":"type-product","3":"status-publish","5":"product_cat-recreation","6":"product_cat-optics-recreation","7":"product_cat-monoculars-optics-recreation","9":"first","10":"instock","11":"shipping-taxable","12":"purchasable","13":"product-type-simple"},"_links":{"self":[{"href":"https:\/\/sezona.lv\/en\/wp-json\/wp\/v2\/product\/79435","targetHints":{"allow":["GET"]}}],"collection":[{"href":"https:\/\/sezona.lv\/en\/wp-json\/wp\/v2\/product"}],"about":[{"href":"https:\/\/sezona.lv\/en\/wp-json\/wp\/v2\/types\/product"}],"wp:attachment":[{"href":"https:\/\/sezona.lv\/en\/wp-json\/wp\/v2\/media?parent=79435"}],"wp:term":[{"taxonomy":"product_brand","embeddable":true,"href":"https:\/\/sezona.lv\/en\/wp-json\/wp\/v2\/product_brand?post=79435"},{"taxonomy":"product_cat","embeddable":true,"href":"https:\/\/sezona.lv\/en\/wp-json\/wp\/v2\/product_cat?post=79435"},{"taxonomy":"product_tag","embeddable":true,"href":"https:\/\/sezona.lv\/en\/wp-json\/wp\/v2\/product_tag?post=79435"}],"curies":[{"name":"wp","href":"https:\/\/api.w.org\/{rel}","templated":true}]}}