{"id":79436,"date":"2025-07-14T15:40:07","date_gmt":"2025-07-14T12:40:07","guid":{"rendered":"https:\/\/demo8.ecube.lv\/sezona.lv\/products\/barska-10-25x42-battalion-kompakts-mitrumizturigs-monoklis\/"},"modified":"2025-07-14T15:40:07","modified_gmt":"2025-07-14T12:40:07","slug":"barska-10-25x42-battalion-kompakts-mitrumizturigs-monoklis","status":"publish","type":"product","link":"https:\/\/sezona.lv\/en\/products\/barska-10-25x42-battalion-kompakts-mitrumizturigs-monoklis\/","title":{"rendered":"Barska 10-25&#215;42 Battalion Kompakts Mitrumiztur\u012bgs Monoklis"},"content":{"rendered":"<p style=\"line-height: 1.38;margin-top: 0pt;margin-bottom: 0pt\" dir=\"ltr\"><span style=\"font-size: 12pt;font-family: Arial;color: #212121;background-color: #ffffff;font-weight: 700;font-style: normal;font-variant: normal;text-decoration: none;vertical-align: baseline\">Barska monokul\u0101rais 10-25&#215;42<\/span><span style=\"font-size: 12pt;font-family: Arial;color: #212121;background-color: #ffffff;font-weight: 400;font-style: normal;font-variant: normal;text-decoration: none;vertical-align: baseline\"> bataljons pied\u0101v\u0101 t\u0101du pa&scaron;u konstrukcijas kvalit\u0101ti un optiku k\u0101<\/span><span style=\"font-size: 12pt;font-family: Arial;color: #212121;background-color: #ffffff;font-weight: 700;font-style: normal;font-variant: normal;text-decoration: none;vertical-align: baseline\"> Battalion s\u0113rijas binok\u013ci<\/span><span style=\"font-size: 12pt;font-family: Arial;color: #212121;background-color: #ffffff;font-weight: 400;font-style: normal;font-variant: normal;text-decoration: none;vertical-align: baseline\">.<\/span><\/p>\n<p style=\"line-height: 1.38;margin-top: 0pt;margin-bottom: 0pt\" dir=\"ltr\"><span style=\"font-size: 12pt;font-family: Arial;color: #212121;background-color: #ffffff;font-weight: 700;font-style: normal;font-variant: normal;text-decoration: none;vertical-align: baseline\">42 mm objekt\u012bvs, 10-25x t\u0101lummai\u0146as diapazons<\/span><span style=\"font-size: 12pt;font-family: Arial;color: #212121;background-color: #ffffff;font-weight: 400;font-style: normal;font-variant: normal;text-decoration: none;vertical-align: baseline\"> un ieb\u016bv\u0113tais stat\u012bva statnis, padara bataljona monokul\u0101ru par vieglu alternat\u012bvu.<\/span><\/p>\n<p style=\"line-height: 1.38;margin-top: 0pt;margin-bottom: 0pt\" dir=\"ltr\"><span style=\"font-size: 12pt;font-family: Arial;color: #212121;background-color: #ffffff;font-weight: 700;font-style: normal;font-variant: normal;text-decoration: none;vertical-align: baseline\">&Scaron;\u012b \u016bdensnecaurlaid\u012bg\u0101 optika<\/span><span style=\"font-size: 12pt;font-family: Arial;color: #212121;background-color: #ffffff;font-weight: 400;font-style: normal;font-variant: normal;text-decoration: none;vertical-align: baseline\"> pied\u0101v\u0101 piln\u012bgi <\/span><span style=\"font-size: 12pt;font-family: Arial;color: #212121;background-color: #ffffff;font-weight: 700;font-style: normal;font-variant: normal;text-decoration: none;vertical-align: baseline\">daudzveid\u012bgu objekt\u012bvu sist\u0113mu un BAK4 prizmas stiklu<\/span><span style=\"font-size: 12pt;font-family: Arial;color: #212121;background-color: #ffffff;font-weight: 400;font-style: normal;font-variant: normal;text-decoration: none;vertical-align: baseline\">, kas pal\u012bdz 10-25&#215;42 bataljonam <\/span><span style=\"font-size: 12pt;font-family: Arial;color: #212121;background-color: #ffffff;font-weight: 700;font-style: normal;font-variant: normal;text-decoration: none;vertical-align: baseline\">nodot liel\u0101ku kontrastu un skaidr\u012bbu.<\/span><span style=\"font-size: 12pt;font-family: Arial;color: #212121;background-color: #ffffff;font-weight: 400;font-style: normal;font-variant: normal;text-decoration: none;vertical-align: baseline\"><br class=\"kix-line-break\" \/><\/span><span style=\"font-size: 12pt;font-family: Arial;color: #212121;background-color: #ffffff;font-weight: 400;font-style: normal;font-variant: normal;text-decoration: none;vertical-align: baseline\"><br class=\"kix-line-break\" \/><\/span><span style=\"font-size: 12pt;font-family: Arial;color: #212121;background-color: #ffffff;font-weight: 700;font-style: normal;font-variant: normal;text-decoration: none;vertical-align: baseline\">Funkcijas:<\/span><span style=\"font-size: 12pt;font-family: Arial;color: #212121;background-color: #ffffff;font-weight: 700;font-style: normal;font-variant: normal;text-decoration: none;vertical-align: baseline\"><br class=\"kix-line-break\" \/><\/span><span style=\"font-size: 12pt;font-family: Arial;color: #212121;background-color: #ffffff;font-weight: 400;font-style: normal;font-variant: normal;text-decoration: none;vertical-align: baseline\"><br class=\"kix-line-break\" \/><\/span><span style=\"font-size: 12pt;font-family: Arial;color: #212121;background-color: #ffffff;font-weight: 400;font-style: normal;font-variant: normal;text-decoration: none;vertical-align: baseline\"> &nbsp;&nbsp;&nbsp;&bull; BAK4 jumta prizmas<\/span><span style=\"font-size: 12pt;font-family: Arial;color: #212121;background-color: #ffffff;font-weight: 400;font-style: normal;font-variant: normal;text-decoration: none;vertical-align: baseline\"><br class=\"kix-line-break\" \/><\/span><span style=\"font-size: 12pt;font-family: Arial;color: #212121;background-color: #ffffff;font-weight: 400;font-style: normal;font-variant: normal;text-decoration: none;vertical-align: baseline\"> &nbsp;&nbsp;&nbsp;&bull; Piln\u012bb\u0101 p\u0101rkl\u0101ta optika<\/span><span style=\"font-size: 12pt;font-family: Arial;color: #212121;background-color: #ffffff;font-weight: 400;font-style: normal;font-variant: normal;text-decoration: none;vertical-align: baseline\"><br class=\"kix-line-break\" \/><\/span><span style=\"font-size: 12pt;font-family: Arial;color: #212121;background-color: #ffffff;font-weight: 400;font-style: normal;font-variant: normal;text-decoration: none;vertical-align: baseline\"> &nbsp;&nbsp;&nbsp;&bull; \u016adensiztur\u012bga konstrukcija<\/span><span style=\"font-size: 12pt;font-family: Arial;color: #212121;background-color: #ffffff;font-weight: 400;font-style: normal;font-variant: normal;text-decoration: none;vertical-align: baseline\"><br class=\"kix-line-break\" \/><\/span><span style=\"font-size: 12pt;font-family: Arial;color: #212121;background-color: #ffffff;font-weight: 400;font-style: normal;font-variant: normal;text-decoration: none;vertical-align: baseline\"> &nbsp;&nbsp;&nbsp;&bull; Nolok\u0101m\u0101 gumijas uzmava<\/span><span style=\"font-size: 12pt;font-family: Arial;color: #212121;background-color: #ffffff;font-weight: 400;font-style: normal;font-variant: normal;text-decoration: none;vertical-align: baseline\"><br class=\"kix-line-break\" \/><\/span><span style=\"font-size: 12pt;font-family: Arial;color: #212121;background-color: #ffffff;font-weight: 400;font-style: normal;font-variant: normal;text-decoration: none;vertical-align: baseline\"> &nbsp;&nbsp;&nbsp;&bull; gumijas bru\u0146as ,pret plaukstu sl\u012bd\u0113&scaron;\u0101nas<\/span><span style=\"font-size: 12pt;font-family: Arial;color: #212121;background-color: #ffffff;font-weight: 400;font-style: normal;font-variant: normal;text-decoration: none;vertical-align: baseline\"><br class=\"kix-line-break\" \/><\/span><span style=\"font-size: 12pt;font-family: Arial;color: #212121;background-color: #ffffff;font-weight: 400;font-style: normal;font-variant: normal;text-decoration: none;vertical-align: baseline\"> &nbsp;&nbsp;&nbsp;&bull; 1\/4 &#8220;-20 V\u012bt\u0146otais stat\u012bva statnis<\/span><span style=\"font-size: 12pt;font-family: Arial;color: #212121;background-color: #ffffff;font-weight: 400;font-style: normal;font-variant: normal;text-decoration: none;vertical-align: baseline\"><br class=\"kix-line-break\" \/><\/span><span style=\"font-size: 12pt;font-family: Arial;color: #212121;background-color: #ffffff;font-weight: 400;font-style: normal;font-variant: normal;text-decoration: none;vertical-align: baseline\"> &nbsp;&nbsp;&nbsp;&bull; Ietverts somi\u0146a \/ tros\u012btis<\/span><\/p>\n<p style=\"line-height: 1.38;margin-top: 0pt;margin-bottom: 0pt\" dir=\"ltr\"><span style=\"font-size: 12pt;font-family: Arial;color: #212121;background-color: #ffffff;font-weight: 400;font-style: normal;font-variant: normal;text-decoration: none;vertical-align: baseline\"><br \/><\/span><\/p>\n<p class=\"p1\" style=\"margin-bottom: 0px;padding: 0px;font-size: 14px;line-height: 20.8px;color: #555555\">&nbsp;<\/p>\n<p class=\"p1\" style=\"margin-bottom: 0px;padding: 0px;font-size: 14px;line-height: 20.8px;color: #555555\">&nbsp;<\/p>\n<table style=\"font-size: 10pt;font-family: arial, sans, sans-serif;width: 0px;border: none\" dir=\"ltr\" border=\"1\" cellspacing=\"0\" cellpadding=\"0\">\n<colgroup>\n<col width=\"254\"><\/col>\n<col width=\"264\"><\/col>\n<\/colgroup>\n<tbody>\n<tr style=\"height: 21px\">\n<td style=\"border-color: #000000;overflow: hidden;padding: 2px 3px;vertical-align: bottom;font-size: 15pt;color: #000000;text-align: center\" colspan=\"2\">Specifik\u0101cijas<\/td>\n<\/tr>\n<tr style=\"height: 21px\">\n<td style=\"border-right-color: #000000;border-bottom-color: #000000;border-left-color: #000000;overflow: hidden;padding: 2px 3px;vertical-align: top;font-family: Arial;font-size: 12pt;color: #000000;text-align: center\">Modelis<\/td>\n<td style=\"border-right-color: #000000;border-bottom-color: #000000;overflow: hidden;padding: 2px 3px;vertical-align: top;font-family: Arial;font-size: 12pt;color: #000000;text-align: center\">AA12134<\/td>\n<\/tr>\n<tr style=\"height: 21px\">\n<td style=\"border-right-color: #000000;border-bottom-color: #000000;border-left-color: #000000;overflow: hidden;padding: 2px 3px;vertical-align: top;font-family: Arial;font-size: 12pt;color: #000000;text-align: center\">Palielin\u0101jums<\/td>\n<td style=\"border-right-color: #000000;border-bottom-color: #000000;overflow: hidden;padding: 2px 3px;vertical-align: top;font-family: Arial;font-size: 12pt;color: #000000;text-align: center\">10x-25x<\/td>\n<\/tr>\n<tr style=\"height: 21px\">\n<td style=\"border-right-color: #000000;border-bottom-color: #000000;border-left-color: #000000;overflow: hidden;padding: 2px 3px;vertical-align: top;font-family: Arial;font-size: 12pt;color: #000000;text-align: center\">Objekt\u012bva l\u0113ca<\/td>\n<td style=\"border-right-color: #000000;border-bottom-color: #000000;overflow: hidden;padding: 2px 3px;vertical-align: top;font-family: Arial;font-size: 12pt;color: #000000;text-align: center\">42mm<\/td>\n<\/tr>\n<tr style=\"height: 21px\">\n<td style=\"border-right-color: #000000;border-bottom-color: #000000;border-left-color: #000000;overflow: hidden;padding: 2px 3px;vertical-align: top;font-family: Arial;font-size: 12pt;color: #000000;text-align: center\">\u016adensiztur\u012bgs<\/td>\n<td style=\"border-right-color: #000000;border-bottom-color: #000000;overflow: hidden;padding: 2px 3px;vertical-align: top;font-family: Arial;font-size: 12pt;color: #000000;text-align: center\">Ir<\/td>\n<\/tr>\n<tr style=\"height: 21px\">\n<td style=\"border-right-color: #000000;border-bottom-color: #000000;border-left-color: #000000;overflow: hidden;padding: 2px 3px;vertical-align: top;font-family: Arial;font-size: 12pt;color: #000000;text-align: center\">Prizmas Stikls<\/td>\n<td style=\"border-right-color: #000000;border-bottom-color: #000000;overflow: hidden;padding: 2px 3px;vertical-align: top;font-family: Arial;font-size: 12pt;color: #000000;text-align: center\">BAK-4<\/td>\n<\/tr>\n<tr style=\"height: 21px\">\n<td style=\"border-right-color: #000000;border-bottom-color: #000000;border-left-color: #000000;overflow: hidden;padding: 2px 3px;vertical-align: top;font-family: Arial;font-size: 12pt;color: #000000;text-align: center\">Exit Pupil<\/td>\n<td style=\"border-right-color: #000000;border-bottom-color: #000000;overflow: hidden;padding: 2px 3px;vertical-align: top;font-family: Arial;font-size: 12pt;color: #000000;text-align: center\">2.75mm<\/td>\n<\/tr>\n<tr style=\"height: 21px\">\n<td style=\"border-right-color: #000000;border-bottom-color: #000000;border-left-color: #000000;overflow: hidden;padding: 2px 3px;vertical-align: top;font-family: Arial;font-size: 12pt;color: #000000;text-align: center\">Optiskais P\u0101rkl\u0101jums<\/td>\n<td style=\"border-right-color: #000000;border-bottom-color: #000000;overflow: hidden;padding: 2px 3px;vertical-align: top;font-family: Arial;font-size: 12pt;color: #000000;text-align: center\">Piln\u012bgi dubulti p\u0101rkl\u0101ts<\/td>\n<\/tr>\n<tr style=\"height: 21px\">\n<td style=\"border-right-color: #000000;border-bottom-color: #000000;border-left-color: #000000;overflow: hidden;padding: 2px 3px;vertical-align: top;font-family: Arial;font-size: 12pt;color: #000000;text-align: center\">Fokusa sist\u0113ma<\/td>\n<td style=\"border-right-color: #000000;border-bottom-color: #000000;overflow: hidden;padding: 2px 3px;vertical-align: top;font-family: Arial;font-size: 12pt;color: #000000;text-align: center\">Indvidu\u0101la<\/td>\n<\/tr>\n<tr style=\"height: 21px\">\n<td style=\"border-right-color: #000000;border-bottom-color: #000000;border-left-color: #000000;overflow: hidden;padding: 2px 3px;vertical-align: top;font-family: Arial;font-size: 12pt;color: #000000;text-align: center\">Redzeslauks(ft@100yds\/m@100m)<\/td>\n<td style=\"border-right-color: #000000;border-bottom-color: #000000;overflow: hidden;padding: 2px 3px;vertical-align: top;font-family: Arial;font-size: 12pt;color: #000000;text-align: center\">200\/56<\/td>\n<\/tr>\n<tr style=\"height: 21px\">\n<td style=\"border-right-color: #000000;border-bottom-color: #000000;border-left-color: #000000;overflow: hidden;padding: 2px 3px;vertical-align: top;font-family: Arial;font-size: 12pt;color: #000000;text-align: center\">Tuvs Fokuss (ft\/m)<\/td>\n<td style=\"border-right-color: #000000;border-bottom-color: #000000;overflow: hidden;padding: 2px 3px;vertical-align: top;font-family: Arial;font-size: 12pt;color: #000000;text-align: center\">3.2\/1<\/td>\n<\/tr>\n<tr style=\"height: 21px\">\n<td style=\"border-right-color: #000000;border-bottom-color: #000000;border-left-color: #000000;overflow: hidden;padding: 2px 3px;vertical-align: top;font-family: Arial;font-size: 12pt;color: #000000;text-align: center\">Acu Reljefs<\/td>\n<td style=\"border-right-color: #000000;border-bottom-color: #000000;overflow: hidden;padding: 2px 3px;vertical-align: top;font-family: Arial;font-size: 12pt;color: #000000;text-align: center\">14-9.5<\/td>\n<\/tr>\n<tr style=\"height: 21px\">\n<td style=\"border-right-color: #000000;border-bottom-color: #000000;border-left-color: #000000;overflow: hidden;padding: 2px 3px;vertical-align: top;font-family: Arial;font-size: 12pt;color: #000000;text-align: center\">Svars<\/td>\n<td style=\"border-right-color: #000000;border-bottom-color: #000000;overflow: hidden;padding: 2px 3px;vertical-align: top;font-family: Arial;font-size: 12pt;color: #000000;text-align: center\">8 oz<\/td>\n<\/tr>\n<tr style=\"height: 21px\">\n<td style=\"border-right-color: #000000;border-bottom-color: #000000;border-left-color: #000000;overflow: hidden;padding: 2px 3px;vertical-align: top;font-family: Arial;font-size: 12pt;color: #000000;text-align: center\">Iek\u013cautie Aksesu\u0101ri<\/td>\n<td style=\"border-right-color: #000000;border-bottom-color: #000000;overflow: hidden;padding: 2px 3px;vertical-align: top;font-family: Arial;font-size: 12pt;color: #000000;text-align: center\">Rokas siksna, somi\u0146a, l\u0113cas audums<\/td>\n<\/tr>\n<tr style=\"height: 21px\">\n<td style=\"border-right-color: #000000;border-bottom-color: #000000;border-left-color: #000000;overflow: hidden;padding: 2px 3px;vertical-align: top;font-family: Arial;font-size: 12pt;color: #000000;text-align: center\">Garantija<\/td>\n<td style=\"border-right-color: #000000;border-bottom-color: #000000;overflow: hidden;padding: 2px 3px;vertical-align: top;font-family: Arial;font-size: 12pt;color: #000000;text-align: center\">Limit\u0113ta m\u016b\u017ea garantija<\/td>\n<\/tr>\n<\/tbody>\n<\/table>\n<table style=\"font-size: 10pt;font-family: arial, sans, sans-serif;width: 0px;border: none\" dir=\"ltr\" border=\"1\" cellspacing=\"0\" cellpadding=\"0\">\n<tbody>\n<tr style=\"height: 21px\">\n<td style=\"border-color: #000000;overflow: hidden;padding: 2px 3px;vertical-align: middle;font-family: Arial;font-size: 9pt;font-weight: bold;color: #222222;text-align: center\" colspan=\"2\"><\/td>\n<\/tr>\n<tr style=\"height: 21px\">\n<td style=\"border-right-color: #000000;border-bottom-color: #000000;border-left-color: #000000;overflow: hidden;padding: 2px 3px;vertical-align: middle;font-family: Arial;font-size: 9pt;color: #222222;text-align: center\"><\/td>\n<td style=\"border-right-color: #000000;border-bottom-color: #000000;overflow: hidden;padding: 2px 3px;vertical-align: middle;font-family: Arial;font-size: 9pt;color: #222222;text-align: center\"><\/td>\n<\/tr>\n<tr style=\"height: 52px\">\n<td style=\"border-right-color: #000000;border-bottom-color: #000000;border-left-color: #000000;overflow: hidden;padding: 2px 3px;vertical-align: middle;font-family: Arial;font-size: 9pt;color: #222222;text-align: center\">&nbsp;<\/td>\n<\/tr>\n<\/tbody>\n<\/table>\n","protected":false},"excerpt":{"rendered":"<p>Barska monokul\u0101rais 10-25&#215;42 bataljons pied\u0101v\u0101 t\u0101du pa&scaron;u konstrukcijas kvalit\u0101ti un optiku k\u0101 Battalion s\u0113rijas binok\u013ci. 42 mm objekt\u012bvs, 10-25x t\u0101lummai\u0146as diapazons un ieb\u016bv\u0113tais stat\u012bva statnis, padara bataljona monokul\u0101ru par vieglu alternat\u012bvu. &Scaron;\u012b \u016bdensnecaurlaid\u012bg\u0101 optika pied\u0101v\u0101 piln\u012bgi daudzveid\u012bgu objekt\u012bvu sist\u0113mu un BAK4 prizmas stiklu, kas pal\u012bdz 10-25&#215;42 bataljonam nodot liel\u0101ku kontrastu un skaidr\u012bbu.Funkcijas: &nbsp;&nbsp;&nbsp;&bull; BAK4 jumta [&hellip;]<\/p>\n","protected":false},"featured_media":0,"template":"","meta":[],"product_brand":[],"product_cat":[4640,4938,4941],"product_tag":[],"class_list":{"0":"post-79436","1":"product","2":"type-product","3":"status-publish","5":"product_cat-recreation","6":"product_cat-optics-recreation","7":"product_cat-monoculars-optics-recreation","9":"first","10":"instock","11":"shipping-taxable","12":"purchasable","13":"product-type-simple"},"_links":{"self":[{"href":"https:\/\/sezona.lv\/en\/wp-json\/wp\/v2\/product\/79436","targetHints":{"allow":["GET"]}}],"collection":[{"href":"https:\/\/sezona.lv\/en\/wp-json\/wp\/v2\/product"}],"about":[{"href":"https:\/\/sezona.lv\/en\/wp-json\/wp\/v2\/types\/product"}],"wp:attachment":[{"href":"https:\/\/sezona.lv\/en\/wp-json\/wp\/v2\/media?parent=79436"}],"wp:term":[{"taxonomy":"product_brand","embeddable":true,"href":"https:\/\/sezona.lv\/en\/wp-json\/wp\/v2\/product_brand?post=79436"},{"taxonomy":"product_cat","embeddable":true,"href":"https:\/\/sezona.lv\/en\/wp-json\/wp\/v2\/product_cat?post=79436"},{"taxonomy":"product_tag","embeddable":true,"href":"https:\/\/sezona.lv\/en\/wp-json\/wp\/v2\/product_tag?post=79436"}],"curies":[{"name":"wp","href":"https:\/\/api.w.org\/{rel}","templated":true}]}}