{"id":79437,"date":"2025-07-14T15:40:09","date_gmt":"2025-07-14T12:40:09","guid":{"rendered":"https:\/\/demo8.ecube.lv\/sezona.lv\/products\/levenhuk-rainbow-50l-wf10x-okulars\/"},"modified":"2025-07-14T15:40:09","modified_gmt":"2025-07-14T12:40:09","slug":"levenhuk-rainbow-50l-wf10x-okulars","status":"publish","type":"product","link":"https:\/\/sezona.lv\/en\/products\/levenhuk-rainbow-50l-wf10x-okulars\/","title":{"rendered":"Levenhuk Rainbow 50L WF10x okul\u0101rs"},"content":{"rendered":"<p>Okul\u0101rs Levenhuk Rainbow 50L WF10x b\u016btu lielisks papildin\u0101jums j\u016bsu  optisko aksesu\u0101ru kolekcijai. &Scaron;im okul\u0101ram ir pla&scaron;s redzes lauks, un tas  pastiprina izmantot\u0101s objekt\u012bva l\u0113cas palielin\u0101jumu l\u012bdz 10 reiz\u0113m.<\/p>\n<table class=\"table table-bordered\" border=\"0\">\n<thead>\n<tr>\n<td colspan=\"2\"><strong>Atrib\u016bti<\/strong><\/td>\n<\/tr>\n<\/thead>\n<tbody>\n<tr>\n<td>Garantija<\/td>\n<td>6 months<\/td>\n<\/tr>\n<tr>\n<td>Iepakojuma izm\u0113ri (GxPxA)<\/td>\n<td>2.5 x 7.0 x 5.0 cm<\/td>\n<\/tr>\n<tr>\n<td>Ra\u017eot\u0101ja valsts<\/td>\n<td>PRC, controlled by Levenhuk, Inc. (USA)<\/td>\n<\/tr>\n<tr>\n<td>Svars<\/td>\n<td>0.02 kg<\/td>\n<\/tr>\n<\/tbody>\n<\/table>\n<p>&nbsp;<\/p>\n<p>&nbsp;<\/p>\n","protected":false},"excerpt":{"rendered":"<p>Okul\u0101rs Levenhuk Rainbow 50L WF10x b\u016btu lielisks papildin\u0101jums j\u016bsu optisko aksesu\u0101ru kolekcijai. &Scaron;im okul\u0101ram ir pla&scaron;s redzes lauks, un tas pastiprina izmantot\u0101s objekt\u012bva l\u0113cas palielin\u0101jumu l\u012bdz 10 reiz\u0113m. Atrib\u016bti Garantija 6 months Iepakojuma izm\u0113ri (GxPxA) 2.5 x 7.0 x 5.0 cm Ra\u017eot\u0101ja valsts PRC, controlled by Levenhuk, Inc. (USA) Svars 0.02 kg &nbsp; &nbsp;<\/p>\n","protected":false},"featured_media":0,"template":"","meta":[],"product_brand":[3372],"product_cat":[4640,4938,4969],"product_tag":[],"class_list":{"0":"post-79437","1":"product","2":"type-product","3":"status-publish","5":"product_brand-levenhuk","6":"product_cat-recreation","7":"product_cat-optics-recreation","8":"product_cat-microscopes-optics-recreation","10":"first","11":"instock","12":"shipping-taxable","13":"purchasable","14":"product-type-simple"},"_links":{"self":[{"href":"https:\/\/sezona.lv\/en\/wp-json\/wp\/v2\/product\/79437","targetHints":{"allow":["GET"]}}],"collection":[{"href":"https:\/\/sezona.lv\/en\/wp-json\/wp\/v2\/product"}],"about":[{"href":"https:\/\/sezona.lv\/en\/wp-json\/wp\/v2\/types\/product"}],"wp:attachment":[{"href":"https:\/\/sezona.lv\/en\/wp-json\/wp\/v2\/media?parent=79437"}],"wp:term":[{"taxonomy":"product_brand","embeddable":true,"href":"https:\/\/sezona.lv\/en\/wp-json\/wp\/v2\/product_brand?post=79437"},{"taxonomy":"product_cat","embeddable":true,"href":"https:\/\/sezona.lv\/en\/wp-json\/wp\/v2\/product_cat?post=79437"},{"taxonomy":"product_tag","embeddable":true,"href":"https:\/\/sezona.lv\/en\/wp-json\/wp\/v2\/product_tag?post=79437"}],"curies":[{"name":"wp","href":"https:\/\/api.w.org\/{rel}","templated":true}]}}