{"id":79438,"date":"2025-07-14T15:40:09","date_gmt":"2025-07-14T12:40:09","guid":{"rendered":"https:\/\/demo8.ecube.lv\/sezona.lv\/products\/levenhuk-a10-viedtalrunu-adapteris\/"},"modified":"2025-07-14T15:40:09","modified_gmt":"2025-07-14T12:40:09","slug":"levenhuk-a10-viedtalrunu-adapteris","status":"publish","type":"product","link":"https:\/\/sezona.lv\/en\/products\/levenhuk-a10-viedtalrunu-adapteris\/","title":{"rendered":"Levenhuk A10 Viedt\u0101lru\u0146u adapteris"},"content":{"rendered":"<p style=\"margin-right: 5px;margin-bottom: 10px;padding: 0px;color: #3a3a3a;font-family: Vardana, sans-serif;font-size: 14px;line-height: normal\">Levenhuk  A10 smartofona adapteris ir \u013coti noder\u012bgs aksesu\u0101rs jebkuram, kas  ieinteres\u0113jas par astrofotogr\u0101fiju vai par me\u017eon\u012bg\u0101s dabas vai  mikropasaules fotogr\u0101fiju. Adapteris sniedz Jums iesp\u0113ju instal\u0113t  jebkura mode\u013ca sk\u0101rienj\u016bt\u012bg\u0101 telefona. J\u016bsu teleskop\u0101, mikroskop\u0101,  t\u0101lskat\u012b vai p\u0101rn\u0113s\u0101jamaj\u0101 teleskop\u0101. Tagad J\u016bs varat uz\u0146emt Saturna  gredzenu att\u0113lus, kvalitat\u012bvus skrejo&scaron;u me\u017eac\u016bku video att\u0113lus, uztvert  infuzoriju kust\u012bbu un nofotograf\u0113t daudzas interesantas lietas, kuras  J\u016bs varat nekav\u0113joties nos\u016bt\u012bt pa e- pastu saviem draugiem vai ievietot  Instagram!<\/p>\n<p style=\"margin-right: 5px;margin-bottom: 10px;padding: 0px;color: #3a3a3a;font-family: Vardana, sans-serif;font-size: 14px;line-height: normal\">Mont\u0101\u017eas  process ir \u013coti viegls &ndash; uzst\u0101di adapteri uz J\u016bsu optisk\u0101s ier\u012bces  okul\u0101riem, un tad instal\u0113jiet savu sk\u0101rienj\u016bt\u012bg\u0101 telefona&nbsp;uz adaptera.  Viss, kas Jums ir j\u0101dara, ir j\u0101iesl\u0113dz sk\u0101rienj\u016bt\u012bg\u0101 telefona&nbsp;kamera,  j\u0101nocentr\u0113 t\u0101 un j\u0101piel\u0101go optisk\u0101s ier\u012bces fokuss, lai ieg\u016btu v\u0113rojamo  objektu skaidrus un asus att\u0113lus.<\/p>\n<p style=\"margin-right: 5px;margin-bottom: 10px;padding: 0px;color: #3a3a3a;font-family: Vardana, sans-serif;font-size: 14px;line-height: normal\">Lietojums: Visp\u0101r\u012bg\u0101s lieto&scaron;anas produkts. Dr\u012bkst lietot b\u0113rni, kas ir vec\u0101ki par 3 gadiem.<\/p>\n<p>&nbsp;<\/p>\n<p>&nbsp;<\/p>\n","protected":false},"excerpt":{"rendered":"<p>Levenhuk A10 smartofona adapteris ir \u013coti noder\u012bgs aksesu\u0101rs jebkuram, kas ieinteres\u0113jas par astrofotogr\u0101fiju vai par me\u017eon\u012bg\u0101s dabas vai mikropasaules fotogr\u0101fiju. Adapteris sniedz Jums iesp\u0113ju instal\u0113t jebkura mode\u013ca sk\u0101rienj\u016bt\u012bg\u0101 telefona. J\u016bsu teleskop\u0101, mikroskop\u0101, t\u0101lskat\u012b vai p\u0101rn\u0113s\u0101jamaj\u0101 teleskop\u0101. Tagad J\u016bs varat uz\u0146emt Saturna gredzenu att\u0113lus, kvalitat\u012bvus skrejo&scaron;u me\u017eac\u016bku video att\u0113lus, uztvert infuzoriju kust\u012bbu un nofotograf\u0113t daudzas interesantas [&hellip;]<\/p>\n","protected":false},"featured_media":0,"template":"","meta":[],"product_brand":[3372],"product_cat":[4640,4938,4969],"product_tag":[],"class_list":{"0":"post-79438","1":"product","2":"type-product","3":"status-publish","5":"product_brand-levenhuk","6":"product_cat-recreation","7":"product_cat-optics-recreation","8":"product_cat-microscopes-optics-recreation","10":"first","11":"instock","12":"shipping-taxable","13":"purchasable","14":"product-type-simple"},"_links":{"self":[{"href":"https:\/\/sezona.lv\/en\/wp-json\/wp\/v2\/product\/79438","targetHints":{"allow":["GET"]}}],"collection":[{"href":"https:\/\/sezona.lv\/en\/wp-json\/wp\/v2\/product"}],"about":[{"href":"https:\/\/sezona.lv\/en\/wp-json\/wp\/v2\/types\/product"}],"wp:attachment":[{"href":"https:\/\/sezona.lv\/en\/wp-json\/wp\/v2\/media?parent=79438"}],"wp:term":[{"taxonomy":"product_brand","embeddable":true,"href":"https:\/\/sezona.lv\/en\/wp-json\/wp\/v2\/product_brand?post=79438"},{"taxonomy":"product_cat","embeddable":true,"href":"https:\/\/sezona.lv\/en\/wp-json\/wp\/v2\/product_cat?post=79438"},{"taxonomy":"product_tag","embeddable":true,"href":"https:\/\/sezona.lv\/en\/wp-json\/wp\/v2\/product_tag?post=79438"}],"curies":[{"name":"wp","href":"https:\/\/api.w.org\/{rel}","templated":true}]}}