{"id":79439,"date":"2025-07-11T17:01:26","date_gmt":"2025-07-11T14:01:26","guid":{"rendered":"https:\/\/demo8.ecube.lv\/sezona.lv\/products\/levenhuk-rainbow-50l-wf16x-okulars\/"},"modified":"2025-07-14T15:40:10","modified_gmt":"2025-07-14T12:40:10","slug":"levenhuk-rainbow-50l-wf16x-okulars","status":"publish","type":"product","link":"https:\/\/sezona.lv\/en\/products\/levenhuk-rainbow-50l-wf16x-okulars\/","title":{"rendered":"Levenhuk Rainbow 50L WF16x okul\u0101rs"},"content":{"rendered":"<p>Okul\u0101rs Levenhuk Rainbow 50L WF16x ir lielisks papildin\u0101jums jebkuram  mikroskopam! Ar 16 x palielin\u0101jumu un pla&scaron;o redzes lauku &scaron;is okul\u0101rs b\u016bs  \u012bsts atradums ikvienam mikrokosma p\u0113tniekam.<\/p>\n<table class=\"table table-bordered\" border=\"0\">\n<thead>\n<tr>\n<td colspan=\"2\"><strong>Atrib\u016bti<\/strong><\/td>\n<\/tr>\n<\/thead>\n<tbody>\n<tr>\n<td>Garantija<\/td>\n<td>6 months<\/td>\n<\/tr>\n<tr>\n<td>Iepakojuma izm\u0113ri (GxPxA)<\/td>\n<td>2.5 x 5.5 x 5.5 cm<\/td>\n<\/tr>\n<tr>\n<td>Ra\u017eot\u0101ja valsts<\/td>\n<td>PRC, controlled by Levenhuk, Inc. (USA)<\/td>\n<\/tr>\n<tr>\n<td>Svars<\/td>\n<td>0.015 kg<\/td>\n<\/tr>\n<\/tbody>\n<\/table>\n<p>&nbsp;<\/p>\n<p>&nbsp;<\/p>\n<p>&nbsp;<\/p>\n","protected":false},"excerpt":{"rendered":"<p>Okul\u0101rs Levenhuk Rainbow 50L WF16x ir lielisks papildin\u0101jums jebkuram mikroskopam! Ar 16 x palielin\u0101jumu un pla&scaron;o redzes lauku &scaron;is okul\u0101rs b\u016bs \u012bsts atradums ikvienam mikrokosma p\u0113tniekam. Atrib\u016bti Garantija 6 months Iepakojuma izm\u0113ri (GxPxA) 2.5 x 5.5 x 5.5 cm Ra\u017eot\u0101ja valsts PRC, controlled by Levenhuk, Inc. (USA) Svars 0.015 kg &nbsp; &nbsp; &nbsp;<\/p>\n","protected":false},"featured_media":72209,"template":"","meta":[],"product_brand":[3372],"product_cat":[4938,4969],"product_tag":[],"class_list":{"0":"post-79439","1":"product","2":"type-product","3":"status-publish","4":"has-post-thumbnail","6":"product_brand-levenhuk","7":"product_cat-optics-recreation","8":"product_cat-microscopes-optics-recreation","10":"first","11":"instock","12":"shipping-taxable","13":"purchasable","14":"product-type-simple"},"_links":{"self":[{"href":"https:\/\/sezona.lv\/en\/wp-json\/wp\/v2\/product\/79439","targetHints":{"allow":["GET"]}}],"collection":[{"href":"https:\/\/sezona.lv\/en\/wp-json\/wp\/v2\/product"}],"about":[{"href":"https:\/\/sezona.lv\/en\/wp-json\/wp\/v2\/types\/product"}],"wp:featuredmedia":[{"embeddable":true,"href":"https:\/\/sezona.lv\/en\/wp-json\/wp\/v2\/media\/72209"}],"wp:attachment":[{"href":"https:\/\/sezona.lv\/en\/wp-json\/wp\/v2\/media?parent=79439"}],"wp:term":[{"taxonomy":"product_brand","embeddable":true,"href":"https:\/\/sezona.lv\/en\/wp-json\/wp\/v2\/product_brand?post=79439"},{"taxonomy":"product_cat","embeddable":true,"href":"https:\/\/sezona.lv\/en\/wp-json\/wp\/v2\/product_cat?post=79439"},{"taxonomy":"product_tag","embeddable":true,"href":"https:\/\/sezona.lv\/en\/wp-json\/wp\/v2\/product_tag?post=79439"}],"curies":[{"name":"wp","href":"https:\/\/api.w.org\/{rel}","templated":true}]}}