{"id":79441,"date":"2025-07-11T17:01:33","date_gmt":"2025-07-11T14:01:33","guid":{"rendered":"https:\/\/demo8.ecube.lv\/sezona.lv\/products\/bresser-60x-100x-kabatas-parnesajamais-mikroskops\/"},"modified":"2025-07-14T15:40:12","modified_gmt":"2025-07-14T12:40:12","slug":"bresser-60x-100x-kabatas-parnesajamais-mikroskops","status":"publish","type":"product","link":"https:\/\/sezona.lv\/en\/products\/bresser-60x-100x-kabatas-parnesajamais-mikroskops\/","title":{"rendered":"Bresser 60x &#8211; 100x Kabatas P\u0101rn\u0113s\u0101jamais Mikroskops"},"content":{"rendered":"<p style=\"line-height: 1.38;margin-top: 0pt;margin-bottom: 0pt\" dir=\"ltr\"><span style=\"font-size: 12pt;font-family: Arial;color: #212121;background-color: #ffffff;font-weight: 700;font-style: normal;font-variant: normal;text-decoration: none;vertical-align: baseline\">Kabatas P\u0101rn\u0113s\u0101jamais Mikroskops Bresser 60x &#8211; 100x <\/span><span style=\"font-size: 11pt;font-family: Arial;color: #212121;background-color: #ffffff;font-weight: 400;font-style: normal;font-variant: normal;text-decoration: none;vertical-align: baseline\"><br class=\"kix-line-break\" \/><\/span><span style=\"font-size: 11pt;font-family: Arial;color: #212121;background-color: #ffffff;font-weight: 400;font-style: normal;font-variant: normal;text-decoration: none;vertical-align: baseline\">Ar &scaron;o praktisko rokas mikroskopu, j\u016bs varat <\/span><span style=\"font-size: 11pt;font-family: Arial;color: #212121;background-color: #ffffff;font-weight: 700;font-style: normal;font-variant: normal;text-decoration: none;vertical-align: baseline\">palielin\u0101t objektus l\u012bdz pat 100x<\/span><span style=\"font-size: 11pt;font-family: Arial;color: #212121;background-color: #ffffff;font-weight: 400;font-style: normal;font-variant: normal;text-decoration: none;vertical-align: baseline\">. Spilgtais apgaismojums un svars nodro&scaron;ina vieglu apstr\u0101di.<\/span><span style=\"font-size: 11pt;font-family: Arial;color: #212121;background-color: #ffffff;font-weight: 400;font-style: normal;font-variant: normal;text-decoration: none;vertical-align: baseline\"><br class=\"kix-line-break\" \/><\/span><span style=\"font-size: 11pt;font-family: Arial;color: #212121;background-color: #ffffff;font-weight: 400;font-style: normal;font-variant: normal;text-decoration: none;vertical-align: baseline\"><br class=\"kix-line-break\" \/><\/span><span style=\"font-size: 11pt;font-family: Arial;color: #212121;background-color: #ffffff;font-weight: 700;font-style: normal;font-variant: normal;text-decoration: none;vertical-align: baseline\">Funckijas:<\/span><span style=\"font-size: 11pt;font-family: Arial;color: #212121;background-color: #ffffff;font-weight: 400;font-style: normal;font-variant: normal;text-decoration: none;vertical-align: baseline\"><br class=\"kix-line-break\" \/><\/span><span style=\"font-size: 11pt;font-family: Arial;color: #212121;background-color: #ffffff;font-weight: 400;font-style: normal;font-variant: normal;text-decoration: none;vertical-align: baseline\">Palielin\u0101jums: 60-100x<\/span><span style=\"font-size: 11pt;font-family: Arial;color: #212121;background-color: #ffffff;font-weight: 400;font-style: normal;font-variant: normal;text-decoration: none;vertical-align: baseline\"><br class=\"kix-line-break\" \/><\/span><span style=\"font-size: 11pt;font-family: Arial;color: #212121;background-color: #ffffff;font-weight: 400;font-style: normal;font-variant: normal;text-decoration: none;vertical-align: baseline\">Svars: 80 g (bez baterij\u0101m)<\/span><span style=\"font-size: 11pt;font-family: Arial;color: #212121;background-color: #ffffff;font-weight: 400;font-style: normal;font-variant: normal;text-decoration: none;vertical-align: baseline\"><br class=\"kix-line-break\" \/><\/span><span style=\"font-size: 11pt;font-family: Arial;color: #212121;background-color: #ffffff;font-weight: 400;font-style: normal;font-variant: normal;text-decoration: none;vertical-align: baseline\">L\u0113cu materi\u0101ls: plastmasa<\/span><span style=\"font-size: 11pt;font-family: Arial;color: #212121;background-color: #ffffff;font-weight: 400;font-style: normal;font-variant: normal;text-decoration: none;vertical-align: baseline\"><br class=\"kix-line-break\" \/><\/span><span style=\"font-size: 11pt;font-family: Arial;color: #212121;background-color: #ffffff;font-weight: 400;font-style: normal;font-variant: normal;text-decoration: none;vertical-align: baseline\">Apgaismojums: 1x spuldze<\/span><span style=\"font-size: 11pt;font-family: Arial;color: #212121;background-color: #ffffff;font-weight: 400;font-style: normal;font-variant: normal;text-decoration: none;vertical-align: baseline\"><br class=\"kix-line-break\" \/><\/span><span style=\"font-size: 11pt;font-family: Arial;color: #212121;background-color: #ffffff;font-weight: 400;font-style: normal;font-variant: normal;text-decoration: none;vertical-align: baseline\"><br class=\"kix-line-break\" \/><\/span><span style=\"font-size: 11pt;font-family: Arial;color: #212121;background-color: #ffffff;font-weight: 700;font-style: normal;font-variant: normal;text-decoration: none;vertical-align: baseline\">Komplekt\u0101 ietilpst<\/span><span style=\"font-size: 11pt;font-family: Arial;color: #212121;background-color: #ffffff;font-weight: 400;font-style: normal;font-variant: normal;text-decoration: none;vertical-align: baseline\"><br class=\"kix-line-break\" \/><\/span><span style=\"font-size: 11pt;font-family: Arial;color: #212121;background-color: #ffffff;font-weight: 400;font-style: normal;font-variant: normal;text-decoration: none;vertical-align: baseline\">Rokas mikroskops<\/span><span style=\"font-size: 11pt;font-family: Arial;color: #212121;background-color: #ffffff;font-weight: 400;font-style: normal;font-variant: normal;text-decoration: none;vertical-align: baseline\"><br class=\"kix-line-break\" \/><\/span><span style=\"font-size: 11pt;font-family: Arial;color: #212121;background-color: #ffffff;font-weight: 400;font-style: normal;font-variant: normal;text-decoration: none;vertical-align: baseline\">Maisi\u0146&scaron;<br class=\"kix-line-break\" \/><\/span><span style=\"font-size: 11pt;font-family: Arial;color: #212121;background-color: #ffffff;font-weight: 400;font-style: normal;font-variant: normal;text-decoration: none;vertical-align: baseline\">Rokasgr\u0101mata<\/span><\/p>\n<p style=\"line-height: 1.38;margin-top: 0pt;margin-bottom: 0pt\" dir=\"ltr\">&nbsp;<\/p>\n<table border=\"0\">\n<tbody>\n<tr style=\"height: 18.75pt\">\n<td style=\"vertical-align: bottom;padding: 2pt 2pt 2pt 2pt;border: solid #000000 0.7470705000000001pt\" colspan=\"2\">\n<p style=\"line-height: 1.38;margin-top: 0pt;margin-bottom: 0pt;text-align: center\" dir=\"ltr\"><span style=\"font-size: 13.999999999999998pt;font-family: Arial;color: #808080;background-color: transparent;font-weight: 400;font-style: normal;font-variant: normal;text-decoration: none;vertical-align: baseline\">Tehnisk\u0101 Specifik\u0101cija<\/span><\/p>\n<\/td>\n<\/tr>\n<tr style=\"height: 17.25pt\">\n<td style=\"vertical-align: bottom;padding: 2pt 2pt 2pt 2pt;border: solid #000000 0.7470705000000001pt\" colspan=\"2\">\n<p style=\"line-height: 1.38;margin-top: 0pt;margin-bottom: 0pt;text-align: center\" dir=\"ltr\"><span style=\"font-size: 11pt;font-family: Arial;color: #000000;background-color: transparent;font-weight: 700;font-style: normal;font-variant: normal;text-decoration: none;vertical-align: baseline\">Optisk\u0101 Specifik\u0101cija<\/span><\/p>\n<\/td>\n<\/tr>\n<tr style=\"height: 17.25pt\">\n<td style=\"vertical-align: bottom;padding: 2pt 2pt 2pt 2pt;border: solid #000000 0.7470705000000001pt\">\n<p style=\"line-height: 1.38;margin-top: 0pt;margin-bottom: 0pt;text-align: center\" dir=\"ltr\"><span style=\"font-size: 11pt;font-family: Arial;color: #000000;background-color: transparent;font-weight: 700;font-style: normal;font-variant: normal;text-decoration: none;vertical-align: baseline\">Palielin\u0101jums<\/span><\/p>\n<\/td>\n<td style=\"vertical-align: bottom;padding: 2pt 2pt 2pt 2pt;border: solid #000000 0.7470705000000001pt\">\n<p style=\"line-height: 1.38;margin-top: 0pt;margin-bottom: 0pt;text-align: center\" dir=\"ltr\"><span style=\"font-size: 11pt;font-family: Arial;color: #000000;background-color: transparent;font-weight: 400;font-style: normal;font-variant: normal;text-decoration: none;vertical-align: baseline\">60 &#8211; 100<\/span><\/p>\n<\/td>\n<\/tr>\n<tr style=\"height: 17.25pt\">\n<td style=\"vertical-align: bottom;padding: 2pt 2pt 2pt 2pt;border: solid #000000 0.7470705000000001pt\">\n<p style=\"line-height: 1.38;margin-top: 0pt;margin-bottom: 0pt;text-align: center\" dir=\"ltr\"><span style=\"font-size: 11pt;font-family: Arial;color: #000000;background-color: transparent;font-weight: 700;font-style: normal;font-variant: normal;text-decoration: none;vertical-align: baseline\">L\u0113cas Materi\u0101ls<\/span><\/p>\n<\/td>\n<td style=\"vertical-align: bottom;padding: 2pt 2pt 2pt 2pt;border: solid #000000 0.7470705000000001pt\">\n<p style=\"line-height: 1.38;margin-top: 0pt;margin-bottom: 0pt;text-align: center\" dir=\"ltr\"><span style=\"font-size: 11pt;font-family: Arial;color: #000000;background-color: transparent;font-weight: 400;font-style: normal;font-variant: normal;text-decoration: none;vertical-align: baseline\">ABS Plastmasa<\/span><\/p>\n<\/td>\n<\/tr>\n<tr style=\"height: 17.25pt\">\n<td style=\"vertical-align: bottom;padding: 2pt 2pt 2pt 2pt;border: solid #000000 0.7470705000000001pt\">\n<p style=\"line-height: 1.38;margin-top: 0pt;margin-bottom: 0pt;text-align: center\" dir=\"ltr\"><span style=\"font-size: 11pt;font-family: Arial;color: #000000;background-color: transparent;font-weight: 700;font-style: normal;font-variant: normal;text-decoration: none;vertical-align: baseline\">L\u0113cu Skaits<\/span><\/p>\n<\/td>\n<td style=\"vertical-align: bottom;padding: 2pt 2pt 2pt 2pt;border: solid #000000 0.7470705000000001pt\">\n<p style=\"line-height: 1.38;margin-top: 0pt;margin-bottom: 0pt;text-align: center\" dir=\"ltr\"><span style=\"font-size: 11pt;font-family: Arial;color: #000000;background-color: transparent;font-weight: 400;font-style: normal;font-variant: normal;text-decoration: none;vertical-align: baseline\">1<\/span><\/p>\n<\/td>\n<\/tr>\n<tr style=\"height: 17.25pt\">\n<td style=\"vertical-align: bottom;background-color: #ffffff;padding: 2pt 2pt 2pt 2pt;border: solid #000000 0.7470705000000001pt\" colspan=\"2\">\n<p style=\"line-height: 1.38;margin-top: 0pt;margin-bottom: 0pt;text-align: center\" dir=\"ltr\"><span style=\"font-size: 11pt;font-family: Arial;color: #212121;background-color: transparent;font-weight: 700;font-style: normal;font-variant: normal;text-decoration: none;vertical-align: baseline\">ELEKTRONIKA, PROGRAMMAT\u016aRA UN PROGRAMMAT\u016aRA<\/span><\/p>\n<\/td>\n<\/tr>\n<tr style=\"height: 17.25pt\">\n<td style=\"vertical-align: bottom;padding: 2pt 2pt 2pt 2pt;border: solid #000000 0.7470705000000001pt\">\n<p style=\"line-height: 1.38;margin-top: 0pt;margin-bottom: 0pt;text-align: center\" dir=\"ltr\"><span style=\"font-size: 11pt;font-family: Arial;color: #000000;background-color: transparent;font-weight: 700;font-style: normal;font-variant: normal;text-decoration: none;vertical-align: baseline\">Elektr\u012bbas Padeve<\/span><\/p>\n<\/td>\n<td style=\"vertical-align: bottom;padding: 2pt 2pt 2pt 2pt;border: solid #000000 0.7470705000000001pt\">\n<p style=\"line-height: 1.38;margin-top: 0pt;margin-bottom: 0pt;text-align: center\" dir=\"ltr\"><span style=\"font-size: 11pt;font-family: Arial;color: #000000;background-color: transparent;font-weight: 400;font-style: normal;font-variant: normal;text-decoration: none;vertical-align: baseline\">3V Baterijas<\/span><\/p>\n<\/td>\n<\/tr>\n<tr style=\"height: 17.25pt\">\n<td style=\"vertical-align: bottom;padding: 2pt 2pt 2pt 2pt;border: solid #000000 0.7470705000000001pt\">\n<p style=\"line-height: 1.38;margin-top: 0pt;margin-bottom: 0pt;text-align: center\" dir=\"ltr\"><span style=\"font-size: 11pt;font-family: Arial;color: #000000;background-color: transparent;font-weight: 700;font-style: normal;font-variant: normal;text-decoration: none;vertical-align: baseline\">Bateriju Veids<\/span><\/p>\n<\/td>\n<td style=\"vertical-align: bottom;padding: 2pt 2pt 2pt 2pt;border: solid #000000 0.7470705000000001pt\">\n<p style=\"line-height: 1.38;margin-top: 0pt;margin-bottom: 0pt;text-align: center\" dir=\"ltr\"><span style=\"font-size: 11pt;font-family: Arial;color: #000000;background-color: transparent;font-weight: 400;font-style: normal;font-variant: normal;text-decoration: none;vertical-align: baseline\">2x AA (Mignon), 1.5V<\/span><\/p>\n<\/td>\n<\/tr>\n<tr style=\"height: 17.25pt\">\n<td style=\"vertical-align: bottom;padding: 2pt 2pt 2pt 2pt;border: solid #000000 0.7470705000000001pt\" colspan=\"2\">\n<p style=\"line-height: 1.38;margin-top: 0pt;margin-bottom: 0pt;text-align: center\" dir=\"ltr\"><span style=\"font-size: 11pt;font-family: Arial;color: #000000;background-color: transparent;font-weight: 700;font-style: normal;font-variant: normal;text-decoration: none;vertical-align: baseline\">Visp\u0101r\u0113j\u0101 Tehnisk\u0101 Specifik\u0101cija<\/span><\/p>\n<\/td>\n<\/tr>\n<tr style=\"height: 17.25pt\">\n<td style=\"vertical-align: bottom;padding: 2pt 2pt 2pt 2pt;border: solid #000000 0.7470705000000001pt\">\n<p style=\"line-height: 1.38;margin-top: 0pt;margin-bottom: 0pt;text-align: center\" dir=\"ltr\"><span style=\"font-size: 11pt;font-family: Arial;color: #000000;background-color: transparent;font-weight: 700;font-style: normal;font-variant: normal;text-decoration: none;vertical-align: baseline\">Soma \/ maisi\u0146&scaron;<\/span><\/p>\n<\/td>\n<td style=\"vertical-align: bottom;padding: 2pt 2pt 2pt 2pt;border: solid #000000 0.7470705000000001pt\">\n<p style=\"line-height: 1.38;margin-top: 0pt;margin-bottom: 0pt;text-align: center\" dir=\"ltr\"><span style=\"font-size: 11pt;font-family: Arial;color: #000000;background-color: transparent;font-weight: 400;font-style: normal;font-variant: normal;text-decoration: none;vertical-align: baseline\">Plastmasas Korpuss<\/span><\/p>\n<\/td>\n<\/tr>\n<tr style=\"height: 17.25pt\">\n<td style=\"vertical-align: bottom;padding: 2pt 2pt 2pt 2pt;border: solid #000000 0.7470705000000001pt\">\n<p style=\"line-height: 1.38;margin-top: 0pt;margin-bottom: 0pt;text-align: center\" dir=\"ltr\"><span style=\"font-size: 11pt;font-family: Arial;color: #000000;background-color: transparent;font-weight: 700;font-style: normal;font-variant: normal;text-decoration: none;vertical-align: baseline\">Kr\u0101sa<\/span><\/p>\n<\/td>\n<td style=\"vertical-align: bottom;padding: 2pt 2pt 2pt 2pt;border: solid #000000 0.7470705000000001pt\">\n<p style=\"line-height: 1.38;margin-top: 0pt;margin-bottom: 0pt;text-align: center\" dir=\"ltr\"><span style=\"font-size: 11pt;font-family: Arial;color: #000000;background-color: transparent;font-weight: 400;font-style: normal;font-variant: normal;text-decoration: none;vertical-align: baseline\">Melns<\/span><\/p>\n<\/td>\n<\/tr>\n<tr style=\"height: 17.25pt\">\n<td style=\"vertical-align: bottom;padding: 2pt 2pt 2pt 2pt;border: solid #000000 0.7470705000000001pt\">\n<p style=\"line-height: 1.38;margin-top: 0pt;margin-bottom: 0pt;text-align: center\" dir=\"ltr\"><span style=\"font-size: 11pt;font-family: Arial;color: #000000;background-color: transparent;font-weight: 700;font-style: normal;font-variant: normal;text-decoration: none;vertical-align: baseline\">\u0136erme\u0146a materi\u0101ls<\/span><\/p>\n<\/td>\n<td style=\"vertical-align: bottom;padding: 2pt 2pt 2pt 2pt;border: solid #000000 0.7470705000000001pt\">\n<p style=\"line-height: 1.38;margin-top: 0pt;margin-bottom: 0pt;text-align: center\" dir=\"ltr\"><span style=\"font-size: 11pt;font-family: Arial;color: #000000;background-color: transparent;font-weight: 400;font-style: normal;font-variant: normal;text-decoration: none;vertical-align: baseline\">Plastmasa<\/span><\/p>\n<\/td>\n<\/tr>\n<tr style=\"height: 30.75pt\">\n<td style=\"vertical-align: bottom;padding: 2pt 2pt 2pt 2pt;border: solid #000000 0.7470705000000001pt\">\n<p style=\"line-height: 1.38;margin-top: 0pt;margin-bottom: 0pt;text-align: center\" dir=\"ltr\"><span style=\"font-size: 11pt;font-family: Arial;color: #000000;background-color: transparent;font-weight: 700;font-style: normal;font-variant: normal;text-decoration: none;vertical-align: baseline\">Komplekt\u0101 ietilpst<\/span><\/p>\n<\/td>\n<td style=\"vertical-align: bottom;padding: 2pt 2pt 2pt 2pt;border: solid #000000 0.7470705000000001pt\">\n<p style=\"line-height: 1.38;margin-top: 0pt;margin-bottom: 0pt;text-align: center\" dir=\"ltr\"><span style=\"font-size: 11pt;font-family: Arial;color: #000000;background-color: transparent;font-weight: 400;font-style: normal;font-variant: normal;text-decoration: none;vertical-align: baseline\">Kabatas Mikroskops, soma<\/span><\/p>\n<\/td>\n<\/tr>\n<tr style=\"height: 17.25pt\">\n<td style=\"vertical-align: bottom;padding: 2pt 2pt 2pt 2pt;border: solid #000000 0.7470705000000001pt\">\n<p style=\"line-height: 1.38;margin-top: 0pt;margin-bottom: 0pt;text-align: center\" dir=\"ltr\"><span style=\"font-size: 11pt;font-family: Arial;color: #000000;background-color: transparent;font-weight: 700;font-style: normal;font-variant: normal;text-decoration: none;vertical-align: baseline\">Garantija<\/span><\/p>\n<\/td>\n<td style=\"vertical-align: bottom;padding: 2pt 2pt 2pt 2pt;border: solid #000000 0.7470705000000001pt\">\n<p style=\"line-height: 1.38;margin-top: 0pt;margin-bottom: 0pt;text-align: center\" dir=\"ltr\"><span style=\"font-size: 11pt;font-family: Arial;color: #000000;background-color: transparent;font-weight: 400;font-style: normal;font-variant: normal;text-decoration: none;vertical-align: baseline\">2<\/span><\/p>\n<\/td>\n<\/tr>\n<\/tbody>\n<\/table>\n<p style=\"line-height: 1.38;margin-top: 0pt;margin-bottom: 0pt\" dir=\"ltr\">&nbsp;<\/p>\n<p>&nbsp;<\/p>\n<p>&nbsp;<\/p>\n<p>&nbsp;<\/p>\n<p>&nbsp;<\/p>\n<p>&nbsp;<\/p>\n","protected":false},"excerpt":{"rendered":"<p>Kabatas P\u0101rn\u0113s\u0101jamais Mikroskops Bresser 60x &#8211; 100x Ar &scaron;o praktisko rokas mikroskopu, j\u016bs varat palielin\u0101t objektus l\u012bdz pat 100x. Spilgtais apgaismojums un svars nodro&scaron;ina vieglu apstr\u0101di.Funckijas:Palielin\u0101jums: 60-100xSvars: 80 g (bez baterij\u0101m)L\u0113cu materi\u0101ls: plastmasaApgaismojums: 1x spuldzeKomplekt\u0101 ietilpstRokas mikroskopsMaisi\u0146&scaron;Rokasgr\u0101mata &nbsp; Tehnisk\u0101 Specifik\u0101cija Optisk\u0101 Specifik\u0101cija Palielin\u0101jums 60 &#8211; 100 L\u0113cas Materi\u0101ls ABS Plastmasa L\u0113cu Skaits 1 ELEKTRONIKA, PROGRAMMAT\u016aRA [&hellip;]<\/p>\n","protected":false},"featured_media":72231,"template":"","meta":[],"product_brand":[],"product_cat":[4938,4969],"product_tag":[],"class_list":{"0":"post-79441","1":"product","2":"type-product","3":"status-publish","4":"has-post-thumbnail","6":"product_cat-optics-recreation","7":"product_cat-microscopes-optics-recreation","9":"first","10":"instock","11":"shipping-taxable","12":"purchasable","13":"product-type-simple"},"_links":{"self":[{"href":"https:\/\/sezona.lv\/en\/wp-json\/wp\/v2\/product\/79441","targetHints":{"allow":["GET"]}}],"collection":[{"href":"https:\/\/sezona.lv\/en\/wp-json\/wp\/v2\/product"}],"about":[{"href":"https:\/\/sezona.lv\/en\/wp-json\/wp\/v2\/types\/product"}],"wp:featuredmedia":[{"embeddable":true,"href":"https:\/\/sezona.lv\/en\/wp-json\/wp\/v2\/media\/72231"}],"wp:attachment":[{"href":"https:\/\/sezona.lv\/en\/wp-json\/wp\/v2\/media?parent=79441"}],"wp:term":[{"taxonomy":"product_brand","embeddable":true,"href":"https:\/\/sezona.lv\/en\/wp-json\/wp\/v2\/product_brand?post=79441"},{"taxonomy":"product_cat","embeddable":true,"href":"https:\/\/sezona.lv\/en\/wp-json\/wp\/v2\/product_cat?post=79441"},{"taxonomy":"product_tag","embeddable":true,"href":"https:\/\/sezona.lv\/en\/wp-json\/wp\/v2\/product_tag?post=79441"}],"curies":[{"name":"wp","href":"https:\/\/api.w.org\/{rel}","templated":true}]}}