{"id":79443,"date":"2025-07-11T17:01:38","date_gmt":"2025-07-11T14:01:38","guid":{"rendered":"https:\/\/demo8.ecube.lv\/sezona.lv\/products\/levenhuk-labzzc1-2x-3x-insektu-trauks-ar-palielinamo-lupu-un-zirnekli-berniem\/"},"modified":"2025-07-14T15:40:14","modified_gmt":"2025-07-14T12:40:14","slug":"levenhuk-labzzc1-2x-3x-insektu-trauks-ar-palielinamo-lupu-un-zirnekli-berniem","status":"publish","type":"product","link":"https:\/\/sezona.lv\/en\/products\/levenhuk-labzzc1-2x-3x-insektu-trauks-ar-palielinamo-lupu-un-zirnekli-berniem\/","title":{"rendered":"Levenhuk LabZZC1 2x-3x Insektu Trauks ar Palielin\u0101mo Lupu un Zirnekli B\u0113rniem"},"content":{"rendered":"<p><span style=\"font-size: 160%;font-family: arial,sans,sans-serif\">Specifik\u0101cijas<\/span><\/p>\n<table style=\"font-size: 13px;font-family: arial, sans, sans-serif;border: none\" dir=\"ltr\" border=\"1\" cellspacing=\"0\" cellpadding=\"0\">\n<colgroup>\n<col width=\"215\"><\/col>\n<col width=\"434\"><\/col>\n<\/colgroup>\n<tbody>\n<tr style=\"height: 21px\">\n<td style=\"padding: 2px 3px;vertical-align: bottom;border-color: #000000;font-family: Arial;font-size: 110%;color: #3a3a3a\">L\u0113cas diametrs (izm\u0113ri), mm<\/td>\n<td style=\"padding: 2px 3px;vertical-align: bottom;border-top-color: #000000;border-right-color: #000000;border-bottom-color: #000000;font-family: Arial;font-size: 110%;color: #3a3a3a\">45<\/td>\n<\/tr>\n<tr style=\"height: 21px\">\n<td style=\"padding: 2px 3px;vertical-align: bottom;border-right-color: #000000;border-bottom-color: #000000;border-left-color: #000000;font-family: Arial;font-size: 110%;color: #3a3a3a\">Iek\u013caut\u0101s l\u0113cas diametrs, mm<\/td>\n<td style=\"padding: 2px 3px;vertical-align: bottom;border-right-color: #000000;border-bottom-color: #000000;font-family: Arial;font-size: 110%;color: #3a3a3a\">35<\/td>\n<\/tr>\n<tr style=\"height: 21px\">\n<td style=\"padding: 2px 3px;vertical-align: bottom;border-right-color: #000000;border-bottom-color: #000000;border-left-color: #000000;font-family: Arial;font-size: 110%;color: #3a3a3a\">Palielin\u0101jums, x<\/td>\n<td style=\"padding: 2px 3px;vertical-align: bottom;border-right-color: #000000;border-bottom-color: #000000;font-family: Arial;font-size: 110%;color: #3a3a3a\">6<\/td>\n<\/tr>\n<tr style=\"height: 21px\">\n<td style=\"padding: 2px 3px;vertical-align: bottom;border-right-color: #000000;border-bottom-color: #000000;border-left-color: #000000;font-family: Arial;font-size: 110%;color: #3a3a3a\">Iek\u013caut\u0101s l\u0113cas palielin\u0101jums x<\/td>\n<td style=\"padding: 2px 3px;vertical-align: bottom;border-right-color: #000000;border-bottom-color: #000000;font-family: Arial;font-size: 110%;color: #3a3a3a\">3<\/td>\n<\/tr>\n<tr style=\"height: 21px\">\n<td style=\"padding: 2px 3px;vertical-align: bottom;border-right-color: #000000;border-bottom-color: #000000;border-left-color: #000000;font-family: Arial;font-size: 110%;color: #3a3a3a\">Optikas materi\u0101li<\/td>\n<td style=\"padding: 2px 3px;vertical-align: bottom;border-right-color: #000000;border-bottom-color: #000000;font-family: Arial;font-size: 110%;color: #3a3a3a\">optisk\u0101 plastmasa<\/td>\n<\/tr>\n<tr style=\"height: 21px\">\n<td style=\"padding: 2px 3px;vertical-align: bottom;border-right-color: #000000;border-bottom-color: #000000;border-left-color: #000000;font-family: Arial;font-size: 110%;color: #3a3a3a\">Korpusa materi\u0101ls<\/td>\n<td style=\"padding: 2px 3px;vertical-align: bottom;border-right-color: #000000;border-bottom-color: #000000;font-family: Arial;font-size: 110%;color: #3a3a3a\">plastmasa<\/td>\n<\/tr>\n<tr style=\"height: 21px\">\n<td style=\"padding: 2px 3px;vertical-align: bottom;border-right-color: #000000;border-bottom-color: #000000;border-left-color: #000000;font-family: Arial;font-size: 110%;color: #3a3a3a\">Papildu<\/td>\n<td style=\"padding: 2px 3px;vertical-align: bottom;border-right-color: #000000;border-bottom-color: #000000;font-family: Arial;font-size: 110%;color: #3a3a3a\">M\u0113r\u012b&scaron;anas re\u017e\u0123is apak&scaron;\u0101 ir ar 0.5 centimetru skalas ieda\u013cas v\u0113rt\u012bbu.<br \/>Ir iek\u013cauts plastmasas tr\u012bsk\u0101jis.<\/td>\n<\/tr>\n<\/tbody>\n<\/table>\n<p style=\"margin-bottom: 10px;padding: 0px;color: #3a3a3a;font-family: Vardana, sans-serif;font-size: 14px\"><span style=\"font-weight: bold\"><br \/><\/span><\/p>\n<p style=\"margin-bottom: 10px;padding: 0px;color: #3a3a3a;font-family: Vardana, sans-serif;font-size: 14px\"><span style=\"font-weight: bold\">Levenhuk LabZZ C1<\/span> insektu trauks ir vienk\u0101r&scaron;s pal\u012bgr\u012bks, kas aizraus un fascin\u0113s jaunos  p\u0113tniekus. Da\u017e\u0101du veidu kukai\u0146i, taure\u0146i un citi insekti var tikt  ievietoti &scaron;aj\u0101 trauk\u0101 ar caursp\u012bd\u012bgaj\u0101m sien\u0101m, lai tos var\u0113tu  detaliz\u0113ti nov\u0113rot ar trauka v\u0101k\u0101 iestr\u0101d\u0101to palielin\u0101juma stiklu. J\u016bs  trauku varat ar\u012b piepild\u012bt ar \u016bdeni un ievietot taj\u0101 mazas zivis, un  nov\u0113rot t\u0101s no da\u017e\u0101d\u0101m pus\u0113m un le\u0146\u0137iem.<\/p>\n<p style=\"margin-bottom: 10px;padding: 0px;color: #3a3a3a;font-family: Vardana, sans-serif;font-size: 14px\"><span style=\"font-weight: bold\">Levenhuk LabZZ C1<\/span> insektu trauks ir \u012bpa&scaron;i izklaid\u0113jo&scaron;s dabas nov\u0113ro&scaron;anai. Ar Levenhuk  LabZZ C1 praktiski jebkur&scaron; savva\u013cas iem\u012btnieks, kur&scaron; ir pietiekami mazs,  lai ietilptu trauk\u0101 var k\u013c\u016bt par aizraujo&scaron;a p\u0113t\u012bjuma priek&scaron;metu! &Scaron;is  palielin\u0101mais stikls ir ieteicams b\u0113rniem no tr\u012bs l\u012bdz divpadsmit  gadiem.<\/p>\n<p style=\"margin-bottom: 10px;padding: 0px;color: #3a3a3a;font-family: Vardana, sans-serif;font-size: 14px\">Dizains  ir \u013coti vienk\u0101r&scaron;s, aug&scaron;\u0113jais v\u0101ks veic galveno palielin\u0101juma stikla  funkciju un tam ir 6x palielin\u0101jums; tas ir apr\u012bkots ar papildus 3x  ieliekto palielino&scaron;o l\u0113cu. Tvertnes apak&scaron;\u0113jai da\u013cai ir \u012bpa&scaron;s m\u0113r\u012b&scaron;anas  re\u017e\u0123is, lai pal\u012bdz\u0113tu noteikt p\u0113t\u0101m\u0101 objekta izm\u0113ru.<\/p>\n<table class=\"table table-bordered\" border=\"0\">\n<thead>\n<tr>\n<td colspan=\"2\"><strong>Atrib\u016bti<\/strong><\/td>\n<\/tr>\n<\/thead>\n<tbody>\n<tr>\n<td>Garantija<\/td>\n<td>999 months<\/td>\n<\/tr>\n<tr>\n<td>Iek\u013caut\u0101s l\u0113cas diametrs<\/td>\n<td>35 mm<\/td>\n<\/tr>\n<tr>\n<td>Iek\u013caut\u0101s l\u0113cas palielin\u0101jums x<\/td>\n<td>6<\/td>\n<\/tr>\n<tr>\n<td>Iepakojuma izm\u0113ri (GxPxA):<\/td>\n<td>7.1 x 8.1 x 8.1 cm<\/td>\n<\/tr>\n<tr>\n<td>Korpusa materi\u0101ls<\/td>\n<td>plastmasa<\/td>\n<\/tr>\n<tr>\n<td>L\u0113cas diametrs (izm\u0113ri)<\/td>\n<td>45 mm<\/td>\n<\/tr>\n<tr>\n<td>Optikas materi\u0101ls<\/td>\n<td>optisk\u0101 plastmasa<\/td>\n<\/tr>\n<tr>\n<td>Palielin\u0101jums<\/td>\n<td>3 x<\/td>\n<\/tr>\n<tr>\n<td>Ra\u017eot\u0101ja valsts<\/td>\n<td>PRC, controlled by Levenhuk, Inc. (USA)<\/td>\n<\/tr>\n<tr>\n<td>Svars<\/td>\n<td>0.076 kg<\/td>\n<\/tr>\n<\/tbody>\n<\/table>\n<p style=\"margin-bottom: 10px;padding: 0px;color: #3a3a3a;font-family: Vardana, sans-serif;font-size: 14px\">&nbsp;<\/p>\n<p>&nbsp;<\/p>\n","protected":false},"excerpt":{"rendered":"<p>Specifik\u0101cijas L\u0113cas diametrs (izm\u0113ri), mm 45 Iek\u013caut\u0101s l\u0113cas diametrs, mm 35 Palielin\u0101jums, x 6 Iek\u013caut\u0101s l\u0113cas palielin\u0101jums x 3 Optikas materi\u0101li optisk\u0101 plastmasa Korpusa materi\u0101ls plastmasa Papildu M\u0113r\u012b&scaron;anas re\u017e\u0123is apak&scaron;\u0101 ir ar 0.5 centimetru skalas ieda\u013cas v\u0113rt\u012bbu.Ir iek\u013cauts plastmasas tr\u012bsk\u0101jis. Levenhuk LabZZ C1 insektu trauks ir vienk\u0101r&scaron;s pal\u012bgr\u012bks, kas aizraus un fascin\u0113s jaunos p\u0113tniekus. Da\u017e\u0101du [&hellip;]<\/p>\n","protected":false},"featured_media":72250,"template":"","meta":[],"product_brand":[3372],"product_cat":[4938,4969],"product_tag":[],"class_list":{"0":"post-79443","1":"product","2":"type-product","3":"status-publish","4":"has-post-thumbnail","6":"product_brand-levenhuk","7":"product_cat-optics-recreation","8":"product_cat-microscopes-optics-recreation","10":"first","11":"instock","12":"shipping-taxable","13":"purchasable","14":"product-type-simple"},"_links":{"self":[{"href":"https:\/\/sezona.lv\/en\/wp-json\/wp\/v2\/product\/79443","targetHints":{"allow":["GET"]}}],"collection":[{"href":"https:\/\/sezona.lv\/en\/wp-json\/wp\/v2\/product"}],"about":[{"href":"https:\/\/sezona.lv\/en\/wp-json\/wp\/v2\/types\/product"}],"wp:featuredmedia":[{"embeddable":true,"href":"https:\/\/sezona.lv\/en\/wp-json\/wp\/v2\/media\/72250"}],"wp:attachment":[{"href":"https:\/\/sezona.lv\/en\/wp-json\/wp\/v2\/media?parent=79443"}],"wp:term":[{"taxonomy":"product_brand","embeddable":true,"href":"https:\/\/sezona.lv\/en\/wp-json\/wp\/v2\/product_brand?post=79443"},{"taxonomy":"product_cat","embeddable":true,"href":"https:\/\/sezona.lv\/en\/wp-json\/wp\/v2\/product_cat?post=79443"},{"taxonomy":"product_tag","embeddable":true,"href":"https:\/\/sezona.lv\/en\/wp-json\/wp\/v2\/product_tag?post=79443"}],"curies":[{"name":"wp","href":"https:\/\/api.w.org\/{rel}","templated":true}]}}