{"id":79444,"date":"2025-07-14T15:40:15","date_gmt":"2025-07-14T12:40:15","guid":{"rendered":"https:\/\/demo8.ecube.lv\/sezona.lv\/products\/levenhuk-labzz-c3-plus-insektu-trauks\/"},"modified":"2025-07-14T15:40:15","modified_gmt":"2025-07-14T12:40:15","slug":"levenhuk-labzz-c3-plus-insektu-trauks","status":"publish","type":"product","link":"https:\/\/sezona.lv\/en\/products\/levenhuk-labzz-c3-plus-insektu-trauks\/","title":{"rendered":"Levenhuk LabZZ C3 PLUS Insektu Trauks"},"content":{"rendered":"<p style=\"margin-bottom: 10px;padding: 0px;color: #3a3a3a;font-family: Vardana, sans-serif;font-size: 14px\"><span id=\"docs-internal-guid-01e29e02-7c64-5391-765a-4ce81a858a13\"><span style=\"font-size: 11pt;font-family: Arial;color: #212121;vertical-align: baseline\">Levenhuk LabZZ C3 Insektu Trauks PLUS ir p\u0113tniec\u012bbas instruments jaunajiem zin\u0101tniekiem. &Scaron;\u012b caursp\u012bd\u012bg\u0101 tvertne ir izgatavota no<\/span><span style=\"font-size: 11pt;font-family: Arial;color: #212121;font-weight: 700;vertical-align: baseline\"> plastmasas<\/span><span style=\"font-size: 11pt;font-family: Arial;color: #212121;vertical-align: baseline\"> un<\/span><span style=\"font-size: 11pt;font-family: Arial;color: #212121;font-weight: 700;vertical-align: baseline\"> tai ir 5x palielin\u0101t\u0101js<\/span><span style=\"font-size: 11pt;font-family: Arial;color: #212121;vertical-align: baseline\">. Iek&scaron;pus\u0113 var ievietot da\u017e\u0101dus priek&scaron;metus un tos p\u0101rbaud\u012bt ar palielin\u0101jumu: miner\u0101lvielas, augu da\u013cas vai koku lapas. J\u016bs varat nov\u0113rot ar\u012b da\u017eus kukai\u0146us vai nelielu vardi, vai ar\u012b uzpild\u012bt tvertni ar d\u012b\u0137a \u016bdeni un izp\u0113t\u012bt zivis, \u016bdens kukai\u0146u vai k\u0101postu dz\u012bvi.<\/span><span style=\"font-size: 11pt;font-family: Arial;color: #212121;vertical-align: baseline\"><br class=\"kix-line-break\" \/><\/span><span style=\"font-size: 11pt;font-family: Arial;color: #212121;vertical-align: baseline\"><br class=\"kix-line-break\" \/><\/span><span style=\"font-size: 11pt;font-family: Arial;color: #212121;font-weight: 700;vertical-align: baseline\">Papildus \u0113rt\u012bbai komplekt\u0101 ir siksna<\/span><span style=\"font-size: 11pt;font-family: Arial;color: #212121;vertical-align: baseline\"> &#8211; to var viegli piestiprin\u0101t pie konteinera, lai valk\u0101t ap kaklu.<\/span><span style=\"font-size: 11pt;font-family: Arial;color: #212121;vertical-align: baseline\"><br class=\"kix-line-break\" \/><\/span><span style=\"font-size: 11pt;font-family: Arial;color: #212121;vertical-align: baseline\"><br class=\"kix-line-break\" \/><\/span><span style=\"font-size: 11pt;font-family: Arial;color: #212121;font-weight: 700;vertical-align: baseline\">Komplekt\u0101 ietilpst:<\/span><span style=\"font-size: 11pt;font-family: Arial;color: #212121;vertical-align: baseline\"><br class=\"kix-line-break\" \/><\/span><span style=\"font-size: 11pt;font-family: Arial;color: #212121;vertical-align: baseline\"><br class=\"kix-line-break\" \/><\/span><span style=\"font-size: 11pt;font-family: Arial;color: #212121;vertical-align: baseline\">Levenhuk LabZZ C3 Insektu Trauks PLUS<\/span><span style=\"font-size: 11pt;font-family: Arial;color: #212121;vertical-align: baseline\"><br class=\"kix-line-break\" \/><\/span><span style=\"font-size: 11pt;font-family: Arial;color: #212121;vertical-align: baseline\">Pinceti<\/span><span style=\"font-size: 11pt;font-family: Arial;color: #212121;vertical-align: baseline\"><br class=\"kix-line-break\" \/><\/span><span style=\"font-size: 11pt;font-family: Arial;color: #212121;vertical-align: baseline\">Kakla siksna<\/span><span style=\"font-size: 11pt;font-family: Arial;color: #212121;vertical-align: baseline\"><br class=\"kix-line-break\" \/><\/span><span style=\"font-size: 11pt;font-family: Arial;color: #212121;vertical-align: baseline\">Lietot\u0101ja rokasgr\u0101mata<\/span><\/span><\/p>\n<p>&nbsp;<\/p>\n","protected":false},"excerpt":{"rendered":"<p>Levenhuk LabZZ C3 Insektu Trauks PLUS ir p\u0113tniec\u012bbas instruments jaunajiem zin\u0101tniekiem. &Scaron;\u012b caursp\u012bd\u012bg\u0101 tvertne ir izgatavota no plastmasas un tai ir 5x palielin\u0101t\u0101js. Iek&scaron;pus\u0113 var ievietot da\u017e\u0101dus priek&scaron;metus un tos p\u0101rbaud\u012bt ar palielin\u0101jumu: miner\u0101lvielas, augu da\u013cas vai koku lapas. J\u016bs varat nov\u0113rot ar\u012b da\u017eus kukai\u0146us vai nelielu vardi, vai ar\u012b uzpild\u012bt tvertni ar d\u012b\u0137a \u016bdeni [&hellip;]<\/p>\n","protected":false},"featured_media":0,"template":"","meta":[],"product_brand":[3372],"product_cat":[4640,4938,4969],"product_tag":[],"class_list":{"0":"post-79444","1":"product","2":"type-product","3":"status-publish","5":"product_brand-levenhuk","6":"product_cat-recreation","7":"product_cat-optics-recreation","8":"product_cat-microscopes-optics-recreation","10":"first","11":"instock","12":"shipping-taxable","13":"purchasable","14":"product-type-simple"},"_links":{"self":[{"href":"https:\/\/sezona.lv\/en\/wp-json\/wp\/v2\/product\/79444","targetHints":{"allow":["GET"]}}],"collection":[{"href":"https:\/\/sezona.lv\/en\/wp-json\/wp\/v2\/product"}],"about":[{"href":"https:\/\/sezona.lv\/en\/wp-json\/wp\/v2\/types\/product"}],"wp:attachment":[{"href":"https:\/\/sezona.lv\/en\/wp-json\/wp\/v2\/media?parent=79444"}],"wp:term":[{"taxonomy":"product_brand","embeddable":true,"href":"https:\/\/sezona.lv\/en\/wp-json\/wp\/v2\/product_brand?post=79444"},{"taxonomy":"product_cat","embeddable":true,"href":"https:\/\/sezona.lv\/en\/wp-json\/wp\/v2\/product_cat?post=79444"},{"taxonomy":"product_tag","embeddable":true,"href":"https:\/\/sezona.lv\/en\/wp-json\/wp\/v2\/product_tag?post=79444"}],"curies":[{"name":"wp","href":"https:\/\/api.w.org\/{rel}","templated":true}]}}