{"id":79445,"date":"2025-07-14T15:40:16","date_gmt":"2025-07-14T12:40:16","guid":{"rendered":"https:\/\/demo8.ecube.lv\/sezona.lv\/products\/levenhuk-labzz-m1plus-100x-300x-mikroskops-berniem-ar-komplektu\/"},"modified":"2025-07-14T15:40:16","modified_gmt":"2025-07-14T12:40:16","slug":"levenhuk-labzz-m1plus-100x-300x-mikroskops-berniem-ar-komplektu","status":"publish","type":"product","link":"https:\/\/sezona.lv\/en\/products\/levenhuk-labzz-m1plus-100x-300x-mikroskops-berniem-ar-komplektu\/","title":{"rendered":"Levenhuk LabZZ M1Plus 100x-300x Mikroskops B\u0113rniem ar Komplektu"},"content":{"rendered":"<h1 style=\"margin-bottom: 2px;padding: 0px;font-family: Tahoma, Geneva, sans-serif;font-size: 14pt;color: #000000;text-align: justify\">\n<p style=\"margin-bottom: 10px;padding: 0px;color: #3a3a3a;font-family: Vardana, sans-serif;font-size: 14px;text-align: start\">Levenhuk  LabZZ M1 mikroskops ir izstr\u0101d\u0101ts priek&scaron; jauniem mikrokosma p\u0113tniekiem.  Ar &scaron;o mikroskopu jaunie zin\u0101tnieki spers savus pirmos so\u013cus zin\u0101tn\u0113.  Komplekt\u0101 ir viss nepiecie&scaron;amais &scaron;im m\u0113r\u0137im: viegli lietojams  mikroskops, sagatavoti mikroskopa slaidi un \u012bpa&scaron;i darbar\u012bki, lai  str\u0101d\u0101tu ar mikroskopa paraugiem. B\u0113rni ar instrumentu var tikt gal\u0101  patst\u0101v\u012bgi un vi\u0146i var izp\u0113t\u012bt ikdieni&scaron;\u0137o lietu apbr\u012bnojam\u0101s uzb\u016bves.<\/p>\n<p style=\"margin-bottom: 10px;padding: 0px;color: #3a3a3a;font-family: Vardana, sans-serif;font-size: 14px;text-align: start\">Levenhuk  LabZZ M1 mikroskops ir apr\u012bkots ar apak&scaron;\u0113jo apgaismes \u0137ermeni, kas \u013caus  veikt caursp\u012bd\u012bgu mikroskopa paraugu nov\u0113ro&scaron;anu. Pieejamajos paraugos  ir gatavi mikroskopa slaidi, dz\u012bv\u012bba \u016bdens l\u0101s\u0113 un daudzas citas lietas.  Gaismas kv\u0113lspuldze. &Scaron;\u012b lampa darbojas ar 2 AA baterij\u0101m (nav  iek\u013cautas).<\/p>\n<p style=\"margin-bottom: 10px;padding: 0px;color: #3a3a3a;font-family: Vardana, sans-serif;font-size: 14px;text-align: start\">B\u0113rni  var ar\u012b rad\u012bt pa&scaron;i savus slaidus, ne tikai p\u0113t\u012bt jau gatavos, kas ir  iek\u013cauti iepakojum\u0101. Paraugu ir j\u0101novieto tuk&scaron;\u0101 slaida vid\u016b,  j\u0101nostiprina un, tad j\u0101uzliek virs\u016b stikli\u0146u. Visinteresant\u0101kos paraugus  var patur\u0113t t\u0101l\u0101kiem n\u0101kotnes nov\u0113rojumiem.<\/p>\n<p style=\"margin-bottom: 10px;padding: 0px;color: #3a3a3a;font-family: Vardana, sans-serif;font-size: 14px;text-align: start\">Levenhuk  LabZZ M1 mikroskopam ir tr\u012bs palielin\u0101jumi: 100x, 200x un 300x. J\u016bs  varat izv\u0113l\u0113ties v\u0113lamo palielin\u0101jumu pagrie\u017eot mikroskopa  revolvergalvi\u0146u. Asumu piel\u0101go ar atsevi&scaron;\u0137u rokturi. Priek&scaron;metgaldi\u0146&scaron; ir  apr\u012bkots ar \u012bpa&scaron;\u0101m met\u0101la spail\u0113m, kas nov\u0113rojumu laik\u0101 notur viet\u0101  p\u0113t\u0101mo paraugu.<\/p>\n<p style=\"margin-bottom: 10px;padding: 0px;color: #3a3a3a;font-family: Vardana, sans-serif;font-size: 14px;text-align: start\"><strong style=\"margin: 0px;padding: 0px\">\u012apa&scaron;\u012bbas:<\/strong><\/p>\n<ul class=\"vikas-list-u\" style=\"margin-right: 0px;margin-bottom: 15px;margin-left: 20px;padding: 0px;color: #3a3a3a;font-family: Vardana, sans-serif;font-size: 14px;text-align: start\">\n<li style=\"margin: 0px;padding: 0px\">Vienk\u0101r&scaron;s modelis, rad\u012bts \u012bpa&scaron;i priek&scaron; b\u0113rniem<\/li>\n<li style=\"margin: 0px;padding: 0px\">L\u0113cas izgatavotas no augstas kvalit\u0101tes optisk\u0101s plastmasas<\/li>\n<li style=\"margin: 0px;padding: 0px\">Palielin\u0101jums l\u012bdz 300x<\/li>\n<li style=\"margin: 0px;padding: 0px\">Ar baterij\u0101m darbin\u0101ms apgaismojums<\/li>\n<li style=\"margin: 0px;padding: 0px\">Viegls plastmasas korpuss<\/li>\n<li style=\"margin: 0px;padding: 0px\">Iek\u013cauts eksperimentu komplekts<\/li>\n<\/ul>\n<p style=\"margin-bottom: 10px;padding: 0px;color: #3a3a3a;font-family: Vardana, sans-serif;font-size: 14px;text-align: start\"><strong style=\"margin: 0px;padding: 0px\">Komplekt\u0101 ietilpst:<\/strong><\/p>\n<ul class=\"vikas-list-u\" style=\"margin-right: 0px;margin-bottom: 15px;margin-left: 20px;padding: 0px;color: #3a3a3a;font-family: Vardana, sans-serif;font-size: 14px;text-align: start\">\n<li style=\"margin: 0px;padding: 0px\">Mikroskops<\/li>\n<li style=\"margin: 0px;padding: 0px\">Okul\u0101r<\/li>\n<li style=\"margin: 0px;padding: 0px\">Pipeti<\/li>\n<li style=\"margin: 0px;padding: 0px\">Sagatavoti slaidi (2 gb.)<\/li>\n<li style=\"margin: 0px;padding: 0px\">Tuk&scaron;i slaidi (2 gb.)<\/li>\n<li style=\"margin: 0px;padding: 0px\">Kabati\u0146as (5 gb.)<\/li>\n<li style=\"margin: 0px;padding: 0px\">Slaidu uzl\u012bmes (5 gb.)<\/li>\n<li style=\"margin: 0px;padding: 0px\">L\u012bme<\/li>\n<li style=\"margin: 0px;padding: 0px\">J\u016bras s\u0101ls<\/li>\n<\/ul>\n<p style=\"margin-bottom: 10px;padding: 0px;color: #3a3a3a;font-family: Vardana, sans-serif;font-size: 14px;text-align: start\">Levenhuk  LabZZ M1 mikroskops nav savienojams ar Levenhuk C NG digit\u0101laj\u0101m  kamer\u0101m, jo tam ir nestandarta okul\u0101ra tubusa diametrs.<\/p>\n<\/h1>\n<table class=\"table table-bordered\" border=\"0\">\n<thead>\n<tr>\n<td colspan=\"2\"><strong>Atrib\u016bti<\/strong><\/td>\n<\/tr>\n<\/thead>\n<tbody>\n<tr>\n<td>Apgaismojums<\/td>\n<td>kv\u0113lspuldze, spogulis<\/td>\n<\/tr>\n<tr>\n<td>Baro&scaron;anas avots<\/td>\n<td>2 AA baterijas (nav iek\u013cauts)<\/td>\n<\/tr>\n<tr>\n<td>Fokuss<\/td>\n<td>rupjais<\/td>\n<\/tr>\n<tr>\n<td>Galva<\/td>\n<td>monokul\u0101rs<\/td>\n<\/tr>\n<tr>\n<td>Garantija<\/td>\n<td>999 months<\/td>\n<\/tr>\n<tr>\n<td>Iepakojuma izm\u0113ri (GxPxA):<\/td>\n<td>8.1 x 21.1 x 26.1 cm<\/td>\n<\/tr>\n<tr>\n<td>Korpusa materi\u0101ls<\/td>\n<td>plastmasa<\/td>\n<\/tr>\n<tr>\n<td>Objekt\u012bvi<\/td>\n<td>10\u0445, 20\u0445, 30\u0445<\/td>\n<\/tr>\n<tr>\n<td>Objekt\u012bvu revolveris<\/td>\n<td>3 objekt\u012bvi<\/td>\n<\/tr>\n<tr>\n<td>Okul\u0101ri<\/td>\n<td>10\u0445<\/td>\n<\/tr>\n<tr>\n<td>Optikas materi\u0101ls<\/td>\n<td>optisk\u0101 plastmasa<\/td>\n<\/tr>\n<tr>\n<td>Palielin\u0101jums<\/td>\n<td>100&ndash;300 x<\/td>\n<\/tr>\n<tr>\n<td>Ra\u017eot\u0101ja valsts<\/td>\n<td>PRC, controlled by Levenhuk, Inc. (USA)<\/td>\n<\/tr>\n<tr>\n<td>Svars<\/td>\n<td>0.4 kg<\/td>\n<\/tr>\n<\/tbody>\n<\/table>\n<h1 style=\"margin-bottom: 2px;padding: 0px;font-family: Tahoma, Geneva, sans-serif;font-size: 14pt;color: #000000;text-align: justify\">\n<p style=\"margin-bottom: 10px;padding: 0px;color: #3a3a3a;font-family: Vardana, sans-serif;font-size: 14px;text-align: start\">&nbsp;<\/p>\n<\/h1>\n","protected":false},"excerpt":{"rendered":"<p>Levenhuk LabZZ M1 mikroskops ir izstr\u0101d\u0101ts priek&scaron; jauniem mikrokosma p\u0113tniekiem. Ar &scaron;o mikroskopu jaunie zin\u0101tnieki spers savus pirmos so\u013cus zin\u0101tn\u0113. Komplekt\u0101 ir viss nepiecie&scaron;amais &scaron;im m\u0113r\u0137im: viegli lietojams mikroskops, sagatavoti mikroskopa slaidi un \u012bpa&scaron;i darbar\u012bki, lai str\u0101d\u0101tu ar mikroskopa paraugiem. B\u0113rni ar instrumentu var tikt gal\u0101 patst\u0101v\u012bgi un vi\u0146i var izp\u0113t\u012bt ikdieni&scaron;\u0137o lietu apbr\u012bnojam\u0101s uzb\u016bves. [&hellip;]<\/p>\n","protected":false},"featured_media":0,"template":"","meta":[],"product_brand":[3372],"product_cat":[4640,4938,4969],"product_tag":[],"class_list":{"0":"post-79445","1":"product","2":"type-product","3":"status-publish","5":"product_brand-levenhuk","6":"product_cat-recreation","7":"product_cat-optics-recreation","8":"product_cat-microscopes-optics-recreation","10":"first","11":"instock","12":"shipping-taxable","13":"product-type-simple"},"_links":{"self":[{"href":"https:\/\/sezona.lv\/en\/wp-json\/wp\/v2\/product\/79445","targetHints":{"allow":["GET"]}}],"collection":[{"href":"https:\/\/sezona.lv\/en\/wp-json\/wp\/v2\/product"}],"about":[{"href":"https:\/\/sezona.lv\/en\/wp-json\/wp\/v2\/types\/product"}],"wp:attachment":[{"href":"https:\/\/sezona.lv\/en\/wp-json\/wp\/v2\/media?parent=79445"}],"wp:term":[{"taxonomy":"product_brand","embeddable":true,"href":"https:\/\/sezona.lv\/en\/wp-json\/wp\/v2\/product_brand?post=79445"},{"taxonomy":"product_cat","embeddable":true,"href":"https:\/\/sezona.lv\/en\/wp-json\/wp\/v2\/product_cat?post=79445"},{"taxonomy":"product_tag","embeddable":true,"href":"https:\/\/sezona.lv\/en\/wp-json\/wp\/v2\/product_tag?post=79445"}],"curies":[{"name":"wp","href":"https:\/\/api.w.org\/{rel}","templated":true}]}}