{"id":79446,"date":"2025-07-11T17:01:44","date_gmt":"2025-07-11T14:01:44","guid":{"rendered":"https:\/\/demo8.ecube.lv\/sezona.lv\/products\/levenhuk-labzz-m2-plus-100x-900x-mikroskops-berniem-ar-komplektu\/"},"modified":"2025-07-14T15:40:16","modified_gmt":"2025-07-14T12:40:16","slug":"levenhuk-labzz-m2-plus-100x-900x-mikroskops-berniem-ar-komplektu","status":"publish","type":"product","link":"https:\/\/sezona.lv\/en\/products\/levenhuk-labzz-m2-plus-100x-900x-mikroskops-berniem-ar-komplektu\/","title":{"rendered":"Levenhuk LabZZ M2 Plus 100x-900x Mikroskops B\u0113rniem ar Komplektu"},"content":{"rendered":"<p style=\"margin-bottom: 10px;padding: 0px;color: #3a3a3a;font-family: Vardana, sans-serif;font-size: 14px\"><span style=\"font-weight: bold\">Levenhuk LabZZ M2&nbsp;Plus <\/span>mikroskops  ir lielisks instruments priek&scaron; jaunajiem biologiem. Mikroskopu ir  viegli lietot, tas \u013cauj p\u0113t\u012bt caursp\u012bd\u012bgus mikroskopa paraugus, un tas  n\u0101k kop\u0101 ar \u013coti interesantu eksperimentu komplektu. B\u0113rns var\u0113s nov\u0113rot  gatavos mikroskopa slaidus un skat\u012bties, k\u0101 audz\u0113tav\u0101 aug art\u0113mijas.  Komplekt\u0101 ir ar\u012b \u012bpa&scaron;i darbar\u012bki neatkar\u012bgai mikroskopa paraugu  sagatavo&scaron;anai.<\/p>\n<p style=\"margin-bottom: 10px;padding: 0px;color: #3a3a3a;font-family: Vardana, sans-serif;font-size: 14px\"><span style=\"font-weight: bold\">Levenhuk LabZZ M2<\/span><span style=\"font-weight: bold\">&nbsp;Plus<\/span>&nbsp;mikroskopam  ir revolvergalvi\u0146a, kas ir apr\u012bkota ar trim objekt\u012bva l\u0113c\u0101m. L\u0113cas ir  jau uzst\u0101d\u012btas. &Scaron;\u012bs l\u0113cas jums at\u013cauj ieg\u016bt vair\u0101kus noteiktus  palielin\u0101jumus diapazon\u0101 100x-900x. Apgaismojums atrodas zem  priek&scaron;metgaldi\u0146a. J\u016bs varat izv\u0113l\u0113ties spoguli vai kv\u0113lspuldzi-  apgaismojuma vien\u012bba grie\u017eas ap savu asi.<\/p>\n<p style=\"margin-bottom: 10px;padding: 0px;color: #3a3a3a;font-family: Vardana, sans-serif;font-size: 14px\">Priek&scaron;metgaldi\u0146&scaron;  ir apr\u012bkots ar \u012bpa&scaron;\u0101m met\u0101la spail\u0113m, lai var\u0113tu nostiprin\u0101t paraugus.  Fokus\u0113&scaron;ana tiek veikta ar atsevi&scaron;\u0137u rokturi. Apgaismojums darbojas ar  baterij\u0101m (nav iek\u013cautas). Korpuss ir viegls- izgatavots no iztur\u012bgas  plastmasas. Mikroskops ar visiem t\u0101 piederumiem ir iepakoti ko&scaron;\u0101,  kr\u0101sain\u0101 kast\u0113.<\/p>\n<p style=\"margin-bottom: 10px;padding: 0px;color: #3a3a3a;font-family: Vardana, sans-serif;font-size: 14px\"><strong style=\"margin: 0px;padding: 0px\">\u012apa&scaron;\u012bbas:<\/strong><\/p>\n<ul class=\"vikas-list-u\" style=\"margin-right: 0px;margin-bottom: 15px;margin-left: 20px;padding: 0px;color: #3a3a3a;font-family: Vardana, sans-serif;font-size: 14px\">\n<li style=\"margin: 0px;padding: 0px\">B\u0113rnu mikroskops<\/li>\n<li style=\"margin: 0px;padding: 0px\">Palielin\u0101jums l\u012bdz 900x<\/li>\n<li style=\"margin: 0px;padding: 0px\">Iek\u013cauts eksperimentu komplekts<\/li>\n<li style=\"margin: 0px;padding: 0px\">Viegls plastmasas korpuss<\/li>\n<li style=\"margin: 0px;padding: 0px\">Apgaismojums: spogulis vai ieb\u016bv\u0113ta kv\u0113lspuldze<\/li>\n<\/ul>\n<p style=\"margin-bottom: 10px;padding: 0px;color: #3a3a3a;font-family: Vardana, sans-serif;font-size: 14px\"><strong style=\"margin: 0px;padding: 0px\">Komplekt\u0101 ietilpst:<\/strong><\/p>\n<ul class=\"vikas-list-u\" style=\"margin-right: 0px;margin-bottom: 15px;margin-left: 20px;padding: 0px;color: #3a3a3a;font-family: Vardana, sans-serif;font-size: 14px\">\n<li style=\"margin: 0px;padding: 0px\">Mikroskops<\/li>\n<li style=\"margin: 0px;padding: 0px\">Okul\u0101rs<\/li>\n<li style=\"margin: 0px;padding: 0px\">Pipeti<\/li>\n<li style=\"margin: 0px;padding: 0px\">Sagatavoti slaidi (3 gb.)<\/li>\n<li style=\"margin: 0px;padding: 0px\">Tuk&scaron;i slaidi (3 gb.)<\/li>\n<li style=\"margin: 0px;padding: 0px\">Kabati\u0146as (6 gb.)<\/li>\n<li style=\"margin: 0px;padding: 0px\">Slaidu uzl\u012bmes (6 gb.)<\/li>\n<li style=\"margin: 0px;padding: 0px\">L\u012bme<\/li>\n<li style=\"margin: 0px;padding: 0px\">J\u016bras s\u0101ls<\/li>\n<li style=\"margin: 0px;padding: 0px\">Kolba ar s\u0101ls\u016bdens garnel\u0113m<\/li>\n<li style=\"margin: 0px;padding: 0px\">Art\u0113mijas inkubators<\/li>\n<li style=\"margin: 0px;padding: 0px\">L\u0101psti\u0146a<\/li>\n<li style=\"margin: 0px;padding: 0px\">Skalpelis<\/li>\n<li style=\"margin: 0px;padding: 0px\">Piesta<br \/>\n<table class=\"table table-bordered\" border=\"0\">\n<thead>\n<tr>\n<td colspan=\"2\"><strong>Atrib\u016bti<\/strong><\/td>\n<\/tr>\n<\/thead>\n<tbody>\n<tr>\n<td>Apgaismojums<\/td>\n<td>kv\u0113lspuldze, spogulis<\/td>\n<\/tr>\n<tr>\n<td>Baro&scaron;anas avots<\/td>\n<td>2 AA baterijas (nav iek\u013cauts)<\/td>\n<\/tr>\n<tr>\n<td>Fokuss<\/td>\n<td>rupjais<\/td>\n<\/tr>\n<tr>\n<td>Galva<\/td>\n<td>monokul\u0101rs<\/td>\n<\/tr>\n<tr>\n<td>Garantija<\/td>\n<td>999 months<\/td>\n<\/tr>\n<tr>\n<td>Iepakojuma izm\u0113ri (GxPxA):<\/td>\n<td>8.2 x 28.0 x 29.0 cm<\/td>\n<\/tr>\n<tr>\n<td>Korpusa materi\u0101ls<\/td>\n<td>plastmasa<\/td>\n<\/tr>\n<tr>\n<td>Objekt\u012bvi<\/td>\n<td>10\u0445, 40\u0445, 90\u0445<\/td>\n<\/tr>\n<tr>\n<td>Objekt\u012bvu revolveris<\/td>\n<td>3 objekt\u012bvi<\/td>\n<\/tr>\n<tr>\n<td>Okul\u0101ri<\/td>\n<td>10\u0445<\/td>\n<\/tr>\n<tr>\n<td>Optikas materi\u0101ls<\/td>\n<td>optisk\u0101 plastmasa<\/td>\n<\/tr>\n<tr>\n<td>Palielin\u0101jums<\/td>\n<td>100&ndash;900 x<\/td>\n<\/tr>\n<tr>\n<td>Ra\u017eot\u0101ja valsts<\/td>\n<td>PRC, controlled by Levenhuk, Inc. (USA)<\/td>\n<\/tr>\n<tr>\n<td>Svars<\/td>\n<td>0.444 kg<\/td>\n<\/tr>\n<\/tbody>\n<\/table>\n<\/li>\n<\/ul>\n","protected":false},"excerpt":{"rendered":"<p>Levenhuk LabZZ M2&nbsp;Plus mikroskops ir lielisks instruments priek&scaron; jaunajiem biologiem. Mikroskopu ir viegli lietot, tas \u013cauj p\u0113t\u012bt caursp\u012bd\u012bgus mikroskopa paraugus, un tas n\u0101k kop\u0101 ar \u013coti interesantu eksperimentu komplektu. B\u0113rns var\u0113s nov\u0113rot gatavos mikroskopa slaidus un skat\u012bties, k\u0101 audz\u0113tav\u0101 aug art\u0113mijas. Komplekt\u0101 ir ar\u012b \u012bpa&scaron;i darbar\u012bki neatkar\u012bgai mikroskopa paraugu sagatavo&scaron;anai. Levenhuk LabZZ M2&nbsp;Plus&nbsp;mikroskopam ir revolvergalvi\u0146a, [&hellip;]<\/p>\n","protected":false},"featured_media":72267,"template":"","meta":[],"product_brand":[3372],"product_cat":[4938,4969],"product_tag":[],"class_list":{"0":"post-79446","1":"product","2":"type-product","3":"status-publish","4":"has-post-thumbnail","6":"product_brand-levenhuk","7":"product_cat-optics-recreation","8":"product_cat-microscopes-optics-recreation","10":"first","11":"instock","12":"shipping-taxable","13":"purchasable","14":"product-type-simple"},"_links":{"self":[{"href":"https:\/\/sezona.lv\/en\/wp-json\/wp\/v2\/product\/79446","targetHints":{"allow":["GET"]}}],"collection":[{"href":"https:\/\/sezona.lv\/en\/wp-json\/wp\/v2\/product"}],"about":[{"href":"https:\/\/sezona.lv\/en\/wp-json\/wp\/v2\/types\/product"}],"wp:featuredmedia":[{"embeddable":true,"href":"https:\/\/sezona.lv\/en\/wp-json\/wp\/v2\/media\/72267"}],"wp:attachment":[{"href":"https:\/\/sezona.lv\/en\/wp-json\/wp\/v2\/media?parent=79446"}],"wp:term":[{"taxonomy":"product_brand","embeddable":true,"href":"https:\/\/sezona.lv\/en\/wp-json\/wp\/v2\/product_brand?post=79446"},{"taxonomy":"product_cat","embeddable":true,"href":"https:\/\/sezona.lv\/en\/wp-json\/wp\/v2\/product_cat?post=79446"},{"taxonomy":"product_tag","embeddable":true,"href":"https:\/\/sezona.lv\/en\/wp-json\/wp\/v2\/product_tag?post=79446"}],"curies":[{"name":"wp","href":"https:\/\/api.w.org\/{rel}","templated":true}]}}