{"id":79451,"date":"2025-07-11T17:02:10","date_gmt":"2025-07-11T14:02:10","guid":{"rendered":"https:\/\/demo8.ecube.lv\/sezona.lv\/products\/levenhuk-labzz-m101-peleka-krasa-40x-640x\/"},"modified":"2025-07-14T15:40:21","modified_gmt":"2025-07-14T12:40:21","slug":"levenhuk-labzz-m101-peleka-krasa-40x-640x","status":"publish","type":"product","link":"https:\/\/sezona.lv\/en\/products\/levenhuk-labzz-m101-peleka-krasa-40x-640x\/","title":{"rendered":"Levenhuk LabZZ M101 Pel\u0113k\u0101 kr\u0101s\u0101 40x-640x"},"content":{"rendered":"<p style=\"margin-bottom: 10px;padding: 0px;color: #3a3a3a;font-family: Vardana, sans-serif;font-size: 14px\">Levenhuk  LabZZ &ndash; jaun\u0101 z\u012bmola mikroskops ir rad\u012bts speci\u0101li jaunajiem  mikropasaules p\u0113tniekiem. Levenhuk LabZZ mikroskopiem ir rakstur\u012bgs  neparasti veidots korpuss skaist\u0101s caursp\u012bd\u012bg\u0101s kr\u0101s\u0101s: m\u0113nessakmens,  ametists, debesu zils un laims.<\/p>\n<p style=\"margin-bottom: 10px;padding: 0px;color: #3a3a3a;font-family: Vardana, sans-serif;font-size: 14px\">Katru modeli papildina eksperiment\u0101lais komplekts Levenhuk K50 Eksperimentu komplekts,  kur\u0101 ietilpst viss nepiecie&scaron;amai, lai veiktu neatkar\u012bgos p\u0113t\u012bjumus  m\u0101j\u0101s. Pievienot\u0101 kr\u0101sain\u0101 lieto&scaron;anas pam\u0101c\u012bba b\u016bs interesanta un  informat\u012bva las\u0101mviela jaunajiem p\u0113tniekiem.<\/p>\n<p style=\"margin-bottom: 10px;padding: 0px;color: #3a3a3a;font-family: Vardana, sans-serif;font-size: 14px\">Levenhuk  LabZZ mikroskopi ir apr\u012bkoti ar trij\u0101m kvalitat\u012bv\u0101m objekt\u012bva l\u0113c\u0101m  (4x, 10x, un 40x), WF10x-16x sl\u012bdo&scaron;ais divu poz\u012bciju okul\u0101rs, un tas  sniedz palielin\u0101juma sp\u0113ku l\u012bdz 640x. Kvalitat\u012bva optika rada p\u0113t\u0101m\u0101  objekta patiesi skaidrus, asus un dz\u012bvei tuvus att\u0113lus. Mikroskops ir  apr\u012bkots ar LED apgaismojumu, kuram ir maz\u0101 m\u0113r\u0101 variabls spilgtums, kas  sniedz iesp\u0113ju nov\u0113rot paraugus cauri ejo&scaron;\u0101 gaism\u0101.<\/p>\n<p style=\"margin-bottom: 10px;padding: 0px;color: #3a3a3a;font-family: Vardana, sans-serif;font-size: 14px\">Levenhuk LabZZ M101 mikroskopa galven\u0101s iez\u012bmes:<\/p>\n<ul style=\"margin-right: 0px;margin-bottom: 15px;margin-left: 20px;padding: 0px;color: #3a3a3a;font-family: Vardana, sans-serif;font-size: 14px\">\n<li style=\"margin: 0px;padding: 0px\">Kr\u0101sains b\u0113rnu mikroskops ar palielin\u0101jumu l\u012bdz 640x<\/li>\n<li style=\"margin: 0px;padding: 0px\">Ori\u0123in\u0101li veidots plastika korpuss ir dro&scaron;s un viegls<\/li>\n<li style=\"margin: 0px;padding: 0px\">Pieejams \u010detr\u0101s skaist\u0101s kr\u0101s\u0101s<\/li>\n<li style=\"margin: 0px;padding: 0px\">Sl\u012bdo&scaron;s divu poz\u012bciju okul\u0101rs WF10x&ndash;16x<\/li>\n<li style=\"margin: 0px;padding: 0px\">Lieto&scaron;anai \u0101rpus\u0113 pateicoties bateriju nodro&scaron;in\u0101tajam apgaismojumam<\/li>\n<li style=\"margin: 0px;padding: 0px\">Energoefekt\u012bvs LED apgaismojums<\/li>\n<\/ul>\n<table class=\"table table-bordered\" border=\"0\">\n<thead>\n<tr>\n<td colspan=\"2\"><strong>Atrib\u016bti<\/strong><\/td>\n<\/tr>\n<\/thead>\n<tbody>\n<tr>\n<td>Apgaismojums<\/td>\n<td>LED<\/td>\n<\/tr>\n<tr>\n<td>Baro&scaron;anas avots<\/td>\n<td>2 AA baterijas<\/td>\n<\/tr>\n<tr>\n<td>Diafragma<\/td>\n<td>diska diafragma (6 apert\u016bras)<\/td>\n<\/tr>\n<tr>\n<td>Fokuss<\/td>\n<td>rupjais<\/td>\n<\/tr>\n<tr>\n<td>Galva<\/td>\n<td>monokul\u0101rs, noliektas 45&deg;<\/td>\n<\/tr>\n<tr>\n<td>Garantija<\/td>\n<td>999 months<\/td>\n<\/tr>\n<tr>\n<td>Iepakojuma izm\u0113ri (GxPxA):<\/td>\n<td>13.0 x 18.5 x 27.0 cm<\/td>\n<\/tr>\n<tr>\n<td>Korpusa materi\u0101ls<\/td>\n<td>plastmasa<\/td>\n<\/tr>\n<tr>\n<td>Lietojums<\/td>\n<td>Visp\u0101r\u012bg\u0101s lieto&scaron;anas produkts., Dr\u012bkst lietot b\u0113rni, kas ir, vec\u0101ki par 3 gadiem.<\/td>\n<\/tr>\n<tr>\n<td>Objekt\u012bvi<\/td>\n<td>4x, 10x, 40x<\/td>\n<\/tr>\n<tr>\n<td>Objekt\u012bvu revolveris<\/td>\n<td>3 objekt\u012bvi<\/td>\n<\/tr>\n<tr>\n<td>Okulaara caurules diametrs<\/td>\n<td>30 mm<\/td>\n<\/tr>\n<tr>\n<td>Okul\u0101ri<\/td>\n<td>WF10x&ndash;16x (divu poz\u012bciju)<\/td>\n<\/tr>\n<tr>\n<td>Optikas materi\u0101ls<\/td>\n<td>optisk\u0101 plastmasa<\/td>\n<\/tr>\n<tr>\n<td>Palielin\u0101jums<\/td>\n<td>40&ndash;640 x<\/td>\n<\/tr>\n<tr>\n<td>Priek&scaron;met-plaukti\u0146a, kust\u012bbas diapazons, izmantojot fokus\u0113&scaron;anas<\/td>\n<td>0-15, vertik\u0101ls mm<\/td>\n<\/tr>\n<tr>\n<td>Priek&scaron;met-plaukti\u0146&scaron;<\/td>\n<td>82mm diametr\u0101, ar piespied\u0113jiem mm<\/td>\n<\/tr>\n<tr>\n<td>Ra\u017eot\u0101ja valsts<\/td>\n<td>PRC, controlled by Levenhuk, Inc. (USA)<\/td>\n<\/tr>\n<tr>\n<td>Spilgtuma regul\u0113&scaron;ana<\/td>\n<td>\u0435\u0441\u0442\u044c<\/td>\n<\/tr>\n<tr>\n<td>Svars<\/td>\n<td>0.93 kg<\/td>\n<\/tr>\n<\/tbody>\n<\/table>\n","protected":false},"excerpt":{"rendered":"<p>Levenhuk LabZZ &ndash; jaun\u0101 z\u012bmola mikroskops ir rad\u012bts speci\u0101li jaunajiem mikropasaules p\u0113tniekiem. Levenhuk LabZZ mikroskopiem ir rakstur\u012bgs neparasti veidots korpuss skaist\u0101s caursp\u012bd\u012bg\u0101s kr\u0101s\u0101s: m\u0113nessakmens, ametists, debesu zils un laims. Katru modeli papildina eksperiment\u0101lais komplekts Levenhuk K50 Eksperimentu komplekts, kur\u0101 ietilpst viss nepiecie&scaron;amai, lai veiktu neatkar\u012bgos p\u0113t\u012bjumus m\u0101j\u0101s. Pievienot\u0101 kr\u0101sain\u0101 lieto&scaron;anas pam\u0101c\u012bba b\u016bs interesanta un informat\u012bva [&hellip;]<\/p>\n","protected":false},"featured_media":72345,"template":"","meta":[],"product_brand":[3372],"product_cat":[4938,4969],"product_tag":[],"class_list":{"0":"post-79451","1":"product","2":"type-product","3":"status-publish","4":"has-post-thumbnail","6":"product_brand-levenhuk","7":"product_cat-optics-recreation","8":"product_cat-microscopes-optics-recreation","10":"first","11":"instock","12":"shipping-taxable","13":"purchasable","14":"product-type-simple"},"_links":{"self":[{"href":"https:\/\/sezona.lv\/en\/wp-json\/wp\/v2\/product\/79451","targetHints":{"allow":["GET"]}}],"collection":[{"href":"https:\/\/sezona.lv\/en\/wp-json\/wp\/v2\/product"}],"about":[{"href":"https:\/\/sezona.lv\/en\/wp-json\/wp\/v2\/types\/product"}],"wp:featuredmedia":[{"embeddable":true,"href":"https:\/\/sezona.lv\/en\/wp-json\/wp\/v2\/media\/72345"}],"wp:attachment":[{"href":"https:\/\/sezona.lv\/en\/wp-json\/wp\/v2\/media?parent=79451"}],"wp:term":[{"taxonomy":"product_brand","embeddable":true,"href":"https:\/\/sezona.lv\/en\/wp-json\/wp\/v2\/product_brand?post=79451"},{"taxonomy":"product_cat","embeddable":true,"href":"https:\/\/sezona.lv\/en\/wp-json\/wp\/v2\/product_cat?post=79451"},{"taxonomy":"product_tag","embeddable":true,"href":"https:\/\/sezona.lv\/en\/wp-json\/wp\/v2\/product_tag?post=79451"}],"curies":[{"name":"wp","href":"https:\/\/api.w.org\/{rel}","templated":true}]}}