{"id":79452,"date":"2025-07-14T15:40:22","date_gmt":"2025-07-14T12:40:22","guid":{"rendered":"https:\/\/demo8.ecube.lv\/sezona.lv\/products\/bresser-juniors-40x-640x-mikroskops-sarkans\/"},"modified":"2025-07-14T15:40:22","modified_gmt":"2025-07-14T12:40:22","slug":"bresser-juniors-40x-640x-mikroskops-sarkans","status":"publish","type":"product","link":"https:\/\/sezona.lv\/en\/products\/bresser-juniors-40x-640x-mikroskops-sarkans\/","title":{"rendered":"Bresser Juniors 40x-640x Mikroskops Sarkans"},"content":{"rendered":"<p><span id=\"docs-internal-guid-5c6422fd-c51f-2b60-e120-0ee4dbfae5ca\"> <\/span><\/p>\n<h4 style=\"line-height: 1.32;margin-top: 8pt;margin-bottom: 8pt\" dir=\"ltr\"><span id=\"docs-internal-guid-72d62c46-ccbe-f08b-ab05-dcda06542d88\"><\/p>\n<p style=\"line-height: 1.38;margin-top: 0pt;margin-bottom: 0pt\" dir=\"ltr\"><span style=\"font-size: 11pt;font-family: Arial;color: #000000;background-color: transparent;font-weight: 700;vertical-align: baseline\">BRESSER JUNIORS 40x-640x mikroskops Sarkans<\/span><\/p>\n<p><\/p>\n<p style=\"line-height: 1.38;margin-top: 0pt;margin-bottom: 0pt\" dir=\"ltr\"><span style=\"font-size: 11pt;font-family: Arial;color: #000000;background-color: transparent;font-weight: 700;vertical-align: baseline\">BRESSER Juniors mikroskops 40x-640x \u013cauj \u0101tri s\u0101kt mikroskopijas pasaul\u0113!<\/span><\/p>\n<p><\/p>\n<p style=\"line-height: 1.38;margin-top: 0pt;margin-bottom: 0pt\" dir=\"ltr\">&nbsp;<\/p>\n<p style=\"line-height: 1.38;margin-top: 0pt;margin-bottom: 0pt\" dir=\"ltr\"><span style=\"font-size: 11pt;font-family: Arial;color: #000000;background-color: transparent;vertical-align: baseline\">Palielin\u0101jums: 40x &#8211; 640x<\/span><\/p>\n<p style=\"line-height: 1.38;margin-top: 0pt;margin-bottom: 0pt\" dir=\"ltr\"><span style=\"font-size: 11pt;font-family: Arial;color: #000000;background-color: transparent;vertical-align: baseline\">LED apgaismojums<\/span><\/p>\n<p style=\"line-height: 1.38;margin-top: 0pt;margin-bottom: 0pt\" dir=\"ltr\"><span style=\"font-size: 11pt;font-family: Arial;color: #000000;background-color: transparent;vertical-align: baseline\">Rot\u0113jo&scaron;s deguns ar 3 objekt\u012bviem<\/span><\/p>\n<p style=\"line-height: 1.38;margin-top: 0pt;margin-bottom: 0pt\" dir=\"ltr\"><span style=\"font-size: 11pt;font-family: Arial;color: #000000;background-color: transparent;font-weight: 700;vertical-align: baseline\">3x AA baterijas iek\u013cautas<\/span><\/p>\n<p><\/p>\n<p style=\"line-height: 1.38;margin-top: 0pt;margin-bottom: 0pt\" dir=\"ltr\"><span style=\"font-size: 11pt;font-family: Arial;color: #000000;background-color: transparent;vertical-align: baseline\">Iek\u013cautie aksesu\u0101ri nodro&scaron;ina perfektu pamata apr\u012bkojumu.<\/span><\/p>\n<p style=\"line-height: 1.38;margin-top: 0pt;margin-bottom: 0pt\" dir=\"ltr\"><span style=\"font-size: 11pt;font-family: Arial;color: #000000;background-color: transparent;vertical-align: baseline\">Ir tik daudz ko atkl\u0101t &#8211; p\u0101rbaudiet to zem mikroskopa!<\/span><\/p>\n<p style=\"line-height: 1.38;margin-top: 0pt;margin-bottom: 0pt\" dir=\"ltr\"><span style=\"font-size: 11pt;font-family: Arial;color: #000000;background-color: transparent;vertical-align: baseline\">Izv\u0113lieties savu iecien\u012bto kr\u0101su &#8230;<\/span><\/p>\n<p style=\"line-height: 1.38;margin-top: 0pt;margin-bottom: 0pt\" dir=\"ltr\"><span style=\"font-size: 11pt;font-family: Arial;color: #000000;background-color: transparent;font-weight: 700;vertical-align: baseline\">Pieejams: za\u013c\u0101, sarkan\u0101, roz\u0101 kr\u0101s\u0101<\/span><\/p>\n<p style=\"line-height: 1.38;margin-top: 0pt;margin-bottom: 0pt\" dir=\"ltr\"><span style=\"font-size: 11pt;font-family: Arial;color: #000000;background-color: transparent;font-weight: 700;vertical-align: baseline\">Komplekt\u0101 ietilpst:<\/span><\/p>\n<ul style=\"margin-top: 0pt;margin-bottom: 0pt\">\n<li style=\"list-style-type: disc;font-size: 11pt;font-family: Arial;color: #000000;background-color: transparent;vertical-align: baseline\" dir=\"ltr\">\n<p style=\"line-height: 1.38;margin-top: 0pt;margin-bottom: 0pt\" dir=\"ltr\"><span style=\"font-size: 11pt;background-color: transparent;vertical-align: baseline\">1x Mikroskops<\/span><\/p>\n<\/li>\n<li style=\"list-style-type: disc;font-size: 11pt;font-family: Arial;color: #000000;background-color: transparent;vertical-align: baseline\" dir=\"ltr\">\n<p style=\"line-height: 1.38;margin-top: 0pt;margin-bottom: 0pt\" dir=\"ltr\"><span style=\"font-size: 11pt;background-color: transparent;vertical-align: baseline\">3x Past\u0101v\u012bgi slaidi<\/span><\/p>\n<\/li>\n<li style=\"list-style-type: disc;font-size: 11pt;font-family: Arial;color: #000000;background-color: transparent;vertical-align: baseline\" dir=\"ltr\">\n<p style=\"line-height: 1.38;margin-top: 0pt;margin-bottom: 0pt\" dir=\"ltr\"><span style=\"font-size: 11pt;background-color: transparent;vertical-align: baseline\">8x Slaidi, eti\u0137etes un v\u0101ki brilles<\/span><\/p>\n<\/li>\n<li style=\"list-style-type: disc;font-size: 11pt;font-family: Arial;color: #000000;background-color: transparent;vertical-align: baseline\" dir=\"ltr\">\n<p style=\"line-height: 1.38;margin-top: 0pt;margin-bottom: 0pt\" dir=\"ltr\"><span style=\"font-size: 11pt;background-color: transparent;vertical-align: baseline\">2x Parauga materi\u0101ls (raugs, garne\u013cu olas)<\/span><\/p>\n<\/li>\n<li style=\"list-style-type: disc;font-size: 11pt;font-family: Arial;color: #000000;background-color: transparent;vertical-align: baseline\" dir=\"ltr\">\n<p style=\"line-height: 1.38;margin-top: 0pt;margin-bottom: 0pt\" dir=\"ltr\"><span style=\"font-size: 11pt;background-color: transparent;vertical-align: baseline\">1x Inkubators<\/span><\/p>\n<\/li>\n<li style=\"list-style-type: disc;font-size: 11pt;font-family: Arial;color: #000000;background-color: transparent;vertical-align: baseline\" dir=\"ltr\">\n<p style=\"line-height: 1.38;margin-top: 0pt;margin-bottom: 0pt\" dir=\"ltr\"><span style=\"font-size: 11pt;background-color: transparent;vertical-align: baseline\">3x Parauga flakoni<\/span><\/p>\n<\/li>\n<li style=\"list-style-type: disc;font-size: 11pt;font-family: Arial;color: #000000;background-color: transparent;vertical-align: baseline\" dir=\"ltr\">\n<p style=\"line-height: 1.38;margin-top: 0pt;margin-bottom: 0pt\" dir=\"ltr\"><span style=\"font-size: 11pt;background-color: transparent;vertical-align: baseline\">1x Mikrokods<\/span><\/p>\n<\/li>\n<li style=\"list-style-type: disc;font-size: 11pt;font-family: Arial;color: #000000;background-color: transparent;vertical-align: baseline\" dir=\"ltr\">\n<p style=\"line-height: 1.38;margin-top: 0pt;margin-bottom: 0pt\" dir=\"ltr\"><span style=\"font-size: 11pt;background-color: transparent;vertical-align: baseline\">1x Pinceti<\/span><\/p>\n<\/li>\n<li style=\"list-style-type: disc;font-size: 11pt;font-family: Arial;color: #000000;background-color: transparent;vertical-align: baseline\" dir=\"ltr\">\n<p style=\"line-height: 1.38;margin-top: 0pt;margin-bottom: 0pt\" dir=\"ltr\"><span style=\"font-size: 11pt;background-color: transparent;vertical-align: baseline\">1x Pipete<\/span><\/p>\n<\/li>\n<li style=\"list-style-type: disc;font-size: 11pt;font-family: Arial;color: #000000;background-color: transparent;vertical-align: baseline\" dir=\"ltr\">\n<p style=\"line-height: 1.38;margin-top: 0pt;margin-bottom: 0pt\" dir=\"ltr\"><span style=\"font-size: 11pt;background-color: transparent;vertical-align: baseline\">1x Neliels palielin\u0101t\u0101js<\/span><\/p>\n<\/li>\n<li style=\"list-style-type: disc;font-size: 11pt;font-family: Arial;color: #000000;background-color: transparent;vertical-align: baseline\" dir=\"ltr\">\n<p style=\"line-height: 1.38;margin-top: 0pt;margin-bottom: 0pt\" dir=\"ltr\"><span style=\"font-size: 11pt;background-color: transparent;vertical-align: baseline\">1x M\u0113ra kr\u016bze<\/span><\/p>\n<\/li>\n<li style=\"list-style-type: disc;font-size: 11pt;font-family: Arial;color: #000000;background-color: transparent;vertical-align: baseline\" dir=\"ltr\">\n<p style=\"line-height: 1.38;margin-top: 0pt;margin-bottom: 0pt\" dir=\"ltr\"><span style=\"font-size: 11pt;background-color: transparent;vertical-align: baseline\">1x Plak\u0101ts<\/span><\/p>\n<\/li>\n<li style=\"list-style-type: disc;font-size: 11pt;font-family: Arial;color: #000000;background-color: transparent;vertical-align: baseline\" dir=\"ltr\">\n<p style=\"line-height: 1.38;margin-top: 0pt;margin-bottom: 0pt\" dir=\"ltr\"><span style=\"font-size: 11pt;background-color: transparent;vertical-align: baseline\">3x AA baterijas<\/span><\/p>\n<\/li>\n<li style=\"list-style-type: disc;font-size: 11pt;font-family: Arial;color: #000000;background-color: transparent;vertical-align: baseline\" dir=\"ltr\">\n<p style=\"line-height: 1.38;margin-top: 0pt;margin-bottom: 0pt\" dir=\"ltr\"><span style=\"font-size: 11pt;background-color: transparent;vertical-align: baseline\">1x Rokasgr\u0101mata<\/span><\/p>\n<\/li>\n<\/ul>\n<div>\n<table class=\"table table-bordered\" border=\"0\">\n<thead>\n<tr>\n<td colspan=\"2\"><strong>Atrib\u016bti<\/strong><\/td>\n<\/tr>\n<\/thead>\n<tbody>\n<tr>\n<td>Aplik\u0101cija<\/td>\n<td>Entomolo\u0123ija Izgl\u012bt\u012bba Bot\u0101nika Biolo\u0123ija Izgl\u012bt\u012bba<\/td>\n<\/tr>\n<tr>\n<td>Baro&scaron;anas avots<\/td>\n<td>Batteries<\/td>\n<\/tr>\n<tr>\n<td>Izm\u0113ri<\/td>\n<td>160 x 100 x 120mm 0,56 kg<\/td>\n<\/tr>\n<tr>\n<td>Palielin\u0101jums<\/td>\n<td>40-640x<\/td>\n<\/tr>\n<\/tbody>\n<\/table>\n<\/div>\n<p><\/span><\/h4>\n","protected":false},"excerpt":{"rendered":"<p>BRESSER JUNIORS 40x-640x mikroskops Sarkans BRESSER Juniors mikroskops 40x-640x \u013cauj \u0101tri s\u0101kt mikroskopijas pasaul\u0113! &nbsp; Palielin\u0101jums: 40x &#8211; 640x LED apgaismojums Rot\u0113jo&scaron;s deguns ar 3 objekt\u012bviem 3x AA baterijas iek\u013cautas Iek\u013cautie aksesu\u0101ri nodro&scaron;ina perfektu pamata apr\u012bkojumu. Ir tik daudz ko atkl\u0101t &#8211; p\u0101rbaudiet to zem mikroskopa! Izv\u0113lieties savu iecien\u012bto kr\u0101su &#8230; Pieejams: za\u013c\u0101, sarkan\u0101, roz\u0101 [&hellip;]<\/p>\n","protected":false},"featured_media":0,"template":"","meta":[],"product_brand":[],"product_cat":[4640,4938,4969],"product_tag":[],"class_list":{"0":"post-79452","1":"product","2":"type-product","3":"status-publish","5":"product_cat-recreation","6":"product_cat-optics-recreation","7":"product_cat-microscopes-optics-recreation","9":"first","10":"instock","11":"shipping-taxable","12":"product-type-simple"},"_links":{"self":[{"href":"https:\/\/sezona.lv\/en\/wp-json\/wp\/v2\/product\/79452","targetHints":{"allow":["GET"]}}],"collection":[{"href":"https:\/\/sezona.lv\/en\/wp-json\/wp\/v2\/product"}],"about":[{"href":"https:\/\/sezona.lv\/en\/wp-json\/wp\/v2\/types\/product"}],"wp:attachment":[{"href":"https:\/\/sezona.lv\/en\/wp-json\/wp\/v2\/media?parent=79452"}],"wp:term":[{"taxonomy":"product_brand","embeddable":true,"href":"https:\/\/sezona.lv\/en\/wp-json\/wp\/v2\/product_brand?post=79452"},{"taxonomy":"product_cat","embeddable":true,"href":"https:\/\/sezona.lv\/en\/wp-json\/wp\/v2\/product_cat?post=79452"},{"taxonomy":"product_tag","embeddable":true,"href":"https:\/\/sezona.lv\/en\/wp-json\/wp\/v2\/product_tag?post=79452"}],"curies":[{"name":"wp","href":"https:\/\/api.w.org\/{rel}","templated":true}]}}