{"id":79456,"date":"2025-07-14T15:40:26","date_gmt":"2025-07-14T12:40:26","guid":{"rendered":"https:\/\/demo8.ecube.lv\/sezona.lv\/products\/levenhuk-2s-ng-200x-ahromatiskais-mikroskops-ar-monokularo-galvu\/"},"modified":"2025-07-14T15:40:26","modified_gmt":"2025-07-14T12:40:26","slug":"levenhuk-2s-ng-200x-ahromatiskais-mikroskops-ar-monokularo-galvu","status":"publish","type":"product","link":"https:\/\/sezona.lv\/en\/products\/levenhuk-2s-ng-200x-ahromatiskais-mikroskops-ar-monokularo-galvu\/","title":{"rendered":"Levenhuk 2S NG 200x Ahromatiskais Mikroskops ar Monokul\u0101ro Galvu"},"content":{"rendered":"<p style=\"margin-right: 5px;margin-bottom: 10px;padding: 0px;color: #3a3a3a;font-family: Vardana, sans-serif;font-size: 14px;line-height: normal\"><span style=\"font-weight: bold\">Levenhuk 2S NG mikroskops <\/span>ir  liela v\u0113rt\u012bba, ar t\u0101 pamatfunkcij\u0101m un augstas kvalit\u0101tes Levenhuk  optiku. &Scaron;is modelis ir lieliska izv\u0113le tiem, kam v\u0113l rodas interese par  biolo\u0123ijas eksperimentiem. L\u012bdz ar palielin\u0101jumu 200x tas ir lielisks  izgl\u012btojo&scaron;s mikroskops studentiem un amatierim vi\u0146u ce\u013c\u0101 uz zin\u0101tnes  virsotn\u0113m.<\/p>\n<p style=\"margin-right: 5px;margin-bottom: 10px;padding: 0px;color: #3a3a3a;font-family: Vardana, sans-serif;font-size: 14px;line-height: normal\"><span style=\"font-weight: bold\">Levenhuk 2S NG <\/span>sniedz  gai&scaron;\u0101 lauka apskates iesp\u0113jas caursp\u012bd\u012bg\u0101 parauga nov\u0113rojumiem . T\u0101  40-mm plakani liektais spogulis sniedz pietiekami daudz gaismas J\u016bsu  nov\u0113rojumiem, tas noz\u012bm\u0113, ka J\u016bs varat izmantot mikroskopu, nepiesledzot  ener\u0123ijas avotam. Tas ir vieglakais un dro&scaron;\u0101kais apgaismojuma veids,  tas noz\u012bm\u0113, ka b\u0113rni var lietot so izgl\u012btojo&scaron;o mikroskopu. &Scaron;\u012b diska  diagramma sniedz Jums iesp\u0113ju kontrol\u0113t gaismas daudzumu, kas Jums ir  nepiecie&scaron;ams parauga izp\u0113tei.<\/p>\n<p style=\"margin-right: 5px;margin-bottom: 10px;padding: 0px;color: #3a3a3a;font-family: Vardana, sans-serif;font-size: 14px;line-height: normal\"><span style=\"font-weight: bold\">&Scaron;im monokul\u0101rajam mikroskopam i<\/span>r  vienk\u0101r&scaron;as 16x bezkr\u0101sas objekt\u012bva l\u0113cas, kas sniedz skaidru skatu bez  kr\u0101su un sf\u0113riskajiem izkrop\u013cojumiem. &Scaron;\u012b mode\u013ca galva ir izvietota tie&scaron;i  virs galdi\u0146a, bet \u0113rtai apskatei J\u016bs varat noliekt gan mikroskopa  galvu, gan galdi\u0146u vajadz\u012bgaj\u0101 le\u0146\u0137\u012b, izmantojot mikroskopa rokturi.<\/p>\n<p style=\"margin-right: 5px;margin-bottom: 10px;padding: 0px;color: #3a3a3a;font-family: Vardana, sans-serif;font-size: 14px;line-height: normal\">100&#215;90-mm  galdi\u0146&scaron; ir lielisks viena vai divu paraugu apskatei. Lai sagatavotu  paraugu, vispirms novieto paraugu uz balt\u0101s puses, tad bez steigas  novietojiet uz parauga nosedzo&scaron;o stiklu. P\u0113c tam sl\u012bdo&scaron;\u0101 plakne tiek  novietota uz galdi\u0146a un piestiprin\u0101ta galdi\u0146am ar saspraudi. Izmantojiet  rupj\u0101s fokus\u0113&scaron;anas rokturi, lai iestat\u012btu J\u016bsu skat\u012bjuma fokusu,  pagrie\u017eot mikroskopa \u0137erme\u0146a cauruli uz aug&scaron;u un uz leju (pie 20-mm  interv\u0101liem).<\/p>\n<p style=\"margin-right: 5px;margin-bottom: 10px;padding: 0px;color: #3a3a3a;font-family: Vardana, sans-serif;font-size: 14px;line-height: normal\">Pateicoties met\u0101la konstrukcijai mikroskops ir iztur\u012bgs un stabils.<\/p>\n<p style=\"margin-right: 5px;margin-bottom: 10px;padding: 0px;color: #3a3a3a;font-family: Vardana, sans-serif;font-size: 14px;line-height: normal\"><strong style=\"margin: 0px;padding: 0px\">Komplekt\u0101 ietilpst:<\/strong><\/p>\n<ul class=\"vikas-list-u\" style=\"margin-right: 0px;margin-bottom: 15px;margin-left: 20px;padding: 0px;color: #3a3a3a;font-family: Vardana, sans-serif;font-size: 14px;line-height: normal\">\n<li style=\"margin: 0px;padding: 0px\">Mikroskops ar monokul\u0101ro galvu<\/li>\n<li style=\"margin: 0px;padding: 0px\">16x ahromatisk\u0101s objekt\u012bva l\u0113cas<\/li>\n<li style=\"margin: 0px;padding: 0px\">H12.5x okul\u0101rs<\/li>\n<li style=\"margin: 0px;padding: 0px\">Kondensers<\/li>\n<li style=\"margin: 0px;padding: 0px\">Galdi\u0146&scaron; ar nov\u0113rojuma materi\u0101la stiprin\u0101jumiem<\/li>\n<li style=\"margin: 0px;padding: 0px\">Plakani ieliektais apgaismojuma spogulis<\/li>\n<li style=\"margin: 0px;padding: 0px\">Lietot\u0101ja rokasgr\u0101mata un m\u016b\u017ea garantija<\/li>\n<\/ul>\n<table class=\"table table-bordered\" border=\"0\">\n<thead>\n<tr>\n<td colspan=\"2\"><strong>Atrib\u016bti<\/strong><\/td>\n<\/tr>\n<\/thead>\n<tbody>\n<tr>\n<td>Apgaismojums<\/td>\n<td>40mm plakans-ieliekts spogulis<\/td>\n<\/tr>\n<tr>\n<td>Fokusa attiec\u012bba<\/td>\n<td>rupjais, 20 mm<\/td>\n<\/tr>\n<tr>\n<td>Galva<\/td>\n<td>monokul\u0101rs<\/td>\n<\/tr>\n<tr>\n<td>Garantija<\/td>\n<td>m\u016b\u017ea garantija<\/td>\n<\/tr>\n<tr>\n<td>Kondensers<\/td>\n<td>diska diafragma<\/td>\n<\/tr>\n<tr>\n<td>Objekt\u012bvi<\/td>\n<td>16x bezkr\u0101sains<\/td>\n<\/tr>\n<tr>\n<td>Okul\u0101ri<\/td>\n<td>H12,5x<\/td>\n<\/tr>\n<tr>\n<td>Optikas materi\u0101ls<\/td>\n<td>stikls<\/td>\n<\/tr>\n<tr>\n<td>Palielin\u0101jums<\/td>\n<td>200 x<\/td>\n<\/tr>\n<tr>\n<td>Priek&scaron;met-plaukti\u0146&scaron;<\/td>\n<td>100&#215;90, ar piespied\u0113jiem mm<\/td>\n<\/tr>\n<tr>\n<td>Ra\u017eot\u0101ja valsts<\/td>\n<td>PRC, vada Levenhuk, Inc. (ASV)<\/td>\n<\/tr>\n<\/tbody>\n<\/table>\n","protected":false},"excerpt":{"rendered":"<p>Levenhuk 2S NG mikroskops ir liela v\u0113rt\u012bba, ar t\u0101 pamatfunkcij\u0101m un augstas kvalit\u0101tes Levenhuk optiku. &Scaron;is modelis ir lieliska izv\u0113le tiem, kam v\u0113l rodas interese par biolo\u0123ijas eksperimentiem. L\u012bdz ar palielin\u0101jumu 200x tas ir lielisks izgl\u012btojo&scaron;s mikroskops studentiem un amatierim vi\u0146u ce\u013c\u0101 uz zin\u0101tnes virsotn\u0113m. Levenhuk 2S NG sniedz gai&scaron;\u0101 lauka apskates iesp\u0113jas caursp\u012bd\u012bg\u0101 parauga [&hellip;]<\/p>\n","protected":false},"featured_media":0,"template":"","meta":[],"product_brand":[3372],"product_cat":[4640,4938,4969],"product_tag":[],"class_list":{"0":"post-79456","1":"product","2":"type-product","3":"status-publish","5":"product_brand-levenhuk","6":"product_cat-recreation","7":"product_cat-optics-recreation","8":"product_cat-microscopes-optics-recreation","10":"first","11":"instock","12":"shipping-taxable","13":"purchasable","14":"product-type-simple"},"_links":{"self":[{"href":"https:\/\/sezona.lv\/en\/wp-json\/wp\/v2\/product\/79456","targetHints":{"allow":["GET"]}}],"collection":[{"href":"https:\/\/sezona.lv\/en\/wp-json\/wp\/v2\/product"}],"about":[{"href":"https:\/\/sezona.lv\/en\/wp-json\/wp\/v2\/types\/product"}],"wp:attachment":[{"href":"https:\/\/sezona.lv\/en\/wp-json\/wp\/v2\/media?parent=79456"}],"wp:term":[{"taxonomy":"product_brand","embeddable":true,"href":"https:\/\/sezona.lv\/en\/wp-json\/wp\/v2\/product_brand?post=79456"},{"taxonomy":"product_cat","embeddable":true,"href":"https:\/\/sezona.lv\/en\/wp-json\/wp\/v2\/product_cat?post=79456"},{"taxonomy":"product_tag","embeddable":true,"href":"https:\/\/sezona.lv\/en\/wp-json\/wp\/v2\/product_tag?post=79456"}],"curies":[{"name":"wp","href":"https:\/\/api.w.org\/{rel}","templated":true}]}}