{"id":79457,"date":"2025-07-14T15:40:27","date_gmt":"2025-07-14T12:40:27","guid":{"rendered":"https:\/\/demo8.ecube.lv\/sezona.lv\/products\/levenhuk-labzz-m4-stereo-mikroskops-plus\/"},"modified":"2025-07-14T15:40:27","modified_gmt":"2025-07-14T12:40:27","slug":"levenhuk-labzz-m4-stereo-mikroskops-plus","status":"publish","type":"product","link":"https:\/\/sezona.lv\/en\/products\/levenhuk-labzz-m4-stereo-mikroskops-plus\/","title":{"rendered":"Levenhuk LabZZ M4 Stereo Mikroskops PLUS"},"content":{"rendered":"<p style=\"margin-bottom: 10px;padding: 0px;color: #3a3a3a;font-family: Vardana, sans-serif;font-size: 14px\">Levenhuk  LabZZ M4 Stereo Microscope PLUS is a great choice for studying large  objects. This microscope provides stereo images and has a wide working  distance of 75mm. It will be convenient for observing coins, minerals,  rocks, insects or plants. Thanks to its small size and light weight,  Levenhuk LabZZ M4 Stereo Microscope PLUS will be a perfect device for  any young scientist interested in biology.<\/p>\n<p style=\"margin-bottom: 10px;padding: 0px;color: #3a3a3a;font-family: Vardana, sans-serif;font-size: 14px\">The  binocular head allows observing objects with two eyes &ndash; it gives eye  strain relief, and makes long-term researches as comfortable as  possible. The light diodes located above the stage evenly illuminate the  observed specimen. The stage has metal clips to firmly hold the  prepared slide. The objective lens provides 2x magnification, and with  the supplied accessories, you will be able to reach magnification up to  40x. Two wide-field eyepieces allow studying extended objects.<\/p>\n<p style=\"margin-bottom: 10px;padding: 0px;color: #3a3a3a;font-family: Vardana, sans-serif;font-size: 14px\">Illumination is powered by two AA batteries (not included).<\/p>\n<p style=\"margin-bottom: 10px;padding: 0px;color: #3a3a3a;font-family: Vardana, sans-serif;font-size: 14px\"><strong style=\"margin: 0px;padding: 0px\">The kit includes:<\/strong><\/p>\n<ul class=\"vikas-list-u\" style=\"margin-right: 0px;margin-bottom: 15px;margin-left: 20px;padding: 0px;color: #3a3a3a;font-family: Vardana, sans-serif;font-size: 14px\" type=\"disc\">\n<li style=\"margin: 0px;padding: 0px\">Levenhuk LabZZ M4 Stereo Microscope PLUS<\/li>\n<li style=\"margin: 0px;padding: 0px\">Two WF20x eyepieces<\/li>\n<li style=\"margin: 0px;padding: 0px\">Case for storage and transportation<\/li>\n<li style=\"margin: 0px;padding: 0px\">User manual and lifetime warranty<\/li>\n<\/ul>\n<table style=\"font-size: 10pt;font-family: arial, sans, sans-serif;width: 0px;border: none\" dir=\"ltr\" border=\"1\" cellspacing=\"0\" cellpadding=\"0\">\n<colgroup>\n<col width=\"234\"><\/col>\n<col width=\"175\"><\/col>\n<\/colgroup>\n<tbody>\n<tr style=\"height: 21px\">\n<td style=\"border-color: #000000;overflow: hidden;padding: 2px 3px;vertical-align: bottom;font-family: Vardana;font-size: 11pt;color: #3a3a3a\">Galva<\/td>\n<td style=\"border-top-color: #000000;border-right-color: #000000;border-bottom-color: #000000;overflow: hidden;padding: 2px 3px;vertical-align: bottom;font-family: Vardana;font-size: 11pt;color: #3a3a3a\">binokul\u0101rs<\/td>\n<\/tr>\n<tr style=\"height: 21px\">\n<td style=\"border-right-color: #000000;border-bottom-color: #000000;border-left-color: #000000;overflow: hidden;padding: 2px 3px;vertical-align: bottom;font-family: Vardana;font-size: 11pt;color: #3a3a3a\">Optikas materi\u0101li<\/td>\n<td style=\"border-right-color: #000000;border-bottom-color: #000000;overflow: hidden;padding: 2px 3px;vertical-align: bottom;font-family: Vardana;font-size: 11pt;color: #3a3a3a\">optiskais stikls<\/td>\n<\/tr>\n<tr style=\"height: 21px\">\n<td style=\"border-right-color: #000000;border-bottom-color: #000000;border-left-color: #000000;overflow: hidden;padding: 2px 3px;vertical-align: bottom;font-family: Vardana;font-size: 11pt;color: #3a3a3a\">Palielin\u0101jums, x<\/td>\n<td style=\"border-right-color: #000000;border-bottom-color: #000000;overflow: hidden;padding: 2px 3px;vertical-align: bottom;font-family: Vardana;font-size: 11pt;color: #3a3a3a\">40<\/td>\n<\/tr>\n<tr style=\"height: 21px\">\n<td style=\"border-right-color: #000000;border-bottom-color: #000000;border-left-color: #000000;overflow: hidden;padding: 2px 3px;vertical-align: bottom;font-family: Vardana;font-size: 11pt;color: #3a3a3a\">Okulara caurules diametrs, mm<\/td>\n<td style=\"border-right-color: #000000;border-bottom-color: #000000;overflow: hidden;padding: 2px 3px;vertical-align: bottom;font-family: Vardana;font-size: 11pt;color: #3a3a3a\">23.2<\/td>\n<\/tr>\n<tr style=\"height: 21px\">\n<td style=\"border-right-color: #000000;border-bottom-color: #000000;border-left-color: #000000;overflow: hidden;padding: 2px 3px;vertical-align: bottom;font-family: Vardana;font-size: 11pt;color: #3a3a3a\">Okul\u0101ri<\/td>\n<td style=\"border-right-color: #000000;border-bottom-color: #000000;overflow: hidden;padding: 2px 3px;vertical-align: bottom;font-family: Vardana;font-size: 11pt;color: #3a3a3a\">WF20x &ndash; 2 pcs.<\/td>\n<\/tr>\n<tr style=\"height: 21px\">\n<td style=\"border-right-color: #000000;border-bottom-color: #000000;border-left-color: #000000;overflow: hidden;padding: 2px 3px;vertical-align: bottom;font-family: Vardana;font-size: 11pt;color: #3a3a3a\">Objekt\u012bvi<\/td>\n<td style=\"border-right-color: #000000;border-bottom-color: #000000;overflow: hidden;padding: 2px 3px;vertical-align: bottom;font-family: Vardana;font-size: 11pt;color: #3a3a3a\">2\u0445<\/td>\n<\/tr>\n<tr style=\"height: 21px\">\n<td style=\"border-right-color: #000000;border-bottom-color: #000000;border-left-color: #000000;overflow: hidden;padding: 2px 3px;vertical-align: bottom;font-family: Vardana;font-size: 11pt;color: #3a3a3a\">Darba att\u0101lums, mm<\/td>\n<td style=\"border-right-color: #000000;border-bottom-color: #000000;overflow: hidden;padding: 2px 3px;vertical-align: bottom;font-family: Vardana;font-size: 11pt;color: #3a3a3a\">75<\/td>\n<\/tr>\n<tr style=\"height: 21px\">\n<td style=\"border-right-color: #000000;border-bottom-color: #000000;border-left-color: #000000;overflow: hidden;padding: 2px 3px;vertical-align: bottom;font-family: Vardana;font-size: 11pt;color: #3a3a3a\">Starp-z\u012bl\u012b&scaron;u att\u0101lums, mm<\/td>\n<td style=\"border-right-color: #000000;border-bottom-color: #000000;overflow: hidden;padding: 2px 3px;vertical-align: bottom;font-family: Vardana;font-size: 11pt;color: #3a3a3a\">50&ndash;75<\/td>\n<\/tr>\n<tr style=\"height: 21px\">\n<td style=\"border-right-color: #000000;border-bottom-color: #000000;border-left-color: #000000;overflow: hidden;padding: 2px 3px;vertical-align: bottom;font-family: Vardana;font-size: 11pt;color: #3a3a3a\">Priek&scaron;met-plaukti\u0146&scaron;, mm<\/td>\n<td style=\"border-right-color: #000000;border-bottom-color: #000000;overflow: hidden;padding: 2px 3px;vertical-align: bottom;font-family: Vardana;font-size: 11pt;color: #3a3a3a\">&Oslash;50<\/td>\n<\/tr>\n<tr style=\"height: 21px\">\n<td style=\"border-right-color: #000000;border-bottom-color: #000000;border-left-color: #000000;overflow: hidden;padding: 2px 3px;vertical-align: bottom;font-family: Vardana;font-size: 11pt;color: #3a3a3a\">Fokus<\/td>\n<td style=\"border-right-color: #000000;border-bottom-color: #000000;overflow: hidden;padding: 2px 3px;vertical-align: bottom;font-family: Vardana;font-size: 11pt;color: #3a3a3a\">rupjais, 35mm<\/td>\n<\/tr>\n<tr style=\"height: 21px\">\n<td style=\"border-right-color: #000000;border-bottom-color: #000000;border-left-color: #000000;overflow: hidden;padding: 2px 3px;vertical-align: bottom;font-family: Vardana;font-size: 11pt;color: #3a3a3a\">Korpusa materi\u0101ls<\/td>\n<td style=\"border-right-color: #000000;border-bottom-color: #000000;overflow: hidden;padding: 2px 3px;vertical-align: bottom;font-family: Vardana;font-size: 11pt;color: #3a3a3a\">plastmasa<\/td>\n<\/tr>\n<tr style=\"height: 21px\">\n<td style=\"border-right-color: #000000;border-bottom-color: #000000;border-left-color: #000000;overflow: hidden;padding: 2px 3px;vertical-align: bottom;font-family: Vardana;font-size: 11pt;color: #3a3a3a\">Apgaismojums<\/td>\n<td style=\"border-right-color: #000000;border-bottom-color: #000000;overflow: hidden;padding: 2px 3px;vertical-align: bottom;font-family: Vardana;font-size: 11pt;color: #3a3a3a\">LED<\/td>\n<\/tr>\n<tr style=\"height: 21px\">\n<td style=\"border-right-color: #000000;border-bottom-color: #000000;border-left-color: #000000;overflow: hidden;padding: 2px 3px;vertical-align: bottom;font-family: Vardana;font-size: 11pt;color: #3a3a3a\">Baro&scaron;anas avots<\/td>\n<td style=\"border-right-color: #000000;border-bottom-color: #000000;overflow: hidden;padding: 2px 3px;vertical-align: bottom;font-family: Vardana;font-size: 11pt;color: #3a3a3a\">2 AA baterijas (nav iek\u013cauts)<\/td>\n<\/tr>\n<tr style=\"height: 21px\">\n<td style=\"border-right-color: #000000;border-bottom-color: #000000;border-left-color: #000000;overflow: hidden;padding: 2px 3px;vertical-align: bottom;font-family: Vardana;font-size: 11pt;color: #3a3a3a\">Darb\u012bbas temperat\u016bras diapazons, &deg; C<\/td>\n<td style=\"border-right-color: #000000;border-bottom-color: #000000;overflow: hidden;padding: 2px 3px;vertical-align: bottom;font-family: Vardana;font-size: 11pt;color: #3a3a3a\">-5&#8230; 40<br \/>23&#8230; 104<\/td>\n<\/tr>\n<\/tbody>\n<\/table>\n","protected":false},"excerpt":{"rendered":"<p>Levenhuk LabZZ M4 Stereo Microscope PLUS is a great choice for studying large objects. This microscope provides stereo images and has a wide working distance of 75mm. It will be convenient for observing coins, minerals, rocks, insects or plants. Thanks to its small size and light weight, Levenhuk LabZZ M4 Stereo Microscope PLUS will be [&hellip;]<\/p>\n","protected":false},"featured_media":0,"template":"","meta":[],"product_brand":[3372],"product_cat":[4640,4938,4969],"product_tag":[],"class_list":{"0":"post-79457","1":"product","2":"type-product","3":"status-publish","5":"product_brand-levenhuk","6":"product_cat-recreation","7":"product_cat-optics-recreation","8":"product_cat-microscopes-optics-recreation","10":"first","11":"instock","12":"shipping-taxable","13":"purchasable","14":"product-type-simple"},"_links":{"self":[{"href":"https:\/\/sezona.lv\/en\/wp-json\/wp\/v2\/product\/79457","targetHints":{"allow":["GET"]}}],"collection":[{"href":"https:\/\/sezona.lv\/en\/wp-json\/wp\/v2\/product"}],"about":[{"href":"https:\/\/sezona.lv\/en\/wp-json\/wp\/v2\/types\/product"}],"wp:attachment":[{"href":"https:\/\/sezona.lv\/en\/wp-json\/wp\/v2\/media?parent=79457"}],"wp:term":[{"taxonomy":"product_brand","embeddable":true,"href":"https:\/\/sezona.lv\/en\/wp-json\/wp\/v2\/product_brand?post=79457"},{"taxonomy":"product_cat","embeddable":true,"href":"https:\/\/sezona.lv\/en\/wp-json\/wp\/v2\/product_cat?post=79457"},{"taxonomy":"product_tag","embeddable":true,"href":"https:\/\/sezona.lv\/en\/wp-json\/wp\/v2\/product_tag?post=79457"}],"curies":[{"name":"wp","href":"https:\/\/api.w.org\/{rel}","templated":true}]}}