{"id":79458,"date":"2025-07-14T15:40:28","date_gmt":"2025-07-14T12:40:28","guid":{"rendered":"https:\/\/demo8.ecube.lv\/sezona.lv\/products\/levenhuk-fiksiki-verta-300x-1200x\/"},"modified":"2025-07-14T15:40:28","modified_gmt":"2025-07-14T12:40:28","slug":"levenhuk-fiksiki-verta-300x-1200x","status":"publish","type":"product","link":"https:\/\/sezona.lv\/en\/products\/levenhuk-fiksiki-verta-300x-1200x\/","title":{"rendered":"Levenhuk Fiksiki Verta 300x-1200x"},"content":{"rendered":"<p>Mikroskops Levenhuk Fiksiki Verta &ndash; \u044d\u0442\u043e \u043f\u0440\u0435\u043a\u0440\u0430\u0441\u043d\u044b\u0439 \u043f\u043e\u0434\u0430\u0440\u043e\u043a \u0434\u043b\u044f  \u043c\u0430\u043b\u0435\u043d\u044c\u043a\u0438\u0445 \u0438\u0441\u0441\u043b\u0435\u0434\u043e\u0432\u0430\u0442\u0435\u043b\u0435\u0439. \u0421 \u0435\u0433\u043e \u043f\u043e\u043c\u043e\u0449\u044c\u044e \u0432\u0430\u0448 \u0440\u0435\u0431\u0435\u043d\u043e\u043a \u0441\u043c\u043e\u0436\u0435\u0442 \u043d\u0430\u0447\u0430\u0442\u044c \u0441\u0432\u043e\u0438  \u043f\u0435\u0440\u0432\u044b\u0435 \u043d\u0430\u0443\u0447\u043d\u044b\u0435 \u043e\u043f\u044b\u0442\u044b, \u0443\u0437\u043d\u0430\u0435\u0442, \u043a\u0430\u043a \u0443\u0441\u0442\u0440\u043e\u0435\u043d\u044b \u043f\u0440\u0438\u0432\u044b\u0447\u043d\u044b\u0435 \u043f\u0440\u0435\u0434\u043c\u0435\u0442\u044b, \u0438 \u043e\u0442\u043a\u0440\u043e\u0435\u0442  \u0434\u043b\u044f \u0441\u0435\u0431\u044f \u0443\u0432\u043b\u0435\u043a\u0430\u0442\u0435\u043b\u044c\u043d\u0435\u0439\u0448\u0438\u0439 \u043c\u0438\u043a\u0440\u043e\u043c\u0438\u0440. \u041f\u0440\u0438\u0431\u043e\u0440 \u043f\u0440\u0435\u0434\u043d\u0430\u0437\u043d\u0430\u0447\u0435\u043d \u0434\u043b\u044f \u0434\u0435\u0442\u0435\u0439 \u043e\u0442 5  \u043b\u0435\u0442, \u043e\u0434\u043d\u0430\u043a\u043e \u0437\u0430\u043d\u044f\u0442\u0438\u044f \u0441 \u043d\u0438\u043c \u0431\u0443\u0434\u0443\u0442 \u0438\u043d\u0442\u0435\u0440\u0435\u0441\u043d\u044b \u0438 \u0440\u0435\u0431\u044f\u0442\u0430\u043c \u043f\u043e\u0441\u0442\u0430\u0440\u0448\u0435.<\/p>\n<p>\u041c\u0438\u043a\u0440\u043e\u0441\u043a\u043e\u043f  \u0438\u043c\u0435\u0435\u0442 \u0442\u0440\u0435\u0445\u0433\u043d\u0435\u0437\u0434\u043e\u0432\u043e\u0435 \u0440\u0435\u0432\u043e\u043b\u044c\u0432\u0435\u0440\u043d\u043e\u0435 \u0443\u0441\u0442\u0440\u043e\u0439\u0441\u0442\u0432\u043e \u0441 \u043e\u0431\u044a\u0435\u043a\u0442\u0438\u0432\u0430\u043c\u0438,  \u043e\u0431\u0435\u0441\u043f\u0435\u0447\u0438\u0432\u0430\u044e\u0449\u0438\u043c\u0438 \u0443\u0432\u0435\u043b\u0438\u0447\u0435\u043d\u0438\u0435 300, 600 \u0438 1200 \u043a\u0440\u0430\u0442. \u0414\u043b\u044f \u043c\u0430\u043a\u0441\u0438\u043c\u0430\u043b\u044c\u043d\u043e \u0443\u0434\u043e\u0431\u043d\u043e\u0439  \u0440\u0430\u0431\u043e\u0442\u044b \u043f\u0440\u0435\u0434\u043c\u0435\u0442\u043d\u044b\u0439 \u0441\u0442\u043e\u043b\u0438\u043a \u043e\u0441\u043d\u0430\u0449\u0435\u043d \u0437\u0430\u0436\u0438\u043c\u0430\u043c\u0438 \u0434\u043b\u044f \u0444\u0438\u043a\u0441\u0430\u0446\u0438\u0438. \u0412\u0441\u0442\u0440\u043e\u0435\u043d\u043d\u0430\u044f  \u043f\u043e\u0434\u0441\u0432\u0435\u0442\u043a\u0430 \u043f\u043e\u0437\u0432\u043e\u043b\u044f\u0435\u0442 \u0438\u0437\u0443\u0447\u0430\u0442\u044c \u043f\u0440\u0435\u043f\u0430\u0440\u0430\u0442\u044b \u0434\u0430\u0436\u0435 \u043f\u0440\u0438 \u043d\u0435\u0434\u043e\u0441\u0442\u0430\u0442\u043e\u0447\u043d\u043e\u0439  \u043e\u0441\u0432\u0435\u0449\u0435\u043d\u043d\u043e\u0441\u0442\u0438.<\/p>\n<p>\u0411\u043b\u0430\u0433\u043e\u0434\u0430\u0440\u044f \u043f\u0440\u043e\u0435\u043a\u0442\u043e\u0440\u0443 \u043e\u0442\u043a\u0440\u044b\u0432\u0430\u044e\u0442\u0441\u044f \u0434\u043e\u043f\u043e\u043b\u043d\u0438\u0442\u0435\u043b\u044c\u043d\u044b\u0435  \u0432\u043e\u0437\u043c\u043e\u0436\u043d\u043e\u0441\u0442\u0438: \u043f\u0440\u043e\u0435\u0446\u0438\u0440\u0443\u044f \u0438\u0437\u043e\u0431\u0440\u0430\u0436\u0435\u043d\u0438\u0435 \u043d\u0430 \u044d\u043a\u0440\u0430\u043d \u0438\u043b\u0438 \u0441\u0442\u0435\u043d\u0443, \u0440\u0435\u0431\u0435\u043d\u043e\u043a \u043c\u043e\u0436\u0435\u0442  \u0438\u0437\u0443\u0447\u0430\u0442\u044c \u043f\u0440\u0435\u043f\u0430\u0440\u0430\u0442\u044b \u0432\u043c\u0435\u0441\u0442\u0435 \u0441 \u0434\u0440\u0443\u0437\u044c\u044f\u043c\u0438 \u0438\u043b\u0438 \u0440\u043e\u0434\u0441\u0442\u0432\u0435\u043d\u043d\u0438\u043a\u0430\u043c\u0438. \u041a\u0440\u043e\u043c\u0435 \u0442\u043e\u0433\u043e,  \u044d\u043a\u0440\u0430\u043d \u043f\u0440\u043e\u0435\u043a\u0442\u043e\u0440\u0430 \u043c\u043e\u0436\u043d\u043e \u043d\u0430\u043f\u0440\u0430\u0432\u0438\u0442\u044c \u043d\u0430 \u043b\u0438\u0441\u0442 \u0431\u0443\u043c\u0430\u0433\u0438, \u0447\u0442\u043e\u0431\u044b \u0442\u043e\u0447\u043d\u043e \u0437\u0430\u0440\u0438\u0441\u043e\u0432\u0430\u0442\u044c  \u0438\u0437\u043e\u0431\u0440\u0430\u0436\u0435\u043d\u0438\u0435. \u0422\u0430\u043a\u0436\u0435 \u0432 \u043a\u043e\u043c\u043f\u043b\u0435\u043a\u0442\u0435 \u0438\u043c\u0435\u0435\u0442\u0441\u044f \u0430\u0434\u0430\u043f\u0442\u0435\u0440 \u0434\u043b\u044f \u043a\u0430\u043c\u0435\u0440\u044b, \u0442\u0430\u043a \u0447\u0442\u043e \u0443  \u0440\u0435\u0431\u0435\u043d\u043a\u0430 \u0431\u0443\u0434\u0435\u0442 \u0432\u043e\u0437\u043c\u043e\u0436\u043d\u043e\u0441\u0442\u044c \u0434\u0435\u043b\u0430\u0442\u044c \u0441\u043d\u0438\u043c\u043a\u0438 \u043f\u0440\u0435\u043f\u0430\u0440\u0430\u0442\u043e\u0432 (\u043b\u0443\u0447\u0448\u0438\u0435 \u0444\u043e\u0442\u043e\u0433\u0440\u0430\u0444\u0438\u0438  \u043f\u043e\u043b\u0443\u0447\u0430\u044e\u0442\u0441\u044f \u043f\u0440\u0438 \u0443\u0432\u0435\u043b\u0438\u0447\u0435\u043d\u0438\u0438 300 \u043a\u0440\u0430\u0442).<\/p>\n<p><strong>Galven\u0101s iez\u012bmes:<\/strong><\/p>\n<ul>\n<li>\u041d\u0430\u0434\u0435\u0436\u043d\u044b\u0439 \u043c\u0435\u0442\u0430\u043b\u043b\u0438\u0447\u0435\u0441\u043a\u0438\u0439 \u043a\u043e\u0440\u043f\u0443\u0441<\/li>\n<li>\u0412\u043e\u0437\u043c\u043e\u0436\u043d\u043e\u0441\u0442\u044c \u043f\u0440\u043e\u0435\u0446\u0438\u0440\u043e\u0432\u0430\u0442\u044c \u0443\u0432\u0435\u043b\u0438\u0447\u0435\u043d\u043d\u043e\u0435 \u0438\u0437\u043e\u0431\u0440\u0430\u0436\u0435\u043d\u0438\u0435 \u043d\u0430 \u0441\u0442\u0435\u043d\u0443 \u0438\u043b\u0438 \u044d\u043a\u0440\u0430\u043d<\/li>\n<li>\u0410\u0434\u0430\u043f\u0442\u0435\u0440 \u0434\u043b\u044f \u0444\u043e\u0442\u043e\u043a\u0430\u043c\u0435\u0440\u044b<\/li>\n<li>\u0417\u0430\u043f\u0430\u0441\u043d\u0430\u044f \u043b\u0430\u043c\u043f\u043e\u0447\u043a\u0430 \u043f\u043e\u0434\u0441\u0432\u0435\u0442\u043a\u0438 \u0432 \u043a\u043e\u043c\u043f\u043b\u0435\u043a\u0442\u0435<\/li>\n<li>\u0411\u043e\u043b\u0435\u0435 100 \u043f\u0440\u0435\u0434\u043c\u0435\u0442\u043e\u0432 \u0432 \u043a\u043e\u043c\u043f\u043b\u0435\u043a\u0442\u0435<\/li>\n<li>\u0418\u043d\u0441\u0442\u0440\u0443\u043a\u0446\u0438\u044f \u043d\u0430\u043f\u0438\u0441\u0430\u043d\u0430 \u0441\u043f\u0435\u0446\u0438\u0430\u043b\u044c\u043d\u043e \u0434\u043b\u044f \u0434\u0435\u0442\u0435\u0439<\/li>\n<\/ul>\n<p><strong>Komplekt\u0101cija:<\/strong><\/p>\n<ol type=\"1\">\n<li>Mikroskops Levenhuk Fiksiki Verta<\/li>\n<li>5 gatavi preper\u0101ti<\/li>\n<li>18 objekt\u012bva stikli\u0146i<\/li>\n<li>36 \u043f\u043e\u043a\u0440\u043e\u0432\u043d\u044b\u0445 \u0441\u0442\u0435\u043a\u043e\u043b (18 stikla un 18 plastmasas)<\/li>\n<li>18 uzl\u012bmes stiklam<\/li>\n<li>Skalpelis<\/li>\n<li>L\u0101psti\u0146a<\/li>\n<li>Pincete<\/li>\n<li>4 flakoni preper\u0101tiem<\/li>\n<li>M\u0113\u0123ene ar kor\u0137i<\/li>\n<li>Petri trauks<\/li>\n<li>Pipete<\/li>\n<li>2 flakoni ar kr\u0101sviel\u0101m<\/li>\n<li>Rezerves<\/li>\n<li>\u041f\u0430\u043b\u043e\u0447\u043a\u0430 \u0434\u043b\u044f \u0440\u0430\u0437\u043c\u0435\u0448\u0438\u0432\u0430\u043d\u0438\u044f<\/li>\n<li>Lupa<\/li>\n<li>\u041c\u0435\u0440\u043d\u044b\u0439 \u0441\u0442\u0430\u043a\u0430\u043d\u0447\u0438\u043a<\/li>\n<li>\u0410\u0434\u0430\u043f\u0442\u0435\u0440 \u0434\u043b\u044f \u043a\u0430\u043c\u0435\u0440\u044b<\/li>\n<li>\u041e\u043a\u0443\u043b\u044f\u0440\u043d\u044b\u0439 \u043f\u0440\u043e\u0435\u043a\u0442\u043e\u0440<\/li>\n<li>\u0418\u043d\u0441\u0442\u0440\u0443\u043a\u0446\u0438\u044f \u043f\u043e \u044d\u043a\u0441\u043f\u043b\u0443\u0430\u0442\u0430\u0446\u0438\u0438 \u0438 \u0433\u0430\u0440\u0430\u043d\u0442\u0438\u0439\u043d\u044b\u0439 \u0442\u0430\u043b\u043e\u043d<\/li>\n<\/ol>\n<table class=\"table table-bordered\" border=\"0\">\n<thead>\n<tr>\n<td colspan=\"2\"><strong>Atrib\u016bti<\/strong><\/td>\n<\/tr>\n<\/thead>\n<tbody>\n<tr>\n<td>Galva<\/td>\n<td>monokul\u0101rs<\/td>\n<\/tr>\n<tr>\n<td>Garantija<\/td>\n<td>m\u016b\u017ea<\/td>\n<\/tr>\n<tr>\n<td>Korpusa materi\u0101ls<\/td>\n<td>met\u0101ls<\/td>\n<\/tr>\n<tr>\n<td>Objekt\u012bvu revolveris<\/td>\n<td>300&ndash;1200<\/td>\n<\/tr>\n<tr>\n<td>Optikas materi\u0101ls<\/td>\n<td>optiskais stikls<\/td>\n<\/tr>\n<tr>\n<td>Tips<\/td>\n<td>biolo\u0123iskais<\/td>\n<\/tr>\n<\/tbody>\n<\/table>\n","protected":false},"excerpt":{"rendered":"<p>Mikroskops Levenhuk Fiksiki Verta &ndash; \u044d\u0442\u043e \u043f\u0440\u0435\u043a\u0440\u0430\u0441\u043d\u044b\u0439 \u043f\u043e\u0434\u0430\u0440\u043e\u043a \u0434\u043b\u044f \u043c\u0430\u043b\u0435\u043d\u044c\u043a\u0438\u0445 \u0438\u0441\u0441\u043b\u0435\u0434\u043e\u0432\u0430\u0442\u0435\u043b\u0435\u0439. \u0421 \u0435\u0433\u043e \u043f\u043e\u043c\u043e\u0449\u044c\u044e \u0432\u0430\u0448 \u0440\u0435\u0431\u0435\u043d\u043e\u043a \u0441\u043c\u043e\u0436\u0435\u0442 \u043d\u0430\u0447\u0430\u0442\u044c \u0441\u0432\u043e\u0438 \u043f\u0435\u0440\u0432\u044b\u0435 \u043d\u0430\u0443\u0447\u043d\u044b\u0435 \u043e\u043f\u044b\u0442\u044b, \u0443\u0437\u043d\u0430\u0435\u0442, \u043a\u0430\u043a \u0443\u0441\u0442\u0440\u043e\u0435\u043d\u044b \u043f\u0440\u0438\u0432\u044b\u0447\u043d\u044b\u0435 \u043f\u0440\u0435\u0434\u043c\u0435\u0442\u044b, \u0438 \u043e\u0442\u043a\u0440\u043e\u0435\u0442 \u0434\u043b\u044f \u0441\u0435\u0431\u044f \u0443\u0432\u043b\u0435\u043a\u0430\u0442\u0435\u043b\u044c\u043d\u0435\u0439\u0448\u0438\u0439 \u043c\u0438\u043a\u0440\u043e\u043c\u0438\u0440. \u041f\u0440\u0438\u0431\u043e\u0440 \u043f\u0440\u0435\u0434\u043d\u0430\u0437\u043d\u0430\u0447\u0435\u043d \u0434\u043b\u044f \u0434\u0435\u0442\u0435\u0439 \u043e\u0442 5 \u043b\u0435\u0442, \u043e\u0434\u043d\u0430\u043a\u043e \u0437\u0430\u043d\u044f\u0442\u0438\u044f \u0441 \u043d\u0438\u043c \u0431\u0443\u0434\u0443\u0442 \u0438\u043d\u0442\u0435\u0440\u0435\u0441\u043d\u044b \u0438 \u0440\u0435\u0431\u044f\u0442\u0430\u043c \u043f\u043e\u0441\u0442\u0430\u0440\u0448\u0435. \u041c\u0438\u043a\u0440\u043e\u0441\u043a\u043e\u043f \u0438\u043c\u0435\u0435\u0442 \u0442\u0440\u0435\u0445\u0433\u043d\u0435\u0437\u0434\u043e\u0432\u043e\u0435 \u0440\u0435\u0432\u043e\u043b\u044c\u0432\u0435\u0440\u043d\u043e\u0435 \u0443\u0441\u0442\u0440\u043e\u0439\u0441\u0442\u0432\u043e \u0441 [&hellip;]<\/p>\n","protected":false},"featured_media":0,"template":"","meta":[],"product_brand":[3372],"product_cat":[4640,4938,4969],"product_tag":[],"class_list":{"0":"post-79458","1":"product","2":"type-product","3":"status-publish","5":"product_brand-levenhuk","6":"product_cat-recreation","7":"product_cat-optics-recreation","8":"product_cat-microscopes-optics-recreation","10":"first","11":"instock","12":"shipping-taxable","13":"purchasable","14":"product-type-simple"},"_links":{"self":[{"href":"https:\/\/sezona.lv\/en\/wp-json\/wp\/v2\/product\/79458","targetHints":{"allow":["GET"]}}],"collection":[{"href":"https:\/\/sezona.lv\/en\/wp-json\/wp\/v2\/product"}],"about":[{"href":"https:\/\/sezona.lv\/en\/wp-json\/wp\/v2\/types\/product"}],"wp:attachment":[{"href":"https:\/\/sezona.lv\/en\/wp-json\/wp\/v2\/media?parent=79458"}],"wp:term":[{"taxonomy":"product_brand","embeddable":true,"href":"https:\/\/sezona.lv\/en\/wp-json\/wp\/v2\/product_brand?post=79458"},{"taxonomy":"product_cat","embeddable":true,"href":"https:\/\/sezona.lv\/en\/wp-json\/wp\/v2\/product_cat?post=79458"},{"taxonomy":"product_tag","embeddable":true,"href":"https:\/\/sezona.lv\/en\/wp-json\/wp\/v2\/product_tag?post=79458"}],"curies":[{"name":"wp","href":"https:\/\/api.w.org\/{rel}","templated":true}]}}