{"id":79459,"date":"2025-07-11T17:02:37","date_gmt":"2025-07-11T14:02:37","guid":{"rendered":"https:\/\/demo8.ecube.lv\/sezona.lv\/products\/levenhuk-labzz-m3-plus-300x-1200x\/"},"modified":"2025-07-14T15:40:28","modified_gmt":"2025-07-14T12:40:28","slug":"levenhuk-labzz-m3-plus-300x-1200x","status":"publish","type":"product","link":"https:\/\/sezona.lv\/en\/products\/levenhuk-labzz-m3-plus-300x-1200x\/","title":{"rendered":"Levenhuk LabZZ M3 Plus 300x-1200x"},"content":{"rendered":"<h1 style=\"font-size: 14pt;margin-bottom: 2px;font-family: Tahoma, Geneva, sans-serif;color: #000000;padding: 0px;text-align: justify\">\n<p style=\"margin-bottom: 10px;padding: 0px;color: #3a3a3a;font-family: Vardana, sans-serif;font-size: 14px;text-align: start\">Levenhuk  LabZZ M3 mikroskops- patiess atradums zin\u0101tk\u0101ram b\u0113rnam. Tam ir viss  par ko jauns zin\u0101tnieks sap\u0146o, un tas n\u0101k kop\u0101 ar 100 lietder\u012bgiem  piederumiem! Sagatavoti mikroskopu slaidi, tuk&scaron;i slaidi un stikli\u0146i,  darbar\u012bki paraugu sagatavo&scaron;anai, materi\u0101li eksperimentiem- jaunie  biologi vai \u0137\u012bmi\u0137i var\u0113s nodemonstr\u0113t visus savus zin\u0101tniskos talantus.<\/p>\n<p style=\"margin-bottom: 10px;padding: 0px;color: #3a3a3a;font-family: Vardana, sans-serif;font-size: 14px;text-align: start\">Viena  no visaizraujo&scaron;\u0101kaj\u0101m Levenhuk LabZZ M3 mikroskopa iez\u012bm\u0113m ir t\u0101  okul\u0101ra projektors. To izmantojot j\u016bs varat r\u0101d\u012bt att\u0113lus saviem  draugiem un \u0123imenei. Vienk\u0101r&scaron;i novietojiet mikroskopu tum&scaron;\u0101 istab\u0101 un  pav\u0113rsiet projektoru uz sienu vai tuk&scaron;u pap\u012bra lapu.<\/p>\n<p style=\"margin-bottom: 10px;padding: 0px;color: #3a3a3a;font-family: Vardana, sans-serif;font-size: 14px;text-align: start\">V\u0113l  viena Levenhuk LabZZ M3 mode\u013ca priek&scaron;roc\u012bba ir t\u0101 bag\u0101t\u012bgais  eksperimentu komplekts un daudzi lietder\u012bgie piederumi priek&scaron;  nov\u0113rojumiem un paraugu sagatavo&scaron;anas. Tie \u013cauj b\u0113rniem p\u0101rv\u0113rst vi\u0146u  gu\u013camistabas \u012bst\u0101s zin\u0101tniskaj\u0101s laboratorij\u0101s!<\/p>\n<p style=\"margin-bottom: 10px;padding: 0px;color: #3a3a3a;font-family: Vardana, sans-serif;font-size: 14px;text-align: start\">Mikroskopam  ir vair\u0101ki noteikti palielin\u0101jumi diapazon\u0101 300x-1200x.Tos var viegli  main\u012bt nep\u0101rtraucot nov\u0113rojumus- jums tikai j\u0101pagrie\u017e mikroskopa  revolvergalvi\u0146u. Gaismas \u0137ermenis atrodas zem priek&scaron;metgaldi\u0146a- tas  noz\u012bm\u0113, ka j\u016bs varat v\u0113rot jebk\u0101dus caursp\u012bd\u012bgus mikroskopa paraugus.  Apgaismojums darbojas ar bateriju pal\u012bdz\u012bbu (nav iek\u013cautas). Ja \u0101r\u0113jais  apgaismojums ir pietieko&scaron;s, j\u016bs varat izmantot ieb\u016bv\u0113to spoguli, lai  izgaismotu paraugu.<\/p>\n<p style=\"margin-bottom: 10px;padding: 0px;color: #3a3a3a;font-family: Vardana, sans-serif;font-size: 14px;text-align: start\">Met\u0101la  korpuss var b\u016btiski pagarin\u0101t instrumenta kalpo&scaron;anas ilgumu. Komplekt\u0101  ir ar\u012b \u0113rts un iztur\u012bgs futl\u0101ris dro&scaron;ai glab\u0101&scaron;anai.<\/p>\n<p style=\"margin-bottom: 10px;padding: 0px;color: #3a3a3a;font-family: Vardana, sans-serif;font-size: 14px;text-align: start\"><strong style=\"margin: 0px;padding: 0px\">\u012apa&scaron;\u012bbas:<\/strong><\/p>\n<ul class=\"vikas-list-u\" style=\"margin-right: 0px;margin-bottom: 15px;margin-left: 20px;padding: 0px;color: #3a3a3a;font-family: Vardana, sans-serif;font-size: 14px;text-align: start\">\n<li style=\"margin: 0px;padding: 0px\">Mikroskops priek&scaron; b\u0113rniem<\/li>\n<li style=\"margin: 0px;padding: 0px\">Okul\u0101ra aizsargs<\/li>\n<li style=\"margin: 0px;padding: 0px\">Palielin\u0101jums l\u012bdz 1200x<\/li>\n<li style=\"margin: 0px;padding: 0px\">Komplekt\u0101 ir 100 piederumi priek&scaron; zin\u0101tniskiem eksperimentiem<\/li>\n<li style=\"margin: 0px;padding: 0px\">Iztur\u012bgs met\u0101la korpuss<\/li>\n<li style=\"margin: 0px;padding: 0px\">Plastmasas futl\u0101ris glab\u0101&scaron;anai<\/li>\n<\/ul>\n<p style=\"margin-bottom: 10px;padding: 0px;color: #3a3a3a;font-family: Vardana, sans-serif;font-size: 14px;text-align: start\"><strong style=\"margin: 0px;padding: 0px\">Komplekt\u0101 ietilpst:<\/strong><\/p>\n<ul class=\"vikas-list-u\" style=\"margin-right: 0px;margin-bottom: 15px;margin-left: 20px;padding: 0px;color: #3a3a3a;font-family: Vardana, sans-serif;font-size: 14px;text-align: start\">\n<li style=\"margin: 0px;padding: 0px\">Mikroskops<\/li>\n<li style=\"margin: 0px;padding: 0px\">Okul\u0101ra aizsargs<\/li>\n<li style=\"margin: 0px;padding: 0px\">Okul\u0101rs<\/li>\n<li style=\"margin: 0px;padding: 0px\">Sagatavoti slaidi (5 gb.)<\/li>\n<li style=\"margin: 0px;padding: 0px\">Tuk&scaron;i slaidi (18 gb.)<\/li>\n<li style=\"margin: 0px;padding: 0px\">Kabati\u0146as (36 gb.)<\/li>\n<li style=\"margin: 0px;padding: 0px\">Slaidu uzl\u012bmes (18 gb.)<\/li>\n<li style=\"margin: 0px;padding: 0px\">Kolbas ar kr\u0101svielu (2 gb.)<\/li>\n<li style=\"margin: 0px;padding: 0px\">Tuk&scaron;as kolbas (4 gb.)<\/li>\n<li style=\"margin: 0px;padding: 0px\">Lupa<\/li>\n<li style=\"margin: 0px;padding: 0px\">Skalpelis<\/li>\n<li style=\"margin: 0px;padding: 0px\">L\u0101psti\u0146a<\/li>\n<li style=\"margin: 0px;padding: 0px\">Pincete<\/li>\n<li style=\"margin: 0px;padding: 0px\">Maisot stienis<\/li>\n<li style=\"margin: 0px;padding: 0px\">M\u0113\u0123ene ar aizb\u0101zni<\/li>\n<li style=\"margin: 0px;padding: 0px\">Petri trauks<\/li>\n<li style=\"margin: 0px;padding: 0px\">Pipete<\/li>\n<li style=\"margin: 0px;padding: 0px\">V\u0101rgl\u0101zes<\/li>\n<li style=\"margin: 0px;padding: 0px\">Rezerves spuldze<\/li>\n<\/ul>\n<p style=\"margin-bottom: 10px;padding: 0px;color: #3a3a3a;font-family: Vardana, sans-serif;font-size: 14px;text-align: start\">Levenhuk  LabZZ M3 mikroskops nav savienojams ar Levenhuk C NG digit\u0101laj\u0101m  kamer\u0101m, jo tam ir nestandarta okul\u0101ra tubusa diametrs.<\/p>\n<\/h1>\n<table class=\"table table-bordered\" border=\"0\">\n<thead>\n<tr>\n<td colspan=\"2\"><strong>Atrib\u016bti<\/strong><\/td>\n<\/tr>\n<\/thead>\n<tbody>\n<tr>\n<td>Apgaismojums<\/td>\n<td>kv\u0113lspuldze, spogulis<\/td>\n<\/tr>\n<tr>\n<td>Baro&scaron;anas avots<\/td>\n<td>2 AA baterijas (nav iek\u013cauts)<\/td>\n<\/tr>\n<tr>\n<td>Fokuss<\/td>\n<td>rupjais<\/td>\n<\/tr>\n<tr>\n<td>Galva<\/td>\n<td>monokul\u0101rs<\/td>\n<\/tr>\n<tr>\n<td>Garantija<\/td>\n<td>999 months<\/td>\n<\/tr>\n<tr>\n<td>Iepakojuma izm\u0113ri (GxPxA):<\/td>\n<td>10.0 x 59.5 x 38.5 cm<\/td>\n<\/tr>\n<tr>\n<td>Korpusa materi\u0101ls<\/td>\n<td>met\u0101ls<\/td>\n<\/tr>\n<tr>\n<td>Objekt\u012bvi<\/td>\n<td>30\u0445, 60\u0445, 120\u0445<\/td>\n<\/tr>\n<tr>\n<td>Objekt\u012bvu revolveris<\/td>\n<td>3 objekt\u012bvi<\/td>\n<\/tr>\n<tr>\n<td>Okul\u0101ri<\/td>\n<td>10\u0445<\/td>\n<\/tr>\n<tr>\n<td>Optikas materi\u0101ls<\/td>\n<td>optiskais stikls<\/td>\n<\/tr>\n<tr>\n<td>Palielin\u0101jums<\/td>\n<td>300&ndash;1200 x<\/td>\n<\/tr>\n<tr>\n<td>Ra\u017eot\u0101ja valsts<\/td>\n<td>PRC, controlled by Levenhuk, Inc. (USA)<\/td>\n<\/tr>\n<tr>\n<td>Svars<\/td>\n<td>2.22 kg<\/td>\n<\/tr>\n<\/tbody>\n<\/table>\n<h1 style=\"font-size: 14pt;margin-bottom: 2px;font-family: Tahoma, Geneva, sans-serif;color: #000000;padding: 0px;text-align: justify\">\n<p style=\"margin-bottom: 10px;padding: 0px;color: #3a3a3a;font-family: Vardana, sans-serif;font-size: 14px;text-align: start\">&nbsp;<\/p>\n<\/h1>\n<p>&nbsp;<\/p>\n","protected":false},"excerpt":{"rendered":"<p>Levenhuk LabZZ M3 mikroskops- patiess atradums zin\u0101tk\u0101ram b\u0113rnam. Tam ir viss par ko jauns zin\u0101tnieks sap\u0146o, un tas n\u0101k kop\u0101 ar 100 lietder\u012bgiem piederumiem! Sagatavoti mikroskopu slaidi, tuk&scaron;i slaidi un stikli\u0146i, darbar\u012bki paraugu sagatavo&scaron;anai, materi\u0101li eksperimentiem- jaunie biologi vai \u0137\u012bmi\u0137i var\u0113s nodemonstr\u0113t visus savus zin\u0101tniskos talantus. Viena no visaizraujo&scaron;\u0101kaj\u0101m Levenhuk LabZZ M3 mikroskopa iez\u012bm\u0113m ir [&hellip;]<\/p>\n","protected":false},"featured_media":72422,"template":"","meta":[],"product_brand":[3372],"product_cat":[4938,4969],"product_tag":[],"class_list":{"0":"post-79459","1":"product","2":"type-product","3":"status-publish","4":"has-post-thumbnail","6":"product_brand-levenhuk","7":"product_cat-optics-recreation","8":"product_cat-microscopes-optics-recreation","10":"first","11":"instock","12":"shipping-taxable","13":"purchasable","14":"product-type-simple"},"_links":{"self":[{"href":"https:\/\/sezona.lv\/en\/wp-json\/wp\/v2\/product\/79459","targetHints":{"allow":["GET"]}}],"collection":[{"href":"https:\/\/sezona.lv\/en\/wp-json\/wp\/v2\/product"}],"about":[{"href":"https:\/\/sezona.lv\/en\/wp-json\/wp\/v2\/types\/product"}],"wp:featuredmedia":[{"embeddable":true,"href":"https:\/\/sezona.lv\/en\/wp-json\/wp\/v2\/media\/72422"}],"wp:attachment":[{"href":"https:\/\/sezona.lv\/en\/wp-json\/wp\/v2\/media?parent=79459"}],"wp:term":[{"taxonomy":"product_brand","embeddable":true,"href":"https:\/\/sezona.lv\/en\/wp-json\/wp\/v2\/product_brand?post=79459"},{"taxonomy":"product_cat","embeddable":true,"href":"https:\/\/sezona.lv\/en\/wp-json\/wp\/v2\/product_cat?post=79459"},{"taxonomy":"product_tag","embeddable":true,"href":"https:\/\/sezona.lv\/en\/wp-json\/wp\/v2\/product_tag?post=79459"}],"curies":[{"name":"wp","href":"https:\/\/api.w.org\/{rel}","templated":true}]}}