{"id":79460,"date":"2025-07-14T15:40:29","date_gmt":"2025-07-14T12:40:29","guid":{"rendered":"https:\/\/demo8.ecube.lv\/sezona.lv\/products\/levenhuk-labzz-mt2-plus-mikroskops-un-teleskops\/"},"modified":"2025-07-14T15:40:29","modified_gmt":"2025-07-14T12:40:29","slug":"levenhuk-labzz-mt2-plus-mikroskops-un-teleskops","status":"publish","type":"product","link":"https:\/\/sezona.lv\/en\/products\/levenhuk-labzz-mt2-plus-mikroskops-un-teleskops\/","title":{"rendered":"Levenhuk LabZZ MT2 Plus Mikroskops un Teleskops"},"content":{"rendered":"<h4 style=\"margin-right: 0px;margin-bottom: 45px;margin-left: 0px;padding: 0px\">\n<p style=\"color: #3a3a3a;font-family: Vardana, sans-serif;font-size: 14px;font-weight: normal;margin-bottom: 10px;padding: 0px\">Ar  Levenhuk LabZZ MT2 komplektu j\u016bsu b\u0113rnu gaida interesantu atkl\u0101jumu  j\u016bra! Komplekt\u0101 ir mikroskops ar eksperimentu komplektu un refraktora  teleskops. &Scaron;ie instrumenti ir ar augstas kvalit\u0101tes optiku, uzticamu  dizainu un tie \u0113rti lietojami. Rokasgr\u0101mata ir sarakst\u012bta \u012bpa&scaron;i priek&scaron;  jaun\u0101kiem p\u0113tniekiem, t\u0101 ir sarakst\u012bta lietot\u0101jam draudz\u012bg\u0101 un viegli  las\u0101m\u0101 veid\u0101. Komplekts ir izstr\u0101d\u0101ts priek&scaron; b\u0113rniem no 6 gadu vecuma.  Ar\u012b pusaud\u017ei izbaud\u012bs debesu vai mikro pasaules p\u0113t\u012b&scaron;anu ar Levenhuk  LabZZ MT2.<\/p>\n<p style=\"color: #3a3a3a;font-family: Vardana, sans-serif;font-size: 14px;font-weight: normal;margin-bottom: 10px;padding: 0px\"><strong style=\"margin: 0px;padding: 0px\">Teleskops<\/strong><\/p>\n<p style=\"color: #3a3a3a;font-family: Vardana, sans-serif;font-size: 14px;font-weight: normal;margin-bottom: 10px;padding: 0px\">Levenhuk  LabZZ MT2 teleskops ir refraktors, kas izmanto l\u0113cas, lai sav\u0101ktu un  fokus\u0113tu gaismu. T\u0101 50 mm objekt\u012bva l\u0113ca \u013cauj veikt gan astronomiskus,  gan virszemes nov\u0113rojumus.<\/p>\n<p style=\"color: #3a3a3a;font-family: Vardana, sans-serif;font-size: 14px;font-weight: normal;margin-bottom: 10px;padding: 0px\">Teleskops  n\u0101k kop\u0101 ar diviem okul\u0101riem. H12.5 mm okul\u0101rs (50x) tiek lietots, lai  nov\u0113rotu t\u0101dus astronomiskos objektus, k\u0101 M\u0113ness un Saules sist\u0113mas  plan\u0113tas. 18 mm vertik\u0101lais okul\u0101rs (35x) jums pal\u012bdz ieg\u016bt nov\u0113rojam\u0101  objekta tie&scaron;us (nevis apgrieztus vai spogu\u013catt\u0113la) att\u0113lus- tie&scaron;i t\u0101p\u0113c  to ir \u0113rti lietot virszemes nov\u0113rojumiem. Vertik\u0101lais okul\u0101rs var tikt  izmantots k\u0101 kabatas mikroskops ar 14x palielin\u0101jumu.<\/p>\n<p style=\"color: #3a3a3a;font-family: Vardana, sans-serif;font-size: 14px;font-weight: normal;margin-bottom: 10px;padding: 0px\">Teleskops  ir uzst\u0101d\u012bts uz viegli lietojama alt-azimuta mont\u0113juma, kas \u013cauj  p\u0101rvietot tubusu horizont\u0101li un vertik\u0101li. Kompaktais galda tr\u012bsk\u0101jis  instrumentam nodro&scaron;ina stabilu un dro&scaron;u pamatu.<\/p>\n<p style=\"color: #3a3a3a;font-family: Vardana, sans-serif;font-size: 14px;font-weight: normal;margin-bottom: 10px;padding: 0px\"><strong style=\"margin: 0px;padding: 0px\">Mikroskops<\/strong><\/p>\n<p style=\"color: #3a3a3a;font-family: Vardana, sans-serif;font-size: 14px;font-weight: normal;margin-bottom: 10px;padding: 0px\">Levenhuk  LabZZ MT2 mikroskops ir izstr\u0101d\u0101ts caursp\u012bd\u012bgu paraugu nov\u0113ro&scaron;anai.  Komplekt\u0101 ir iek\u013cauti tr\u012bs okul\u0101ri ar 75x, 300x, un 900x  palielin\u0101jumiem. \u0112rt\u0101, rot\u0113jo&scaron;\u0101 reolvergalvi\u0146a \u013cauj \u0101tri p\u0101rsl\u0113gt  palielin\u0101jumus.<\/p>\n<p style=\"color: #3a3a3a;font-family: Vardana, sans-serif;font-size: 14px;font-weight: normal;margin-bottom: 10px;padding: 0px\">Lai  s\u0101ktu nov\u0113ro&scaron;anu, novietojiet paraugu uz mikroskopa priek&scaron;metgaldi\u0146a,  kas atrodas virs spogu\u013ca. Ja ar spogu\u013ca nodro&scaron;in\u0101to apgaismojumu  nepietiek, lietojiet ieb\u016bv\u0113to gaismas avotu.<\/p>\n<p style=\"color: #3a3a3a;font-family: Vardana, sans-serif;font-size: 14px;font-weight: normal;margin-bottom: 10px;padding: 0px\">Komplekt\u0101  ir iek\u013cauts viss nepiecie&scaron;amais darbam ar mikroskopu, k\u0101 ar\u012b pla&scaron;s  komplekts ar jau gataviem mikroskopa slaidiem un instrumentiem slaidu  sagatavo&scaron;anai.<\/p>\n<p style=\"color: #3a3a3a;font-family: Vardana, sans-serif;font-size: 14px;font-weight: normal;margin-bottom: 10px;padding: 0px\"><strong style=\"margin: 0px;padding: 0px\">Komplekt\u0101 ietilpst:<\/strong><\/p>\n<ul class=\"vikas-list-u\" style=\"color: #3a3a3a;font-family: Vardana, sans-serif;font-size: 14px;font-weight: normal;margin-right: 0px;margin-bottom: 15px;margin-left: 20px;padding: 0px\">\n<li style=\"margin: 0px;padding: 0px\">Teleskops<\/li>\n<li style=\"margin: 0px;padding: 0px\">H12.5 mm okul\u0101rs<\/li>\n<li style=\"margin: 0px;padding: 0px\">18 mm pagrie\u017eamais okul\u0101rs<\/li>\n<li style=\"margin: 0px;padding: 0px\">Diagon\u0101lais spogulis<\/li>\n<li style=\"margin: 0px;padding: 0px\">2x skatu mekl\u0113t\u0101js<\/li>\n<li style=\"margin: 0px;padding: 0px\">Galda tripods<\/li>\n<li style=\"margin: 0px;padding: 0px\">Luminisc\u0113jo&scaron;as astronomijas uzl\u012bmes<\/li>\n<li style=\"margin: 0px;padding: 0px\">Mikroskops<\/li>\n<li style=\"margin: 0px;padding: 0px\">Sagatavoti prepar\u0101ta stikli (3 gb.)<\/li>\n<li style=\"margin: 0px;padding: 0px\">Br\u012bvie priek&scaron;meta stikli (3 gb.)<\/li>\n<li style=\"margin: 0px;padding: 0px\">Nosedzo&scaron;ais stikls (5 gb.)<\/li>\n<li style=\"margin: 0px;padding: 0px\">Slaidu uzl\u012bmes (5 gb.)<\/li>\n<li style=\"margin: 0px;padding: 0px\">Plastmasas pipete<\/li>\n<li style=\"margin: 0px;padding: 0px\">Skalpelis<\/li>\n<li style=\"margin: 0px;padding: 0px\">Pincete<\/li>\n<li style=\"margin: 0px;padding: 0px\">L\u0101psti\u0146a<\/li>\n<li style=\"margin: 0px;padding: 0px\">Retin\u0101&scaron;anas adata<\/li>\n<li style=\"margin: 0px;padding: 0px\">Flakons ar kr\u0101su (2 gb.)<\/li>\n<li style=\"margin: 0px;padding: 0px\">Pudele ar l\u012bmi<\/li>\n<li style=\"margin: 0px;padding: 0px\">Rezerves spuldzes (2 pcs)<\/li>\n<li style=\"margin: 0px;padding: 0px\">Lietot\u0101ja rokasgr\u0101mata un m\u016b\u017ea garantija<\/li>\n<\/ul>\n<\/h4>\n","protected":false},"excerpt":{"rendered":"<p>Ar Levenhuk LabZZ MT2 komplektu j\u016bsu b\u0113rnu gaida interesantu atkl\u0101jumu j\u016bra! Komplekt\u0101 ir mikroskops ar eksperimentu komplektu un refraktora teleskops. &Scaron;ie instrumenti ir ar augstas kvalit\u0101tes optiku, uzticamu dizainu un tie \u0113rti lietojami. Rokasgr\u0101mata ir sarakst\u012bta \u012bpa&scaron;i priek&scaron; jaun\u0101kiem p\u0113tniekiem, t\u0101 ir sarakst\u012bta lietot\u0101jam draudz\u012bg\u0101 un viegli las\u0101m\u0101 veid\u0101. Komplekts ir izstr\u0101d\u0101ts priek&scaron; b\u0113rniem no [&hellip;]<\/p>\n","protected":false},"featured_media":0,"template":"","meta":[],"product_brand":[3372],"product_cat":[4640,4938,4969],"product_tag":[],"class_list":{"0":"post-79460","1":"product","2":"type-product","3":"status-publish","5":"product_brand-levenhuk","6":"product_cat-recreation","7":"product_cat-optics-recreation","8":"product_cat-microscopes-optics-recreation","10":"first","11":"instock","12":"shipping-taxable","13":"purchasable","14":"product-type-simple"},"_links":{"self":[{"href":"https:\/\/sezona.lv\/en\/wp-json\/wp\/v2\/product\/79460","targetHints":{"allow":["GET"]}}],"collection":[{"href":"https:\/\/sezona.lv\/en\/wp-json\/wp\/v2\/product"}],"about":[{"href":"https:\/\/sezona.lv\/en\/wp-json\/wp\/v2\/types\/product"}],"wp:attachment":[{"href":"https:\/\/sezona.lv\/en\/wp-json\/wp\/v2\/media?parent=79460"}],"wp:term":[{"taxonomy":"product_brand","embeddable":true,"href":"https:\/\/sezona.lv\/en\/wp-json\/wp\/v2\/product_brand?post=79460"},{"taxonomy":"product_cat","embeddable":true,"href":"https:\/\/sezona.lv\/en\/wp-json\/wp\/v2\/product_cat?post=79460"},{"taxonomy":"product_tag","embeddable":true,"href":"https:\/\/sezona.lv\/en\/wp-json\/wp\/v2\/product_tag?post=79460"}],"curies":[{"name":"wp","href":"https:\/\/api.w.org\/{rel}","templated":true}]}}