{"id":79461,"date":"2025-07-11T17:02:41","date_gmt":"2025-07-11T14:02:41","guid":{"rendered":"https:\/\/demo8.ecube.lv\/sezona.lv\/products\/bresser-juniors-biotar-300x-1200x-mikroskopu-komplekts\/"},"modified":"2025-07-14T15:40:30","modified_gmt":"2025-07-14T12:40:30","slug":"bresser-juniors-biotar-300x-1200x-mikroskopu-komplekts","status":"publish","type":"product","link":"https:\/\/sezona.lv\/en\/products\/bresser-juniors-biotar-300x-1200x-mikroskopu-komplekts\/","title":{"rendered":"Bresser Juniors Biotar 300x-1200x Mikroskopu komplekts"},"content":{"rendered":"<p style=\"line-height: 1.38;margin-top: 0pt;margin-bottom: 0pt\" dir=\"ltr\"><span style=\"font-size: 11pt;font-family: Arial;color: #000000;background-color: transparent;font-weight: 400;font-style: normal;font-variant: normal;text-decoration: none;vertical-align: baseline\">Jaun\u0101k\u0101s s\u0113rijas produkts dod iesp\u0113ju &#8211; pat jaun\u0101kajiem &#8211; viegli izbaud\u012bt pasauli. Tas ir iemesls, k\u0101p\u0113c s\u0113rij\u0101 ir tikai izgl\u012btojo&scaron;i produkti, kas paredz\u0113ti p\u0113t\u012bjumiem, pieredzei un m\u0101c\u012bb\u0101m. Lai atvieglotu, &scaron;o pieeju b\u0113rniem ir sniegti viegli saprotami virzieni ar detaliz\u0113tiem paskaidrojumiem, un darba izdales materi\u0101liem, kas tika uzrakst\u012bti ar pusaud\u017eu pal\u012bdz\u012bbu, lai garant\u0113tu b\u0113rniem piem\u0113rotu sasniegumu.<\/span><\/p>\n<p style=\"margin-top: 0pt;margin-bottom: 11pt;font-size: 12px;line-height: 1.8;text-align: justify\" dir=\"ltr\"><strong style=\"font-weight: normal\"><br \/><\/strong><\/p>\n<p style=\"line-height: 1.38;margin-top: 0pt;margin-bottom: 0pt\" dir=\"ltr\"><span style=\"font-size: 11pt;font-family: Arial;color: #000000;background-color: transparent;font-weight: 700;font-style: normal;font-variant: normal;text-decoration: none;vertical-align: baseline\">BRESSER JUNIOR Biotar DLX 300x-1200x mikroskops ar korpusu<\/span><\/p>\n<p style=\"margin-top: 0pt;margin-bottom: 11pt;font-size: 12px;line-height: 1.8;text-align: justify\" dir=\"ltr\"><strong style=\"font-weight: normal\"><br \/><\/strong><\/p>\n<p style=\"line-height: 1.38;margin-top: 0pt;margin-bottom: 0pt\" dir=\"ltr\"><span style=\"font-size: 11pt;font-family: Arial;color: #000000;background-color: transparent;font-weight: 400;font-style: normal;font-variant: normal;text-decoration: none;vertical-align: baseline\">BRESSER JUNIOR Biotar 300-1200x mikroskops ar pla&scaron;u piederumu kl\u0101stu, kas jau ir iek\u013cauts, ir ide\u0101la ier\u012bce, kas \u013cauj \u0101tri iek\u013c\u016bt mikrokosmosa pasaul\u0113. Atkl\u0101jiet piln\u012bgi jaunu pasauli!<\/span><\/p>\n<p style=\"margin-top: 0pt;margin-bottom: 11pt;font-size: 12px;line-height: 1.8;text-align: justify\" dir=\"ltr\"><strong style=\"font-weight: normal\"><br \/><\/strong><\/p>\n<p style=\"line-height: 1.38;margin-top: 0pt;margin-bottom: 0pt\" dir=\"ltr\"><span style=\"font-size: 11pt;font-family: Arial;color: #000000;background-color: transparent;font-weight: 400;font-style: normal;font-variant: normal;text-decoration: none;vertical-align: baseline\">Piln\u012bgs mikroskops, kas paredz\u0113ts ies\u0101c\u0113jiem<\/span><\/p>\n<p style=\"margin-top: 0pt;margin-bottom: 11pt;font-size: 12px;line-height: 1.8;text-align: justify\" dir=\"ltr\"><strong style=\"font-weight: normal\"><br \/><\/strong><\/p>\n<p style=\"line-height: 1.38;margin-top: 0pt;margin-bottom: 0pt\" dir=\"ltr\"><span style=\"font-size: 11pt;font-family: Arial;color: #000000;background-color: transparent;font-weight: 400;font-style: normal;font-variant: normal;text-decoration: none;vertical-align: baseline\">Palielin\u0101jums ar iek\u013cautajiem objekt\u012bviem: 300x, 600x, 1200x<\/span><\/p>\n<p style=\"margin-top: 0pt;margin-bottom: 11pt;font-size: 12px;line-height: 1.8;text-align: justify\" dir=\"ltr\"><strong style=\"font-weight: normal\"><br \/><\/strong><\/p>\n<p style=\"line-height: 1.38;margin-top: 0pt;margin-bottom: 0pt\" dir=\"ltr\"><span style=\"font-size: 11pt;font-family: Arial;color: #000000;background-color: transparent;font-weight: 400;font-style: normal;font-variant: normal;text-decoration: none;vertical-align: baseline\">Apgaismojums, ko nodro&scaron;ina akumulators<\/span><\/p>\n<p style=\"margin-top: 0pt;margin-bottom: 11pt;font-size: 12px;line-height: 1.8;text-align: justify\" dir=\"ltr\"><strong style=\"font-weight: normal\"><br \/><\/strong><\/p>\n<p style=\"line-height: 1.38;margin-top: 0pt;margin-bottom: 0pt\" dir=\"ltr\"><span style=\"font-size: 11pt;font-family: Arial;color: #000000;background-color: transparent;font-weight: 400;font-style: normal;font-variant: normal;text-decoration: none;vertical-align: baseline\">Viss, kas jums nepiecie&scaron;ams, lai s\u0101ktu uzreiz, jau ir iek\u013cauts<\/span><\/p>\n<p style=\"margin-top: 0pt;margin-bottom: 11pt;font-size: 12px;line-height: 1.8;text-align: justify\" dir=\"ltr\"><strong style=\"font-weight: normal\"><br \/><\/strong><\/p>\n<p style=\"line-height: 1.38;margin-top: 0pt;margin-bottom: 0pt\" dir=\"ltr\"><span style=\"font-size: 11pt;font-family: Arial;color: #000000;background-color: transparent;font-weight: 700;font-style: normal;font-variant: normal;text-decoration: none;vertical-align: baseline\">Komplekt\u0101 ietilpst:<\/span><\/p>\n<p style=\"margin-top: 0pt;margin-bottom: 11pt;font-size: 12px;line-height: 1.8;text-align: justify\" dir=\"ltr\"><strong style=\"font-weight: normal\"><br \/><\/strong><\/p>\n<ol style=\"margin-top: 0pt;margin-bottom: 0pt\">\n<li style=\"list-style-type: decimal;font-size: 11pt;font-family: Arial;color: #000000;background-color: transparent;font-weight: 400;font-style: normal;font-variant: normal;text-decoration: none;vertical-align: baseline\" dir=\"ltr\">\n<p style=\"line-height: 1.38;margin-top: 0pt;margin-bottom: 0pt\" dir=\"ltr\"><span style=\"font-size: 11pt;font-family: Arial;color: #000000;background-color: transparent;font-weight: 400;font-style: normal;font-variant: normal;text-decoration: none;vertical-align: baseline\">Slaidu kast\u012bte ar 5 sagatavotiem slaidiem, 5 mikroskopa slaidiem, 10 p\u0101rseguma pl\u0101ksn\u0113m<\/span><\/p>\n<\/li>\n<li style=\"list-style-type: decimal;font-size: 11pt;font-family: Arial;color: #000000;background-color: transparent;font-weight: 400;font-style: normal;font-variant: normal;text-decoration: none;vertical-align: baseline\" dir=\"ltr\">\n<p style=\"line-height: 1.38;margin-top: 0pt;margin-bottom: 0pt\" dir=\"ltr\"><span style=\"font-size: 11pt;font-family: Arial;color: #000000;background-color: transparent;font-weight: 400;font-style: normal;font-variant: normal;text-decoration: none;vertical-align: baseline\">Iz&scaron;\u0137\u012bdin\u0101&scaron;anas komplekts (&scaron;\u0137\u0113res, pinceti, pipeti un divas adatas)<\/span><\/p>\n<\/li>\n<li style=\"list-style-type: decimal;font-size: 11pt;font-family: Arial;color: #000000;background-color: transparent;font-weight: 400;font-style: normal;font-variant: normal;text-decoration: none;vertical-align: baseline\" dir=\"ltr\">\n<p style=\"line-height: 1.38;margin-top: 0pt;margin-bottom: 0pt\" dir=\"ltr\"><span style=\"font-size: 11pt;font-family: Arial;color: #000000;background-color: transparent;font-weight: 400;font-style: normal;font-variant: normal;text-decoration: none;vertical-align: baseline\">paraugs (inkubators, garne\u013cu olas, raugs, j\u016bras s\u0101ls un smaganu masa)<\/span><\/p>\n<\/li>\n<li style=\"list-style-type: decimal;font-size: 11pt;font-family: Arial;color: #000000;background-color: transparent;font-weight: 400;font-style: normal;font-variant: normal;text-decoration: none;vertical-align: baseline\" dir=\"ltr\">\n<p style=\"line-height: 1.38;margin-top: 0pt;margin-bottom: 0pt\" dir=\"ltr\"><span style=\"font-size: 11pt;font-family: Arial;color: #000000;background-color: transparent;font-weight: 400;font-style: normal;font-variant: normal;text-decoration: none;vertical-align: baseline\">Korpuss (melns)<\/span><\/p>\n<\/li>\n<li style=\"list-style-type: decimal;font-size: 11pt;font-family: Arial;color: #000000;background-color: transparent;font-weight: 400;font-style: normal;font-variant: normal;text-decoration: none;vertical-align: baseline\" dir=\"ltr\">\n<p style=\"line-height: 1.38;margin-top: 0pt;margin-bottom: 0pt\" dir=\"ltr\"><span style=\"font-size: 11pt;font-family: Arial;color: #000000;background-color: transparent;font-weight: 400;font-style: normal;font-variant: normal;text-decoration: none;vertical-align: baseline\">Rokasgr\u0101mata<\/span><\/p>\n<\/li>\n<\/ol>\n<table class=\"table table-bordered\" border=\"0\">\n<thead>\n<tr>\n<td colspan=\"2\"><strong>Atrib\u016bti<\/strong><\/td>\n<\/tr>\n<\/thead>\n<tbody>\n<tr>\n<td>Apgaismojums<\/td>\n<td>Izstarot\u0101 gaisma<\/td>\n<\/tr>\n<tr>\n<td>Baro&scaron;anas avots<\/td>\n<td>Baterijas<\/td>\n<\/tr>\n<tr>\n<td>Izm\u0113ri<\/td>\n<td>390 x 780 x 120mm 3,4 KG<\/td>\n<\/tr>\n<tr>\n<td>Palielin\u0101jums<\/td>\n<td>1200<\/td>\n<\/tr>\n<\/tbody>\n<\/table>\n<p>&nbsp;<\/p>\n<p><span id=\"docs-internal-guid-5c6422fd-c51f-2b60-e120-0ee4dbfae5ca\"> <\/span><\/p>\n<h4 style=\"line-height: 1.32;margin-top: 8pt;margin-bottom: 8pt\" dir=\"ltr\"><span id=\"docs-internal-guid-72d62c46-ccbe-f08b-ab05-dcda06542d88\"> <\/span><\/h4>\n","protected":false},"excerpt":{"rendered":"<p>Jaun\u0101k\u0101s s\u0113rijas produkts dod iesp\u0113ju &#8211; pat jaun\u0101kajiem &#8211; viegli izbaud\u012bt pasauli. Tas ir iemesls, k\u0101p\u0113c s\u0113rij\u0101 ir tikai izgl\u012btojo&scaron;i produkti, kas paredz\u0113ti p\u0113t\u012bjumiem, pieredzei un m\u0101c\u012bb\u0101m. Lai atvieglotu, &scaron;o pieeju b\u0113rniem ir sniegti viegli saprotami virzieni ar detaliz\u0113tiem paskaidrojumiem, un darba izdales materi\u0101liem, kas tika uzrakst\u012bti ar pusaud\u017eu pal\u012bdz\u012bbu, lai garant\u0113tu b\u0113rniem piem\u0113rotu sasniegumu. [&hellip;]<\/p>\n","protected":false},"featured_media":72435,"template":"","meta":[],"product_brand":[],"product_cat":[4938,4969],"product_tag":[],"class_list":{"0":"post-79461","1":"product","2":"type-product","3":"status-publish","4":"has-post-thumbnail","6":"product_cat-optics-recreation","7":"product_cat-microscopes-optics-recreation","9":"first","10":"instock","11":"shipping-taxable","12":"purchasable","13":"product-type-simple"},"_links":{"self":[{"href":"https:\/\/sezona.lv\/en\/wp-json\/wp\/v2\/product\/79461","targetHints":{"allow":["GET"]}}],"collection":[{"href":"https:\/\/sezona.lv\/en\/wp-json\/wp\/v2\/product"}],"about":[{"href":"https:\/\/sezona.lv\/en\/wp-json\/wp\/v2\/types\/product"}],"wp:featuredmedia":[{"embeddable":true,"href":"https:\/\/sezona.lv\/en\/wp-json\/wp\/v2\/media\/72435"}],"wp:attachment":[{"href":"https:\/\/sezona.lv\/en\/wp-json\/wp\/v2\/media?parent=79461"}],"wp:term":[{"taxonomy":"product_brand","embeddable":true,"href":"https:\/\/sezona.lv\/en\/wp-json\/wp\/v2\/product_brand?post=79461"},{"taxonomy":"product_cat","embeddable":true,"href":"https:\/\/sezona.lv\/en\/wp-json\/wp\/v2\/product_cat?post=79461"},{"taxonomy":"product_tag","embeddable":true,"href":"https:\/\/sezona.lv\/en\/wp-json\/wp\/v2\/product_tag?post=79461"}],"curies":[{"name":"wp","href":"https:\/\/api.w.org\/{rel}","templated":true}]}}