{"id":79462,"date":"2025-07-14T15:40:31","date_gmt":"2025-07-14T12:40:31","guid":{"rendered":"https:\/\/demo8.ecube.lv\/sezona.lv\/products\/bresser-national-geographic-melna-krasa-40x-640x\/"},"modified":"2025-07-14T15:40:31","modified_gmt":"2025-07-14T12:40:31","slug":"bresser-national-geographic-melna-krasa-40x-640x","status":"publish","type":"product","link":"https:\/\/sezona.lv\/en\/products\/bresser-national-geographic-melna-krasa-40x-640x\/","title":{"rendered":"Bresser National Geographic Meln\u0101 Kr\u0101s\u0101 40x -640x"},"content":{"rendered":"<div style=\"line-height: 1\">\n<h4><span style=\"color: #000000;font-family: Arial\">Mikroskops B\u0113rniem ar Eksperiment\u0101lo Komplektu &amp; Adapteri priek&scaron; viedt\u0101lru\u0146a National Geographic Meln\u0101 Kr\u0101s\u0101 40x -640x<span class=\"Apple-tab-span\"> <br \/><\/span>Monokul\u0101rs mikroskops b\u0113rniem ar main\u0101mu palielin\u0101jumu no 40x -640x reiz\u0113m.<span class=\"Apple-tab-span\"> <br \/><\/span>Ar komplekt\u0101 eso&scaron;ajiem objekt\u012bviem palielin\u0101jumu iesp\u0113jams main\u012bt 40x &amp; 400x &amp; 640x re\u017e\u012bmos.<span class=\"Apple-tab-span\"> <br \/><\/span>Ir ar\u012b 4x \/ 10x \/ 40x objekt\u012bvi.<span class=\"Apple-tab-span\"> <br \/><\/span>Mikroskops darbojas uz 2 AA baterij\u0101m un komplekt\u0101 ietilpst pla&scaron;s piederumu komplekts un telefona stat\u012bvs.<span class=\"Apple-tab-span\"> <br \/><\/span><span class=\"Apple-tab-span\"> <br \/><\/span><span class=\"Apple-tab-span\"> <br \/><\/span>Optikas Specifik\u0101cija:<\/span><\/h4>\n<h4 style=\"line-height: 1\"><span class=\"Apple-tab-span\" style=\"color: #000000;font-family: Arial\"> <br \/><\/span><\/h4>\n<h4 style=\"line-height: 1\"><span style=\"color: #000000;font-family: Arial\">Palielin\u0101jums: 40x-640x<\/span><\/h4>\n<h4 style=\"line-height: 1\"><span style=\"color: #000000;font-family: Arial\">Okul\u0101ri: 4<span class=\"Apple-tab-span\"> <\/span><\/span><\/h4>\n<h4 style=\"line-height: 1\"><span style=\"color: #000000;font-family: Arial\">Lampas tips LED<span class=\"Apple-tab-span\"> <\/span>&nbsp; &nbsp;&nbsp;<span class=\"Apple-tab-span\"> <\/span><\/span><\/h4>\n<h4 style=\"line-height: 1\"><span style=\"color: #000000;font-family: Arial\">Baro&scaron;anas veids: Baterija<span class=\"Apple-tab-span\"> <\/span><\/span><\/h4>\n<h4 style=\"line-height: 1\"><span style=\"color: #000000;font-family: Arial\">Fokus\u0113&scaron;anas sist\u0113ma: manu\u0101la<span class=\"Apple-tab-span\"> <\/span><\/span><\/h4>\n<h4 style=\"line-height: 1\"><span style=\"color: #000000;font-family: Arial\"><span class=\"Apple-tab-span\"><br \/><\/span><\/span><\/h4>\n<\/div>\n<p><span id=\"docs-internal-guid-5c6422fd-c51f-2b60-e120-0ee4dbfae5ca\"> <\/span><\/p>\n<h4 style=\"line-height: 1.32;margin-top: 8pt;margin-bottom: 8pt\" dir=\"ltr\"><span id=\"docs-internal-guid-72d62c46-ccbe-f08b-ab05-dcda06542d88\"> <\/span><\/h4>\n","protected":false},"excerpt":{"rendered":"<p>Mikroskops B\u0113rniem ar Eksperiment\u0101lo Komplektu &amp; Adapteri priek&scaron; viedt\u0101lru\u0146a National Geographic Meln\u0101 Kr\u0101s\u0101 40x -640x Monokul\u0101rs mikroskops b\u0113rniem ar main\u0101mu palielin\u0101jumu no 40x -640x reiz\u0113m. Ar komplekt\u0101 eso&scaron;ajiem objekt\u012bviem palielin\u0101jumu iesp\u0113jams main\u012bt 40x &amp; 400x &amp; 640x re\u017e\u012bmos. Ir ar\u012b 4x \/ 10x \/ 40x objekt\u012bvi. Mikroskops darbojas uz 2 AA baterij\u0101m un komplekt\u0101 ietilpst [&hellip;]<\/p>\n","protected":false},"featured_media":0,"template":"","meta":[],"product_brand":[],"product_cat":[4640,4938,4969],"product_tag":[],"class_list":{"0":"post-79462","1":"product","2":"type-product","3":"status-publish","5":"product_cat-recreation","6":"product_cat-optics-recreation","7":"product_cat-microscopes-optics-recreation","9":"first","10":"instock","11":"shipping-taxable","12":"product-type-simple"},"_links":{"self":[{"href":"https:\/\/sezona.lv\/en\/wp-json\/wp\/v2\/product\/79462","targetHints":{"allow":["GET"]}}],"collection":[{"href":"https:\/\/sezona.lv\/en\/wp-json\/wp\/v2\/product"}],"about":[{"href":"https:\/\/sezona.lv\/en\/wp-json\/wp\/v2\/types\/product"}],"wp:attachment":[{"href":"https:\/\/sezona.lv\/en\/wp-json\/wp\/v2\/media?parent=79462"}],"wp:term":[{"taxonomy":"product_brand","embeddable":true,"href":"https:\/\/sezona.lv\/en\/wp-json\/wp\/v2\/product_brand?post=79462"},{"taxonomy":"product_cat","embeddable":true,"href":"https:\/\/sezona.lv\/en\/wp-json\/wp\/v2\/product_cat?post=79462"},{"taxonomy":"product_tag","embeddable":true,"href":"https:\/\/sezona.lv\/en\/wp-json\/wp\/v2\/product_tag?post=79462"}],"curies":[{"name":"wp","href":"https:\/\/api.w.org\/{rel}","templated":true}]}}