{"id":79463,"date":"2025-07-14T15:40:32","date_gmt":"2025-07-14T12:40:32","guid":{"rendered":"https:\/\/demo8.ecube.lv\/sezona.lv\/products\/levenhuk-1st-plus-binokularais-mikroskops\/"},"modified":"2025-07-14T15:40:32","modified_gmt":"2025-07-14T12:40:32","slug":"levenhuk-1st-plus-binokularais-mikroskops","status":"publish","type":"product","link":"https:\/\/sezona.lv\/en\/products\/levenhuk-1st-plus-binokularais-mikroskops\/","title":{"rendered":"Levenhuk 1ST PLUS Binokul\u0101rais Mikroskops"},"content":{"rendered":"<p style=\"line-height: 1.38;margin-top: 0pt;margin-bottom: 0pt\" dir=\"ltr\"><span style=\"font-size: 11pt;font-family: Arial;color: #000000;background-color: transparent;font-weight: 400;font-style: normal;font-variant: normal;text-decoration: none;vertical-align: baseline\">Levenhuk 1ST stereo mikroskop\u0101 ir binokul\u0101ra galva, kas \u013cauj str\u0101d\u0101t ar miner\u0101liem, d\u0101rgakme\u0146iem, mon\u0113t\u0101m un citiem lieliem priek&scaron;metiem. Mikroskopa sam\u0113r\u0101 lielais darba att\u0101lums 65 mm \u013cauj risin\u0101t da\u017e\u0101dus uzdevumus ar da\u017e\u0101du sare\u017e\u0123\u012bt\u012bbu pak\u0101pi. Mikroskops b\u016bs noder\u012bgs visiem dabas m\u012b\u013cot\u0101jiem, arheologiem, biologiem, kolekcion\u0101riem un in\u017eenieriem.<\/span><\/p>\n<p style=\"margin-bottom: 10px;padding: 0px;color: #3a3a3a;font-family: Vardana, sans-serif;font-size: 14px\"><strong id=\"docs-internal-guid-e7ef5c9d-ccef-6ebb-a454-c670216a5467\" style=\"font-weight: normal\"><br \/><\/strong><\/p>\n<p style=\"line-height: 1.38;margin-top: 0pt;margin-bottom: 0pt\" dir=\"ltr\"><span style=\"font-size: 11pt;font-family: Arial;color: #000000;background-color: transparent;font-weight: 400;font-style: normal;font-variant: normal;text-decoration: none;vertical-align: baseline\">Optika rada 20x palielin\u0101jumu un vienm\u0113r rada asus un kontrastu att\u0113lus vis\u0101 skat\u0101. J\u016bs var\u0113siet nov\u0113rot nov\u0113roto objektu strukt\u016bru, atkl\u0101t un p\u0101rbaud\u012bt to virsmu defektus un veikt augstas precizit\u0101tes oper\u0101cijas ar biolo\u0123iskiem paraugiem. Virs stadijas ir aug&scaron;\u0113jais LED apgaismojums, kas nodro&scaron;ina pietiekami spilgtumu, lai str\u0101d\u0101tu nakt\u012b piln\u012bg\u0101 tums\u0101. Apgaismojumam ir divas AA baterijas <\/span><span style=\"font-size: 11pt;font-family: Arial;color: #000000;background-color: transparent;font-weight: 700;font-style: normal;font-variant: normal;text-decoration: none;vertical-align: baseline\">(nav iek\u013cautas)<\/span><span style=\"font-size: 11pt;font-family: Arial;color: #000000;background-color: transparent;font-weight: 400;font-style: normal;font-variant: normal;text-decoration: none;vertical-align: baseline\">.<\/span><\/p>\n<p style=\"margin-bottom: 10px;padding: 0px;color: #3a3a3a;font-family: Vardana, sans-serif;font-size: 14px\"><strong style=\"font-weight: normal\"><br \/><\/strong><\/p>\n<p style=\"line-height: 1.38;margin-top: 0pt;margin-bottom: 0pt\" dir=\"ltr\"><span style=\"font-size: 11pt;font-family: Arial;color: #000000;background-color: transparent;font-weight: 400;font-style: normal;font-variant: normal;text-decoration: none;vertical-align: baseline\">Mikroskopa stadij\u0101, j\u016bs varat noteikt p\u0113t\u012btos paraugus ar speci\u0101liem met\u0101la klipiem. Lai prec\u012bzi noteiktu asumu, izmantojiet rupju fokus\u0113&scaron;anu. Lai labotu optiku, izmantojiet dioptriju regul\u0113&scaron;anas meh\u0101nismu.<\/span><\/p>\n<p style=\"margin-bottom: 10px;padding: 0px;color: #3a3a3a;font-family: Vardana, sans-serif;font-size: 14px\"><strong style=\"font-weight: normal\"><br \/><\/strong><\/p>\n<p style=\"line-height: 1.38;margin-top: 0pt;margin-bottom: 0pt\" dir=\"ltr\"><span style=\"font-size: 11pt;font-family: Arial;color: #000000;background-color: transparent;font-weight: 700;font-style: normal;font-variant: normal;text-decoration: none;vertical-align: baseline\">Iesp\u0113jas:<\/span><\/p>\n<p style=\"margin-bottom: 10px;padding: 0px;color: #3a3a3a;font-family: Vardana, sans-serif;font-size: 14px\"><strong style=\"font-weight: normal\"><br \/><\/strong><\/p>\n<p style=\"line-height: 1.38;margin-top: 0pt;margin-bottom: 0pt\" dir=\"ltr\"><span style=\"font-size: 11pt;font-family: Arial;color: #000000;background-color: transparent;font-weight: 400;font-style: normal;font-variant: normal;text-decoration: none;vertical-align: baseline\">Stereo mikroskops<\/span><\/p>\n<p style=\"line-height: 1.38;margin-top: 0pt;margin-bottom: 0pt\" dir=\"ltr\"><span style=\"font-size: 11pt;font-family: Arial;color: #000000;background-color: transparent;font-weight: 400;font-style: normal;font-variant: normal;text-decoration: none;vertical-align: baseline\">Liels darba att\u0101lums<\/span><\/p>\n<p style=\"line-height: 1.38;margin-top: 0pt;margin-bottom: 0pt\" dir=\"ltr\"><span style=\"font-size: 11pt;font-family: Arial;color: #000000;background-color: transparent;font-weight: 400;font-style: normal;font-variant: normal;text-decoration: none;vertical-align: baseline\">\u0112rta binokul\u0101ro galvu<\/span><\/p>\n<p style=\"line-height: 1.38;margin-top: 0pt;margin-bottom: 0pt\" dir=\"ltr\"><span style=\"font-size: 11pt;font-family: Arial;color: #000000;background-color: transparent;font-weight: 400;font-style: normal;font-variant: normal;text-decoration: none;vertical-align: baseline\">LED apgaismojums<\/span><\/p>\n<p style=\"line-height: 1.38;margin-top: 0pt;margin-bottom: 0pt\" dir=\"ltr\"><span style=\"font-size: 11pt;font-family: Arial;color: #000000;background-color: transparent;font-weight: 400;font-style: normal;font-variant: normal;text-decoration: none;vertical-align: baseline\">Ar akumulatoru darbin\u0101ms<\/span><\/p>\n<p style=\"line-height: 1.38;margin-top: 0pt;margin-bottom: 0pt\" dir=\"ltr\"><span style=\"font-size: 11pt;font-family: Arial;color: #000000;background-color: transparent;font-weight: 400;font-style: normal;font-variant: normal;text-decoration: none;vertical-align: baseline\">Uzglab\u0101&scaron;anas komplekts ir iek\u013cauts<\/span><\/p>\n<p style=\"margin-bottom: 10px;padding: 0px;color: #3a3a3a;font-family: Vardana, sans-serif;font-size: 14px\"><strong style=\"font-weight: normal\"><br \/><\/strong><\/p>\n<p style=\"line-height: 1.38;margin-top: 0pt;margin-bottom: 0pt\" dir=\"ltr\"><span style=\"font-size: 11pt;font-family: Arial;color: #000000;background-color: transparent;font-weight: 700;font-style: normal;font-variant: normal;text-decoration: none;vertical-align: baseline\">Komplekt\u0101 ietilpst:<\/span><\/p>\n<p style=\"margin-bottom: 10px;padding: 0px;color: #3a3a3a;font-family: Vardana, sans-serif;font-size: 14px\">&nbsp;<\/p>\n<ol style=\"margin-top: 0pt;margin-bottom: 0pt\">\n<li style=\"list-style-type: decimal;font-size: 11pt;font-family: Arial;color: #000000;background-color: transparent;font-weight: 400;font-style: normal;font-variant: normal;text-decoration: none;vertical-align: baseline\" dir=\"ltr\">\n<p style=\"line-height: 1.38;margin-top: 0pt;margin-bottom: 0pt\" dir=\"ltr\"><span style=\"font-size: 11pt;font-family: Arial;color: #000000;background-color: transparent;font-weight: 400;font-style: normal;font-variant: normal;text-decoration: none;vertical-align: baseline\">Levenhuk 1ST mikroskops<\/span><\/p>\n<\/li>\n<li style=\"list-style-type: decimal;font-size: 11pt;font-family: Arial;color: #000000;background-color: transparent;font-weight: 400;font-style: normal;font-variant: normal;text-decoration: none;vertical-align: baseline\" dir=\"ltr\">\n<p style=\"line-height: 1.38;margin-top: 0pt;margin-bottom: 0pt\" dir=\"ltr\"><span style=\"font-size: 11pt;font-family: Arial;color: #000000;background-color: transparent;font-weight: 400;font-style: normal;font-variant: normal;text-decoration: none;vertical-align: baseline\">Binokul\u0101r\u0101 galva<\/span><\/p>\n<\/li>\n<li style=\"list-style-type: decimal;font-size: 11pt;font-family: Arial;color: #000000;background-color: transparent;font-weight: 400;font-style: normal;font-variant: normal;text-decoration: none;vertical-align: baseline\" dir=\"ltr\">\n<p style=\"line-height: 1.38;margin-top: 0pt;margin-bottom: 0pt\" dir=\"ltr\"><span style=\"font-size: 11pt;font-family: Arial;color: #000000;background-color: transparent;font-weight: 400;font-style: normal;font-variant: normal;text-decoration: none;vertical-align: baseline\">WF10x okul\u0101rs &#8211; 2 gab<\/span><\/p>\n<\/li>\n<li style=\"list-style-type: decimal;font-size: 11pt;font-family: Arial;color: #000000;background-color: transparent;font-weight: 400;font-style: normal;font-variant: normal;text-decoration: none;vertical-align: baseline\" dir=\"ltr\">\n<p style=\"line-height: 1.38;margin-top: 0pt;margin-bottom: 0pt\" dir=\"ltr\"><span style=\"font-size: 11pt;font-family: Arial;color: #000000;background-color: transparent;font-weight: 400;font-style: normal;font-variant: normal;text-decoration: none;vertical-align: baseline\">2x objekt\u012bvs<\/span><\/p>\n<\/li>\n<li style=\"list-style-type: decimal;font-size: 11pt;font-family: Arial;color: #000000;background-color: transparent;font-weight: 400;font-style: normal;font-variant: normal;text-decoration: none;vertical-align: baseline\" dir=\"ltr\">\n<p style=\"line-height: 1.38;margin-top: 0pt;margin-bottom: 0pt\" dir=\"ltr\"><span style=\"font-size: 11pt;font-family: Arial;color: #000000;background-color: transparent;font-weight: 400;font-style: normal;font-variant: normal;text-decoration: none;vertical-align: baseline\">maisi\u0146&scaron;<\/span><\/p>\n<\/li>\n<li style=\"list-style-type: decimal;font-size: 11pt;font-family: Arial;color: #000000;background-color: transparent;font-weight: 400;font-style: normal;font-variant: normal;text-decoration: none;vertical-align: baseline\" dir=\"ltr\">\n<p style=\"line-height: 1.38;margin-top: 0pt;margin-bottom: 0pt\" dir=\"ltr\"><span style=\"font-size: 11pt;font-family: Arial;color: #000000;background-color: transparent;font-weight: 400;font-style: normal;font-variant: normal;text-decoration: none;vertical-align: baseline\">Balta pak\u0101piena pl\u0101ksne<\/span><\/p>\n<\/li>\n<li style=\"list-style-type: decimal;font-size: 11pt;font-family: Arial;color: #000000;background-color: transparent;font-weight: 400;font-style: normal;font-variant: normal;text-decoration: none;vertical-align: baseline\" dir=\"ltr\">\n<p style=\"line-height: 1.38;margin-top: 0pt;margin-bottom: 0pt\" dir=\"ltr\"><span style=\"font-size: 11pt;font-family: Arial;color: #000000;background-color: transparent;font-weight: 400;font-style: normal;font-variant: normal;text-decoration: none;vertical-align: baseline\">Lieto&scaron;anas instrukcija un m\u016b\u017ea garantija<\/span><\/p>\n<\/li>\n<\/ol>\n<div>\n<table class=\"table table-bordered\" border=\"0\">\n<thead>\n<tr>\n<td colspan=\"2\"><strong>Atrib\u016bti<\/strong><\/td>\n<\/tr>\n<\/thead>\n<tbody>\n<tr>\n<td>Apgaismojums<\/td>\n<td>LED<\/td>\n<\/tr>\n<tr>\n<td>Baro&scaron;anas avots<\/td>\n<td>2 AA batteries (not included)<\/td>\n<\/tr>\n<tr>\n<td>Darba att\u0101lums<\/td>\n<td>65mm<\/td>\n<\/tr>\n<tr>\n<td>Darba temperat\u016bras diapazons<\/td>\n<td>-5&#8230; 40 &deg;C<\/td>\n<\/tr>\n<tr>\n<td>Dioptriju regul\u0113&scaron;ana okul\u0101ros, dioptri<\/td>\n<td>+<\/td>\n<\/tr>\n<tr>\n<td>Fokuss<\/td>\n<td>coarse, 35 mm<\/td>\n<\/tr>\n<tr>\n<td>Galva<\/td>\n<td>Binoklis<\/td>\n<\/tr>\n<tr>\n<td>Materi\u0101ls<\/td>\n<td>plastmasas<\/td>\n<\/tr>\n<tr>\n<td>Objekt\u012bvi<\/td>\n<td>2\u0445<\/td>\n<\/tr>\n<tr>\n<td>Okul\u0101r\u0101s caurules diametrs, mm<\/td>\n<td>23.2<\/td>\n<\/tr>\n<tr>\n<td>Okul\u0101ri<\/td>\n<td>WF10x (2 pieces)<\/td>\n<\/tr>\n<tr>\n<td>Optikas materi\u0101ls<\/td>\n<td>Optiskais stikls<\/td>\n<\/tr>\n<tr>\n<td>Palielin\u0101jums<\/td>\n<td>20<\/td>\n<\/tr>\n<tr>\n<td>Pielietojums<\/td>\n<td>Visp\u0101r\u012bgi izmantojams produkts. Var lietot b\u0113rni vec\u0101ki par 3 gadiem.<\/td>\n<\/tr>\n<tr>\n<td>Priek&scaron;met-plaukti\u0146&scaron;<\/td>\n<td>50mm in diameter, with clips, white stage plate<\/td>\n<\/tr>\n<tr>\n<td>Starppilnais att\u0101lums, mm<\/td>\n<td>55&ndash;75<\/td>\n<\/tr>\n<\/tbody>\n<\/table>\n<\/div>\n<p><span style=\"color: #3a3a3a;font-family: Vardana, sans-serif;font-size: 14px\"><br \/><\/span><\/p>\n","protected":false},"excerpt":{"rendered":"<p>Levenhuk 1ST stereo mikroskop\u0101 ir binokul\u0101ra galva, kas \u013cauj str\u0101d\u0101t ar miner\u0101liem, d\u0101rgakme\u0146iem, mon\u0113t\u0101m un citiem lieliem priek&scaron;metiem. Mikroskopa sam\u0113r\u0101 lielais darba att\u0101lums 65 mm \u013cauj risin\u0101t da\u017e\u0101dus uzdevumus ar da\u017e\u0101du sare\u017e\u0123\u012bt\u012bbu pak\u0101pi. Mikroskops b\u016bs noder\u012bgs visiem dabas m\u012b\u013cot\u0101jiem, arheologiem, biologiem, kolekcion\u0101riem un in\u017eenieriem. Optika rada 20x palielin\u0101jumu un vienm\u0113r rada asus un kontrastu att\u0113lus [&hellip;]<\/p>\n","protected":false},"featured_media":0,"template":"","meta":[],"product_brand":[3372],"product_cat":[4640,4938,4969],"product_tag":[],"class_list":{"0":"post-79463","1":"product","2":"type-product","3":"status-publish","5":"product_brand-levenhuk","6":"product_cat-recreation","7":"product_cat-optics-recreation","8":"product_cat-microscopes-optics-recreation","10":"first","11":"instock","12":"shipping-taxable","13":"product-type-simple"},"_links":{"self":[{"href":"https:\/\/sezona.lv\/en\/wp-json\/wp\/v2\/product\/79463","targetHints":{"allow":["GET"]}}],"collection":[{"href":"https:\/\/sezona.lv\/en\/wp-json\/wp\/v2\/product"}],"about":[{"href":"https:\/\/sezona.lv\/en\/wp-json\/wp\/v2\/types\/product"}],"wp:attachment":[{"href":"https:\/\/sezona.lv\/en\/wp-json\/wp\/v2\/media?parent=79463"}],"wp:term":[{"taxonomy":"product_brand","embeddable":true,"href":"https:\/\/sezona.lv\/en\/wp-json\/wp\/v2\/product_brand?post=79463"},{"taxonomy":"product_cat","embeddable":true,"href":"https:\/\/sezona.lv\/en\/wp-json\/wp\/v2\/product_cat?post=79463"},{"taxonomy":"product_tag","embeddable":true,"href":"https:\/\/sezona.lv\/en\/wp-json\/wp\/v2\/product_tag?post=79463"}],"curies":[{"name":"wp","href":"https:\/\/api.w.org\/{rel}","templated":true}]}}