{"id":79468,"date":"2025-07-14T15:40:37","date_gmt":"2025-07-14T12:40:37","guid":{"rendered":"https:\/\/demo8.ecube.lv\/sezona.lv\/products\/levenhuk-3s-ng-200x-ahromatiskais-mikroskops\/"},"modified":"2025-07-14T15:40:37","modified_gmt":"2025-07-14T12:40:37","slug":"levenhuk-3s-ng-200x-ahromatiskais-mikroskops","status":"publish","type":"product","link":"https:\/\/sezona.lv\/en\/products\/levenhuk-3s-ng-200x-ahromatiskais-mikroskops\/","title":{"rendered":"Levenhuk 3S NG 200x Ahromatiskais Mikroskops"},"content":{"rendered":"<p style=\"margin-right: 5px;margin-bottom: 10px;padding: 0px;color: #3a3a3a;font-family: Vardana, sans-serif;font-size: 14px;line-height: normal\">Ar  Levenhuk 3S NG, J\u016bs varat s\u0101kt savus piedz\u012bvojumus zin\u0101tnes pasaul\u0113,  l\u012bdz ko J\u016bs iz\u0146emsiet mikroskopu no iepakojuma kop\u0101 ar iek\u013cauto  eksperiment\u0101lo komplektu. &Scaron;is modelis sniedz iesp\u0113ju rad\u012bt gai&scaron;u lauku,  v\u0113rojot caursp\u012bd\u012bgus paraugus. &Scaron;is mikroskops ar palielin\u0101jumu 200x ir  fantastiska iesp\u0113ja b\u0113rniem, studentiem un amatieriem ieskat\u012bties  burv\u012bgaj\u0101 un nosl\u0113pumainaj\u0101 mikrokosma pasaul\u0113.<\/p>\n<p style=\"margin-right: 5px;margin-bottom: 10px;padding: 0px;color: #3a3a3a;font-family: Vardana, sans-serif;font-size: 14px;line-height: normal\">40-mm  plakani liektais spogulis Levenhuk 3S NG model\u012b sniedz pietiekami daudz  gaismas J\u016bsu v\u0113rojumiem, tas noz\u012bm\u0113, ka J\u016bs varat lietot mikroskopu,  neiesl\u0113dzot to ener\u0123ijas avot\u0101. Tas ir viegl\u0101kais un dro&scaron;\u0101kais  apgaismojuma veids, tas noz\u012bm\u0113, ka mikroskopu dro&scaron;i var lietot ar\u012b  b\u0113rni. Diska diafragma sniedz iesp\u0113ju kontrol\u0113t gaismas daudzumu, kas ir  nepiecie&scaron;ams apskatei.<\/p>\n<p style=\"margin-right: 5px;margin-bottom: 10px;padding: 0px;color: #3a3a3a;font-family: Vardana, sans-serif;font-size: 14px;line-height: normal\">&Scaron;im  monokul\u0101rajam mikroskopam ir vienk\u0101r&scaron;as 16x bezkr\u0101sas objekt\u012bva l\u0113cas,  kas sniedz skaidru skatu bez kr\u0101su un sf\u0113riskajiem izkrop\u013cojumiem. &Scaron;\u012b  mode\u013ca galva ir izvietota tie&scaron;i virs galdi\u0146a, bet \u0113rtai apskatei J\u016bs  varat noliekt gan mikroskopa galvu, gan galdi\u0146u vajadz\u012bgaj\u0101 le\u0146\u0137\u012b,  izmantojot mikroskopa rokturi.<\/p>\n<p style=\"margin-right: 5px;margin-bottom: 10px;padding: 0px;color: #3a3a3a;font-family: Vardana, sans-serif;font-size: 14px;line-height: normal\">100&#215;90-mm  galdi\u0146&scaron; ir lielisks viena vai divu paraugu apskatei. Lai sagatavotu  paraugu, vispirms novieto paraugu uz balt\u0101s puses, tad bez steigas  novietojiet uz parauga nosedzo&scaron;o stiklu. P\u0113c tam sl\u012bdo&scaron;\u0101 plakne tiek  novietota uz galdi\u0146a un piestiprin\u0101ta galdi\u0146am ar saspraudi. Izmantojiet  rupj\u0101s fokus\u0113&scaron;anas rokturi, lai iestat\u012btu J\u016bsu skat\u012bjuma fokusu,  pagrie\u017eot mikroskopa \u0137erme\u0146a cauruli uz aug&scaron;u un uz leju (pie 20-mm  interv\u0101liem).<\/p>\n<p style=\"margin-right: 5px;margin-bottom: 10px;padding: 0px;color: #3a3a3a;font-family: Vardana, sans-serif;font-size: 14px;line-height: normal\">Pateicoties met\u0101la konstrukcijai mikroskops ir iztur\u012bgs un stabils.<\/p>\n<p style=\"margin-right: 5px;margin-bottom: 10px;padding: 0px;color: #3a3a3a;font-family: Vardana, sans-serif;font-size: 14px;line-height: normal\">&#8220;Pievilc\u012bgs  mikroskops mikrokosma izp\u0113tei. Lietot\u0101ja rokasgr\u0101mata, kas ir iek\u013cauta  komplekt\u0101, ievad\u012bs J\u016bs daudzu biologisko eksperimentu pasaul\u0113, kurus J\u016bs  varat veikt m\u0101j\u0101s. J\u016bs var\u0113siet lietot paraugus, kuri jau ir pieg\u0101d\u0101ti  kop\u0101 ar Levenhuk 3S NG mikroskopu; un da\u017eu min\u016b&scaron;u laik\u0101 J\u016bs jau p\u0113t\u012bsiet  nezin\u0101mo. J\u016bs m\u0101c\u012bsities sagatavot paraugus, veikt eksperimentus,  analiz\u0113t rezult\u0101tus un protams J\u016bs daudz iem\u0101c\u012bsieties par pasauli, kas  ir ap Jums.<\/p>\n<p style=\"margin-right: 5px;margin-bottom: 10px;padding: 0px;color: #3a3a3a;font-family: Vardana, sans-serif;font-size: 14px;line-height: normal\"><strong style=\"margin: 0px;padding: 0px\">Komplekt\u0101 ietilpst:<\/strong><\/p>\n<ul class=\"vikas-list-u\" style=\"margin-right: 0px;margin-bottom: 15px;margin-left: 20px;padding: 0px;color: #3a3a3a;font-family: Vardana, sans-serif;font-size: 14px;line-height: normal\">\n<li style=\"margin: 0px;padding: 0px\">Mikroskops ar monokul\u0101ro galvu<\/li>\n<li style=\"margin: 0px;padding: 0px\">16x ahromatisk\u0101s objekt\u012bva l\u0113cas<\/li>\n<li style=\"margin: 0px;padding: 0px\">H12.5x okul\u0101rs<\/li>\n<li style=\"margin: 0px;padding: 0px\">Kondensers<\/li>\n<li style=\"margin: 0px;padding: 0px\">Galdi\u0146&scaron; ar nov\u0113rojuma materi\u0101la stiprin\u0101jumiem<\/li>\n<li style=\"margin: 0px;padding: 0px\">Plakani ieliektais apgaismojuma spogulis<\/li>\n<li style=\"margin: 0px;padding: 0px\"><span style=\"font-weight: bold\">Levenhuk K50 Eksperiment\u0101lais komplekts<\/span><\/li>\n<li style=\"margin: 0px;padding: 0px\">Lietot\u0101ja rokasgr\u0101mata un m\u016b\u017ea garantija<\/li>\n<\/ul>\n<p style=\"margin-right: 5px;margin-bottom: 10px;padding: 0px;color: #3a3a3a;font-family: Vardana, sans-serif;font-size: 14px;line-height: normal\"><strong style=\"margin: 0px;padding: 0px\">Levenhuk K50 Eksperiment\u0101lais komplekts:<\/strong><\/p>\n<ul class=\"vikas-list-u\" style=\"margin-right: 0px;margin-bottom: 15px;margin-left: 20px;padding: 0px;color: #3a3a3a;font-family: Vardana, sans-serif;font-size: 14px;line-height: normal\">\n<li style=\"margin: 0px;padding: 0px\">Lietot\u0101ja ce\u013cvedis<\/li>\n<li style=\"margin: 0px;padding: 0px\">Pincete<\/li>\n<li style=\"margin: 0px;padding: 0px\">Art\u0113mijas inkubators (s\u0101ls\u016bdens garneles vai j\u016bras p\u0113rti\u0137is)<\/li>\n<li style=\"margin: 0px;padding: 0px\">Kolba ar s\u0101ls\u016bdens garnel\u0113m<\/li>\n<li style=\"margin: 0px;padding: 0px\">Mikrotoms  &ndash; instruments, ar kura pal\u012bdz\u012bbu J\u016bs var\u0113siet nodal\u012bt \u013coti pl\u0101nu  (milimetra da\u013c\u0101s) parauga sl\u0101ni, kas ir nepiecie&scaron;ams izp\u0113tei zem  mikroskopa<\/li>\n<li style=\"margin: 0px;padding: 0px\">Kolba ar raugu<\/li>\n<li style=\"margin: 0px;padding: 0px\">Kolba ar j\u016bras s\u0101li<\/li>\n<li style=\"margin: 0px;padding: 0px\">Kolba ar darvu<\/li>\n<li style=\"margin: 0px;padding: 0px\">Tuk&scaron;i stikla diapozit\u012bvi (5 gabali)<\/li>\n<li style=\"margin: 0px;padding: 0px\">5 paraugi: mu&scaron;as \u0137erme\u0146a da\u013ca, s\u012bpols, kokvilnas k\u0101ts, koka stumbra sl\u0101nis, ananass<\/li>\n<\/ul>\n<table class=\"table table-bordered\" border=\"0\">\n<thead>\n<tr>\n<td colspan=\"2\"><strong>Atrib\u016bti<\/strong><\/td>\n<\/tr>\n<\/thead>\n<tbody>\n<tr>\n<td>Apgaismojums<\/td>\n<td>40 mm plakani liektais spogulis<\/td>\n<\/tr>\n<tr>\n<td>Fokusa attiec\u012bba<\/td>\n<td>rupjais, 20 mm<\/td>\n<\/tr>\n<tr>\n<td>Galva<\/td>\n<td>monokul\u0101rs<\/td>\n<\/tr>\n<tr>\n<td>Garantija<\/td>\n<td>m\u016b\u017ea garantija<\/td>\n<\/tr>\n<tr>\n<td>Kondensers<\/td>\n<td>diska diafragma<\/td>\n<\/tr>\n<tr>\n<td>Objekt\u012bvi<\/td>\n<td>16x bezkr\u0101sains<\/td>\n<\/tr>\n<tr>\n<td>Okul\u0101ri<\/td>\n<td>H12.5x<\/td>\n<\/tr>\n<tr>\n<td>Optikas materi\u0101ls<\/td>\n<td>stikls<\/td>\n<\/tr>\n<tr>\n<td>Palielin\u0101jums<\/td>\n<td>200 x<\/td>\n<\/tr>\n<tr>\n<td>Priek&scaron;met-plaukti\u0146&scaron;<\/td>\n<td>100&#215;90, ar priek&scaron;meta galdi\u0146a stiprin\u0101jumiem, mm<\/td>\n<\/tr>\n<tr>\n<td>Ra\u017eot\u0101ja valsts<\/td>\n<td>PRC, vada Levenhuk, Inc. (ASV)<\/td>\n<\/tr>\n<\/tbody>\n<\/table>\n","protected":false},"excerpt":{"rendered":"<p>Ar Levenhuk 3S NG, J\u016bs varat s\u0101kt savus piedz\u012bvojumus zin\u0101tnes pasaul\u0113, l\u012bdz ko J\u016bs iz\u0146emsiet mikroskopu no iepakojuma kop\u0101 ar iek\u013cauto eksperiment\u0101lo komplektu. &Scaron;is modelis sniedz iesp\u0113ju rad\u012bt gai&scaron;u lauku, v\u0113rojot caursp\u012bd\u012bgus paraugus. &Scaron;is mikroskops ar palielin\u0101jumu 200x ir fantastiska iesp\u0113ja b\u0113rniem, studentiem un amatieriem ieskat\u012bties burv\u012bgaj\u0101 un nosl\u0113pumainaj\u0101 mikrokosma pasaul\u0113. 40-mm plakani liektais spogulis [&hellip;]<\/p>\n","protected":false},"featured_media":0,"template":"","meta":[],"product_brand":[3372],"product_cat":[4640,4938,4969],"product_tag":[],"class_list":{"0":"post-79468","1":"product","2":"type-product","3":"status-publish","5":"product_brand-levenhuk","6":"product_cat-recreation","7":"product_cat-optics-recreation","8":"product_cat-microscopes-optics-recreation","10":"first","11":"instock","12":"shipping-taxable","13":"product-type-simple"},"_links":{"self":[{"href":"https:\/\/sezona.lv\/en\/wp-json\/wp\/v2\/product\/79468","targetHints":{"allow":["GET"]}}],"collection":[{"href":"https:\/\/sezona.lv\/en\/wp-json\/wp\/v2\/product"}],"about":[{"href":"https:\/\/sezona.lv\/en\/wp-json\/wp\/v2\/types\/product"}],"wp:attachment":[{"href":"https:\/\/sezona.lv\/en\/wp-json\/wp\/v2\/media?parent=79468"}],"wp:term":[{"taxonomy":"product_brand","embeddable":true,"href":"https:\/\/sezona.lv\/en\/wp-json\/wp\/v2\/product_brand?post=79468"},{"taxonomy":"product_cat","embeddable":true,"href":"https:\/\/sezona.lv\/en\/wp-json\/wp\/v2\/product_cat?post=79468"},{"taxonomy":"product_tag","embeddable":true,"href":"https:\/\/sezona.lv\/en\/wp-json\/wp\/v2\/product_tag?post=79468"}],"curies":[{"name":"wp","href":"https:\/\/api.w.org\/{rel}","templated":true}]}}