{"id":79470,"date":"2025-07-14T15:40:39","date_gmt":"2025-07-14T12:40:39","guid":{"rendered":"https:\/\/demo8.ecube.lv\/sezona.lv\/products\/levenhuk-dtx-50-20x-400x-kompakts-digitalais-mikroskops\/"},"modified":"2025-07-14T15:40:39","modified_gmt":"2025-07-14T12:40:39","slug":"levenhuk-dtx-50-20x-400x-kompakts-digitalais-mikroskops","status":"publish","type":"product","link":"https:\/\/sezona.lv\/en\/products\/levenhuk-dtx-50-20x-400x-kompakts-digitalais-mikroskops\/","title":{"rendered":"Levenhuk DTX 50 20x-400x Kompakts Digit\u0101lais Mikroskops"},"content":{"rendered":"<div id=\"tab-description\" class=\"tab-pane active\"><span style=\"font-family: Arial\"><span style=\"font-size: 12px\"><span style=\"color: #000000\">Levenhuk DTX 50 Digit\u0101lais mikroskops<\/span> <\/span><span style=\"font-size: 14px;color: #3a3a3a\">ir  moderns USB digit\u0101lais mikroskops, kas sp\u0113j palielin\u0101t l\u012bdz 400x un ir  apr\u012bkots ar 1.3 Mpx digit\u0101lo kameru, kas sniedz Jums iesp\u0113ju uz\u0146emt  p\u0113t\u0101mo paraugu att\u0113lus un video. &Scaron;o modeli var izmantot daudz\u0101s jom\u0101s:  elektronik\u0101, juvelierm\u0101ksl\u0101, biolo\u0123ij\u0101, zoolo\u0123ij\u0101 un cit\u0101s. \u0112rts tripods  ir iek\u013cauts standarta komplekt\u0101.<\/span><br \/><\/span><\/p>\n<p style=\"margin-right: 5px;margin-bottom: 10px;padding: 0px;color: #3a3a3a;font-size: 14px;line-height: normal\"><span style=\"font-family: Arial\">Mikroskopu  var pievienots pie PC vai portat\u012bv\u0101 datoru ar standarto USB 2.0 vadu.  Uztvert\u0101 att\u0113la v\u0113ro&scaron;ana un redi\u0123\u0113&scaron;ana notiek, izmantojot viegli  lietojamo apstr\u0101des programmat\u016bru, kas ir iek\u013cauta komplekt\u0101. L\u012bdz\u0101s  att\u0113la apstr\u0101des sp\u0113j\u0101m, kas \u013cauj Jums uz\u0146emt un redi\u0123\u0113t att\u0113lus un  video, programmat\u016bra sp\u0113j ar\u012b veikt apskat\u0101m\u0101 parauga line\u0101ros  m\u0113r\u012bjumus, noteikt to perimetra, radiusu un da\u017e\u0101dus le\u0146\u0137us.<\/span><\/p>\n<p style=\"margin-right: 5px;margin-bottom: 10px;padding: 0px;color: #3a3a3a;font-size: 14px;line-height: normal\"><span style=\"font-family: Arial\">L\u012bdz\u0101s origin\u0101lajai <span style=\"font-weight: bold\">Levenhuk DTX 50<\/span> Microskopa programmat\u016brai (MicroCapture), kas ir iek\u013cauta komplekt\u0101,  mikroskops ir savienojams ar\u012b ar MicroCapture Pro programmat\u016bru, kurai  piem\u012bt da\u017eas papildus funkcijas.<\/span><\/p>\n<p style=\"margin-right: 5px;margin-bottom: 10px;padding: 0px;color: #3a3a3a;font-size: 14px;line-height: normal\"><span style=\"font-family: Arial\"><span style=\"font-weight: bold\">Mikroskops Levenhuk DTX 50<\/span> ir \u013coti viegli lietojams un neprasa speci\u0101las zin\u0101&scaron;anas vai prasmes.  \u0145emot v\u0113r\u0101 t\u0101 mazos izm\u0113rus, &scaron;is mikroskops ir piem\u0113rots m\u0101jas  lieto&scaron;anai. Mikroskopu var lietot ar tripodu, kas ar\u012b ir iek\u013cauts  komplekt\u0101, k\u0101 ar\u012b bez t\u0101.<\/span><\/p>\n<p style=\"margin-right: 5px;margin-bottom: 10px;padding: 0px;color: #3a3a3a;font-size: 14px;line-height: normal\"><span style=\"font-family: Arial\">Mikroskopa  korpuss ir p\u0101rkl\u0101ts ar gumiju, l\u012bdz ar ko tam ir pat\u012bkami pieskarties  un to ir viegli satvert, t\u0101p\u0113c ier\u012bce neizsl\u012bd\u0113s no J\u016bsu rok\u0101m.<\/span><\/p>\n<p style=\"margin-right: 5px;margin-bottom: 10px;padding: 0px;color: #3a3a3a;font-family: Vardana, sans-serif;font-size: 14px;line-height: normal\"><strong style=\"margin: 0px;padding: 0px\">\u012apa&scaron;\u012bbas:<\/strong><\/p>\n<ul class=\"vikas-list-u\" style=\"margin-right: 0px;margin-bottom: 15px;margin-left: 20px;padding: 0px;color: #3a3a3a;font-family: Vardana, sans-serif;font-size: 14px;line-height: normal\">\n<li style=\"margin: 0px;padding: 0px\">Viegli lietojams kompakts USB digit\u0101lais mikroskops<\/li>\n<li style=\"margin: 0px;padding: 0px\">\u0112rti iz\u0146emams tripods<\/li>\n<li style=\"margin: 0px;padding: 0px\">Energoapg\u0101de ar USB vadu<\/li>\n<li style=\"margin: 0px;padding: 0px\">8 baltas LED lampas ar piel\u0101gojamu gaismu<\/li>\n<li style=\"margin: 0px;padding: 0px\">Iesp\u0113ja apskat\u012bt J\u016bsu dator\u0101 re\u0101laj\u0101 laik\u0101<\/li>\n<li style=\"margin: 0px;padding: 0px\">Sp\u0113j uz\u0146emt fotogr\u0101fijas\/video<\/li>\n<li style=\"margin: 0px;padding: 0px\">Tiek  pieg\u0101d\u0101ts ar speci\u0101lu programmat\u016bru, ar kuras pal\u012bdz\u012bbu var veikt  izp\u0113tes parauga izm\u0113ru, plat\u012bbas, le\u0146\u0137a un radiusa m\u0113r\u012bjumus<\/li>\n<li style=\"margin: 0px;padding: 0px\">Pla&scaron;s pielietojuma spektrs<\/li>\n<li style=\"margin: 0px;padding: 0px\">Savienojams ar: Windows XP\/Vista\/7\/8\/10, Mac 10.6~10.10<\/li>\n<\/ul>\n<p style=\"margin-right: 5px;margin-bottom: 10px;padding: 0px;color: #3a3a3a;font-family: Vardana, sans-serif;font-size: 14px;line-height: normal\"><strong style=\"margin: 0px;padding: 0px\">Komplekt\u0101 ietilpst:<\/strong><\/p>\n<ul class=\"vikas-list-u\" style=\"margin-right: 0px;margin-bottom: 15px;margin-left: 20px;padding: 0px;color: #3a3a3a;font-family: Vardana, sans-serif;font-size: 14px;line-height: normal\">\n<li style=\"margin: 0px;padding: 0px\">Levenhuk DTX 50 mikroskops<\/li>\n<li style=\"margin: 0px;padding: 0px\">Tripods<\/li>\n<li style=\"margin: 0px;padding: 0px\">Plastmasas objekt\u012bva v\u0101ci\u0146&scaron;<\/li>\n<li style=\"margin: 0px;padding: 0px\">Programmat\u016bra CD<\/li>\n<li style=\"margin: 0px;padding: 0px\">USB-vads<\/li>\n<li style=\"margin: 0px;padding: 0px\">Lietot\u0101ja rokasgr\u0101mata un m\u016b\u017ea garantija<\/li>\n<\/ul>\n<p style=\"margin-right: 5px;margin-bottom: 10px;padding: 0px;color: #3a3a3a;font-family: Vardana, sans-serif;font-size: 14px;line-height: normal\"><strong style=\"margin: 0px;padding: 0px\">Ieteikumi attiec\u012bb\u0101 uz programmat\u016bras lietojumu.<\/strong><br style=\"margin: 0px;padding: 0px\" \/>Lai  nodro&scaron;in\u0101tu pareizu programmas darb\u012bbu, l\u016bgums iesl\u0113gt instal\u0113to  aplik\u0101ciju tikai tad, kad mikroskops ir piln\u012bb\u0101 piesl\u0113gts pie PC un ir  gatavs nov\u0113rojumiem.<\/p>\n<p style=\"margin-right: 5px;margin-bottom: 10px;padding: 0px;color: #3a3a3a;font-family: Vardana, sans-serif;font-size: 14px;line-height: normal\"><span style=\"font-weight: bold\">Levenhuk DTX 50 Digit\u0101lais mikroskops <\/span>nav savienojams ar \u0101r\u0113j\u0101 digit\u0101laj\u0101m kamer\u0101m.<\/p>\n<table class=\"table table-bordered\" border=\"0\">\n<thead>\n<tr>\n<td colspan=\"2\"><strong>Atrib\u016bti<\/strong><\/td>\n<\/tr>\n<\/thead>\n<tbody>\n<tr>\n<td>Apgaismojums<\/td>\n<td>8 baltas LED gaismas<\/td>\n<\/tr>\n<tr>\n<td>Att\u0113la form\u0101ts<\/td>\n<td>*.jpeg<\/td>\n<\/tr>\n<tr>\n<td>Baro&scaron;anas avots<\/td>\n<td>USB kabelis<\/td>\n<\/tr>\n<tr>\n<td>Fokusa attiec\u012bba<\/td>\n<td>manu\u0101lais , 0-150 mm<\/td>\n<\/tr>\n<tr>\n<td>Garantija<\/td>\n<td>m\u016b\u017ea garantija<\/td>\n<\/tr>\n<tr>\n<td>Kameras slots<\/td>\n<td>USB 2.0<\/td>\n<\/tr>\n<tr>\n<td>Korpusa materi\u0101ls<\/td>\n<td>melns, bru\u0146ots &#8211; gumijas<\/td>\n<\/tr>\n<tr>\n<td>Maksim\u0101l\u0101 iz&scaron;\u0137irtsp\u0113ja<\/td>\n<td>1600&#215;1200, 1280&#215;1024, 1280&#215;960,, 1024&#215;768, 800&#215;600, 640&#215;480, 352&#215;288,, 320&#215;240, 160&#215;120<\/td>\n<\/tr>\n<tr>\n<td>Megapikse\u013ci<\/td>\n<td>1,3 (interpol\u0113ta, 2)<\/td>\n<\/tr>\n<tr>\n<td>Optikas materi\u0101ls<\/td>\n<td>stikls<\/td>\n<\/tr>\n<tr>\n<td>Palielin\u0101jums<\/td>\n<td>20&ndash;400 x<\/td>\n<\/tr>\n<tr>\n<td>Programmat\u016bra<\/td>\n<td>att\u0113lu apstr\u0101des programmat\u016bru ar m\u0113r\u012b&scaron;anas funkciju<\/td>\n<\/tr>\n<tr>\n<td>Programmat\u016bras valoda<\/td>\n<td>ang\u013cu, v\u0101cu, fran\u010du, sp\u0101\u0146u, korejie&scaron;u, krievu<\/td>\n<\/tr>\n<tr>\n<td>Ra\u017eot\u0101ja valsts<\/td>\n<td>PRC, vada Levenhuk, Inc. (ASV)<\/td>\n<\/tr>\n<tr>\n<td>Sist\u0113mas pras\u012bbas<\/td>\n<td>Windows XP\/Vista\/7\/8\/10, Mac 10.6~10.10&lt;br\/ &gt;minim\u0101l\u0101  P4 1.8 GHz, 256 Mb RAM&lt;br\/ &gt; 32 Mb videokarte, USB 2.0 ports,  CD-ROM<\/td>\n<\/tr>\n<tr>\n<td>Spilgtuma regul\u0113&scaron;ana<\/td>\n<td>Ir<\/td>\n<\/tr>\n<tr>\n<td>Video form\u0101ts<\/td>\n<td>*.avi<\/td>\n<\/tr>\n<tr>\n<td>Videoklipu ierakst\u012b&scaron;ana<\/td>\n<td>j\u0101<\/td>\n<\/tr>\n<\/tbody>\n<\/table>\n<p style=\"margin-right: 5px;margin-bottom: 10px;padding: 0px;color: #3a3a3a;font-family: Vardana, sans-serif;font-size: 14px;line-height: normal\">&nbsp;<\/p>\n<\/div>\n<p>&nbsp;<\/p>\n<p>&nbsp;<\/p>\n","protected":false},"excerpt":{"rendered":"<p>Levenhuk DTX 50 Digit\u0101lais mikroskops ir moderns USB digit\u0101lais mikroskops, kas sp\u0113j palielin\u0101t l\u012bdz 400x un ir apr\u012bkots ar 1.3 Mpx digit\u0101lo kameru, kas sniedz Jums iesp\u0113ju uz\u0146emt p\u0113t\u0101mo paraugu att\u0113lus un video. &Scaron;o modeli var izmantot daudz\u0101s jom\u0101s: elektronik\u0101, juvelierm\u0101ksl\u0101, biolo\u0123ij\u0101, zoolo\u0123ij\u0101 un cit\u0101s. \u0112rts tripods ir iek\u013cauts standarta komplekt\u0101. Mikroskopu var pievienots pie [&hellip;]<\/p>\n","protected":false},"featured_media":0,"template":"","meta":[],"product_brand":[3372],"product_cat":[4640,4938,4969],"product_tag":[],"class_list":{"0":"post-79470","1":"product","2":"type-product","3":"status-publish","5":"product_brand-levenhuk","6":"product_cat-recreation","7":"product_cat-optics-recreation","8":"product_cat-microscopes-optics-recreation","10":"first","11":"instock","12":"shipping-taxable","13":"purchasable","14":"product-type-simple"},"_links":{"self":[{"href":"https:\/\/sezona.lv\/en\/wp-json\/wp\/v2\/product\/79470","targetHints":{"allow":["GET"]}}],"collection":[{"href":"https:\/\/sezona.lv\/en\/wp-json\/wp\/v2\/product"}],"about":[{"href":"https:\/\/sezona.lv\/en\/wp-json\/wp\/v2\/types\/product"}],"wp:attachment":[{"href":"https:\/\/sezona.lv\/en\/wp-json\/wp\/v2\/media?parent=79470"}],"wp:term":[{"taxonomy":"product_brand","embeddable":true,"href":"https:\/\/sezona.lv\/en\/wp-json\/wp\/v2\/product_brand?post=79470"},{"taxonomy":"product_cat","embeddable":true,"href":"https:\/\/sezona.lv\/en\/wp-json\/wp\/v2\/product_cat?post=79470"},{"taxonomy":"product_tag","embeddable":true,"href":"https:\/\/sezona.lv\/en\/wp-json\/wp\/v2\/product_tag?post=79470"}],"curies":[{"name":"wp","href":"https:\/\/api.w.org\/{rel}","templated":true}]}}