{"id":79474,"date":"2025-07-11T17:03:28","date_gmt":"2025-07-11T14:03:28","guid":{"rendered":"https:\/\/demo8.ecube.lv\/sezona.lv\/products\/bresser-national-geographics-20x-200x-universalais-digitalais-mikroskops\/"},"modified":"2025-07-14T15:40:42","modified_gmt":"2025-07-14T12:40:42","slug":"bresser-national-geographics-20x-200x-universalais-digitalais-mikroskops","status":"publish","type":"product","link":"https:\/\/sezona.lv\/en\/products\/bresser-national-geographics-20x-200x-universalais-digitalais-mikroskops\/","title":{"rendered":"Bresser  NATIONAL GEOGRAPHICS 20X &#8211; 200X Univers\u0101lais &amp; Digit\u0101lais Mikroskops"},"content":{"rendered":"<p style=\"line-height: 1.38;margin-top: 0pt;margin-bottom: 0pt\" dir=\"ltr\"><span style=\"font-size: 11pt;font-family: Arial;color: #000000;background-color: transparent;vertical-align: baseline\">USB mikroskops uz stat\u012bva ar 20 &#8211; 200 rei\u017eu palielin\u0101jumu. Tas sniedz elpu aizraujo&scaron;us att\u0113lus un to b\u016bs interesanti izmantot gan pieaugu&scaron;ajiem, gan ar\u012b b\u0113rniem no 8 gadu vecuma. Tam ir 1.3 Mp ieb\u016bv\u0113ta kamera, ar kuru var uz\u0146emt kvalitat\u012bvus att\u0113lus. Ar USB piesl\u0113gvietu pievienojams pie datora, komplekt\u0101 ietilpst vajadz\u012bg\u0101 programmat\u016bra. Apgaismojums ar 8 LED lamp\u0101m ar regul\u0113jamu gai&scaron;umu. Ar to var apl\u016bkot mon\u0113tas, kukai\u0146us, lapas, cietas vielas, juvelierizstr\u0101d\u0101jumus un daudz ko citu p\u0101rsteidzo&scaron;\u0101 kvalit\u0101t\u0113.<\/span><\/p>\n<p style=\"line-height: 1.38;margin-top: 0pt;margin-bottom: 0pt\" dir=\"ltr\"><span style=\"font-size: 11pt;font-family: Arial;color: #000000;background-color: transparent;vertical-align: baseline\"><br \/><\/span><\/p>\n<p><span style=\"font-weight: 700;color: #000000;, Helvetica, Arial, sans-serif;font-size: 14px\">FEATURES<\/span><br style=\"color: #000000;, Helvetica, Arial, sans-serif;font-size: 14px\" \/><\/p>\n<ul style=\"margin-right: 0px;margin-bottom: 0px;margin-left: 0px;padding: 0px;border-bottom-color: #becbd2;color: #000000;, Helvetica, Arial, sans-serif;font-size: 14px\">\n<li style=\"margin: 0px 0px 0px 1em;padding: 0px\">USB handheld microscope can be turned into a stand microscope<\/li>\n<li style=\"margin: 0px 0px 0px 1em;padding: 0px\">incident and transcident light<\/li>\n<li style=\"margin: 0px 0px 0px 1em;padding: 0px\">magnification: 20x \/ 200x<\/li>\n<li style=\"margin: 0px 0px 0px 1em;padding: 0px\">view live image on computer screen<\/li>\n<\/ul>\n<p><span style=\"font-weight: 700;color: #000000;, Helvetica, Arial, sans-serif;font-size: 14px\"><br \/><\/span><\/p>\n<p><span style=\"font-weight: 700;color: #000000;, Helvetica, Arial, sans-serif;font-size: 14px\">SCOPE OF DELIVERY<\/span><br style=\"color: #000000;, Helvetica, Arial, sans-serif;font-size: 14px\" \/><\/p>\n<p style=\"line-height: 1.38;margin-top: 0pt;margin-bottom: 0pt\" dir=\"ltr\">&nbsp;<\/p>\n<ul style=\"margin-right: 0px;margin-bottom: 0px;margin-left: 0px;padding: 0px;border-bottom-color: #becbd2;color: #000000;, Helvetica, Arial, sans-serif;font-size: 14px\">\n<li style=\"margin: 0px 0px 0px 1em;padding: 0px\">USB handheld microscope<\/li>\n<li style=\"margin: 0px 0px 0px 1em;padding: 0px\">stand<\/li>\n<li style=\"margin: 0px 0px 0px 1em;padding: 0px\">USB cable<\/li>\n<li style=\"margin: 0px 0px 0px 1em;padding: 0px\">manual<\/li>\n<li style=\"margin: 0px 0px 0px 1em;padding: 0px\">2 AA batteries<\/li>\n<\/ul>\n<table style=\"font-size: 10pt;font-family: arial, sans, sans-serif;width: 0px;border: none\" dir=\"ltr\" border=\"1\" cellspacing=\"0\" cellpadding=\"0\">\n<tbody>\n<tr style=\"height: 21px\">\n<td style=\"border-color: #28cdff;overflow: hidden;padding: 2px 3px;vertical-align: middle;background-color: #28cdff;font-family: Arial;font-size: 11pt;font-weight: bold;color: #ffffff;text-align: center\" colspan=\"2\">&nbsp;<\/td>\n<\/tr>\n<tr style=\"height: 21px\">\n<td style=\"border-right-color: #28cdff;border-bottom-color: #28cdff;border-left-color: #28cdff;overflow: hidden;padding: 2px 3px;vertical-align: middle;font-family: Arial;font-size: 11pt;font-weight: bold\">&nbsp;<\/td>\n<td style=\"border-right-color: #28cdff;border-bottom-color: #28cdff;overflow: hidden;padding: 2px 3px;vertical-align: middle;font-family: Arial;font-size: 11pt\">&nbsp;<\/td>\n<\/tr>\n<tr style=\"height: 21px\">\n<td style=\"border-right-color: #28cdff;border-bottom-color: #28cdff;border-left-color: #28cdff;overflow: hidden;padding: 2px 3px;vertical-align: middle;background-color: #28cdff;font-family: Arial;font-size: 11pt;font-weight: bold;color: #ffffff;text-align: center\" colspan=\"2\">&nbsp;<\/td>\n<\/tr>\n<tr style=\"height: 21px\">\n<td style=\"border-right-color: #28cdff;border-bottom-color: #28cdff;border-left-color: #28cdff;overflow: hidden;padding: 2px 3px;vertical-align: middle;font-family: Arial;font-size: 11pt;font-weight: bold\">&nbsp;<\/td>\n<td style=\"border-right-color: #28cdff;border-bottom-color: #28cdff;overflow: hidden;padding: 2px 3px;vertical-align: middle;font-family: Arial;font-size: 11pt\">&nbsp;<\/td>\n<\/tr>\n<tr style=\"height: 21px\">\n<td style=\"border-right-color: #28cdff;border-bottom-color: #28cdff;border-left-color: #28cdff;overflow: hidden;padding: 2px 3px;vertical-align: middle;background-color: #28cdff;font-family: Arial;font-size: 11pt;font-weight: bold;color: #ffffff;text-align: center\" colspan=\"2\">&nbsp;<\/td>\n<\/tr>\n<tr style=\"height: 21px\">\n<td style=\"border-right-color: #28cdff;border-bottom-color: #28cdff;border-left-color: #28cdff;overflow: hidden;padding: 2px 3px;vertical-align: middle;font-family: Arial;font-size: 11pt;font-weight: bold\">&nbsp;<\/td>\n<td style=\"border-right-color: #28cdff;border-bottom-color: #28cdff;overflow: hidden;padding: 2px 3px;vertical-align: middle;font-family: Arial;font-size: 11pt;text-align: right\">&nbsp;<\/td>\n<\/tr>\n<tr style=\"height: 21px\">\n<td style=\"border-right-color: #28cdff;border-bottom-color: #28cdff;border-left-color: #28cdff;overflow: hidden;padding: 2px 3px;vertical-align: middle;font-family: Arial;font-size: 11pt;font-weight: bold\">&nbsp;<\/td>\n<td style=\"border-right-color: #28cdff;border-bottom-color: #28cdff;overflow: hidden;padding: 2px 3px;vertical-align: middle;font-family: Arial;font-size: 11pt;text-align: right\">&nbsp;<\/td>\n<\/tr>\n<tr style=\"height: 21px\">\n<td style=\"border-right-color: #28cdff;border-bottom-color: #28cdff;border-left-color: #28cdff;overflow: hidden;padding: 2px 3px;vertical-align: middle;background-color: #28cdff;font-family: Arial;font-size: 11pt;font-weight: bold;color: #ffffff;text-align: center\" colspan=\"2\">&nbsp;<\/td>\n<\/tr>\n<tr style=\"height: 21px\">\n<td style=\"border-right-color: #28cdff;border-bottom-color: #28cdff;border-left-color: #28cdff;overflow: hidden;padding: 2px 3px;vertical-align: middle;font-family: Arial;font-size: 11pt;font-weight: bold\">&nbsp;<\/td>\n<td style=\"border-right-color: #28cdff;border-bottom-color: #28cdff;overflow: hidden;padding: 2px 3px;vertical-align: middle;font-family: Arial;font-size: 11pt\">&nbsp;<\/td>\n<\/tr>\n<tr style=\"height: 21px\">\n<td style=\"border-right-color: #28cdff;border-bottom-color: #28cdff;border-left-color: #28cdff;overflow: hidden;padding: 2px 3px;vertical-align: middle;font-family: Arial;font-size: 11pt;font-weight: bold\">&nbsp;<\/td>\n<td style=\"border-right-color: #28cdff;border-bottom-color: #28cdff;overflow: hidden;padding: 2px 3px;vertical-align: middle;font-family: Arial;font-size: 11pt\">&nbsp;<\/td>\n<\/tr>\n<tr style=\"height: 21px\">\n<td style=\"border-right-color: #28cdff;border-bottom-color: #28cdff;border-left-color: #28cdff;overflow: hidden;padding: 2px 3px;vertical-align: middle;font-family: Arial;font-size: 11pt;font-weight: bold\">&nbsp;<\/td>\n<td style=\"border-right-color: #28cdff;border-bottom-color: #28cdff;overflow: hidden;padding: 2px 3px;vertical-align: middle;font-family: Arial;font-size: 11pt\">&nbsp;<\/td>\n<\/tr>\n<tr style=\"height: 21px\">\n<td style=\"border-right-color: #28cdff;border-bottom-color: #28cdff;border-left-color: #28cdff;overflow: hidden;padding: 2px 3px;vertical-align: middle;background-color: #28cdff;font-family: Arial;font-size: 11pt;font-weight: bold;color: #ffffff;text-align: center\" colspan=\"2\">&nbsp;<\/td>\n<\/tr>\n<tr style=\"height: 21px\">\n<td style=\"border-right-color: #28cdff;border-bottom-color: #28cdff;border-left-color: #28cdff;overflow: hidden;padding: 2px 3px;vertical-align: middle;font-family: Arial;font-size: 11pt;font-weight: bold\">&nbsp;<\/td>\n<td style=\"border-right-color: #28cdff;border-bottom-color: #28cdff;overflow: hidden;padding: 2px 3px;vertical-align: middle;font-family: Arial;font-size: 11pt\">&nbsp;<\/td>\n<\/tr>\n<tr style=\"height: 21px\">\n<td style=\"border-right-color: #28cdff;border-bottom-color: #28cdff;border-left-color: #28cdff;overflow: hidden;padding: 2px 3px;vertical-align: middle;font-family: Arial;font-size: 11pt;font-weight: bold\">&nbsp;<\/td>\n<td style=\"border-right-color: #28cdff;border-bottom-color: #28cdff;overflow: hidden;padding: 2px 3px;vertical-align: middle;font-family: Arial;font-size: 11pt\">&nbsp;<\/td>\n<\/tr>\n<tr style=\"height: 21px\">\n<td style=\"border-right-color: #28cdff;border-bottom-color: #28cdff;border-left-color: #28cdff;overflow: hidden;padding: 2px 3px;vertical-align: middle;font-family: Arial;font-size: 11pt;font-weight: bold\">&nbsp;<\/td>\n<td style=\"border-right-color: #28cdff;border-bottom-color: #28cdff;overflow: hidden;padding: 2px 3px;vertical-align: middle;font-family: Arial;font-size: 11pt\">&nbsp;<\/td>\n<\/tr>\n<tr style=\"height: 21px\">\n<td style=\"border-right-color: #28cdff;border-bottom-color: #28cdff;border-left-color: #28cdff;overflow: hidden;padding: 2px 3px;vertical-align: middle;font-family: Arial;font-size: 11pt;font-weight: bold\">&nbsp;<\/td>\n<td style=\"border-right-color: #28cdff;border-bottom-color: #28cdff;overflow: hidden;padding: 2px 3px;vertical-align: middle;font-family: Arial;font-size: 11pt\">&nbsp;<\/td>\n<\/tr>\n<\/tbody>\n<\/table>\n","protected":false},"excerpt":{"rendered":"<p>USB mikroskops uz stat\u012bva ar 20 &#8211; 200 rei\u017eu palielin\u0101jumu. Tas sniedz elpu aizraujo&scaron;us att\u0113lus un to b\u016bs interesanti izmantot gan pieaugu&scaron;ajiem, gan ar\u012b b\u0113rniem no 8 gadu vecuma. Tam ir 1.3 Mp ieb\u016bv\u0113ta kamera, ar kuru var uz\u0146emt kvalitat\u012bvus att\u0113lus. Ar USB piesl\u0113gvietu pievienojams pie datora, komplekt\u0101 ietilpst vajadz\u012bg\u0101 programmat\u016bra. Apgaismojums ar 8 LED [&hellip;]<\/p>\n","protected":false},"featured_media":72582,"template":"","meta":[],"product_brand":[],"product_cat":[4938,4969],"product_tag":[],"class_list":{"0":"post-79474","1":"product","2":"type-product","3":"status-publish","4":"has-post-thumbnail","6":"product_cat-optics-recreation","7":"product_cat-microscopes-optics-recreation","9":"first","10":"instock","11":"shipping-taxable","12":"purchasable","13":"product-type-simple"},"_links":{"self":[{"href":"https:\/\/sezona.lv\/en\/wp-json\/wp\/v2\/product\/79474","targetHints":{"allow":["GET"]}}],"collection":[{"href":"https:\/\/sezona.lv\/en\/wp-json\/wp\/v2\/product"}],"about":[{"href":"https:\/\/sezona.lv\/en\/wp-json\/wp\/v2\/types\/product"}],"wp:featuredmedia":[{"embeddable":true,"href":"https:\/\/sezona.lv\/en\/wp-json\/wp\/v2\/media\/72582"}],"wp:attachment":[{"href":"https:\/\/sezona.lv\/en\/wp-json\/wp\/v2\/media?parent=79474"}],"wp:term":[{"taxonomy":"product_brand","embeddable":true,"href":"https:\/\/sezona.lv\/en\/wp-json\/wp\/v2\/product_brand?post=79474"},{"taxonomy":"product_cat","embeddable":true,"href":"https:\/\/sezona.lv\/en\/wp-json\/wp\/v2\/product_cat?post=79474"},{"taxonomy":"product_tag","embeddable":true,"href":"https:\/\/sezona.lv\/en\/wp-json\/wp\/v2\/product_tag?post=79474"}],"curies":[{"name":"wp","href":"https:\/\/api.w.org\/{rel}","templated":true}]}}