{"id":79480,"date":"2025-07-11T17:04:01","date_gmt":"2025-07-11T14:04:01","guid":{"rendered":"https:\/\/demo8.ecube.lv\/sezona.lv\/products\/levenhuk-2l-ng-rainbow-metala-korpuss-40x-640x-mikroskops-roza-krasa\/"},"modified":"2025-07-14T15:40:48","modified_gmt":"2025-07-14T12:40:48","slug":"levenhuk-2l-ng-rainbow-metala-korpuss-40x-640x-mikroskops-roza-krasa","status":"publish","type":"product","link":"https:\/\/sezona.lv\/en\/products\/levenhuk-2l-ng-rainbow-metala-korpuss-40x-640x-mikroskops-roza-krasa\/","title":{"rendered":"Levenhuk 2L NG Rainbow Met\u0101la korpuss 40x-640x Mikroskops Roz\u0101 Kr\u0101s\u0101"},"content":{"rendered":"<h3 style=\"font-family: Roboto;line-height: normal;color: #000000;margin-right: 0px;margin-bottom: 20px;margin-left: 0px;font-size: 20px;position: relative;padding: 0px 0px 3px;border-bottom-width: 2px;border-bottom-style: solid;border-bottom-color: #dddddd\"><span style=\"vertical-align: super\"><a style=\"color: #35802e;cursor: pointer;font-family: 'Arial Black';font-size: 12px;line-height: 18px;background: 0px 0px #ffffff\" href=\"http:\/\/www.skyhunters.lv\/aksesuari\/levenhuk-k50-experiment-kit\" target=\"_blank\">Lev<\/a><span style=\"color: #35802e;cursor: pointer;font-size: 12px;line-height: 18px;background: 0px 0px #ffffff\">enhuk Rainbow s\u0113rija<\/span><\/span><br \/><\/h3>\n<ul class=\"vikas-list-u\" style=\"margin-right: 0px;margin-bottom: 15px;margin-left: 20px;padding: 0px;color: #3a3a3a;font-family: Vardana, sans-serif;font-size: 14px;line-height: normal\">\n<li style=\"margin: 0px;padding: 0px\">Divi ieb\u016bv\u0113tie LED gaismas avoti sniedz iesp\u0113ju v\u0113rot necaursp\u012bd\u012bgus objektus caurejo&scaron;\u0101 vai atstarot\u0101 gaism\u0101.<\/li>\n<li style=\"margin: 0px;padding: 0px\">Lieto&scaron;anai iztur\u012bgs izpild\u012bjums: korpuss un sast\u0101vda\u013cas ir izgatavoti no met\u0101la (silum\u012bns), nevis no plastika.<\/li>\n<li style=\"margin: 0px;padding: 0px\">Augsta  att\u0113la kvalit\u0101te: okul\u0101riem, objekt\u012bviem un citiem optiskajiem  elementiem ir vair\u0101ku sl\u0101\u0146u p\u0101rkl\u0101jums un tie ir liel\u0101 m\u0113r\u0101 caurskat\u0101mi.<\/li>\n<li style=\"margin: 0px;padding: 0px\">Fokus\u0113&scaron;anas meh\u0101nisms un galdi\u0146&scaron; ir p\u0101rvietojams vienm\u0113r\u012bgi, bez gr\u016bdieniem un preto&scaron;an\u0101s kust\u012bb\u0101m.<\/li>\n<\/ul>\n<p style=\"margin-right: 5px;margin-bottom: 10px;padding: 0px;color: #3a3a3a;font-family: Vardana, sans-serif;font-size: 14px;line-height: normal\"><span style=\"font-weight: 700;margin: 0px;padding: 0px\">Palielin\u0101sana l\u012bdz 640x<\/span><br style=\"margin: 0px;padding: 0px\" \/>Mikroskopa  palielin\u0101&scaron;anas jauda ir atkar\u012bga no objekt\u012bva l\u0113cu un okul\u0101ru jaudas.  Okul\u0101rs ir mikroskopa t\u016bbas aug&scaron;da\u013ca, kur J\u016bs skat\u0101ties. Objekt\u012bvs ir  novietots apak&scaron;da\u013c\u0101 un rada att\u0113lu, ko J\u016bs redzat okul\u0101r\u0101. Viens WF16x  okul\u0101rs un tr\u012bs objekt\u012bvi (4x, 10x un 40x) ir iek\u013cauti iepakojum\u0101.<\/p>\n<p style=\"margin-right: 5px;margin-bottom: 10px;padding: 0px;color: #3a3a3a;font-family: Vardana, sans-serif;font-size: 14px;line-height: normal\"><span style=\"font-weight: 700;margin: 0px;padding: 0px\">Necaurskat\u0101mu objektu apskate<\/span>&nbsp;<br style=\"margin: 0px;padding: 0px\" \/>Levenhuk  2L NG mikroskops at&scaron;\u0137ir\u012bb\u0101 no citiem m\u0101c\u012bbu mikroskopiem ir apr\u012bkots ar  diviem apgaismojumiem. Abi gaismas avoti ir LED gaisma, kas nodro&scaron;ina  minim\u0101lo ener\u0123ijas pat\u0113ri\u0146u, sniedzot pietiekamu apgaimojumu.  Apgaismojuma sist\u0113mas ir novietotas virs un zem galdi\u0146a un sniedz  iesp\u0113ju apskat\u012bt caursp\u012bd\u012bgus un necaursp\u012bd\u012bgus objektus: s\u0101kot ar  mikroskopisk\u0101m da\u013ci\u0146\u0101m l\u012bdz mon\u0113t\u0101m, pap\u012bram, audumam utt.<\/p>\n<p style=\"margin-right: 5px;margin-bottom: 10px;padding: 0px;color: #3a3a3a;font-family: Vardana, sans-serif;font-size: 14px;line-height: normal\"><span style=\"font-weight: 700;margin: 0px;padding: 0px\">Energoapg\u0101de&nbsp;<\/span><br style=\"margin: 0px;padding: 0px\" \/>Mikroskopam ir AC adapteris, stacion\u0101rajai apskatei, neizmantojot baterijas.<\/p>\n<p style=\"margin-right: 5px;margin-bottom: 10px;padding: 0px;color: #3a3a3a;font-family: Vardana, sans-serif;font-size: 14px;line-height: normal\"><span style=\"font-weight: 700;margin: 0px;padding: 0px\">Uzman\u012bbu:<\/span>&nbsp;L\u016bgums  skat\u012bties t\u012bkla sprieguma atbilsto&scaron;os r\u0101d\u012bt\u0101jus tabul\u0101 un nekad  nem\u0113\u0123iniet iesl\u0113gt 110 V paredz\u0113to ier\u012bci 220V sprieguma kontaktligzd\u0101,  neizmantojot str\u0101vas p\u0101rveidot\u0101ju. Atcerieties, ka t\u012bkla spriegums ASV  un Kan\u0101d\u0101 ir110V un 220-240V vair\u0101k\u0101s Eiropas valst\u012bs.<\/p>\n<p style=\"margin-right: 5px;margin-bottom: 10px;padding: 0px;color: #3a3a3a;font-family: Vardana, sans-serif;font-size: 14px;line-height: normal\"><span style=\"font-weight: 700;margin: 0px;padding: 0px\">Komplekt\u0101 iek\u013cauti:<\/span><\/p>\n<ul class=\"vikas-list-u\" style=\"margin-right: 0px;margin-bottom: 15px;margin-left: 20px;padding: 0px;color: #3a3a3a;font-family: Vardana, sans-serif;font-size: 14px;line-height: normal\">\n<li style=\"margin: 0px;padding: 0px\">Mikroskops<\/li>\n<li style=\"margin: 0px;padding: 0px\">Objekt\u012bvi: 4x, 10x, 40x<\/li>\n<li style=\"margin: 0px;padding: 0px\">Okul\u0101r: WF16x<\/li>\n<li style=\"margin: 0px;padding: 0px\">Galdi\u0146&scaron; ar stiprin\u0101jumiem<\/li>\n<li style=\"margin: 0px;padding: 0px\">Diska diafragma<\/li>\n<li style=\"margin: 0px;padding: 0px\">Ieb\u016bv\u0113ts aug&scaron;da\u013cas un lejasda\u013cas LED apgaismojums<\/li>\n<li style=\"margin: 0px;padding: 0px\">AC adapteris<\/li>\n<li style=\"margin: 0px;padding: 0px\">3 AA baterijas<\/li>\n<li style=\"margin: 0px;padding: 0px\">Lietot\u0101ja rokasgr\u0101mata un m\u016b\u017ea garantija<\/li>\n<\/ul>\n<table class=\"table table-bordered\" border=\"0\">\n<thead>\n<tr>\n<td colspan=\"2\"><strong>Atrib\u016bti<\/strong><\/td>\n<\/tr>\n<\/thead>\n<tbody>\n<tr>\n<td>Apgaismojums<\/td>\n<td>LED<\/td>\n<\/tr>\n<tr>\n<td>Baro&scaron;anas avots<\/td>\n<td>220V\/5V, 50 Hz AC (adapteri)<\/td>\n<\/tr>\n<tr>\n<td>Galva<\/td>\n<td>monokul\u0101rs<\/td>\n<\/tr>\n<tr>\n<td>Garantija<\/td>\n<td>m\u016b\u017ea garantija<\/td>\n<\/tr>\n<tr>\n<td>Objekt\u012bvi<\/td>\n<td>4x, 10x, 40x<\/td>\n<\/tr>\n<tr>\n<td>Objekt\u012bvu revolveris<\/td>\n<td>3 objekt\u012bvi<\/td>\n<\/tr>\n<tr>\n<td>Okul\u0101ri<\/td>\n<td>WF16x<\/td>\n<\/tr>\n<tr>\n<td>Optikas materi\u0101ls<\/td>\n<td>stikls<\/td>\n<\/tr>\n<tr>\n<td>Palielin\u0101jums<\/td>\n<td>64-640 x<\/td>\n<\/tr>\n<tr>\n<td>Priek&scaron;met-plaukti\u0146a, kust\u012bbas diapazons, izmantojot fokus\u0113&scaron;<\/td>\n<td>0 l\u012bdz 10  mm<\/td>\n<\/tr>\n<tr>\n<td>Priek&scaron;met-plaukti\u0146&scaron;<\/td>\n<td>90&#215;90, ar piespied\u0113jiem mm<\/td>\n<\/tr>\n<tr>\n<td>Ra\u017eot\u0101ja valsts<\/td>\n<td>PRC, vada Levenhuk, Inc. (ASV)<\/td>\n<\/tr>\n<\/tbody>\n<\/table>\n","protected":false},"excerpt":{"rendered":"<p>Levenhuk Rainbow s\u0113rija Divi ieb\u016bv\u0113tie LED gaismas avoti sniedz iesp\u0113ju v\u0113rot necaursp\u012bd\u012bgus objektus caurejo&scaron;\u0101 vai atstarot\u0101 gaism\u0101. Lieto&scaron;anai iztur\u012bgs izpild\u012bjums: korpuss un sast\u0101vda\u013cas ir izgatavoti no met\u0101la (silum\u012bns), nevis no plastika. Augsta att\u0113la kvalit\u0101te: okul\u0101riem, objekt\u012bviem un citiem optiskajiem elementiem ir vair\u0101ku sl\u0101\u0146u p\u0101rkl\u0101jums un tie ir liel\u0101 m\u0113r\u0101 caurskat\u0101mi. Fokus\u0113&scaron;anas meh\u0101nisms un galdi\u0146&scaron; ir [&hellip;]<\/p>\n","protected":false},"featured_media":72685,"template":"","meta":[],"product_brand":[3372],"product_cat":[4938,4969],"product_tag":[],"class_list":{"0":"post-79480","1":"product","2":"type-product","3":"status-publish","4":"has-post-thumbnail","6":"product_brand-levenhuk","7":"product_cat-optics-recreation","8":"product_cat-microscopes-optics-recreation","10":"first","11":"instock","12":"shipping-taxable","13":"purchasable","14":"product-type-simple"},"_links":{"self":[{"href":"https:\/\/sezona.lv\/en\/wp-json\/wp\/v2\/product\/79480","targetHints":{"allow":["GET"]}}],"collection":[{"href":"https:\/\/sezona.lv\/en\/wp-json\/wp\/v2\/product"}],"about":[{"href":"https:\/\/sezona.lv\/en\/wp-json\/wp\/v2\/types\/product"}],"wp:featuredmedia":[{"embeddable":true,"href":"https:\/\/sezona.lv\/en\/wp-json\/wp\/v2\/media\/72685"}],"wp:attachment":[{"href":"https:\/\/sezona.lv\/en\/wp-json\/wp\/v2\/media?parent=79480"}],"wp:term":[{"taxonomy":"product_brand","embeddable":true,"href":"https:\/\/sezona.lv\/en\/wp-json\/wp\/v2\/product_brand?post=79480"},{"taxonomy":"product_cat","embeddable":true,"href":"https:\/\/sezona.lv\/en\/wp-json\/wp\/v2\/product_cat?post=79480"},{"taxonomy":"product_tag","embeddable":true,"href":"https:\/\/sezona.lv\/en\/wp-json\/wp\/v2\/product_tag?post=79480"}],"curies":[{"name":"wp","href":"https:\/\/api.w.org\/{rel}","templated":true}]}}