{"id":79481,"date":"2025-07-11T17:04:05","date_gmt":"2025-07-11T14:04:05","guid":{"rendered":"https:\/\/demo8.ecube.lv\/sezona.lv\/products\/bresser-national-geographics-20x-stereo-mikroskops\/"},"modified":"2025-07-14T15:40:49","modified_gmt":"2025-07-14T12:40:49","slug":"bresser-national-geographics-20x-stereo-mikroskops","status":"publish","type":"product","link":"https:\/\/sezona.lv\/en\/products\/bresser-national-geographics-20x-stereo-mikroskops\/","title":{"rendered":"Bresser National Geographics 20x Stereo Mikroskops"},"content":{"rendered":"<p style=\"margin-top: 0pt;margin-bottom: 0pt;line-height: 1.38\" dir=\"ltr\"><span style=\"color: #000000;font-family: Arial\"><span style=\"font-size: 14px\">Lab\u0101k ar ab\u0101m ac\u012bm, nek\u0101 ar vienu! Ar &scaron;o stereoskopisko mikroskopu J\u016bs var\u0113siet palielin\u0101t da\u017e\u0101das \u0101r\u0101 atrastas lietas l\u012bdz pat&nbsp;<span style=\"font-weight: bold\">20 reiz\u0113m<\/span>.<\/span><br style=\"font-size: 14px\" \/><span style=\"font-size: 14px\">Iesl\u0113dziet gaismu, noregul\u0113jiet objekt\u012bvu un uz priek&scaron;u!<\/span><br \/><\/span><\/p>\n<p><span id=\"docs-internal-guid-8191641f-e84a-ee25-d4ab-802b57b3e62e\"><br \/><\/span><\/p>\n<table style=\"font-size: 10pt;font-family: arial, sans, sans-serif;width: 0px;border: none\" dir=\"ltr\" border=\"1\" cellspacing=\"0\" cellpadding=\"0\">\n<colgroup>\n<col width=\"411\"><\/col>\n<\/colgroup>\n<tbody>\n<tr style=\"height: 21px\">\n<td style=\"border-color: #28cdff;overflow: hidden;padding: 2px 3px;vertical-align: bottom;background-color: #28cdff;font-family: Arial;font-size: 11pt;font-weight: bold;color: #ffffff;text-align: center\">Specifik\u0101cija un komplekt\u0101cija:<\/td>\n<\/tr>\n<tr style=\"height: 21px\">\n<td style=\"border-right-color: #28cdff;border-bottom-color: #28cdff;border-left-color: #28cdff;overflow: hidden;padding: 2px 3px;vertical-align: bottom;font-family: Arial;font-size: 11pt;color: #444444\">-Palielin\u0101jums: 20 reizes<\/td>\n<\/tr>\n<tr style=\"height: 21px\">\n<td style=\"border-right-color: #28cdff;border-bottom-color: #28cdff;border-left-color: #28cdff;overflow: hidden;padding: 2px 3px;vertical-align: bottom;font-family: Arial;font-size: 11pt;color: #444444\">-Apgaismojums: gaismas diode<\/td>\n<\/tr>\n<tr style=\"height: 21px\">\n<td style=\"border-right-color: #28cdff;border-bottom-color: #28cdff;border-left-color: #28cdff;overflow: hidden;padding: 2px 3px;vertical-align: bottom;font-family: Arial;font-size: 11pt;color: #444444\">-Apgaismojumu nodro&scaron;ina: 2 AA baterijas (nav komplekt\u0101)<\/td>\n<\/tr>\n<tr style=\"height: 21px\">\n<td style=\"border-right-color: #28cdff;border-bottom-color: #28cdff;border-left-color: #28cdff;overflow: hidden;padding: 2px 3px;vertical-align: bottom;font-family: Arial;font-size: 11pt;color: #444444\">-Okul\u0101ri: 10X<\/td>\n<\/tr>\n<tr style=\"height: 21px\">\n<td style=\"border-right-color: #28cdff;border-bottom-color: #28cdff;border-left-color: #28cdff;overflow: hidden;padding: 2px 3px;vertical-align: bottom;font-family: Arial;font-size: 11pt;color: #444444\">-Objekt\u012bvi: 2x<\/td>\n<\/tr>\n<tr style=\"height: 21px\">\n<td style=\"border-right-color: #28cdff;border-bottom-color: #28cdff;border-left-color: #28cdff;overflow: hidden;padding: 2px 3px;vertical-align: bottom;font-family: Arial;font-size: 11pt;color: #444444\">-Izm\u0113rs: 135x100x258mm<\/td>\n<\/tr>\n<tr style=\"height: 21px\">\n<td style=\"border-right-color: #28cdff;border-bottom-color: #28cdff;border-left-color: #28cdff;overflow: hidden;padding: 2px 3px;vertical-align: bottom;font-family: Arial;font-size: 11pt;color: #444444\">-Svars: 0,6kg<\/td>\n<\/tr>\n<tr style=\"height: 21px\">\n<td style=\"border-right-color: #28cdff;border-bottom-color: #28cdff;border-left-color: #28cdff;overflow: hidden;padding: 2px 3px;vertical-align: bottom;font-family: Arial;font-size: 11pt;color: #444444\">-2 gadu garantija<\/td>\n<\/tr>\n<tr style=\"height: 21px\">\n<td style=\"border-right-color: #28cdff;border-bottom-color: #28cdff;border-left-color: #28cdff;overflow: hidden;padding: 2px 3px;vertical-align: bottom\"><\/td>\n<\/tr>\n<tr style=\"height: 21px\">\n<td style=\"border-right-color: #28cdff;border-bottom-color: #28cdff;border-left-color: #28cdff;overflow: hidden;padding: 2px 3px;vertical-align: bottom;background-color: #28cdff;font-family: Arial;font-size: 11pt;font-weight: bold;color: #ffffff;text-align: center\">Komplekt\u0101:<\/td>\n<\/tr>\n<tr style=\"height: 21px\">\n<td style=\"border-right-color: #28cdff;border-bottom-color: #28cdff;border-left-color: #28cdff;overflow: hidden;padding: 2px 3px;vertical-align: bottom;font-family: Arial;font-size: 11pt;color: #444444\">Mikroskops, miner\u0101lu paraugu komplekts, lieto&scaron;anas instrukcija.<\/td>\n<\/tr>\n<\/tbody>\n<\/table>\n<p>&nbsp;<\/p>\n<table style=\"font-size: 10pt;font-family: arial, sans, sans-serif;width: 0px;border: none\" dir=\"ltr\" border=\"1\" cellspacing=\"0\" cellpadding=\"0\">\n<tbody>\n<tr style=\"height: 21px\">\n<td style=\"border-color: #28cdff;overflow: hidden;padding: 2px 3px;vertical-align: middle;background-color: #28cdff;font-family: Arial;font-size: 11pt;font-weight: bold;color: #ffffff;text-align: center\" colspan=\"2\"><\/td>\n<\/tr>\n<tr style=\"height: 21px\">\n<td style=\"border-right-color: #28cdff;border-bottom-color: #28cdff;border-left-color: #28cdff;overflow: hidden;padding: 2px 3px;vertical-align: middle;font-family: Arial;font-size: 11pt;font-weight: bold\"><\/td>\n<td style=\"border-right-color: #28cdff;border-bottom-color: #28cdff;overflow: hidden;padding: 2px 3px;vertical-align: middle;font-family: Arial;font-size: 11pt\"><\/td>\n<\/tr>\n<tr style=\"height: 21px\">\n<td style=\"border-right-color: #28cdff;border-bottom-color: #28cdff;border-left-color: #28cdff;overflow: hidden;padding: 2px 3px;vertical-align: middle;background-color: #28cdff;font-family: Arial;font-size: 11pt;font-weight: bold;color: #ffffff;text-align: center\" colspan=\"2\"><\/td>\n<\/tr>\n<tr style=\"height: 21px\">\n<td style=\"border-right-color: #28cdff;border-bottom-color: #28cdff;border-left-color: #28cdff;overflow: hidden;padding: 2px 3px;vertical-align: middle;font-family: Arial;font-size: 11pt;font-weight: bold\"><\/td>\n<td style=\"border-right-color: #28cdff;border-bottom-color: #28cdff;overflow: hidden;padding: 2px 3px;vertical-align: middle;font-family: Arial;font-size: 11pt\"><\/td>\n<\/tr>\n<tr style=\"height: 21px\">\n<td style=\"border-right-color: #28cdff;border-bottom-color: #28cdff;border-left-color: #28cdff;overflow: hidden;padding: 2px 3px;vertical-align: middle;background-color: #28cdff;font-family: Arial;font-size: 11pt;font-weight: bold;color: #ffffff;text-align: center\" colspan=\"2\"><\/td>\n<\/tr>\n<tr style=\"height: 21px\">\n<td style=\"border-right-color: #28cdff;border-bottom-color: #28cdff;border-left-color: #28cdff;overflow: hidden;padding: 2px 3px;vertical-align: middle;font-family: Arial;font-size: 11pt;font-weight: bold\"><\/td>\n<td style=\"border-right-color: #28cdff;border-bottom-color: #28cdff;overflow: hidden;padding: 2px 3px;vertical-align: middle;font-family: Arial;font-size: 11pt;text-align: right\"><\/td>\n<\/tr>\n<tr style=\"height: 21px\">\n<td style=\"border-right-color: #28cdff;border-bottom-color: #28cdff;border-left-color: #28cdff;overflow: hidden;padding: 2px 3px;vertical-align: middle;font-family: Arial;font-size: 11pt;font-weight: bold\"><\/td>\n<td style=\"border-right-color: #28cdff;border-bottom-color: #28cdff;overflow: hidden;padding: 2px 3px;vertical-align: middle;font-family: Arial;font-size: 11pt;text-align: right\"><\/td>\n<\/tr>\n<tr style=\"height: 21px\">\n<td style=\"border-right-color: #28cdff;border-bottom-color: #28cdff;border-left-color: #28cdff;overflow: hidden;padding: 2px 3px;vertical-align: middle;background-color: #28cdff;font-family: Arial;font-size: 11pt;font-weight: bold;color: #ffffff;text-align: center\" colspan=\"2\"><\/td>\n<\/tr>\n<tr style=\"height: 21px\">\n<td style=\"border-right-color: #28cdff;border-bottom-color: #28cdff;border-left-color: #28cdff;overflow: hidden;padding: 2px 3px;vertical-align: middle;font-family: Arial;font-size: 11pt;font-weight: bold\"><\/td>\n<td style=\"border-right-color: #28cdff;border-bottom-color: #28cdff;overflow: hidden;padding: 2px 3px;vertical-align: middle;font-family: Arial;font-size: 11pt\"><\/td>\n<\/tr>\n<tr style=\"height: 21px\">\n<td style=\"border-right-color: #28cdff;border-bottom-color: #28cdff;border-left-color: #28cdff;overflow: hidden;padding: 2px 3px;vertical-align: middle;font-family: Arial;font-size: 11pt;font-weight: bold\">&nbsp;<\/td>\n<td style=\"border-right-color: #28cdff;border-bottom-color: #28cdff;overflow: hidden;padding: 2px 3px;vertical-align: middle;font-family: Arial;font-size: 11pt\">&nbsp;<\/td>\n<\/tr>\n<tr style=\"height: 21px\">\n<td style=\"border-right-color: #28cdff;border-bottom-color: #28cdff;border-left-color: #28cdff;overflow: hidden;padding: 2px 3px;vertical-align: middle;font-family: Arial;font-size: 11pt;font-weight: bold\">&nbsp;<\/td>\n<td style=\"border-right-color: #28cdff;border-bottom-color: #28cdff;overflow: hidden;padding: 2px 3px;vertical-align: middle;font-family: Arial;font-size: 11pt\">&nbsp;<\/td>\n<\/tr>\n<tr style=\"height: 21px\">\n<td style=\"border-right-color: #28cdff;border-bottom-color: #28cdff;border-left-color: #28cdff;overflow: hidden;padding: 2px 3px;vertical-align: middle;background-color: #28cdff;font-family: Arial;font-size: 11pt;font-weight: bold;color: #ffffff;text-align: center\" colspan=\"2\">&nbsp;<\/td>\n<\/tr>\n<tr style=\"height: 21px\">\n<td style=\"border-right-color: #28cdff;border-bottom-color: #28cdff;border-left-color: #28cdff;overflow: hidden;padding: 2px 3px;vertical-align: middle;font-family: Arial;font-size: 11pt;font-weight: bold\">&nbsp;<\/td>\n<td style=\"border-right-color: #28cdff;border-bottom-color: #28cdff;overflow: hidden;padding: 2px 3px;vertical-align: middle;font-family: Arial;font-size: 11pt\">&nbsp;<\/td>\n<\/tr>\n<tr style=\"height: 21px\">\n<td style=\"border-right-color: #28cdff;border-bottom-color: #28cdff;border-left-color: #28cdff;overflow: hidden;padding: 2px 3px;vertical-align: middle;font-family: Arial;font-size: 11pt;font-weight: bold\">&nbsp;<\/td>\n<td style=\"border-right-color: #28cdff;border-bottom-color: #28cdff;overflow: hidden;padding: 2px 3px;vertical-align: middle;font-family: Arial;font-size: 11pt\">&nbsp;<\/td>\n<\/tr>\n<tr style=\"height: 21px\">\n<td style=\"border-right-color: #28cdff;border-bottom-color: #28cdff;border-left-color: #28cdff;overflow: hidden;padding: 2px 3px;vertical-align: middle;font-family: Arial;font-size: 11pt;font-weight: bold\">&nbsp;<\/td>\n<td style=\"border-right-color: #28cdff;border-bottom-color: #28cdff;overflow: hidden;padding: 2px 3px;vertical-align: middle;font-family: Arial;font-size: 11pt\">&nbsp;<\/td>\n<\/tr>\n<tr style=\"height: 21px\">\n<td style=\"border-right-color: #28cdff;border-bottom-color: #28cdff;border-left-color: #28cdff;overflow: hidden;padding: 2px 3px;vertical-align: middle;font-family: Arial;font-size: 11pt;font-weight: bold\">&nbsp;<\/td>\n<td style=\"border-right-color: #28cdff;border-bottom-color: #28cdff;overflow: hidden;padding: 2px 3px;vertical-align: middle;font-family: Arial;font-size: 11pt\">&nbsp;<\/td>\n<\/tr>\n<\/tbody>\n<\/table>\n","protected":false},"excerpt":{"rendered":"<p>Lab\u0101k ar ab\u0101m ac\u012bm, nek\u0101 ar vienu! Ar &scaron;o stereoskopisko mikroskopu J\u016bs var\u0113siet palielin\u0101t da\u017e\u0101das \u0101r\u0101 atrastas lietas l\u012bdz pat&nbsp;20 reiz\u0113m.Iesl\u0113dziet gaismu, noregul\u0113jiet objekt\u012bvu un uz priek&scaron;u! Specifik\u0101cija un komplekt\u0101cija: -Palielin\u0101jums: 20 reizes -Apgaismojums: gaismas diode -Apgaismojumu nodro&scaron;ina: 2 AA baterijas (nav komplekt\u0101) -Okul\u0101ri: 10X -Objekt\u012bvi: 2x -Izm\u0113rs: 135x100x258mm -Svars: 0,6kg -2 gadu garantija Komplekt\u0101: [&hellip;]<\/p>\n","protected":false},"featured_media":72702,"template":"","meta":[],"product_brand":[],"product_cat":[4938,4969],"product_tag":[],"class_list":{"0":"post-79481","1":"product","2":"type-product","3":"status-publish","4":"has-post-thumbnail","6":"product_cat-optics-recreation","7":"product_cat-microscopes-optics-recreation","9":"first","10":"instock","11":"shipping-taxable","12":"purchasable","13":"product-type-simple"},"_links":{"self":[{"href":"https:\/\/sezona.lv\/en\/wp-json\/wp\/v2\/product\/79481","targetHints":{"allow":["GET"]}}],"collection":[{"href":"https:\/\/sezona.lv\/en\/wp-json\/wp\/v2\/product"}],"about":[{"href":"https:\/\/sezona.lv\/en\/wp-json\/wp\/v2\/types\/product"}],"wp:featuredmedia":[{"embeddable":true,"href":"https:\/\/sezona.lv\/en\/wp-json\/wp\/v2\/media\/72702"}],"wp:attachment":[{"href":"https:\/\/sezona.lv\/en\/wp-json\/wp\/v2\/media?parent=79481"}],"wp:term":[{"taxonomy":"product_brand","embeddable":true,"href":"https:\/\/sezona.lv\/en\/wp-json\/wp\/v2\/product_brand?post=79481"},{"taxonomy":"product_cat","embeddable":true,"href":"https:\/\/sezona.lv\/en\/wp-json\/wp\/v2\/product_cat?post=79481"},{"taxonomy":"product_tag","embeddable":true,"href":"https:\/\/sezona.lv\/en\/wp-json\/wp\/v2\/product_tag?post=79481"}],"curies":[{"name":"wp","href":"https:\/\/api.w.org\/{rel}","templated":true}]}}