{"id":79485,"date":"2025-07-11T17:04:19","date_gmt":"2025-07-11T14:04:19","guid":{"rendered":"https:\/\/demo8.ecube.lv\/sezona.lv\/products\/levenhuk-rainbow-2l-plus-metala-korpuss-debeszila-krasa\/"},"modified":"2025-07-14T15:40:52","modified_gmt":"2025-07-14T12:40:52","slug":"levenhuk-rainbow-2l-plus-metala-korpuss-debeszila-krasa","status":"publish","type":"product","link":"https:\/\/sezona.lv\/en\/products\/levenhuk-rainbow-2l-plus-metala-korpuss-debeszila-krasa\/","title":{"rendered":"Levenhuk Rainbow 2L PLUS Met\u0101la Korpuss Debeszil\u0101 Kr\u0101s\u0101"},"content":{"rendered":"<h3 style=\", sans-serif;color: #666666\">Specifik\u0101cija<\/h3>\n<table class=\"table table-bordered\" style=\"background-color: #ffffff;width: 550px\" border=\"0\">\n<tbody>\n<tr>\n<td style=\"line-height: 1.42857\">Galva<\/td>\n<td style=\"line-height: 1.42857\">Monokul\u0101rs, rot\u0113 par 360<span style=\"vertical-align: super\">o<\/span>, noliektas 45<span style=\"vertical-align: super\">o<\/span><\/td>\n<\/tr>\n<tr>\n<td style=\"line-height: 1.42857\">Optikas materi\u0101li<\/td>\n<td style=\"line-height: 1.42857\">optiskais stikls<\/td>\n<\/tr>\n<tr>\n<td style=\"line-height: 1.42857\">Palielin\u0101jums, x<\/td>\n<td style=\"line-height: 1.42857\">64-640<\/td>\n<\/tr>\n<tr>\n<td style=\"line-height: 1.42857\">Okul\u0101ra caurules diametrs, mm<\/td>\n<td style=\"line-height: 1.42857\"><span style=\"line-height: 17.1429px\">23,2<\/span><\/td>\n<\/tr>\n<tr>\n<td style=\"line-height: 1.42857\">Okul\u0101ri<\/td>\n<td style=\"line-height: 1.42857\">WF 16x<\/td>\n<\/tr>\n<tr>\n<td style=\"line-height: 1.42857\">Objekt\u012bvi<\/td>\n<td style=\"line-height: 1.42857\"><span style=\"line-height: 17.1429px\">4x, 10x, 40xs (atspere)<\/span><\/td>\n<\/tr>\n<tr>\n<td style=\"line-height: 1.42857\">Objekt\u012bvu revolveris<\/td>\n<td style=\"line-height: 1.42857\">3 objekt\u012bvi<\/td>\n<\/tr>\n<tr>\n<td style=\"line-height: 1.42857\">Priek&scaron;met-plaukti\u0146&scaron;, mm<\/td>\n<td style=\"line-height: 1.42857\">90&#215;90, ar piespied\u0113jiem<\/td>\n<\/tr>\n<tr>\n<td style=\"line-height: 1.42857\">Priek&scaron;met-plauti\u0146a kust\u012bbas diapozons, izmantojot fokus\u0113&scaron;anas meh\u0101nismu, mm<\/td>\n<td style=\"line-height: 1.42857\">0-8, vertik\u0101ls<\/td>\n<\/tr>\n<tr>\n<td style=\"line-height: 1.42857\">Kondensers<\/td>\n<td style=\"line-height: 1.42857\">NA 0,65<\/td>\n<\/tr>\n<tr>\n<td style=\"line-height: 1.42857\">Diafragma<\/td>\n<td style=\"line-height: 1.42857\">diska diafragma (6 aperat\u016bras)<\/td>\n<\/tr>\n<tr>\n<td style=\"line-height: 1.42857\">Fokuss<\/td>\n<td style=\"line-height: 1.42857\">rupjais<\/td>\n<\/tr>\n<tr>\n<td style=\"line-height: 1.42857\">Korpusa materi\u0101ls<\/td>\n<td style=\"line-height: 1.42857\">met\u0101ls<\/td>\n<\/tr>\n<tr>\n<td style=\"line-height: 1.42857\">Apgaismojums<\/td>\n<td style=\"line-height: 1.42857\">LED<\/td>\n<\/tr>\n<tr>\n<td style=\"line-height: 1.42857\">Spilgtuma regul\u0113&scaron;ana<\/td>\n<td style=\"line-height: 1.42857\">j\u0101<\/td>\n<\/tr>\n<tr>\n<td style=\"line-height: 1.42857\">Baro&scaron;anas avots<\/td>\n<td style=\"line-height: 1.42857\">220V 50 Hz vai 3 AA baterijas<\/td>\n<\/tr>\n<tr>\n<td style=\"line-height: 1.42857\">Lietojums<\/td>\n<td style=\"line-height: 1.42857\">Visp\u0101r\u012bg\u0101s lieto&scaron;anas produkts. Dr\u012bkst lietot b\u0113rni, kas ir vec\u0101ki par 3 gadiem.<\/td>\n<\/tr>\n<\/tbody>\n<\/table>\n","protected":false},"excerpt":{"rendered":"<p>Specifik\u0101cija Galva Monokul\u0101rs, rot\u0113 par 360o, noliektas 45o Optikas materi\u0101li optiskais stikls Palielin\u0101jums, x 64-640 Okul\u0101ra caurules diametrs, mm 23,2 Okul\u0101ri WF 16x Objekt\u012bvi 4x, 10x, 40xs (atspere) Objekt\u012bvu revolveris 3 objekt\u012bvi Priek&scaron;met-plaukti\u0146&scaron;, mm 90&#215;90, ar piespied\u0113jiem Priek&scaron;met-plauti\u0146a kust\u012bbas diapozons, izmantojot fokus\u0113&scaron;anas meh\u0101nismu, mm 0-8, vertik\u0101ls Kondensers NA 0,65 Diafragma diska diafragma (6 aperat\u016bras) Fokuss [&hellip;]<\/p>\n","protected":false},"featured_media":72741,"template":"","meta":[],"product_brand":[3372],"product_cat":[4938,4969],"product_tag":[],"class_list":{"0":"post-79485","1":"product","2":"type-product","3":"status-publish","4":"has-post-thumbnail","6":"product_brand-levenhuk","7":"product_cat-optics-recreation","8":"product_cat-microscopes-optics-recreation","10":"first","11":"instock","12":"shipping-taxable","13":"purchasable","14":"product-type-simple"},"_links":{"self":[{"href":"https:\/\/sezona.lv\/en\/wp-json\/wp\/v2\/product\/79485","targetHints":{"allow":["GET"]}}],"collection":[{"href":"https:\/\/sezona.lv\/en\/wp-json\/wp\/v2\/product"}],"about":[{"href":"https:\/\/sezona.lv\/en\/wp-json\/wp\/v2\/types\/product"}],"wp:featuredmedia":[{"embeddable":true,"href":"https:\/\/sezona.lv\/en\/wp-json\/wp\/v2\/media\/72741"}],"wp:attachment":[{"href":"https:\/\/sezona.lv\/en\/wp-json\/wp\/v2\/media?parent=79485"}],"wp:term":[{"taxonomy":"product_brand","embeddable":true,"href":"https:\/\/sezona.lv\/en\/wp-json\/wp\/v2\/product_brand?post=79485"},{"taxonomy":"product_cat","embeddable":true,"href":"https:\/\/sezona.lv\/en\/wp-json\/wp\/v2\/product_cat?post=79485"},{"taxonomy":"product_tag","embeddable":true,"href":"https:\/\/sezona.lv\/en\/wp-json\/wp\/v2\/product_tag?post=79485"}],"curies":[{"name":"wp","href":"https:\/\/api.w.org\/{rel}","templated":true}]}}