{"id":79488,"date":"2025-07-14T15:40:55","date_gmt":"2025-07-14T12:40:55","guid":{"rendered":"https:\/\/demo8.ecube.lv\/sezona.lv\/products\/levenhuk-rainbow-d2l-plus-mikroskops-ar-digitalo-kameru-balta-krasa\/"},"modified":"2025-07-14T15:40:55","modified_gmt":"2025-07-14T12:40:55","slug":"levenhuk-rainbow-d2l-plus-mikroskops-ar-digitalo-kameru-balta-krasa","status":"publish","type":"product","link":"https:\/\/sezona.lv\/en\/products\/levenhuk-rainbow-d2l-plus-mikroskops-ar-digitalo-kameru-balta-krasa\/","title":{"rendered":"Levenhuk Rainbow D2L PLUS Mikroskops ar digit\u0101lo kameru Balt\u0101 Kr\u0101s\u0101"},"content":{"rendered":"<h3 style=\", sans-serif;color: #666666\">Specifik\u0101cija<\/h3>\n<h3 style=\", sans-serif;color: #666666\">\n<table class=\"table table-bordered\" style=\"background-color: #ffffff;width: 457px;font-size: 12px\" border=\"0\">\n<tbody>\n<tr>\n<td style=\"line-height: 1.42857\">Galva<\/td>\n<td style=\"line-height: 1.42857\">Monokul\u0101rs, noliektas 45<span style=\"vertical-align: super\">o<\/span><\/td>\n<\/tr>\n<tr>\n<td style=\"line-height: 1.42857\">Optikas materi\u0101li<\/td>\n<td style=\"line-height: 1.42857\">optiskais stikls<\/td>\n<\/tr>\n<tr>\n<td style=\"line-height: 1.42857\">Palielin\u0101jums, x<\/td>\n<td style=\"line-height: 1.42857\">40-400<\/td>\n<\/tr>\n<tr>\n<td style=\"line-height: 1.42857\">Okul\u0101ra caurules diametrs, mm<\/td>\n<td style=\"line-height: 1.42857\"><span style=\"line-height: 17.1429px\">23,2<\/span><\/td>\n<\/tr>\n<tr>\n<td style=\"line-height: 1.42857\">Okul\u0101ri<\/td>\n<td style=\"line-height: 1.42857\">WF 10x<\/td>\n<\/tr>\n<tr>\n<td style=\"line-height: 1.42857\">Objekt\u012bvi<\/td>\n<td style=\"line-height: 1.42857\"><span style=\"line-height: 17.1429px\">4x, 10x, 40x<\/span><\/td>\n<\/tr>\n<tr>\n<td style=\"line-height: 1.42857\">Objekt\u012bvu revolveris<\/td>\n<td style=\"line-height: 1.42857\">3 objekt\u012bvi<\/td>\n<\/tr>\n<tr>\n<td style=\"line-height: 1.42857\">Priek&scaron;met-plaukti\u0146&scaron;, mm<\/td>\n<td style=\"line-height: 1.42857\">90&#215;90, ar piespied\u0113jiem<\/td>\n<\/tr>\n<tr>\n<td style=\"line-height: 1.42857\">Priek&scaron;met-plauti\u0146a kust\u012bbas diapozons, izmantojot fokus\u0113&scaron;anas meh\u0101nismu, mm<\/td>\n<td style=\"line-height: 1.42857\">0-15, vertik\u0101ls<\/td>\n<\/tr>\n<tr>\n<td style=\"line-height: 1.42857\">Kondensers<\/td>\n<td style=\"line-height: 1.42857\">NA 0,65<\/td>\n<\/tr>\n<tr>\n<td style=\"line-height: 1.42857\">Diafragma<\/td>\n<td style=\"line-height: 1.42857\">diska diafragma (6 aperat\u016bras)<\/td>\n<\/tr>\n<tr>\n<td style=\"line-height: 1.42857\">Fokuss<\/td>\n<td style=\"line-height: 1.42857\">rupjais<\/td>\n<\/tr>\n<tr>\n<td style=\"line-height: 1.42857\">Korpusa materi\u0101ls<\/td>\n<td style=\"line-height: 1.42857\">plastmasa<\/td>\n<\/tr>\n<tr>\n<td style=\"line-height: 1.42857\">Apgaismojums<\/td>\n<td style=\"line-height: 1.42857\">LED<\/td>\n<\/tr>\n<tr>\n<td style=\"line-height: 1.42857\">Spilgtuma regul\u0113&scaron;ana<\/td>\n<td style=\"line-height: 1.42857\">j\u0101<\/td>\n<\/tr>\n<tr>\n<td style=\"line-height: 1.42857\">Baro&scaron;anas avots<\/td>\n<td style=\"line-height: 1.42857\">220V 50 Hz vai 3 AA baterijas<\/td>\n<\/tr>\n<tr>\n<td style=\"line-height: 1.42857\">Megapikse\u013ci<\/td>\n<td style=\"line-height: 1.42857\">0.3<\/td>\n<\/tr>\n<tr>\n<td style=\"line-height: 1.42857\">Videoklipu ierakst\u012b&scaron;ana<\/td>\n<td style=\"line-height: 1.42857\">j\u0101<\/td>\n<\/tr>\n<tr>\n<td style=\"line-height: 1.42857\">Lieto&scaron;anas vieta<\/td>\n<td style=\"line-height: 1.42857\">okul\u0101ra caurul\u0113<\/td>\n<\/tr>\n<tr>\n<td style=\"line-height: 1.42857\">Att\u0113la form\u0101ts<\/td>\n<td style=\"line-height: 1.42857\">.bmp, .jpg, .jpeg, .png, .tif, .gif, .psd,.ico, .emf, utt&nbsp;<\/td>\n<\/tr>\n<tr>\n<td style=\"line-height: 1.42857\">Ekspoz\u012bcijas veids<\/td>\n<td style=\"line-height: 1.42857\">ERS (Electronic Rolling Shutter)<\/td>\n<\/tr>\n<tr>\n<td style=\"line-height: 1.42857\">Balt\u0101s kr\u0101sas balanss<\/td>\n<td style=\"line-height: 1.42857\">autom\u0101tisk\u0101\/manu\u0101l\u0101<\/td>\n<\/tr>\n<tr>\n<td style=\"line-height: 1.42857\">Ekspoz\u012bcijas kontrole<\/td>\n<td style=\"line-height: 1.42857\">autom\u0101tisk\u0101\/manu\u0101l\u0101<\/td>\n<\/tr>\n<tr>\n<td style=\"line-height: 1.42857\">Programmat\u016bra<\/td>\n<td style=\"line-height: 1.42857\">Levenhuk ToupView<\/td>\n<\/tr>\n<tr>\n<td style=\"line-height: 1.42857\">Programm\u0113jamas opcijas<\/td>\n<td style=\"line-height: 1.42857\">att\u0113la izm\u0113rs, spilgtums, ekspoz\u012bcijas laiks<\/td>\n<\/tr>\n<tr>\n<td style=\"line-height: 1.42857\">Kameras slots<\/td>\n<td style=\"line-height: 1.42857\">USB 2.0, 480 Mb\/s<\/td>\n<\/tr>\n<tr>\n<td style=\"line-height: 1.42857\">Sist\u0113mas pras\u012bbas<\/td>\n<td style=\"line-height: 1.42857\">Windows XP\/Vista\/7\/8\/10&nbsp;&nbsp;(32 un 64 bitu);&nbsp;USB ports<\/td>\n<\/tr>\n<tr>\n<td style=\"line-height: 1.42857\">Kameras baro&scaron;anas avots<\/td>\n<td style=\"line-height: 1.42857\">izmantojot USB kabeli<\/td>\n<\/tr>\n<tr>\n<td style=\"line-height: 1.42857\">Lietojums<\/td>\n<td style=\"line-height: 1.42857\">Visp\u0101r\u012bg\u0101s lieto&scaron;anas produkts. Dr\u012bkst lietot b\u0113rni, kas ir vec\u0101ki par 3 gadiem.<\/td>\n<\/tr>\n<\/tbody>\n<\/table>\n<\/h3>\n","protected":false},"excerpt":{"rendered":"<p>Specifik\u0101cija Galva Monokul\u0101rs, noliektas 45o Optikas materi\u0101li optiskais stikls Palielin\u0101jums, x 40-400 Okul\u0101ra caurules diametrs, mm 23,2 Okul\u0101ri WF 10x Objekt\u012bvi 4x, 10x, 40x Objekt\u012bvu revolveris 3 objekt\u012bvi Priek&scaron;met-plaukti\u0146&scaron;, mm 90&#215;90, ar piespied\u0113jiem Priek&scaron;met-plauti\u0146a kust\u012bbas diapozons, izmantojot fokus\u0113&scaron;anas meh\u0101nismu, mm 0-15, vertik\u0101ls Kondensers NA 0,65 Diafragma diska diafragma (6 aperat\u016bras) Fokuss rupjais Korpusa materi\u0101ls plastmasa [&hellip;]<\/p>\n","protected":false},"featured_media":0,"template":"","meta":[],"product_brand":[3372],"product_cat":[4640,4938,4969],"product_tag":[],"class_list":{"0":"post-79488","1":"product","2":"type-product","3":"status-publish","5":"product_brand-levenhuk","6":"product_cat-recreation","7":"product_cat-optics-recreation","8":"product_cat-microscopes-optics-recreation","10":"first","11":"instock","12":"shipping-taxable","13":"purchasable","14":"product-type-simple"},"_links":{"self":[{"href":"https:\/\/sezona.lv\/en\/wp-json\/wp\/v2\/product\/79488","targetHints":{"allow":["GET"]}}],"collection":[{"href":"https:\/\/sezona.lv\/en\/wp-json\/wp\/v2\/product"}],"about":[{"href":"https:\/\/sezona.lv\/en\/wp-json\/wp\/v2\/types\/product"}],"wp:attachment":[{"href":"https:\/\/sezona.lv\/en\/wp-json\/wp\/v2\/media?parent=79488"}],"wp:term":[{"taxonomy":"product_brand","embeddable":true,"href":"https:\/\/sezona.lv\/en\/wp-json\/wp\/v2\/product_brand?post=79488"},{"taxonomy":"product_cat","embeddable":true,"href":"https:\/\/sezona.lv\/en\/wp-json\/wp\/v2\/product_cat?post=79488"},{"taxonomy":"product_tag","embeddable":true,"href":"https:\/\/sezona.lv\/en\/wp-json\/wp\/v2\/product_tag?post=79488"}],"curies":[{"name":"wp","href":"https:\/\/api.w.org\/{rel}","templated":true}]}}