{"id":79492,"date":"2025-07-11T17:04:50","date_gmt":"2025-07-11T14:04:50","guid":{"rendered":"https:\/\/demo8.ecube.lv\/sezona.lv\/products\/levenhuk-50l-ng-mikroskops-laima-krasa\/"},"modified":"2025-07-14T15:40:59","modified_gmt":"2025-07-14T12:40:59","slug":"levenhuk-50l-ng-mikroskops-laima-krasa","status":"publish","type":"product","link":"https:\/\/sezona.lv\/en\/products\/levenhuk-50l-ng-mikroskops-laima-krasa\/","title":{"rendered":"Levenhuk 50L NG Mikroskops laima kr\u0101s\u0101"},"content":{"rendered":"<p style=\"margin-bottom: 10px;padding: 0px;color: #3a3a3a;font-family: Vardana, sans-serif;font-size: 14px;line-height: normal\"><span style=\"font-size: 10pt;color: #000000;text-decoration: underline\">Levenhuk Rainbow s\u0113rija<\/span><\/p>\n<p style=\"margin-bottom: 10px;padding: 0px;color: #3a3a3a;font-family: Vardana, sans-serif;font-size: 14px;line-height: normal\">Levenhuk 50L NG m\u0101c\u012bbu biolo\u0123iskais mikroskops.<br style=\"margin: 0px;padding: 0px\" \/>&Scaron;is izcilais biologa mikroskops ir ide\u0101ls izmanto&scaron;anai skol\u0101s vai koled\u017e\u0101s, k\u0101 ar\u012b J\u016bsu mikroskopisk\u0101s pasaules p\u0113t\u012bjumiem.<\/p>\n<ul class=\"vikas-list-u\" style=\"margin-right: 0px;margin-bottom: 15px;margin-left: 20px;padding: 0px;color: #3a3a3a;font-family: Vardana, sans-serif;font-size: 14px;line-height: normal\">\n<li style=\"margin: 0px;padding: 0px\">Izcila produkcijas kvalit\u0101te: ietvars un elementi ir izgatavoti no met\u0101la, nevis no plastika.<\/li>\n<li style=\"margin: 0px;padding: 0px\">Fokus\u0113&scaron;anas meh\u0101nisms un galdi\u0146&scaron; ir p\u0101rvietojams vienm\u0113r\u012bgi, bez gr\u016bdieniem un preto&scaron;an\u0101s kust\u012bb\u0101m.<\/li>\n<li style=\"margin: 0px;padding: 0px\">Pagrie\u017eamo galvu var nostiprin\u0101t jebkur\u0101 poz\u012bcij\u0101, kas padara izp\u0113tes procesu daudz \u0113rt\u0101ku.<\/li>\n<li style=\"margin: 0px;padding: 0px\">Okul\u0101riem, objekr\u012bviem un citiem optiskajiem elementiem ir daudzsl\u0101\u0146u un liel\u0101 m\u0113r\u0101 causp\u012bd\u012bgs p\u0101rkl\u0101jums.<\/li>\n<\/ul>\n<p style=\"margin-bottom: 10px;padding: 0px;color: #3a3a3a;font-family: Vardana, sans-serif;font-size: 14px;line-height: normal\">Pateicoties  vis\u0101m &scaron;\u012bm \u012bpa&scaron;\u012bb\u0101m, biolo\u0123ijas studij\u0101m parerdz\u0113tais mikroskops sniedz  \u0101rk\u0101rt\u012bgi augstu att\u0113la kvalit\u0101ti un tam ir ilgs kalpo&scaron;anas laiks bez  speci\u0101laliem uztur\u0113&scaron;anas pas\u0101kumiem.<\/p>\n<p style=\"margin-bottom: 10px;padding: 0px;color: #3a3a3a;font-family: Vardana, sans-serif;font-size: 14px;line-height: normal\"><strong style=\"margin: 0px;padding: 0px\">Palielin\u0101&scaron;anas<\/strong><br style=\"margin: 0px;padding: 0px\" \/>Palielin\u0101&scaron;anas sp\u0113ja ir atkar\u012bga no objekt\u012bva (novietots zem\u0101k) un okul\u0101riem (novietoti augst\u0101k), kas tiek izmantoti.<br style=\"margin: 0px;padding: 0px\" \/>Komplekts  iek\u013cauj sev\u012b divus okul\u0101rus un tr\u012bs objekt\u012bvus, k\u0101 ar\u012b Barlova (Barlow)  l\u0113cas, kas sniedz iesp\u0113ju vienm\u0113r\u012bgi main\u012bt palielin\u0101juma proporcijas.<\/p>\n<ul class=\"vikas-list-u\" style=\"margin-right: 0px;margin-bottom: 15px;margin-left: 20px;padding: 0px;color: #3a3a3a;font-family: Vardana, sans-serif;font-size: 14px;line-height: normal\">\n<li style=\"margin: 0px;padding: 0px\">Okul\u0101ri: WF10x, WF16x<\/li>\n<li style=\"margin: 0px;padding: 0px\">Objekt\u012bvi: 4x, 10x, 40x<\/li>\n<li style=\"margin: 0px;padding: 0px\">Barlow l\u0113ca: 2x<\/li>\n<\/ul>\n<p style=\"margin-bottom: 10px;padding: 0px;color: #3a3a3a;font-family: Vardana, sans-serif;font-size: 14px;line-height: normal\">Minim\u0101lais palielin\u0101juma: Okul\u0101rs 10x * Objekt\u012bvs 4x = 40x<br style=\"margin: 0px;padding: 0px\" \/>Maksim\u0101l\u0101  palielin\u0101&scaron;ana: Okul\u0101rs 16x * Objekt\u012bvs 40x = 640x, un Barlova l\u0113cu  pal\u012bdz\u012bbu palielin\u0101jums vienm\u0113r\u012bgi sasniedz 640*2.0 = 1280x<\/p>\n<p style=\"margin-bottom: 10px;padding: 0px;color: #3a3a3a;font-family: Vardana, sans-serif;font-size: 14px;line-height: normal\"><strong style=\"margin: 0px;padding: 0px\">Apgaismojums<\/strong>&nbsp;<br style=\"margin: 0px;padding: 0px\" \/>&Scaron;im  biolo\u0123iskajam mikroskopam ir svar\u012bga \u012bpa&scaron;\u012bba &ndash; divas apgaismes sist\u0113mas  ar piel\u0101gojamu apgaismojumu. Ieb\u016bv\u0113ts apgaismojums ir LED, kas  nodro&scaron;ina minim\u0101lo ener\u0123ijas pat\u0113ri\u0146u, nodro&scaron;inot vajadz\u012bgo  apgaismojumu.<\/p>\n<p style=\"margin-bottom: 10px;padding: 0px;color: #3a3a3a;font-family: Vardana, sans-serif;font-size: 14px;line-height: normal\">Apgaismojuma  sist\u0113mas ir novietotas virs un zem galdi\u0146a un sniedz iesp\u0113ju apskat\u012bt  caursp\u012bd\u012bgus un necaursp\u012bd\u012bgus objektus: s\u0101kot ar mikroskopisk\u0101m da\u013ci\u0146\u0101m  l\u012bdz mon\u0113t\u0101m, pap\u012bram, audumam utt. (B\u016btu aizraujo&scaron;i izp\u0113t\u012bt mobil\u0101  telefona ekr\u0101nu &ndash; \u012bsten\u012bb\u0101 katrs pikselis sast\u0101v no trim segmentiem,  sarkan\u0101, za\u013c\u0101 un zil\u0101.)<\/p>\n<p style=\"margin-bottom: 10px;padding: 0px;color: #3a3a3a;font-family: Vardana, sans-serif;font-size: 14px;line-height: normal\"><strong style=\"margin: 0px;padding: 0px\">Energoapg\u0101de&nbsp;<\/strong><br style=\"margin: 0px;padding: 0px\" \/>Mikroskopam ir AC adapteris, stacion\u0101rajai apskatei, neizmantojot baterijas.<\/p>\n<p style=\"margin-bottom: 10px;padding: 0px;color: #3a3a3a;font-family: Vardana, sans-serif;font-size: 14px;line-height: normal\"><strong style=\"margin: 0px;padding: 0px\">Uzman\u012bbu:<\/strong>&nbsp;L\u016bgums  skat\u012bties t\u012bkla sprieguma atbilsto&scaron;os r\u0101d\u012bt\u0101jus tabul\u0101 un nekad  nem\u0113\u0123iniet iesl\u0113gt 110 V paredz\u0113to ier\u012bci 220V sprieguma kontaktligzd\u0101,  neizmantojot str\u0101vas p\u0101rveidot\u0101ju. Atcerieties, ka t\u012bkla spriegums ASV  un Kan\u0101d\u0101 ir110V un 220-240V vair\u0101k\u0101s Eiropas valst\u012bs.<\/p>\n<p style=\"margin-bottom: 10px;padding: 0px;color: #3a3a3a;font-family: Vardana, sans-serif;font-size: 14px;line-height: normal\"><strong style=\"margin: 0px;padding: 0px\">Komplekt\u0101 iek\u013cauti:<\/strong><\/p>\n<ul class=\"vikas-list-u\" style=\"margin-right: 0px;margin-bottom: 15px;margin-left: 20px;padding: 0px;color: #3a3a3a;font-family: Vardana, sans-serif;font-size: 14px;line-height: normal\">\n<li style=\"margin: 0px;padding: 0px\">Mikroskops<\/li>\n<li style=\"margin: 0px;padding: 0px\">Objekt\u012bvi: 4x, 10x, 40x<\/li>\n<li style=\"margin: 0px;padding: 0px\">Divi okul\u0101ri: WF10x, WF16x<\/li>\n<li style=\"margin: 0px;padding: 0px\">Barlow l\u0113ca 2x<\/li>\n<li style=\"margin: 0px;padding: 0px\">Galdi\u0146&scaron; ar stiprin\u0101jumiem<\/li>\n<li style=\"margin: 0px;padding: 0px\">Diska diafragma<\/li>\n<li style=\"margin: 0px;padding: 0px\">Ieb\u016bv\u0113ts lejasda\u013cas LED apgaismojums<\/li>\n<li style=\"margin: 0px;padding: 0px\">Izvelkams aug&scaron;da\u013cas halog\u0113na apgaismojums<\/li>\n<li style=\"margin: 0px;padding: 0px\">AC adapteris<\/li>\n<li style=\"margin: 0px;padding: 0px\">3 AA un 2 AAA baterijas<\/li>\n<li style=\"margin: 0px;padding: 0px\">Dubultais plastika ietvars mikroskopam un aksesu\u0101riem<\/li>\n<li style=\"margin: 0px;padding: 0px\">Lietot\u0101ja ce\u013cvedis &#8220;Attractive Microscope. Scrutinizing the Microcosm&#8221;<\/li>\n<li style=\"margin: 0px;padding: 0px\">Pincete<\/li>\n<li style=\"margin: 0px;padding: 0px\">Art\u0113mijas inkubators<\/li>\n<li style=\"margin: 0px;padding: 0px\">Mikrotoms  &ndash; instruments, ar kura pal\u012bdz\u012bbu J\u016bs var\u0113siet nodal\u012bt \u013coti pl\u0101nu  (milimetra da\u013c\u0101s) parauga sl\u0101ni, kas ir nepiecie&scaron;ams izp\u0113tei zem  mikroskopa.<\/li>\n<li style=\"margin: 0px;padding: 0px\">Kolba ar raugu<\/li>\n<li style=\"margin: 0px;padding: 0px\">Kolba ar j\u016bras s\u0101li<\/li>\n<li style=\"margin: 0px;padding: 0px\">Kolba ar darvu<\/li>\n<li style=\"margin: 0px;padding: 0px\">Kolba ar s\u0101ls\u016bdens garnel\u0113m<\/li>\n<li style=\"margin: 0px;padding: 0px\">5 paraugi<\/li>\n<li style=\"margin: 0px;padding: 0px\">Tuk&scaron;i stikla diapozit\u012bvi (5 gabali)<\/li>\n<li style=\"margin: 0px;padding: 0px\">Pipeti<\/li>\n<li style=\"margin: 0px;padding: 0px\">P\u0101rkl\u0101jums aizsardz\u012bbai no putek\u013ciem<\/li>\n<li style=\"margin: 0px;padding: 0px\">Lietot\u0101ja rokasgr\u0101mata un m\u016b\u017ea garantija<\/li>\n<\/ul>\n<p style=\"margin-bottom: 10px;padding: 0px;color: #3a3a3a;font-family: Vardana, sans-serif;font-size: 14px;line-height: normal\">Levenhuk 50L NG Mikroskops ir savienojams ar&nbsp;<span style=\"font-size: 10pt;color: #000000;text-decoration: underline\">Levenhuk C NG digit\u0101lo kameru<\/span>&nbsp;(tiek pirkts atsevi&scaron;\u0137i). Levenhuk C NG kameras tiek instal\u0113tas okul\u0101ra caurul\u0113 viena okul\u0101ra viet\u0101.<\/p>\n<table class=\"table table-bordered\" border=\"0\">\n<thead>\n<tr>\n<td colspan=\"2\"><strong>Atrib\u016bti<\/strong><\/td>\n<\/tr>\n<\/thead>\n<tbody>\n<tr>\n<td>Apgaismojums<\/td>\n<td>apak&scaron;\u0113jo &#8211; LED, aug&scaron;\u0113jo &#8211; halog\u0113nu lampa<\/td>\n<\/tr>\n<tr>\n<td>Barlow l\u0113cas<\/td>\n<td>2x<\/td>\n<\/tr>\n<tr>\n<td>Baro&scaron;anas avots<\/td>\n<td>220V\/5V, 50 Hz AC (adapteri)<\/td>\n<\/tr>\n<tr>\n<td>Galva<\/td>\n<td>monokul\u0101rs<\/td>\n<\/tr>\n<tr>\n<td>Garantija<\/td>\n<td>m\u016b\u017ea garantija<\/td>\n<\/tr>\n<tr>\n<td>Objekt\u012bvi<\/td>\n<td>4x, 10x, 40x<\/td>\n<\/tr>\n<tr>\n<td>Objekt\u012bvu revolveris<\/td>\n<td>3 objekt\u012bvi<\/td>\n<\/tr>\n<tr>\n<td>Okul\u0101ri<\/td>\n<td>WF10x, WF16x<\/td>\n<\/tr>\n<tr>\n<td>Optikas materi\u0101ls<\/td>\n<td>stikls<\/td>\n<\/tr>\n<tr>\n<td>Palielin\u0101jums<\/td>\n<td>40-1280 x<\/td>\n<\/tr>\n<tr>\n<td>Priek&scaron;met-plaukti\u0146a, kust\u012bbas diapazons, izmantojot fokus\u0113&scaron;<\/td>\n<td>0 l\u012bdz 15  mm<\/td>\n<\/tr>\n<tr>\n<td>Priek&scaron;met-plaukti\u0146&scaron;<\/td>\n<td>90&#215;90, ar piespied\u0113jiem mm<\/td>\n<\/tr>\n<tr>\n<td>Ra\u017eot\u0101ja valsts<\/td>\n<td>PRC, vada Levenhuk, Inc. (ASV)<\/td>\n<\/tr>\n<\/tbody>\n<\/table>\n<p style=\"margin-bottom: 10px;padding: 0px;color: #3a3a3a;font-family: Vardana, sans-serif;font-size: 14px;line-height: normal\">&nbsp;<\/p>\n","protected":false},"excerpt":{"rendered":"<p>Levenhuk Rainbow s\u0113rija Levenhuk 50L NG m\u0101c\u012bbu biolo\u0123iskais mikroskops.&Scaron;is izcilais biologa mikroskops ir ide\u0101ls izmanto&scaron;anai skol\u0101s vai koled\u017e\u0101s, k\u0101 ar\u012b J\u016bsu mikroskopisk\u0101s pasaules p\u0113t\u012bjumiem. Izcila produkcijas kvalit\u0101te: ietvars un elementi ir izgatavoti no met\u0101la, nevis no plastika. Fokus\u0113&scaron;anas meh\u0101nisms un galdi\u0146&scaron; ir p\u0101rvietojams vienm\u0113r\u012bgi, bez gr\u016bdieniem un preto&scaron;an\u0101s kust\u012bb\u0101m. Pagrie\u017eamo galvu var nostiprin\u0101t jebkur\u0101 poz\u012bcij\u0101, [&hellip;]<\/p>\n","protected":false},"featured_media":72870,"template":"","meta":[],"product_brand":[3372],"product_cat":[4938,4969],"product_tag":[],"class_list":{"0":"post-79492","1":"product","2":"type-product","3":"status-publish","4":"has-post-thumbnail","6":"product_brand-levenhuk","7":"product_cat-optics-recreation","8":"product_cat-microscopes-optics-recreation","10":"first","11":"instock","12":"shipping-taxable","13":"purchasable","14":"product-type-simple"},"_links":{"self":[{"href":"https:\/\/sezona.lv\/en\/wp-json\/wp\/v2\/product\/79492","targetHints":{"allow":["GET"]}}],"collection":[{"href":"https:\/\/sezona.lv\/en\/wp-json\/wp\/v2\/product"}],"about":[{"href":"https:\/\/sezona.lv\/en\/wp-json\/wp\/v2\/types\/product"}],"wp:featuredmedia":[{"embeddable":true,"href":"https:\/\/sezona.lv\/en\/wp-json\/wp\/v2\/media\/72870"}],"wp:attachment":[{"href":"https:\/\/sezona.lv\/en\/wp-json\/wp\/v2\/media?parent=79492"}],"wp:term":[{"taxonomy":"product_brand","embeddable":true,"href":"https:\/\/sezona.lv\/en\/wp-json\/wp\/v2\/product_brand?post=79492"},{"taxonomy":"product_cat","embeddable":true,"href":"https:\/\/sezona.lv\/en\/wp-json\/wp\/v2\/product_cat?post=79492"},{"taxonomy":"product_tag","embeddable":true,"href":"https:\/\/sezona.lv\/en\/wp-json\/wp\/v2\/product_tag?post=79492"}],"curies":[{"name":"wp","href":"https:\/\/api.w.org\/{rel}","templated":true}]}}