{"id":79497,"date":"2025-07-11T17:05:12","date_gmt":"2025-07-11T14:05:12","guid":{"rendered":"https:\/\/demo8.ecube.lv\/sezona.lv\/products\/levenhuk-rainbow-50l-laima-krasa-40x-800x\/"},"modified":"2025-07-14T15:41:06","modified_gmt":"2025-07-14T12:41:06","slug":"levenhuk-rainbow-50l-laima-krasa-40x-800x","status":"publish","type":"product","link":"https:\/\/sezona.lv\/en\/products\/levenhuk-rainbow-50l-laima-krasa-40x-800x\/","title":{"rendered":"Levenhuk Rainbow 50L Laima kr\u0101s\u0101 40x &#8211; 800x"},"content":{"rendered":"<h1 style=\"margin-top: 0pt;margin-bottom: 8pt;font-family: Verdana;line-height: 1;color: #666666\" dir=\"ltr\"><span style=\"font-size: 10.5pt;color: #3a3a3a;vertical-align: baseline\">Levenhuk Rainbow 50L &ndash; ko&scaron;i, stil\u012bgi mikroskopi, kas ir ide\u0101li piem\u0113roti ies\u0101c\u0113jiem mikrokosma p\u0113t\u012b&scaron;an\u0101, k\u0101 ar\u012b pieredz\u0113ju&scaron;iem biologiem. &Scaron;ie mikroskopi \u013cauj jums izp\u0113t\u012bt augu un dz\u012bvnieku audus un uzzin\u0101t vair\u0101k par to &scaron;\u016bnu uzb\u016bvi, nov\u0113rot mikroorganismus, kas atrodas \u016bdens l\u0101s\u0113 un dar\u012bt daudzas citas interesantas lietas!<\/span><\/h1>\n<h1 style=\"margin-top: 0pt;margin-bottom: 8pt;font-family: Verdana;line-height: 1;color: #666666\" dir=\"ltr\"><span style=\"font-size: 10.5pt;color: #3a3a3a;vertical-align: baseline\">Katrs modelis n\u0101k kop\u0101 ar Levenhuk K50 eksperimentu komplektu. Pieredz\u0113ju&scaron;i lietot\u0101ji nov\u0113rt\u0113s augst\u0101s kvalit\u0101tes optiku un ieg\u016btos att\u0113lus. Pateicoties kombin\u0113tajai apgaismojuma sist\u0113mai, &scaron;ie mikroskopi ir piem\u0113roti caursp\u012bd\u012bgu, necaurredzamu un vid\u0113ji caurredzamu paraugu nov\u0113ro&scaron;anai. Levenhuk Rainbow 50L mikroskopiem ir viegls, tom\u0113r \u013coti iztur\u012bgs plastmasas korpuss.<\/span><\/h1>\n<h1 style=\"margin-top: 0pt;margin-bottom: 8pt;font-family: Verdana;line-height: 1;color: #666666\" dir=\"ltr\"><span style=\"font-size: 10.5pt;color: #3a3a3a;vertical-align: baseline\">Sal\u012bdzin\u0101jum\u0101 ar cit\u0101m s\u0113rij\u0101m, Levenhuk Rainbow 50L mikroskopi pied\u0101v\u0101 pla&scaron;u palielin\u0101jumu diapazonu &ndash; ir se&scaron;i palielin\u0101jumu l\u012bme\u0146i: 40x, 80x, 100x, 200x, 400x, un 800x. V\u0113l jo vair\u0101k, &scaron;ie mikroskopi n\u0101k iztur\u012bgos plastmasas futl\u0101ros, lai tos var\u0113tu dro&scaron;i uzglab\u0101t un transport\u0113t.<\/span><\/h1>\n<h1 style=\"margin-top: 0pt;margin-bottom: 8pt;font-family: Verdana;line-height: 1;color: #666666\" dir=\"ltr\"><span style=\"font-size: 10.5pt;color: #3a3a3a;vertical-align: baseline\">S\u0113rij\u0101s ir 5 stil\u012bgi un kr\u0101saini dizaini&ndash; j\u016bs viegli varat izv\u0113l\u0113ties to, kur&scaron; vislab\u0101k atbilst j\u016bsu gaumei!<\/span><\/h1>\n<p><br style=\"font-family: Verdana\" \/><\/p>\n<h1 style=\"margin-top: 0pt;margin-bottom: 8pt;font-family: Verdana;line-height: 1;color: #666666\" dir=\"ltr\"><span style=\"font-size: 10.5pt;color: #3a3a3a;vertical-align: baseline\">Levenhuk Rainbow 50L &nbsp;mikroskops ir lieliska d\u0101vana jebkuram, kas interes\u0101jas par biolo\u0123iju un zin\u0101tni. Instruments sniedz iesp\u0113ju nov\u0113rot un p\u0113t\u012bt parastos objektus vid\u0113 ap mums ar 40x, 80x, 100x, 200x, 400x un pat 800x palielin\u0101juma sp\u0113ku! Ar &scaron;\u012b mikroskopa pal\u012bdz\u012bbu J\u016bs varat uzzin\u0101t, k\u0101 ir veidoti augi, dz\u012bvnieki un cilv\u0113ki; redz\u0113t, k\u0101 mikrospasaule, kas parasti mums nav redzama, dz\u012bvo sav\u0101 mikroskopiskaj\u0101 visum\u0101; un, protams, veikt daudzus aizraujo&scaron;us eksperimentus. Komplekt\u0101 ietilpst viss, kas var b\u016bt nepiecie&scaron;ams p\u0113tniekam ies\u0101c\u0113jam &ndash; iepakojum\u0101 J\u016bs atrad\u012bsiet mikroskopa stiklus, k\u0101 ar\u012b instrumentu savu stiklu izgatavo&scaron;anai.<\/span><\/h1>\n<h1 style=\"margin-top: 0pt;margin-bottom: 8pt;font-family: Verdana;line-height: 1;color: #666666\" dir=\"ltr\"><span style=\"font-size: 10.5pt;color: #3a3a3a;font-weight: 700;vertical-align: baseline\">Liels palielin\u0101juma sp\u0113ks<\/span><\/h1>\n<h1 style=\"margin-top: 0pt;margin-bottom: 8pt;font-family: Verdana;line-height: 1;color: #666666\" dir=\"ltr\"><span style=\"font-size: 10.5pt;color: #3a3a3a;vertical-align: baseline\">Mikroskopa komplekt\u0101 ietilpst tr\u012bs objekt\u012bva l\u0113cas, kas sniedz palielin\u0101juma sp\u0113ku 40x, 100x un 200x. Main\u012bt palielin\u0101juma sp\u0113ku ir \u013coti viegli &ndash; tikai j\u0101pagrie\u017e revolvera galvi\u0146a. B\u0101rlova l\u0113cas ir iek\u013cautas komplekt\u0101 dubulto palielin\u0101jumu, ko J\u016bs ieg\u016bstat ar katru objekt\u012bvu, l\u012bdz ar ko liel\u0101kais sp\u0113ks, kuru J\u016bs ieg\u016bstat ir 800x!<\/span><\/h1>\n<h1 style=\"margin-top: 0pt;margin-bottom: 8pt;font-family: Verdana;line-height: 1;color: #666666\" dir=\"ltr\"><span style=\"font-size: 10.5pt;color: #3a3a3a;vertical-align: baseline\">Visi optiskie elementi ir izgatavoti no augstas kvalit\u0101tes stikla, kuram ir liela caurskat\u0101m\u012bba. Lai palielin\u0101tu gaismas caurlaid\u012bbu, l\u0113c\u0101m ir vair\u0101ku sl\u0101\u0146u p\u0101rkl\u0101jums. &Scaron;\u0101da konstrukcija sniedz Jums iesp\u0113ju rad\u012bt \u013coti detaliz\u0113tus, asus un skaidrus att\u0113lus.<\/span><\/h1>\n<h1 style=\"margin-top: 0pt;margin-bottom: 8pt;font-family: Verdana;line-height: 1;color: #666666\" dir=\"ltr\"><span style=\"font-size: 10.5pt;color: #3a3a3a;font-weight: 700;vertical-align: baseline\">Dubultais apgaismojums<\/span><\/h1>\n<h1 style=\"margin-top: 0pt;margin-bottom: 8pt;font-family: Verdana;line-height: 1;color: #666666\" dir=\"ltr\"><span style=\"font-size: 10.5pt;color: #3a3a3a;vertical-align: baseline\">Visi mikroskopi no Levenhuk Rainbow 50L s\u0113rijas ir apr\u012bkoti ar div\u0101m LED apgaismojuma sist\u0113m\u0101m. Apak&scaron;\u0113jais apgaismojums sniedz Jums iesp\u0113ju veikt nov\u0113rojumus p\u0101rraid\u012bt\u0101 gaism\u0101; piem\u0113ram, J\u016bs varat v\u0113rot mikroorganismus akv\u0101rija \u016bdens pilien\u0101 vai p\u0113t\u012bt s\u012bpola mizas uzb\u016bvi. Aug&scaron;\u0113jais apgaismojums sniedz Jums iesp\u0113ju str\u0101d\u0101t ar necaurskat\u0101miem objektiem &ndash; l\u012bdz\u0101s citiem interesantiem objektiem J\u016bs redz\u0113siet at&scaron;\u0137ir\u012bbas pap\u012bra un auduma strukt\u016br\u0101s. Lai nov\u0113rotu da\u013c\u0113ji caurskat\u0101mos paraugus, ir j\u0101iesl\u0113dz abi apgaismojuma avoti. Gai&scaron;uma regul\u0113&scaron;anas meh\u0101nisms \u013cauj Jums iestat\u012bt piem\u0113rot\u0101ko apgaismojuma l\u012bmeni, kas ir nepiecie&scaron;ams katram noteiktajam paraugam.<\/span><\/h1>\n<h1 style=\"margin-top: 0pt;margin-bottom: 8pt;font-family: Verdana;line-height: 1;color: #666666\" dir=\"ltr\"><span style=\"font-size: 10.5pt;color: #3a3a3a;font-weight: 700;vertical-align: baseline\">Lietot\u0101jam draudz\u012bga uzb\u016bve<\/span><\/h1>\n<h1 style=\"margin-top: 0pt;margin-bottom: 8pt;font-family: Verdana;line-height: 1;color: #666666\" dir=\"ltr\"><span style=\"font-size: 10.5pt;color: #3a3a3a;vertical-align: baseline\">Mikroskopa komplekt\u0101 ietilpst iztur\u012bgs un viegls plasmasas korpuss. Lai Jums b\u016btu \u0113rti veikt nov\u0113rojumus, mikroskopa galvi\u0146a ir noliekta par 45&deg; un to var pagriezt par 360&deg; ap savu asi. Tas ir \u0101rk\u0101rt\u012bgi \u0113rti, str\u0101d\u0101jot grup\u0101 &ndash; Jums nav j\u0101b\u012bda instruments; J\u016bs tikai pagrie\u017eat galvu v\u0113lamaj\u0101 vizien\u0101. Mikroskopa energoapg\u0101de notiek k\u0101 no baterij\u0101m, t\u0101 ar\u012b no str\u0101vas rozetes.<\/span><\/h1>\n<h1 style=\"margin-top: 0pt;margin-bottom: 8pt;font-family: Verdana;line-height: 1;color: #666666\" dir=\"ltr\"><span style=\"font-size: 10.5pt;color: #3a3a3a;font-weight: 700;vertical-align: baseline\">Uzman\u012bbu:<\/span><span style=\"font-size: 10.5pt;color: #3a3a3a;vertical-align: baseline\"> L\u016bgums skat\u012bties t\u012bkla sprieguma atbilsto&scaron;os r\u0101d\u012bt\u0101jus tabul\u0101 un nekad nem\u0113\u0123iniet iesl\u0113gt 110 V paredz\u0113to ier\u012bci 220V sprieguma kontaktligzd\u0101, neizmantojot str\u0101vas p\u0101rveidot\u0101ju. Atcerieties, ka t\u012bkla spriegums ASV un Kan\u0101d\u0101 ir110V un 220-240V vair\u0101k\u0101s Eiropas valst\u012bs.<\/span><\/h1>\n<h1 style=\"margin-top: 0pt;margin-bottom: 8pt;font-family: Verdana;line-height: 1;color: #666666\" dir=\"ltr\"><span style=\"font-size: 10.5pt;color: #3a3a3a;font-weight: 700;vertical-align: baseline\">Eksperimentu komplekts<\/span><\/h1>\n<h1 style=\"margin-top: 0pt;margin-bottom: 8pt;font-family: Verdana;line-height: 1;color: #666666\" dir=\"ltr\"><span style=\"font-size: 10.5pt;color: #3a3a3a;vertical-align: baseline\">Mikroskopam Levenhuk K50 pieder ar\u012b eksperimentu komplekts, kur\u0101 ietilpst viss nepiecie&scaron;amais, lai veiktu nov\u0113rojumus aizraujo&scaron;i un bez probl\u0113m\u0101m. J\u016bs varat s\u0101kt nov\u0113rojumus ar gatavajiem paraugiem, kas ietilpst komplekt\u0101 un tad p\u0101riet pie J\u016bsu izgatavotajiem mikroskopa stikliem. Iepakojum\u0101 J\u016bs atrad\u012bsiet vajadz\u012bgo instrumentu komplektu un detaliz\u0113tu lietot\u0101ja instrukciju ar visu nepiecie&scaron;amo inform\u0101ciju par mikroskopu un nov\u0113rojumiem, k\u0101 ar\u012b interesant\u0101ko eksperimentu aprakstiem.<\/span><\/h1>\n<h1 style=\"margin-top: 0pt;margin-bottom: 8pt;font-family: Verdana;line-height: 1;color: #666666\" dir=\"ltr\"><span style=\"font-size: 10.5pt;color: #3a3a3a;font-weight: 700;vertical-align: baseline\">\u0112rts iepakojums<\/span><\/h1>\n<h1 style=\"margin-top: 0pt;margin-bottom: 8pt;font-family: Verdana;line-height: 1;color: #666666\" dir=\"ltr\"><span style=\"font-size: 10.5pt;color: #3a3a3a;vertical-align: baseline\">Mikroskops tiek pieg\u0101d\u0101ts \u0113rt\u0101 plastmasas futl\u0101r\u012b. J\u016bs varat lietot futl\u0101ri mikroskopa uzglab\u0101&scaron;anai un aizsardz\u012bbai no putek\u013ciem, k\u0101 ar\u012b J\u016bsu mikroskopa transport\u0113&scaron;anai bez meh\u0101nisko boj\u0101jumu ra&scaron;an\u0101s riska.<\/span><\/h1>\n<h1 style=\"margin-top: 0pt;margin-bottom: 8pt;font-family: Verdana;line-height: 1;color: #666666\" dir=\"ltr\"><span style=\"font-size: 10.5pt;color: #3a3a3a;font-weight: 700;vertical-align: baseline\">\u012apa&scaron;\u012bbas:<\/span><\/h1>\n<ul style=\"margin-top: 0pt;margin-bottom: 0pt;font-family: Verdana\">\n<li style=\"list-style-type: disc;font-size: 10.5pt;color: #3a3a3a;vertical-align: baseline;margin-left: 15pt;line-height: 1\" dir=\"ltr\">\n<h1 style=\"margin-top: 0pt;margin-bottom: 0pt;line-height: 1\" dir=\"ltr\"><span style=\"font-size: 10.5pt;vertical-align: baseline\">Biolo\u0123ijas mikroskops ar palielin\u0101jumu 40-800x<\/span><\/h1>\n<\/li>\n<li style=\"list-style-type: disc;font-size: 10.5pt;color: #3a3a3a;vertical-align: baseline;margin-left: 15pt;line-height: 1\" dir=\"ltr\">\n<h1 style=\"margin-top: 0pt;margin-bottom: 0pt;line-height: 1\" dir=\"ltr\"><span style=\"font-size: 10.5pt;vertical-align: baseline\">Iek\u013cautas 2x B\u0101rlova l\u0113cas<\/span><\/h1>\n<\/li>\n<li style=\"list-style-type: disc;font-size: 10.5pt;color: #3a3a3a;vertical-align: baseline;margin-left: 15pt;line-height: 1\" dir=\"ltr\">\n<h1 style=\"margin-top: 0pt;margin-bottom: 0pt;line-height: 1\" dir=\"ltr\"><span style=\"font-size: 10.5pt;vertical-align: baseline\">Pieejams piec\u0101s ko&scaron;\u0101s kr\u0101s\u0101s<\/span><\/h1>\n<\/li>\n<li style=\"list-style-type: disc;font-size: 10.5pt;color: #3a3a3a;vertical-align: baseline;margin-left: 15pt;line-height: 1\" dir=\"ltr\">\n<h1 style=\"margin-top: 0pt;margin-bottom: 0pt;line-height: 1\" dir=\"ltr\"><span style=\"font-size: 10.5pt;vertical-align: baseline\">Iztur\u012bgs un viegls plastmasas korpuss<\/span><\/h1>\n<\/li>\n<li style=\"list-style-type: disc;font-size: 10.5pt;color: #3a3a3a;vertical-align: baseline;margin-left: 15pt;line-height: 1\" dir=\"ltr\">\n<h1 style=\"margin-top: 0pt;margin-bottom: 0pt;line-height: 1\" dir=\"ltr\"><span style=\"font-size: 10.5pt;vertical-align: baseline\">Aug&scaron;\u0113j\u0101 un apak&scaron;\u0113j\u0101 LED apgaismojuma sist\u0113ma<\/span><\/h1>\n<\/li>\n<li style=\"list-style-type: disc;font-size: 10.5pt;color: #3a3a3a;vertical-align: baseline;margin-left: 15pt;line-height: 1\" dir=\"ltr\">\n<h1 style=\"margin-top: 0pt;margin-bottom: 0pt;line-height: 1\" dir=\"ltr\"><span style=\"font-size: 10.5pt;vertical-align: baseline\">Iek\u013cauts eksperimentu komplekts<\/span><\/h1>\n<\/li>\n<li style=\"list-style-type: disc;font-size: 10.5pt;color: #3a3a3a;vertical-align: baseline;margin-left: 15pt;line-height: 1\" dir=\"ltr\">\n<h1 style=\"margin-top: 0pt;margin-bottom: 11pt;line-height: 1\" dir=\"ltr\"><span style=\"font-size: 10.5pt;vertical-align: baseline\">Pieg\u0101de \u0113rt\u0101 plastmasas futl\u0101r\u012b<\/span><\/h1>\n<\/li>\n<\/ul>\n<h1 style=\"margin-top: 0pt;margin-bottom: 8pt;font-family: Verdana;line-height: 1;color: #666666\" dir=\"ltr\"><span style=\"font-size: 10.5pt;color: #3a3a3a;font-weight: 700;vertical-align: baseline\">Komplekt\u0101 ietilpst:<\/span><\/h1>\n<ul style=\"margin-top: 0pt;margin-bottom: 0pt;font-family: Verdana\">\n<li style=\"list-style-type: disc;font-size: 10.5pt;color: #3a3a3a;vertical-align: baseline;margin-left: 15pt;line-height: 1\" dir=\"ltr\">\n<h1 style=\"margin-top: 0pt;margin-bottom: 0pt;line-height: 1\" dir=\"ltr\"><span style=\"font-size: 10.5pt;vertical-align: baseline\">Mikroskops<\/span><\/h1>\n<\/li>\n<li style=\"list-style-type: disc;font-size: 10.5pt;color: #3a3a3a;vertical-align: baseline;margin-left: 15pt;line-height: 1\" dir=\"ltr\">\n<h1 style=\"margin-top: 0pt;margin-bottom: 0pt;line-height: 1\" dir=\"ltr\"><span style=\"font-size: 10.5pt;vertical-align: baseline\">Objekt\u012bvi: 4x, 10x un 40xs<\/span><\/h1>\n<\/li>\n<li style=\"list-style-type: disc;font-size: 10.5pt;color: #3a3a3a;vertical-align: baseline;margin-left: 15pt;line-height: 1\" dir=\"ltr\">\n<h1 style=\"margin-top: 0pt;margin-bottom: 0pt;line-height: 1\" dir=\"ltr\"><span style=\"font-size: 10.5pt;vertical-align: baseline\">Okul\u0101ri: WF10x<\/span><\/h1>\n<\/li>\n<li style=\"list-style-type: disc;font-size: 10.5pt;color: #3a3a3a;vertical-align: baseline;margin-left: 15pt;line-height: 1\" dir=\"ltr\">\n<h1 style=\"margin-top: 0pt;margin-bottom: 0pt;line-height: 1\" dir=\"ltr\"><span style=\"font-size: 10.5pt;vertical-align: baseline\">2x B\u0101rlova l\u0113cas<\/span><\/h1>\n<\/li>\n<li style=\"list-style-type: disc;font-size: 10.5pt;color: #3a3a3a;vertical-align: baseline;margin-left: 15pt;line-height: 1\" dir=\"ltr\">\n<h1 style=\"margin-top: 0pt;margin-bottom: 0pt;line-height: 1\" dir=\"ltr\"><span style=\"font-size: 10.5pt;vertical-align: baseline\">Galdi\u0146&scaron; ar stiprin\u0101jumiem<\/span><\/h1>\n<\/li>\n<li style=\"list-style-type: disc;font-size: 10.5pt;color: #3a3a3a;vertical-align: baseline;margin-left: 15pt;line-height: 1\" dir=\"ltr\">\n<h1 style=\"margin-top: 0pt;margin-bottom: 0pt;line-height: 1\" dir=\"ltr\"><span style=\"font-size: 10.5pt;vertical-align: baseline\">Diska diafragma<\/span><\/h1>\n<\/li>\n<li style=\"list-style-type: disc;font-size: 10.5pt;color: #3a3a3a;vertical-align: baseline;margin-left: 15pt;line-height: 1\" dir=\"ltr\">\n<h1 style=\"margin-top: 0pt;margin-bottom: 0pt;line-height: 1\" dir=\"ltr\"><span style=\"font-size: 10.5pt;vertical-align: baseline\">Kondensators<\/span><\/h1>\n<\/li>\n<li style=\"list-style-type: disc;font-size: 10.5pt;color: #3a3a3a;vertical-align: baseline;margin-left: 15pt;line-height: 1\" dir=\"ltr\">\n<h1 style=\"margin-top: 0pt;margin-bottom: 0pt;line-height: 1\" dir=\"ltr\"><span style=\"font-size: 10.5pt;vertical-align: baseline\">Ieb\u016bv\u0113ts aug&scaron;da\u013cas un lejasda\u013cas LED apgaismojums<\/span><\/h1>\n<\/li>\n<li style=\"list-style-type: disc;font-size: 10.5pt;color: #3a3a3a;vertical-align: baseline;margin-left: 15pt;line-height: 1\" dir=\"ltr\">\n<h1 style=\"margin-top: 0pt;margin-bottom: 0pt;line-height: 1\" dir=\"ltr\"><span style=\"font-size: 10.5pt;vertical-align: baseline\">AC adapteris<\/span><\/h1>\n<\/li>\n<li style=\"list-style-type: disc;font-size: 10.5pt;color: #3a3a3a;vertical-align: baseline;margin-left: 15pt;line-height: 1\" dir=\"ltr\">\n<h1 style=\"margin-top: 0pt;margin-bottom: 0pt;line-height: 1\" dir=\"ltr\"><span style=\"font-size: 10.5pt;vertical-align: baseline\">2 AA baterijas<\/span><\/h1>\n<\/li>\n<li style=\"list-style-type: disc;font-size: 10.5pt;color: #3a3a3a;vertical-align: baseline;margin-left: 15pt;line-height: 1\" dir=\"ltr\">\n<h1 style=\"margin-top: 0pt;margin-bottom: 0pt;line-height: 1\" dir=\"ltr\"><span style=\"font-size: 10.5pt;vertical-align: baseline\">Dubultais plastika ietvars mikroskopam un aksesu\u0101riem<\/span><\/h1>\n<\/li>\n<li style=\"list-style-type: disc;font-size: 10.5pt;color: #3a3a3a;vertical-align: baseline;margin-left: 15pt;line-height: 1\" dir=\"ltr\">\n<h1 style=\"margin-top: 0pt;margin-bottom: 0pt;line-height: 1\" dir=\"ltr\"><span style=\"font-size: 10.5pt;vertical-align: baseline\">Levenhuk K50 Eksperiment\u0101lais komplekts<\/span><\/h1>\n<\/li>\n<li style=\"list-style-type: disc;font-size: 10.5pt;color: #3a3a3a;vertical-align: baseline;margin-left: 15pt;line-height: 1\" dir=\"ltr\">\n<h1 style=\"margin-top: 0pt;margin-bottom: 11pt;line-height: 1\" dir=\"ltr\"><span style=\"font-size: 10.5pt;vertical-align: baseline\">Lietot\u0101ja rokasgr\u0101mata un m\u016b\u017ea garantija<\/span><\/h1>\n<\/li>\n<\/ul>\n<h1 style=\"margin-top: 0pt;margin-bottom: 8pt;font-family: Verdana;line-height: 1;color: #666666\" dir=\"ltr\"><span style=\"font-size: 10.5pt;color: #3a3a3a;font-weight: 700;vertical-align: baseline\">Levenhuk K50 Eksperiment\u0101lais komplekts:<\/span><\/h1>\n<ul style=\"margin-top: 0pt;margin-bottom: 0pt;font-family: Verdana\">\n<li style=\"list-style-type: disc;font-size: 10.5pt;color: #3a3a3a;vertical-align: baseline;margin-left: 15pt;line-height: 1\" dir=\"ltr\">\n<h1 style=\"margin-top: 0pt;margin-bottom: 0pt;line-height: 1\" dir=\"ltr\"><span style=\"font-size: 10.5pt;vertical-align: baseline\">Lietot\u0101ja ce\u013cvedis &#8220;Attractive Microscope. Scrutinizing the Microcosm&#8221;<\/span><\/h1>\n<\/li>\n<li style=\"list-style-type: disc;font-size: 10.5pt;color: #3a3a3a;vertical-align: baseline;margin-left: 15pt;line-height: 1\" dir=\"ltr\">\n<h1 style=\"margin-top: 0pt;margin-bottom: 0pt;line-height: 1\" dir=\"ltr\"><span style=\"font-size: 10.5pt;vertical-align: baseline\">Pincete<\/span><\/h1>\n<\/li>\n<li style=\"list-style-type: disc;font-size: 10.5pt;color: #3a3a3a;vertical-align: baseline;margin-left: 15pt;line-height: 1\" dir=\"ltr\">\n<h1 style=\"margin-top: 0pt;margin-bottom: 0pt;line-height: 1\" dir=\"ltr\"><span style=\"font-size: 10.5pt;vertical-align: baseline\">Art\u0113mijas inkubators (s\u0101ls\u016bdens garneles vai j\u016bras p\u0113rti\u0137is)<\/span><\/h1>\n<\/li>\n<li style=\"list-style-type: disc;font-size: 10.5pt;color: #3a3a3a;vertical-align: baseline;margin-left: 15pt;line-height: 1\" dir=\"ltr\">\n<h1 style=\"margin-top: 0pt;margin-bottom: 0pt;line-height: 1\" dir=\"ltr\"><span style=\"font-size: 10.5pt;vertical-align: baseline\">Mikrotoms<\/span><\/h1>\n<\/li>\n<li style=\"list-style-type: disc;font-size: 10.5pt;color: #3a3a3a;vertical-align: baseline;margin-left: 15pt;line-height: 1\" dir=\"ltr\">\n<h1 style=\"margin-top: 0pt;margin-bottom: 0pt;line-height: 1\" dir=\"ltr\"><span style=\"font-size: 10.5pt;vertical-align: baseline\">Kolba ar raugu<\/span><\/h1>\n<\/li>\n<li style=\"list-style-type: disc;font-size: 10.5pt;color: #3a3a3a;vertical-align: baseline;margin-left: 15pt;line-height: 1\" dir=\"ltr\">\n<h1 style=\"margin-top: 0pt;margin-bottom: 0pt;line-height: 1\" dir=\"ltr\"><span style=\"font-size: 10.5pt;vertical-align: baseline\">Kolba ar j\u016bras s\u0101li<\/span><\/h1>\n<\/li>\n<li style=\"list-style-type: disc;font-size: 10.5pt;color: #3a3a3a;vertical-align: baseline;margin-left: 15pt;line-height: 1\" dir=\"ltr\">\n<h1 style=\"margin-top: 0pt;margin-bottom: 0pt;line-height: 1\" dir=\"ltr\"><span style=\"font-size: 10.5pt;vertical-align: baseline\">Kolba ar darvu<\/span><\/h1>\n<\/li>\n<li style=\"list-style-type: disc;font-size: 10.5pt;color: #3a3a3a;vertical-align: baseline;margin-left: 15pt;line-height: 1\" dir=\"ltr\">\n<h1 style=\"margin-top: 0pt;margin-bottom: 0pt;line-height: 1\" dir=\"ltr\"><span style=\"font-size: 10.5pt;vertical-align: baseline\">Kolba ar s\u0101ls\u016bdens garnel\u0113m<\/span><\/h1>\n<\/li>\n<li style=\"list-style-type: disc;font-size: 10.5pt;color: #3a3a3a;vertical-align: baseline;margin-left: 15pt;line-height: 1\" dir=\"ltr\">\n<h1 style=\"margin-top: 0pt;margin-bottom: 0pt;line-height: 1\" dir=\"ltr\"><span style=\"font-size: 10.5pt;vertical-align: baseline\">5 paraugi: mu&scaron;as \u0137erme\u0146a da\u013ca, s\u012bpols, kokvilnas k\u0101ts, koka stumbra sl\u0101nis, ananass<\/span><\/h1>\n<\/li>\n<li style=\"list-style-type: disc;font-size: 10.5pt;color: #3a3a3a;vertical-align: baseline;margin-left: 15pt;line-height: 1\" dir=\"ltr\">\n<h1 style=\"margin-top: 0pt;margin-bottom: 0pt;line-height: 1\" dir=\"ltr\"><span style=\"font-size: 10.5pt;vertical-align: baseline\">Tuk&scaron;i stikla diapozit\u012bvi (5 gabali)<\/span><\/h1>\n<\/li>\n<li style=\"list-style-type: disc;font-size: 10.5pt;color: #3a3a3a;vertical-align: baseline;margin-left: 15pt;line-height: 1\" dir=\"ltr\">\n<h1 style=\"margin-top: 0pt;margin-bottom: 0pt;line-height: 1\" dir=\"ltr\"><span style=\"font-size: 10.5pt;vertical-align: baseline\">Pipeti<\/span><\/h1>\n<\/li>\n<li style=\"list-style-type: disc;font-size: 10.5pt;color: #3a3a3a;vertical-align: baseline;margin-left: 15pt;line-height: 1\" dir=\"ltr\">\n<h1 style=\"margin-top: 0pt;margin-bottom: 11pt;line-height: 1\" dir=\"ltr\"><span style=\"font-size: 10.5pt;vertical-align: baseline\">P\u0101rkl\u0101jums aizsardz\u012bbai no putek\u013ciem<\/span><\/h1>\n<\/li>\n<\/ul>\n<table class=\"table table-bordered\" border=\"0\">\n<thead>\n<tr>\n<td colspan=\"2\"><strong>Atrib\u016bti<\/strong><\/td>\n<\/tr>\n<\/thead>\n<tbody>\n<tr>\n<td>Garantija<\/td>\n<td>999 months<\/td>\n<\/tr>\n<tr>\n<td>Iepakojuma izm\u0113ri (GxPxA):<\/td>\n<td>18.0 x 40.5 x 27.0 cm<\/td>\n<\/tr>\n<tr>\n<td>Ra\u017eot\u0101ja valsts<\/td>\n<td>PRC, controlled by Levenhuk, Inc. (USA)<\/td>\n<\/tr>\n<tr>\n<td>Svars<\/td>\n<td>2.78 kg<\/td>\n<\/tr>\n<\/tbody>\n<\/table>\n","protected":false},"excerpt":{"rendered":"<p>Levenhuk Rainbow 50L &ndash; ko&scaron;i, stil\u012bgi mikroskopi, kas ir ide\u0101li piem\u0113roti ies\u0101c\u0113jiem mikrokosma p\u0113t\u012b&scaron;an\u0101, k\u0101 ar\u012b pieredz\u0113ju&scaron;iem biologiem. &Scaron;ie mikroskopi \u013cauj jums izp\u0113t\u012bt augu un dz\u012bvnieku audus un uzzin\u0101t vair\u0101k par to &scaron;\u016bnu uzb\u016bvi, nov\u0113rot mikroorganismus, kas atrodas \u016bdens l\u0101s\u0113 un dar\u012bt daudzas citas interesantas lietas! Katrs modelis n\u0101k kop\u0101 ar Levenhuk K50 eksperimentu komplektu. [&hellip;]<\/p>\n","protected":false},"featured_media":72951,"template":"","meta":[],"product_brand":[3372],"product_cat":[4938,4969],"product_tag":[],"class_list":{"0":"post-79497","1":"product","2":"type-product","3":"status-publish","4":"has-post-thumbnail","6":"product_brand-levenhuk","7":"product_cat-optics-recreation","8":"product_cat-microscopes-optics-recreation","10":"first","11":"instock","12":"shipping-taxable","13":"purchasable","14":"product-type-simple"},"_links":{"self":[{"href":"https:\/\/sezona.lv\/en\/wp-json\/wp\/v2\/product\/79497","targetHints":{"allow":["GET"]}}],"collection":[{"href":"https:\/\/sezona.lv\/en\/wp-json\/wp\/v2\/product"}],"about":[{"href":"https:\/\/sezona.lv\/en\/wp-json\/wp\/v2\/types\/product"}],"wp:featuredmedia":[{"embeddable":true,"href":"https:\/\/sezona.lv\/en\/wp-json\/wp\/v2\/media\/72951"}],"wp:attachment":[{"href":"https:\/\/sezona.lv\/en\/wp-json\/wp\/v2\/media?parent=79497"}],"wp:term":[{"taxonomy":"product_brand","embeddable":true,"href":"https:\/\/sezona.lv\/en\/wp-json\/wp\/v2\/product_brand?post=79497"},{"taxonomy":"product_cat","embeddable":true,"href":"https:\/\/sezona.lv\/en\/wp-json\/wp\/v2\/product_cat?post=79497"},{"taxonomy":"product_tag","embeddable":true,"href":"https:\/\/sezona.lv\/en\/wp-json\/wp\/v2\/product_tag?post=79497"}],"curies":[{"name":"wp","href":"https:\/\/api.w.org\/{rel}","templated":true}]}}