{"id":79501,"date":"2025-07-14T15:41:09","date_gmt":"2025-07-14T12:41:09","guid":{"rendered":"https:\/\/demo8.ecube.lv\/sezona.lv\/products\/levenhuk-dtx-500-lcd-20x-500x-digitalais-mikroskops-ar-displeju\/"},"modified":"2025-07-14T15:41:09","modified_gmt":"2025-07-14T12:41:09","slug":"levenhuk-dtx-500-lcd-20x-500x-digitalais-mikroskops-ar-displeju","status":"publish","type":"product","link":"https:\/\/sezona.lv\/en\/products\/levenhuk-dtx-500-lcd-20x-500x-digitalais-mikroskops-ar-displeju\/","title":{"rendered":"Levenhuk DTX 500 LCD 20x-500x Digit\u0101lais Mikroskops ar Displeju"},"content":{"rendered":"<p style=\"margin-right: 5px;margin-bottom: 10px;padding: 0px;color: #3a3a3a;font-family: Vardana, sans-serif;font-size: 14px;line-height: normal\"><span style=\"font-weight: bold\">Levenhuk DTX 500 LCD Digit\u0101lais mikroskops<\/span> ar ieb\u016bv\u0113tu 3.5 collu LCD displeju sniedz iesp\u0113ju p\u0113t\u012bt paraugus ar  palielin\u0101juma diapazonu no 20x l\u012bdz 500x un saglab\u0101t darba rezult\u0101tus  att\u0113la vai video form\u0101t\u0101 mikroSD kart\u0113. 8 ieb\u016bv\u0113ti LED gaismas \u0137erme\u0146i  vienm\u0113r\u012bgi apgaismo darba virsmu un nodro&scaron;ina minim\u0101lo ener\u0123ijas  pat\u0113ri\u0146u. Ir iesp\u0113jams regul\u0113t gaismas intensit\u0101ti.<\/p>\n<p style=\"margin-right: 5px;margin-bottom: 10px;padding: 0px;color: #3a3a3a;font-family: Vardana, sans-serif;font-size: 14px;line-height: normal\">&Scaron;\u012b  mikroskopa galdi\u0146&scaron; ir apr\u012bkots ar m\u0113r\u012bjuma skalu (8 cm x as virzien\u0101, 6  cm y ass virzien\u0101) un diviem parauga stiprin\u0101jumiem, lai nodro&scaron;in\u0101tu t\u0101  stabilit\u0101ti zem kameras.<\/p>\n<p style=\"margin-right: 5px;margin-bottom: 10px;padding: 0px\"><span style=\"font-weight: bold\">Levenhuk DTX 500 LCD digit\u0101lais mikroskops <\/span>ir  apg\u0101d\u0101ts ar Li-ion bateriju, kas ir iek\u013cauta komplekt\u0101, kas ir  paredz\u0113ta l\u012bdz 2 autonom\u0101s darb\u012bbas stund\u0101m. Mikroskops var tikt  apg\u0101d\u0101ts ar ener\u0123iju ar\u012b no J\u016bsu datora, izmantojot USB portu.<\/p>\n<p style=\"margin-right: 5px;margin-bottom: 10px;padding: 0px\"><strong style=\"margin: 0px;padding: 0px\">Funkcijas:<\/strong><\/p>\n<ul class=\"vikas-list-u\" style=\"margin-right: 0px;margin-bottom: 15px;margin-left: 20px;padding: 0px\">\n<li style=\"margin: 0px;padding: 0px\">3.5&rdquo; kr\u0101sains LCD displejs<\/li>\n<li style=\"margin: 0px;padding: 0px\">MicroSD kartes atbalsts ar jaudu l\u012bdz 32 Gb<\/li>\n<li style=\"margin: 0px;padding: 0px\">PC savienojums ar USB 2.0 saskarni<\/li>\n<li style=\"margin: 0px;padding: 0px\">AV izeja savienojumam ar TV vai projektoru<\/li>\n<li style=\"margin: 0px;padding: 0px\">Sp\u0113j uz\u0146emt fotogr\u0101fijas\/video<\/li>\n<li style=\"margin: 0px;padding: 0px\">Automatisk\u0101 ekspon\u0113&scaron;ana un balt\u0101s kr\u0101sas bilance<\/li>\n<li style=\"margin: 0px;padding: 0px\">8 baltas LED lampas ar piel\u0101gojamu gaismu<\/li>\n<li style=\"margin: 0px;padding: 0px\">4x digit\u0101lais m\u0113rogojums<\/li>\n<li style=\"margin: 0px;padding: 0px\">Li-ion baterija<\/li>\n<li style=\"margin: 0px;padding: 0px\">Tiek  pieg\u0101d\u0101ts ar speci\u0101lu programmat\u016bru, ar kuras pal\u012bdz\u012bbu var veikt  izp\u0113tes parauga izm\u0113ru, plat\u012bbas, le\u0146\u0137a un radiusa m\u0113r\u012bjumus<\/li>\n<li style=\"margin: 0px;padding: 0px\">Savienojams ar: Windows XP\/Vista\/7\/8\/10, Mac 10.6~10.10<\/li>\n<\/ul>\n<p style=\"margin-right: 5px;margin-bottom: 10px;padding: 0px\"><strong style=\"margin: 0px;padding: 0px\">Komplekt\u0101 ietilpst:<\/strong><\/p>\n<ul class=\"vikas-list-u\" style=\"margin-right: 0px;margin-bottom: 15px;margin-left: 20px;padding: 0px\">\n<li style=\"margin: 0px;padding: 0px\">Levenhuk DTX 500 LCD mikroskops<\/li>\n<li style=\"margin: 0px;padding: 0px\">Adapteris*<\/li>\n<li style=\"margin: 0px;padding: 0px\">Li-ion baterija<\/li>\n<li style=\"margin: 0px;padding: 0px\">USB-vads<\/li>\n<li style=\"margin: 0px;padding: 0px\">TV-vads<\/li>\n<li style=\"margin: 0px;padding: 0px\">T\u012br\u012b&scaron;anas noslauc\u012bt<\/li>\n<li style=\"margin: 0px;padding: 0px\">M\u0113r\u012bjumu skala<\/li>\n<li style=\"margin: 0px;padding: 0px\">Programmat\u016bra CD<\/li>\n<li style=\"margin: 0px;padding: 0px\">Lietot\u0101ja rokasgr\u0101mata un m\u016b\u017ea garantija<\/li>\n<\/ul>\n<p style=\"margin-right: 5px;margin-bottom: 10px;padding: 0px\"><strong style=\"margin: 0px;padding: 0px\">Ieteikumi attiec\u012bb\u0101 uz programmat\u016bras lietojumu.<\/strong><br style=\"margin: 0px;padding: 0px\" \/>Lai  nodro&scaron;in\u0101tu pareizu programmas darb\u012bbu, l\u016bgums iesl\u0113gt instal\u0113to  aplik\u0101ciju tikai tad, kad mikroskops ir piln\u012bb\u0101 piesl\u0113gts pie PC un ir  gatavs nov\u0113rojumiem.<\/p>\n<p style=\"margin-right: 5px;margin-bottom: 10px;padding: 0px\"><span style=\"font-weight: bold\">Levenhuk DTX 500 LCD Digit\u0101lais mikroskops<\/span> nav savienojams ar \u0101r\u0113j\u0101 digit\u0101laj\u0101m kamer\u0101m.<\/p>\n<p style=\"margin-right: 5px;margin-bottom: 10px;padding: 0px\"><strong style=\"margin: 0px;padding: 0px\">*Uzman\u012bbu:<\/strong>&nbsp;L\u016bgums  skat\u012bties t\u012bkla sprieguma atbilsto&scaron;os r\u0101d\u012bt\u0101jus tabul\u0101 un nekad  nem\u0113\u0123iniet iesl\u0113gt 110 V paredz\u0113to ier\u012bci 220V sprieguma kontaktligzd\u0101,  neizmantojot str\u0101vas p\u0101rveidot\u0101ju. Atcerieties, ka t\u012bkla spriegums ASV  un Kan\u0101d\u0101 ir 110V un 220-240V vair\u0101k\u0101s Eiropas valst\u012bs<\/p>\n<table class=\"table table-bordered\" border=\"0\">\n<thead>\n<tr>\n<td colspan=\"2\"><strong>Atrib\u016bti<\/strong><\/td>\n<\/tr>\n<\/thead>\n<tbody>\n<tr>\n<td>Apgaismojums<\/td>\n<td>8 baltas LED gaismas<\/td>\n<\/tr>\n<tr>\n<td>\u0100trums<\/td>\n<td>30 fps<\/td>\n<\/tr>\n<tr>\n<td>Att\u0113la form\u0101ts<\/td>\n<td>*.jpeg<\/td>\n<\/tr>\n<tr>\n<td>Baro&scaron;anas avots<\/td>\n<td>220V, 50\/60 Hz; 5 V, 1 A izejas, vai Litija jonu, 3,7 V,1050mAh akumulators, darba laiks: 2 stundas; uzl\u0101des laiks: 2 stundas<\/td>\n<\/tr>\n<tr>\n<td>Fokusa attiec\u012bba<\/td>\n<td>manu\u0101lais , 0-150 mm<\/td>\n<\/tr>\n<tr>\n<td>Galva<\/td>\n<td>3,5&#8243; kr\u0101su LCD displejs<\/td>\n<\/tr>\n<tr>\n<td>Garantija<\/td>\n<td>m\u016b\u017ea garantija<\/td>\n<\/tr>\n<tr>\n<td>Iesp\u0113ju pievienot papildu iek\u0101rtas<\/td>\n<td>slots microSD kartei ar ietilp\u012bbu l\u012bdz pat 32 Gb (nav iek\u013cauts komplekt\u0101)<\/td>\n<\/tr>\n<tr>\n<td>Izm\u0113ri<\/td>\n<td>227x104x149 mm<\/td>\n<\/tr>\n<tr>\n<td>Kameras slots<\/td>\n<td>USB 2.0<\/td>\n<\/tr>\n<tr>\n<td>Maksim\u0101l\u0101 iz&scaron;\u0137irtsp\u0113ja<\/td>\n<td>12 Mpx, 8 Mpx, 5 Mpx,, 3 Mpx, 1,3 Mpx, VGA<\/td>\n<\/tr>\n<tr>\n<td>Megapikse\u013ci<\/td>\n<td>5 (interpol\u0113ta, 12)<\/td>\n<\/tr>\n<tr>\n<td>Optikas materi\u0101ls<\/td>\n<td>stikls<\/td>\n<\/tr>\n<tr>\n<td>Palielin\u0101jums<\/td>\n<td>20&ndash;500 x<\/td>\n<\/tr>\n<tr>\n<td>Programmat\u016bra<\/td>\n<td>att\u0113lu apstr\u0101des programmat\u016bru ar m\u0113r\u012b&scaron;anas funkciju<\/td>\n<\/tr>\n<tr>\n<td>Programmat\u016bras valoda<\/td>\n<td>ang\u013cu, v\u0101cu, fran\u010du, sp\u0101\u0146u,, krievu, it\u0101\u013cu, portug\u0101\u013cu, po\u013cu,, holandie&scaron;u, jap\u0101\u0146u, korejie&scaron;u, \u0137\u012bnie&scaron;u<\/td>\n<\/tr>\n<tr>\n<td>Ra\u017eot\u0101ja valsts<\/td>\n<td>PRC, vada Levenhuk, Inc. (ASV)<\/td>\n<\/tr>\n<tr>\n<td>Sist\u0113mas pras\u012bbas<\/td>\n<td>Windows XP SP2\/Vista\/7\/8\/10, Mac 10.6~10.10&lt;br\/ &gt;minim\u0101l\u0101 P4 1.8 GHz, 512 Mb RAM, 64 Mb videokarte, USB 2.0 ports, CD-ROM<\/td>\n<\/tr>\n<tr>\n<td>Spilgtuma regul\u0113&scaron;ana<\/td>\n<td>Ir<\/td>\n<\/tr>\n<tr>\n<td>Video form\u0101ts<\/td>\n<td>*.avi<\/td>\n<\/tr>\n<tr>\n<td>Videoklipu ierakst\u012b&scaron;ana<\/td>\n<td>j\u0101<\/td>\n<\/tr>\n<\/tbody>\n<\/table>\n<p style=\"margin-right: 5px;margin-bottom: 10px;padding: 0px\">&nbsp;<\/p>\n","protected":false},"excerpt":{"rendered":"<p>Levenhuk DTX 500 LCD Digit\u0101lais mikroskops ar ieb\u016bv\u0113tu 3.5 collu LCD displeju sniedz iesp\u0113ju p\u0113t\u012bt paraugus ar palielin\u0101juma diapazonu no 20x l\u012bdz 500x un saglab\u0101t darba rezult\u0101tus att\u0113la vai video form\u0101t\u0101 mikroSD kart\u0113. 8 ieb\u016bv\u0113ti LED gaismas \u0137erme\u0146i vienm\u0113r\u012bgi apgaismo darba virsmu un nodro&scaron;ina minim\u0101lo ener\u0123ijas pat\u0113ri\u0146u. Ir iesp\u0113jams regul\u0113t gaismas intensit\u0101ti. &Scaron;\u012b mikroskopa galdi\u0146&scaron; [&hellip;]<\/p>\n","protected":false},"featured_media":0,"template":"","meta":[],"product_brand":[3372],"product_cat":[4640,4938,4969],"product_tag":[],"class_list":{"0":"post-79501","1":"product","2":"type-product","3":"status-publish","5":"product_brand-levenhuk","6":"product_cat-recreation","7":"product_cat-optics-recreation","8":"product_cat-microscopes-optics-recreation","10":"first","11":"instock","12":"shipping-taxable","13":"purchasable","14":"product-type-simple"},"_links":{"self":[{"href":"https:\/\/sezona.lv\/en\/wp-json\/wp\/v2\/product\/79501","targetHints":{"allow":["GET"]}}],"collection":[{"href":"https:\/\/sezona.lv\/en\/wp-json\/wp\/v2\/product"}],"about":[{"href":"https:\/\/sezona.lv\/en\/wp-json\/wp\/v2\/types\/product"}],"wp:attachment":[{"href":"https:\/\/sezona.lv\/en\/wp-json\/wp\/v2\/media?parent=79501"}],"wp:term":[{"taxonomy":"product_brand","embeddable":true,"href":"https:\/\/sezona.lv\/en\/wp-json\/wp\/v2\/product_brand?post=79501"},{"taxonomy":"product_cat","embeddable":true,"href":"https:\/\/sezona.lv\/en\/wp-json\/wp\/v2\/product_cat?post=79501"},{"taxonomy":"product_tag","embeddable":true,"href":"https:\/\/sezona.lv\/en\/wp-json\/wp\/v2\/product_tag?post=79501"}],"curies":[{"name":"wp","href":"https:\/\/api.w.org\/{rel}","templated":true}]}}